{"id":30707,"date":"2019-06-04T14:54:16","date_gmt":"2019-06-04T12:54:16","guid":{"rendered":"http:\/\/136.144.181.85\/~nedzink\/technicke-info\/stavebni-fyzika\/"},"modified":"2019-06-04T14:54:16","modified_gmt":"2019-06-04T12:54:16","slug":"stavebni-fyzika","status":"publish","type":"page","link":"https:\/\/www.nedzink.com\/cs\/stavebni-fyzika\/","title":{"rendered":"Stavebn\u00ed fyzika"},"content":{"rendered":"<div class=\"contentStyle\" style=\"margin: 10px 0px 10px 0px;\">\n<p>\n\t\t&nbsp;<\/p>\n<p>\n\t\tPro bezpe\u010dnou konstrukci a provoz budov a stavebn&iacute;ch d&iacute;l\u016f je nezbytn\u011b nutn&eacute; br&aacute;t v &uacute;vahu stavebn\u011b-fyzik&aacute;ln&iacute; podm&iacute;nky a z&aacute;konitosti. V&scaron;eobecn\u011b to za\u010d&iacute;n&aacute; ji\u017e p\u0159i posouzen&iacute; stavebn&iacute;ho pozemku z pohledu zaji&scaron;t\u011bn&iacute; stability ter&eacute;nu a posouzen&iacute; m&iacute;stn&iacute;ch pov\u011btrnostn&iacute;ch podm&iacute;nek.<\/p>\n<p>\n\t\tSpeci&aacute;ln\u011b pro pou\u017eit&iacute; na&scaron;eho materi&aacute;lu titanzinku ve stavebnictv&iacute; je nutno br&aacute;t v &uacute;vahu tato hlavn&iacute; krit&eacute;ria:<\/p>\n<p>\n\t\tDifuze vlhkosti: p\u0159enos vlhkosti ze stavby, resp. vlhkosti vznikl&eacute; v d\u016fsledku pou\u017e&iacute;v&aacute;n&iacute; stavby, do konstrukc&iacute; je t\u0159eba spolehliv\u011b usm\u011br\u0148ovat, resp. je mu t\u0159eba zabr&aacute;nit. Konstrukce s v\u011btr&aacute;n&iacute;m a bez v\u011btr&aacute;n&iacute;: ob\u011b pat\u0159&iacute; k z&aacute;kladn&iacute;m konstrukc&iacute;m a ob\u011b lze pou\u017e&iacute;t pro NedZink &ndash; jsou definov&aacute;ny a pops&aacute;ny tak, aby bezpe\u010dn\u011b fungovaly.<\/p>\n<p>\n\t\tHluk: mus&iacute; se konstruk\u010dn\u011b zajistit vzduchov&aacute; i kro\u010dejov&aacute; nepr\u016fzvu\u010dnost.<\/p>\n<p>\n\t\tOdolnost proti v\u011btru: jedna ze z&aacute;kladn&iacute;ch stavebn\u011b-fyzik&aacute;ln&iacute;ch podm&iacute;nek, jej&iacute;\u017e v&yacute;znam neust&aacute;le roste vzhledem k aktu&aacute;ln&iacute;m &scaron;kod&aacute;m zp\u016fsobovan&yacute;m v\u011btrem, jejich\u017e po\u010det se zvy&scaron;uje.<\/p>\n<p>\n\t\tVznik bezpe\u010dn&eacute; a trval&eacute; stavebn&iacute; realizace je mo\u017en&yacute; pouze za p\u0159edpokladu p\u0159&iacute;sn&eacute;ho dodr\u017eov&aacute;n&iacute; v&scaron;ech stavebn\u011b-fyzik&aacute;ln&iacute;ch aspekt\u016f.<\/p>\n<\/div>\n","protected":false},"excerpt":{"rendered":"<p>&nbsp; Pro bezpe\u010dnou konstrukci a provoz budov a stavebn&iacute;ch d&iacute;l\u016f je nezbytn\u011b nutn&eacute; br&aacute;t v &uacute;vahu stavebn\u011b-fyzik&aacute;ln&iacute; podm&iacute;nky a z&aacute;konitosti. V&scaron;eobecn\u011b to za\u010d&iacute;n&aacute; ji\u017e p\u0159i posouzen&iacute; stavebn&iacute;ho pozemku z pohledu zaji&scaron;t\u011bn&iacute; stability ter&eacute;nu a posouzen&iacute; m&iacute;stn&iacute;ch pov\u011btrnostn&iacute;ch podm&iacute;nek. Speci&aacute;ln\u011b pro pou\u017eit&iacute; na&scaron;eho materi&aacute;lu titanzinku ve stavebnictv&iacute; je nutno br&aacute;t v &uacute;vahu tato hlavn&iacute; krit&eacute;ria: Difuze [&hellip;]<\/p>\n","protected":false},"author":9,"featured_media":0,"parent":0,"menu_order":650,"comment_status":"closed","ping_status":"closed","template":"template-import.php","meta":{"_acf_changed":false,"footnotes":""},"class_list":["post-30707","page","type-page","status-publish","hentry"],"acf":[],"yoast_head":"<!-- This site is optimized with the Yoast SEO plugin v26.8 - https:\/\/yoast.com\/product\/yoast-seo-wordpress\/ -->\n<title>Stavebn\u00ed fyzika \u2013 NedZink<\/title>\n<meta name=\"robots\" content=\"index, follow, max-snippet:-1, max-image-preview:large, max-video-preview:-1\" \/>\n<link rel=\"canonical\" href=\"https:\/\/www.nedzink.com\/cs\/stavebni-fyzika\/\" \/>\n<meta property=\"og:locale\" content=\"cs_CZ\" \/>\n<meta property=\"og:type\" content=\"article\" \/>\n<meta property=\"og:title\" content=\"Stavebn\u00ed fyzika \u2013 NedZink\" \/>\n<meta property=\"og:description\" content=\"&nbsp; Pro bezpe\u010dnou konstrukci a provoz budov a stavebn&iacute;ch d&iacute;l\u016f je nezbytn\u011b nutn&eacute; br&aacute;t v &uacute;vahu stavebn\u011b-fyzik&aacute;ln&iacute; podm&iacute;nky a z&aacute;konitosti. V&scaron;eobecn\u011b to za\u010d&iacute;n&aacute; ji\u017e p\u0159i posouzen&iacute; stavebn&iacute;ho pozemku z pohledu zaji&scaron;t\u011bn&iacute; stability ter&eacute;nu a posouzen&iacute; m&iacute;stn&iacute;ch pov\u011btrnostn&iacute;ch podm&iacute;nek. Speci&aacute;ln\u011b pro pou\u017eit&iacute; na&scaron;eho materi&aacute;lu titanzinku ve stavebnictv&iacute; je nutno br&aacute;t v &uacute;vahu tato hlavn&iacute; krit&eacute;ria: Difuze [&hellip;]\" \/>\n<meta property=\"og:url\" content=\"https:\/\/www.nedzink.com\/cs\/stavebni-fyzika\/\" \/>\n<meta property=\"og:site_name\" content=\"NedZink\" \/>\n<meta name=\"twitter:card\" content=\"summary_large_image\" \/>\n<meta name=\"twitter:label1\" content=\"Odhadovan\u00e1 doba \u010dten\u00ed\" \/>\n\t<meta name=\"twitter:data1\" content=\"2 minuty\" \/>\n<script type=\"application\/ld+json\" class=\"yoast-schema-graph\">{\"@context\":\"https:\/\/schema.org\",\"@graph\":[{\"@type\":\"WebPage\",\"@id\":\"https:\/\/www.nedzink.com\/cs\/stavebni-fyzika\/\",\"url\":\"https:\/\/www.nedzink.com\/cs\/stavebni-fyzika\/\",\"name\":\"Stavebn\u00ed fyzika \u2013 NedZink\",\"isPartOf\":{\"@id\":\"https:\/\/www.nedzink.com\/cs\/#website\"},\"datePublished\":\"2019-06-04T12:54:16+00:00\",\"breadcrumb\":{\"@id\":\"https:\/\/www.nedzink.com\/cs\/stavebni-fyzika\/#breadcrumb\"},\"inLanguage\":\"cs\",\"potentialAction\":[{\"@type\":\"ReadAction\",\"target\":[\"https:\/\/www.nedzink.com\/cs\/stavebni-fyzika\/\"]}]},{\"@type\":\"BreadcrumbList\",\"@id\":\"https:\/\/www.nedzink.com\/cs\/stavebni-fyzika\/#breadcrumb\",\"itemListElement\":[{\"@type\":\"ListItem\",\"position\":1,\"name\":\"Home\",\"item\":\"https:\/\/www.nedzink.com\/cs\/\"},{\"@type\":\"ListItem\",\"position\":2,\"name\":\"Stavebn\u00ed fyzika\"}]},{\"@type\":\"WebSite\",\"@id\":\"https:\/\/www.nedzink.com\/cs\/#website\",\"url\":\"https:\/\/www.nedzink.com\/cs\/\",\"name\":\"NedZink\",\"description\":\"Zink fabrikant\",\"publisher\":{\"@id\":\"https:\/\/www.nedzink.com\/cs\/#organization\"},\"potentialAction\":[{\"@type\":\"SearchAction\",\"target\":{\"@type\":\"EntryPoint\",\"urlTemplate\":\"https:\/\/www.nedzink.com\/cs\/?s={search_term_string}\"},\"query-input\":{\"@type\":\"PropertyValueSpecification\",\"valueRequired\":true,\"valueName\":\"search_term_string\"}}],\"inLanguage\":\"cs\"},{\"@type\":\"Organization\",\"@id\":\"https:\/\/www.nedzink.com\/cs\/#organization\",\"name\":\"NedZink\",\"url\":\"https:\/\/www.nedzink.com\/cs\/\",\"logo\":{\"@type\":\"ImageObject\",\"inLanguage\":\"cs\",\"@id\":\"https:\/\/www.nedzink.com\/cs\/#\/schema\/logo\/image\/\",\"url\":\"https:\/\/www.nedzink.com\/wp-content\/uploads\/2019\/08\/logo-nedzink_fc_zk.jpg\",\"contentUrl\":\"https:\/\/www.nedzink.com\/wp-content\/uploads\/2019\/08\/logo-nedzink_fc_zk.jpg\",\"width\":2160,\"height\":688,\"caption\":\"NedZink\"},\"image\":{\"@id\":\"https:\/\/www.nedzink.com\/cs\/#\/schema\/logo\/image\/\"}}]}<\/script>\n<!-- \/ Yoast SEO plugin. -->","yoast_head_json":{"title":"Stavebn\u00ed fyzika \u2013 NedZink","robots":{"index":"index","follow":"follow","max-snippet":"max-snippet:-1","max-image-preview":"max-image-preview:large","max-video-preview":"max-video-preview:-1"},"canonical":"https:\/\/www.nedzink.com\/cs\/stavebni-fyzika\/","og_locale":"cs_CZ","og_type":"article","og_title":"Stavebn\u00ed fyzika \u2013 NedZink","og_description":"&nbsp; Pro bezpe\u010dnou konstrukci a provoz budov a stavebn&iacute;ch d&iacute;l\u016f je nezbytn\u011b nutn&eacute; br&aacute;t v &uacute;vahu stavebn\u011b-fyzik&aacute;ln&iacute; podm&iacute;nky a z&aacute;konitosti. V&scaron;eobecn\u011b to za\u010d&iacute;n&aacute; ji\u017e p\u0159i posouzen&iacute; stavebn&iacute;ho pozemku z pohledu zaji&scaron;t\u011bn&iacute; stability ter&eacute;nu a posouzen&iacute; m&iacute;stn&iacute;ch pov\u011btrnostn&iacute;ch podm&iacute;nek. Speci&aacute;ln\u011b pro pou\u017eit&iacute; na&scaron;eho materi&aacute;lu titanzinku ve stavebnictv&iacute; je nutno br&aacute;t v &uacute;vahu tato hlavn&iacute; krit&eacute;ria: Difuze [&hellip;]","og_url":"https:\/\/www.nedzink.com\/cs\/stavebni-fyzika\/","og_site_name":"NedZink","twitter_card":"summary_large_image","twitter_misc":{"Odhadovan\u00e1 doba \u010dten\u00ed":"2 minuty"},"schema":{"@context":"https:\/\/schema.org","@graph":[{"@type":"WebPage","@id":"https:\/\/www.nedzink.com\/cs\/stavebni-fyzika\/","url":"https:\/\/www.nedzink.com\/cs\/stavebni-fyzika\/","name":"Stavebn\u00ed fyzika \u2013 NedZink","isPartOf":{"@id":"https:\/\/www.nedzink.com\/cs\/#website"},"datePublished":"2019-06-04T12:54:16+00:00","breadcrumb":{"@id":"https:\/\/www.nedzink.com\/cs\/stavebni-fyzika\/#breadcrumb"},"inLanguage":"cs","potentialAction":[{"@type":"ReadAction","target":["https:\/\/www.nedzink.com\/cs\/stavebni-fyzika\/"]}]},{"@type":"BreadcrumbList","@id":"https:\/\/www.nedzink.com\/cs\/stavebni-fyzika\/#breadcrumb","itemListElement":[{"@type":"ListItem","position":1,"name":"Home","item":"https:\/\/www.nedzink.com\/cs\/"},{"@type":"ListItem","position":2,"name":"Stavebn\u00ed fyzika"}]},{"@type":"WebSite","@id":"https:\/\/www.nedzink.com\/cs\/#website","url":"https:\/\/www.nedzink.com\/cs\/","name":"NedZink","description":"Zink fabrikant","publisher":{"@id":"https:\/\/www.nedzink.com\/cs\/#organization"},"potentialAction":[{"@type":"SearchAction","target":{"@type":"EntryPoint","urlTemplate":"https:\/\/www.nedzink.com\/cs\/?s={search_term_string}"},"query-input":{"@type":"PropertyValueSpecification","valueRequired":true,"valueName":"search_term_string"}}],"inLanguage":"cs"},{"@type":"Organization","@id":"https:\/\/www.nedzink.com\/cs\/#organization","name":"NedZink","url":"https:\/\/www.nedzink.com\/cs\/","logo":{"@type":"ImageObject","inLanguage":"cs","@id":"https:\/\/www.nedzink.com\/cs\/#\/schema\/logo\/image\/","url":"https:\/\/www.nedzink.com\/wp-content\/uploads\/2019\/08\/logo-nedzink_fc_zk.jpg","contentUrl":"https:\/\/www.nedzink.com\/wp-content\/uploads\/2019\/08\/logo-nedzink_fc_zk.jpg","width":2160,"height":688,"caption":"NedZink"},"image":{"@id":"https:\/\/www.nedzink.com\/cs\/#\/schema\/logo\/image\/"}}]}},"_links":{"self":[{"href":"https:\/\/www.nedzink.com\/cs\/wp-json\/wp\/v2\/pages\/30707","targetHints":{"allow":["GET"]}}],"collection":[{"href":"https:\/\/www.nedzink.com\/cs\/wp-json\/wp\/v2\/pages"}],"about":[{"href":"https:\/\/www.nedzink.com\/cs\/wp-json\/wp\/v2\/types\/page"}],"author":[{"embeddable":true,"href":"https:\/\/www.nedzink.com\/cs\/wp-json\/wp\/v2\/users\/9"}],"replies":[{"embeddable":true,"href":"https:\/\/www.nedzink.com\/cs\/wp-json\/wp\/v2\/comments?post=30707"}],"version-history":[{"count":0,"href":"https:\/\/www.nedzink.com\/cs\/wp-json\/wp\/v2\/pages\/30707\/revisions"}],"wp:attachment":[{"href":"https:\/\/www.nedzink.com\/cs\/wp-json\/wp\/v2\/media?parent=30707"}],"curies":[{"name":"wp","href":"https:\/\/api.w.org\/{rel}","templated":true}]}}