{"id":30697,"date":"2019-06-04T14:54:13","date_gmt":"2019-06-04T12:54:13","guid":{"rendered":"http:\/\/136.144.181.85\/~nedzink\/technicke-info\/provadeci-a-montazni-smernice\/nastroje-a-stroje\/stroje\/"},"modified":"2019-06-04T14:54:13","modified_gmt":"2019-06-04T12:54:13","slug":"stroje","status":"publish","type":"page","link":"https:\/\/www.nedzink.com\/cs\/stroje\/","title":{"rendered":"Stroje"},"content":{"rendered":"<p>\n\t&nbsp;<\/p>\n<p>\n\t&nbsp;<\/p>\n<p>\n\tPou\u017eit&iacute; stroj\u016f za\u010d&iacute;n&aacute; u elektronick&yacute;ch ru\u010dn&iacute;ch n\u016f\u017eek na plech, prost\u0159ihova\u010d\u016f a automat\u016f na zav&iacute;r&aacute;n&iacute; dr&aacute;\u017eek\/falc\u016f, kter&eacute; podstatn\u011b usnad\u0148uj&iacute; \u0159emeslnou pr&aacute;ci p\u0159edev&scaron;&iacute;m u velk&yacute;ch ploch.<\/p>\n<p>\n\tN&iacute;\u017ee jsou uvedeny nejobvyklej&scaron;&iacute; stroje, a to v rozd\u011blen&iacute; podle r\u016fzn&yacute;ch pou\u017eit&iacute;:<\/p>\n<p>\n\tP\u0159&iacute;prava rol&iacute;<\/p>\n<ul>\n<li style=\"margin-left: 18pt; \">\n\t\t&nbsp; &nbsp; &nbsp; &nbsp; &nbsp;voz&iacute;k s odv&iacute;je\u010dem rol&iacute; a ru\u010dn&iacute;mi n\u016f\u017ekami a\u017e po pln\u011b automatick&aacute; odv&iacute;jec&iacute; za\u0159&iacute;zen&iacute;<\/li>\n<\/ul>\n<p>\n\t\u0158ez&aacute;n&iacute; a odd\u011blov&aacute;n&iacute;<\/p>\n<ul>\n<li style=\"margin-left: 18pt; \">\n\t\t&nbsp; &nbsp; &nbsp; &nbsp; &nbsp;elektronick&eacute; n\u016f\u017eky na plech, mimo jin&eacute; tak&eacute; pro pou\u017eit&iacute; na stavb\u011b<\/li>\n<li style=\"margin-left: 18pt; \">\n\t\t&nbsp; &nbsp; &nbsp; &nbsp; &nbsp;mobiln&iacute; ru\u010dn&iacute; prost\u0159ihova\u010de pro prov&aacute;d\u011bn&iacute; libovoln&yacute;ch pro\u0159&iacute;znut&iacute; plechu<\/li>\n<li style=\"margin-left: 18pt; \">\n\t\t&nbsp; &nbsp; &nbsp; &nbsp; &nbsp;p&aacute;kov&eacute; tabulov&eacute; n\u016f\u017eky s d&eacute;lkami a\u017e cca 12 m<\/li>\n<li style=\"margin-left: 18pt; \">\n\t\t&nbsp; &nbsp; &nbsp; &nbsp; &nbsp;automatick&eacute; syst&eacute;my pro pod&eacute;ln&eacute; a p\u0159&iacute;\u010dn&eacute; d\u011blen&iacute; materi&aacute;lu ve svitc&iacute;ch<\/li>\n<li style=\"margin-left: 18pt; \">\n\t\t&nbsp; &nbsp; &nbsp; &nbsp; &nbsp;kotou\u010dov&eacute; pily na kov nap\u0159. pro prefabrikovan&eacute; profily, okapn&iacute; svody a st\u0159e&scaron;n&iacute; \u017elaby<\/li>\n<li style=\"margin-left: 18pt; \">\n\t\t&nbsp; &nbsp; &nbsp; &nbsp; &nbsp;metody \u0159ez&aacute;n&iacute; laserovou technikou<\/li>\n<\/ul>\n<p>\n\tTvarov&aacute;n&iacute; hran\u011bn&iacute;m, oh&yacute;b&aacute;n&iacute;m nebo profilov&aacute;n&iacute;m (p\u0159i tvarov&aacute;n&iacute; je nutn&eacute; d&aacute;t pozor na minim&aacute;ln&iacute; polom\u011br ohybu 2,0 mm a minim&aacute;ln&iacute; teplotu kovu 10 &deg;C !)<\/p>\n<ul>\n<li style=\"margin-left: 18pt; \">\n\t\t&nbsp; &nbsp; &nbsp; &nbsp; &nbsp;pracovn&iacute; stoly a lisy pro prov&aacute;d\u011bn&iacute; hran\u011bn&iacute; s pracovn&iacute;mi &scaron;&iacute;\u0159kami 1,0 &ndash; 12 m.<br \/>\n\t\t&nbsp; &nbsp; &nbsp; &nbsp; &nbsp;Tyto sahaj&iacute; od mal&yacute;ch segmentov&yacute;ch pracovn&iacute;ch stol\u016f pro prov&aacute;d\u011bn&iacute; hran\u011bn&iacute; a\u017e po pln\u011b automatizovan&aacute; oh&yacute;bac&iacute; centra<\/li>\n<li style=\"margin-left: 18pt; \">\n\t\t&nbsp; &nbsp; &nbsp; &nbsp; &nbsp;profilovac&iacute; stroje na v&yacute;robu ta&scaron;kov&yacute;ch krytin, stavebn&iacute;ch profil\u016f a panelov&yacute;ch syst&eacute;m\u016f<\/li>\n<li style=\"margin-left: 18pt; \">\n\t\t&nbsp; &nbsp; &nbsp; &nbsp; &nbsp;zakru\u017eovac&iacute; stroje pro dodate\u010dn&eacute; zakulacen&iacute; p\u0159edprofilovan&yacute;ch ta&scaron;kov&yacute;ch krytin<\/li>\n<li style=\"margin-left: 18pt; \">\n\t\t&nbsp; &nbsp; &nbsp; &nbsp; &nbsp;vysek&aacute;vac&iacute; automaty, kter&eacute; p\u0159ipravuj&iacute; v pracovn&iacute;ch kroc&iacute;ch vyseknut&iacute; &ndash; ra\u017een&iacute; &ndash; zp\u011btn&eacute; hran\u011bn&iacute; a falcov&aacute;n&iacute; ta&scaron;kov&yacute;ch tabul&iacute;<\/li>\n<li style=\"margin-left: 18pt; \">\n\t\t&nbsp; &nbsp; &nbsp; &nbsp; &nbsp;p\u0159edv&aacute;lcovac&iacute;, p\u011bchovac&iacute; a kovotla\u010ditelsk&eacute; stroje na v&yacute;robu r&aacute;dius\u016f<\/li>\n<li style=\"margin-left: 18pt; \">\n\t\t&nbsp; &nbsp; &nbsp; &nbsp; &nbsp;stroje na ukon\u010den&iacute; dr&aacute;\u017eek pro v&yacute;robu falcovan&yacute;ch spoj\u016f (stojat&aacute; dr&aacute;\u017eka do &uacute;hlu nebo dvojit&aacute; stojat&aacute; dr&aacute;\u017eka)<\/li>\n<\/ul>\n","protected":false},"excerpt":{"rendered":"<p>&nbsp; &nbsp; Pou\u017eit&iacute; stroj\u016f za\u010d&iacute;n&aacute; u elektronick&yacute;ch ru\u010dn&iacute;ch n\u016f\u017eek na plech, prost\u0159ihova\u010d\u016f a automat\u016f na zav&iacute;r&aacute;n&iacute; dr&aacute;\u017eek\/falc\u016f, kter&eacute; podstatn\u011b usnad\u0148uj&iacute; \u0159emeslnou pr&aacute;ci p\u0159edev&scaron;&iacute;m u velk&yacute;ch ploch. N&iacute;\u017ee jsou uvedeny nejobvyklej&scaron;&iacute; stroje, a to v rozd\u011blen&iacute; podle r\u016fzn&yacute;ch pou\u017eit&iacute;: P\u0159&iacute;prava rol&iacute; &nbsp; &nbsp; &nbsp; &nbsp; &nbsp;voz&iacute;k s odv&iacute;je\u010dem rol&iacute; a ru\u010dn&iacute;mi n\u016f\u017ekami a\u017e po pln\u011b automatick&aacute; [&hellip;]<\/p>\n","protected":false},"author":9,"featured_media":0,"parent":0,"menu_order":640,"comment_status":"closed","ping_status":"closed","template":"template-import.php","meta":{"_acf_changed":false,"footnotes":""},"class_list":["post-30697","page","type-page","status-publish","hentry"],"acf":[],"yoast_head":"<!-- This site is optimized with the Yoast SEO plugin v26.8 - https:\/\/yoast.com\/product\/yoast-seo-wordpress\/ -->\n<title>Stroje \u2013 NedZink<\/title>\n<meta name=\"robots\" content=\"index, follow, max-snippet:-1, max-image-preview:large, max-video-preview:-1\" \/>\n<link rel=\"canonical\" href=\"https:\/\/www.nedzink.com\/cs\/stroje\/\" \/>\n<meta property=\"og:locale\" content=\"cs_CZ\" \/>\n<meta property=\"og:type\" content=\"article\" \/>\n<meta property=\"og:title\" content=\"Stroje \u2013 NedZink\" \/>\n<meta property=\"og:description\" content=\"&nbsp; &nbsp; Pou\u017eit&iacute; stroj\u016f za\u010d&iacute;n&aacute; u elektronick&yacute;ch ru\u010dn&iacute;ch n\u016f\u017eek na plech, prost\u0159ihova\u010d\u016f a automat\u016f na zav&iacute;r&aacute;n&iacute; dr&aacute;\u017eek\/falc\u016f, kter&eacute; podstatn\u011b usnad\u0148uj&iacute; \u0159emeslnou pr&aacute;ci p\u0159edev&scaron;&iacute;m u velk&yacute;ch ploch. N&iacute;\u017ee jsou uvedeny nejobvyklej&scaron;&iacute; stroje, a to v rozd\u011blen&iacute; podle r\u016fzn&yacute;ch pou\u017eit&iacute;: P\u0159&iacute;prava rol&iacute; &nbsp; &nbsp; &nbsp; &nbsp; &nbsp;voz&iacute;k s odv&iacute;je\u010dem rol&iacute; a ru\u010dn&iacute;mi n\u016f\u017ekami a\u017e po pln\u011b automatick&aacute; [&hellip;]\" \/>\n<meta property=\"og:url\" content=\"https:\/\/www.nedzink.com\/cs\/stroje\/\" \/>\n<meta property=\"og:site_name\" content=\"NedZink\" \/>\n<meta name=\"twitter:card\" content=\"summary_large_image\" \/>\n<meta name=\"twitter:label1\" content=\"Odhadovan\u00e1 doba \u010dten\u00ed\" \/>\n\t<meta name=\"twitter:data1\" content=\"3 minuty\" \/>\n<script type=\"application\/ld+json\" class=\"yoast-schema-graph\">{\"@context\":\"https:\/\/schema.org\",\"@graph\":[{\"@type\":\"WebPage\",\"@id\":\"https:\/\/www.nedzink.com\/cs\/stroje\/\",\"url\":\"https:\/\/www.nedzink.com\/cs\/stroje\/\",\"name\":\"Stroje \u2013 NedZink\",\"isPartOf\":{\"@id\":\"https:\/\/www.nedzink.com\/cs\/#website\"},\"datePublished\":\"2019-06-04T12:54:13+00:00\",\"breadcrumb\":{\"@id\":\"https:\/\/www.nedzink.com\/cs\/stroje\/#breadcrumb\"},\"inLanguage\":\"cs\",\"potentialAction\":[{\"@type\":\"ReadAction\",\"target\":[\"https:\/\/www.nedzink.com\/cs\/stroje\/\"]}]},{\"@type\":\"BreadcrumbList\",\"@id\":\"https:\/\/www.nedzink.com\/cs\/stroje\/#breadcrumb\",\"itemListElement\":[{\"@type\":\"ListItem\",\"position\":1,\"name\":\"Home\",\"item\":\"https:\/\/www.nedzink.com\/cs\/\"},{\"@type\":\"ListItem\",\"position\":2,\"name\":\"Stroje\"}]},{\"@type\":\"WebSite\",\"@id\":\"https:\/\/www.nedzink.com\/cs\/#website\",\"url\":\"https:\/\/www.nedzink.com\/cs\/\",\"name\":\"NedZink\",\"description\":\"Zink fabrikant\",\"publisher\":{\"@id\":\"https:\/\/www.nedzink.com\/cs\/#organization\"},\"potentialAction\":[{\"@type\":\"SearchAction\",\"target\":{\"@type\":\"EntryPoint\",\"urlTemplate\":\"https:\/\/www.nedzink.com\/cs\/?s={search_term_string}\"},\"query-input\":{\"@type\":\"PropertyValueSpecification\",\"valueRequired\":true,\"valueName\":\"search_term_string\"}}],\"inLanguage\":\"cs\"},{\"@type\":\"Organization\",\"@id\":\"https:\/\/www.nedzink.com\/cs\/#organization\",\"name\":\"NedZink\",\"url\":\"https:\/\/www.nedzink.com\/cs\/\",\"logo\":{\"@type\":\"ImageObject\",\"inLanguage\":\"cs\",\"@id\":\"https:\/\/www.nedzink.com\/cs\/#\/schema\/logo\/image\/\",\"url\":\"https:\/\/www.nedzink.com\/wp-content\/uploads\/2019\/08\/logo-nedzink_fc_zk.jpg\",\"contentUrl\":\"https:\/\/www.nedzink.com\/wp-content\/uploads\/2019\/08\/logo-nedzink_fc_zk.jpg\",\"width\":2160,\"height\":688,\"caption\":\"NedZink\"},\"image\":{\"@id\":\"https:\/\/www.nedzink.com\/cs\/#\/schema\/logo\/image\/\"}}]}<\/script>\n<!-- \/ Yoast SEO plugin. -->","yoast_head_json":{"title":"Stroje \u2013 NedZink","robots":{"index":"index","follow":"follow","max-snippet":"max-snippet:-1","max-image-preview":"max-image-preview:large","max-video-preview":"max-video-preview:-1"},"canonical":"https:\/\/www.nedzink.com\/cs\/stroje\/","og_locale":"cs_CZ","og_type":"article","og_title":"Stroje \u2013 NedZink","og_description":"&nbsp; &nbsp; Pou\u017eit&iacute; stroj\u016f za\u010d&iacute;n&aacute; u elektronick&yacute;ch ru\u010dn&iacute;ch n\u016f\u017eek na plech, prost\u0159ihova\u010d\u016f a automat\u016f na zav&iacute;r&aacute;n&iacute; dr&aacute;\u017eek\/falc\u016f, kter&eacute; podstatn\u011b usnad\u0148uj&iacute; \u0159emeslnou pr&aacute;ci p\u0159edev&scaron;&iacute;m u velk&yacute;ch ploch. N&iacute;\u017ee jsou uvedeny nejobvyklej&scaron;&iacute; stroje, a to v rozd\u011blen&iacute; podle r\u016fzn&yacute;ch pou\u017eit&iacute;: P\u0159&iacute;prava rol&iacute; &nbsp; &nbsp; &nbsp; &nbsp; &nbsp;voz&iacute;k s odv&iacute;je\u010dem rol&iacute; a ru\u010dn&iacute;mi n\u016f\u017ekami a\u017e po pln\u011b automatick&aacute; [&hellip;]","og_url":"https:\/\/www.nedzink.com\/cs\/stroje\/","og_site_name":"NedZink","twitter_card":"summary_large_image","twitter_misc":{"Odhadovan\u00e1 doba \u010dten\u00ed":"3 minuty"},"schema":{"@context":"https:\/\/schema.org","@graph":[{"@type":"WebPage","@id":"https:\/\/www.nedzink.com\/cs\/stroje\/","url":"https:\/\/www.nedzink.com\/cs\/stroje\/","name":"Stroje \u2013 NedZink","isPartOf":{"@id":"https:\/\/www.nedzink.com\/cs\/#website"},"datePublished":"2019-06-04T12:54:13+00:00","breadcrumb":{"@id":"https:\/\/www.nedzink.com\/cs\/stroje\/#breadcrumb"},"inLanguage":"cs","potentialAction":[{"@type":"ReadAction","target":["https:\/\/www.nedzink.com\/cs\/stroje\/"]}]},{"@type":"BreadcrumbList","@id":"https:\/\/www.nedzink.com\/cs\/stroje\/#breadcrumb","itemListElement":[{"@type":"ListItem","position":1,"name":"Home","item":"https:\/\/www.nedzink.com\/cs\/"},{"@type":"ListItem","position":2,"name":"Stroje"}]},{"@type":"WebSite","@id":"https:\/\/www.nedzink.com\/cs\/#website","url":"https:\/\/www.nedzink.com\/cs\/","name":"NedZink","description":"Zink fabrikant","publisher":{"@id":"https:\/\/www.nedzink.com\/cs\/#organization"},"potentialAction":[{"@type":"SearchAction","target":{"@type":"EntryPoint","urlTemplate":"https:\/\/www.nedzink.com\/cs\/?s={search_term_string}"},"query-input":{"@type":"PropertyValueSpecification","valueRequired":true,"valueName":"search_term_string"}}],"inLanguage":"cs"},{"@type":"Organization","@id":"https:\/\/www.nedzink.com\/cs\/#organization","name":"NedZink","url":"https:\/\/www.nedzink.com\/cs\/","logo":{"@type":"ImageObject","inLanguage":"cs","@id":"https:\/\/www.nedzink.com\/cs\/#\/schema\/logo\/image\/","url":"https:\/\/www.nedzink.com\/wp-content\/uploads\/2019\/08\/logo-nedzink_fc_zk.jpg","contentUrl":"https:\/\/www.nedzink.com\/wp-content\/uploads\/2019\/08\/logo-nedzink_fc_zk.jpg","width":2160,"height":688,"caption":"NedZink"},"image":{"@id":"https:\/\/www.nedzink.com\/cs\/#\/schema\/logo\/image\/"}}]}},"_links":{"self":[{"href":"https:\/\/www.nedzink.com\/cs\/wp-json\/wp\/v2\/pages\/30697","targetHints":{"allow":["GET"]}}],"collection":[{"href":"https:\/\/www.nedzink.com\/cs\/wp-json\/wp\/v2\/pages"}],"about":[{"href":"https:\/\/www.nedzink.com\/cs\/wp-json\/wp\/v2\/types\/page"}],"author":[{"embeddable":true,"href":"https:\/\/www.nedzink.com\/cs\/wp-json\/wp\/v2\/users\/9"}],"replies":[{"embeddable":true,"href":"https:\/\/www.nedzink.com\/cs\/wp-json\/wp\/v2\/comments?post=30697"}],"version-history":[{"count":0,"href":"https:\/\/www.nedzink.com\/cs\/wp-json\/wp\/v2\/pages\/30697\/revisions"}],"wp:attachment":[{"href":"https:\/\/www.nedzink.com\/cs\/wp-json\/wp\/v2\/media?parent=30697"}],"curies":[{"name":"wp","href":"https:\/\/api.w.org\/{rel}","templated":true}]}}