{"id":30687,"date":"2019-06-04T14:54:11","date_gmt":"2019-06-04T12:54:11","guid":{"rendered":"http:\/\/136.144.181.85\/~nedzink\/technicke-info\/provadeci-a-montazni-smernice\/nastroje-a-stroje\/nastroje\/"},"modified":"2019-06-04T14:54:11","modified_gmt":"2019-06-04T12:54:11","slug":"nastroje","status":"publish","type":"page","link":"https:\/\/www.nedzink.com\/cs\/nastroje\/","title":{"rendered":"N\u00e1stroje"},"content":{"rendered":"<div class=\"contentStyle\" style=\"margin: 10px 0px 10px 0px;\">\n<p>\n\t\t&nbsp;<\/p>\n<p>\n\t\tTradi\u010dn&iacute; ru\u010dn&iacute; n&aacute;stroje se pou\u017e&iacute;vaj&iacute; pro \u0159emesln&eacute; zpracov&aacute;n&iacute; titanzinku na stavb\u011b, kter&eacute; je i dnes velmi d\u016fle\u017eit&eacute;.<\/p>\n<p>\n\t\tK t\u011bmto n&aacute;stroj\u016fm pat\u0159&iacute; klasick&eacute; n\u016f\u017eky na plech, kter&eacute; mus&iacute; vyhovovat n&aacute;sleduj&iacute;c&iacute;m rozd&iacute;ln&yacute;m po\u017eadavk\u016fm:<\/p>\n<table border=\"0\" cellpadding=\"0\" cellspacing=\"0\">\n<tbody>\n<tr>\n<td style=\"width:99px;\">\n<p style=\"text-align: center; \">\n\t\t\t\t\t\t<strong>Ide&aacute;ln&iacute; st\u0159&iacute;h&aacute;n&iacute;<\/strong><\/p>\n<\/td>\n<td style=\"width:99px;\">\n<p style=\"text-align: center; \">\n\t\t\t\t\t\t<strong>Pr\u016fb\u011b\u017en&eacute; st\u0159&iacute;h&aacute;n&iacute;<\/strong><\/p>\n<\/td>\n<td style=\"width:153px;\">\n<p style=\"text-align: center; \">\n\t\t\t\t\t\t<strong>St\u0159&iacute;h&aacute;n&iacute; kulat&yacute;ch otvor\u016f<\/strong><\/p>\n<\/td>\n<td style=\"width:153px;\">\n<p style=\"text-align: center; \">\n\t\t\t\t\t\t<strong>St\u0159&iacute;h&aacute;n&iacute; otvor\u016f s &uacute;hlem<\/strong><\/p>\n<\/td>\n<td style=\"width:99px;\">\n<p style=\"text-align: center; \">\n\t\t\t\t\t\t<strong>Vibra\u010dn&iacute; st\u0159ih&aacute;n&iacute;<\/strong><\/p>\n<\/td>\n<\/tr>\n<\/tbody>\n<\/table>\n<p>\n\t\t&nbsp;<\/p>\n<table align=\"middle\" border=\"0\" cellpadding=\"1\" cellspacing=\"1\" style=\"WIDTH: 600px\">\n<tbody>\n<tr>\n<td>\n\t\t\t\t\t<img decoding=\"async\" alt=\"\" src=\"https:\/\/www.nedzink.com\/wp-content\/uploads\/import\/cms\/userfiles\/images\/schaar1.jpg\" style=\"width: 100px; height: 100px; border-width: 0px; border-style: solid; margin: 10px;\" \/><\/td>\n<td>\n\t\t\t\t\t<img decoding=\"async\" alt=\"\" src=\"https:\/\/www.nedzink.com\/wp-content\/uploads\/import\/cms\/userfiles\/images\/schaar2.jpg\" style=\"width: 100px; height: 100px; border-width: 0px; border-style: solid; margin: 10px;\" \/><\/td>\n<td>\n\t\t\t\t\t<img decoding=\"async\" alt=\"\" src=\"https:\/\/www.nedzink.com\/wp-content\/uploads\/import\/cms\/userfiles\/images\/schaar_3.jpg\" style=\"width: 100px; height: 100px; border-width: 0px; border-style: solid; margin: 10px;\" \/><\/td>\n<td>\n\t\t\t\t\t<img decoding=\"async\" alt=\"\" src=\"https:\/\/www.nedzink.com\/wp-content\/uploads\/import\/cms\/userfiles\/images\/schaar4.jpg\" style=\"width: 100px; height: 100px; border-width: 0px; border-style: solid; margin: 10px;\" \/><\/td>\n<td>\n\t\t\t\t\t<img decoding=\"async\" alt=\"\" src=\"https:\/\/www.nedzink.com\/wp-content\/uploads\/import\/cms\/userfiles\/images\/schaar5.jpg\" style=\"width: 100px; height: 100px; border-width: 0px; border-style: solid; margin: 10px;\" \/><\/td>\n<\/tr>\n<tr>\n<td style=\"VERTICAL-ALIGN: top\">\n\t\t\t\t\tPro velk&eacute; polom\u011bry, pro prost\u0159ih&aacute;v&aacute;n&iacute;&nbsp; a pro rovn&eacute; pr\u016fb\u011b\u017en&eacute; \u0159ezy<\/td>\n<td style=\"VERTICAL-ALIGN: top\">\n\t\t\t\t\tPro dlouh&eacute;, rovn&eacute;, pr\u016fb\u011b\u017en&eacute; \u0159ezy<\/td>\n<td style=\"VERTICAL-ALIGN: top\">\n\t\t\t\t\tPro kruhov&eacute; \u0159ezy<\/td>\n<td style=\"VERTICAL-ALIGN: top\">\n\t\t\t\t\tPro vy\u0159ez&aacute;v&aacute;n&iacute; &uacute;hl\u016f<\/td>\n<td style=\"VERTICAL-ALIGN: top\">\n\t\t\t\t\tPro mal&eacute; a velk&eacute; polom\u011bry, pro prost\u0159ih&aacute;v&aacute;n&iacute;<\/td>\n<\/tr>\n<\/tbody>\n<\/table>\n<p>\n\t\tV n&aacute;sleduj&iacute;c&iacute;m vyobrazen&iacute; je zn&aacute;zorn\u011bn v&yacute;b\u011br oh&yacute;bac&iacute;ch n&aacute;stroj\u016f, kter&eacute; se pou\u017e&iacute;vaj&iacute;.<\/p>\n<table border=\"0\" cellpadding=\"0\" cellspacing=\"0\" style=\"WIDTH: 100%\">\n<tbody>\n<tr>\n<td>\n\t\t\t\t\t<img decoding=\"async\" src=\"https:\/\/www.nedzink.com\/wp-content\/uploads\/import\/cms\/userfiles\/images\/werktuigen.jpg\" style=\"border-width: 0px; border-style: solid; width: 532px; height: 1259px;\" \/><\/td>\n<td style=\"VERTICAL-ALIGN: top\">\n<table border=\"0\" cellpadding=\"0\" cellspacing=\"0\">\n<tbody>\n<tr>\n<td style=\"width:329px;\">\n<ul style=\"\">\n<li style=\"margin-left: 18pt;\">\n\t\t\t\t\t\t\t\t\t\t\t&nbsp;Dr&aacute;\u017ekovnice<\/li>\n<li style=\"margin-left: 18pt;\">\n\t\t\t\t\t\t\t\t\t\t\t&nbsp;Dvojfalcov&aacute; dr&aacute;\u017ekovnice<\/li>\n<li style=\"margin-left: 18pt;\">\n\t\t\t\t\t\t\t\t\t\t\t&nbsp;Dr&aacute;\u017ekovnice rohov&aacute;<\/li>\n<li style=\"margin-left: 18pt;\">\n\t\t\t\t\t\t\t\t\t\t\t&nbsp;Oh&yacute;ba\u010d kapes<\/li>\n<li style=\"margin-left: 18pt;\">\n\t\t\t\t\t\t\t\t\t\t\t&nbsp;Vtahova\u010d z&aacute;hyb\u016f<\/li>\n<li style=\"margin-left: 18pt;\">\n\t\t\t\t\t\t\t\t\t\t\t&nbsp;Kulat&eacute; kle&scaron;t\u011b<\/li>\n<li style=\"margin-left: 18pt;\">\n\t\t\t\t\t\t\t\t\t\t\t&nbsp;Ploch&eacute; kle&scaron;t\u011b<\/li>\n<li style=\"margin-left: 18pt;\">\n\t\t\t\t\t\t\t\t\t\t\t&nbsp;Zvedac&iacute; kle&scaron;t\u011b<\/li>\n<li style=\"margin-left: 18pt;\">\n\t\t\t\t\t\t\t\t\t\t\t&nbsp;Kle&scaron;t\u011b&nbsp;kryc&iacute;<\/li>\n<li style=\"margin-left: 18pt;\">\n\t\t\t\t\t\t\t\t\t\t\t&nbsp;Kle&scaron;t\u011b&nbsp;kryc&iacute;, zahnut&eacute;<\/li>\n<li style=\"margin-left: 18pt;\">\n\t\t\t\t\t\t\t\t\t\t\t&nbsp;Dr&aacute;\u017ekovac&iacute;\/falcovac&iacute; kle&scaron;t\u011b&nbsp;<\/li>\n<li style=\"margin-left: 18pt;\">\n\t\t\t\t\t\t\t\t\t\t\t&nbsp;N&aacute;stroj s dvojitou dr&aacute;\u017ekou<\/li>\n<li style=\"margin-left: 18pt;\">\n\t\t\t\t\t\t\t\t\t\t\t&nbsp;N&aacute;stroj na oh&yacute;b&aacute;n&iacute; \u017elabov&yacute;ch h&aacute;k\u016f<\/li>\n<\/ul>\n<\/td>\n<\/tr>\n<\/tbody>\n<\/table>\n<\/td>\n<\/tr>\n<\/tbody>\n<\/table>\n<p>\n\t\t&nbsp;<\/p>\n<p>\n\t\tTechniky spojov&aacute;n&iacute;<\/p>\n<p>\n\t\tPro spojov&aacute;n&iacute; r\u016fzn&yacute;ch stavebn&iacute;ch d&iacute;l\u016f z titanzinku se zpravidla pou\u017e&iacute;vaj&iacute; falcovan&eacute; spoje (v&yacute;roba pomoc&iacute; v&yacute;&scaron;e uveden&eacute;ho n&aacute;\u0159ad&iacute;) a p&aacute;jen&eacute; spoje proveden&eacute; p&aacute;jen&iacute;m za m\u011bkka (viz 8.0 p&aacute;jen&iacute;). Dal&scaron;&iacute; metodou spojov&aacute;n&iacute; je n&yacute;tov&aacute;n&iacute;, kter&eacute; nen&iacute; bez dal&scaron;&iacute;ch opat\u0159en&iacute; vodot\u011bsn&eacute;. Tyto spoje se zpravidla prov&aacute;d\u011bj&iacute; pomoc&iacute; trhac&iacute;ch n&yacute;t\u016f a n&yacute;tovac&iacute;ch kle&scaron;t&iacute;. V roce 2003 bylo do n\u011bmeck&yacute;ch klemp&iacute;\u0159sk&yacute;ch norem p\u0159ijato &bdquo;lepen&iacute; kov\u016f klemp&iacute;\u0159skou technikou&ldquo; a bylo uzn&aacute;no jako spojovac&iacute; technika.<\/p>\n<\/div>\n","protected":false},"excerpt":{"rendered":"<p>&nbsp; Tradi\u010dn&iacute; ru\u010dn&iacute; n&aacute;stroje se pou\u017e&iacute;vaj&iacute; pro \u0159emesln&eacute; zpracov&aacute;n&iacute; titanzinku na stavb\u011b, kter&eacute; je i dnes velmi d\u016fle\u017eit&eacute;. K t\u011bmto n&aacute;stroj\u016fm pat\u0159&iacute; klasick&eacute; n\u016f\u017eky na plech, kter&eacute; mus&iacute; vyhovovat n&aacute;sleduj&iacute;c&iacute;m rozd&iacute;ln&yacute;m po\u017eadavk\u016fm: Ide&aacute;ln&iacute; st\u0159&iacute;h&aacute;n&iacute; Pr\u016fb\u011b\u017en&eacute; st\u0159&iacute;h&aacute;n&iacute; St\u0159&iacute;h&aacute;n&iacute; kulat&yacute;ch otvor\u016f St\u0159&iacute;h&aacute;n&iacute; otvor\u016f s &uacute;hlem Vibra\u010dn&iacute; st\u0159ih&aacute;n&iacute; &nbsp; Pro velk&eacute; polom\u011bry, pro prost\u0159ih&aacute;v&aacute;n&iacute;&nbsp; a pro rovn&eacute; pr\u016fb\u011b\u017en&eacute; [&hellip;]<\/p>\n","protected":false},"author":9,"featured_media":0,"parent":0,"menu_order":630,"comment_status":"closed","ping_status":"closed","template":"template-import.php","meta":{"_acf_changed":false,"footnotes":""},"class_list":["post-30687","page","type-page","status-publish","hentry"],"acf":[],"yoast_head":"<!-- This site is optimized with the Yoast SEO plugin v26.8 - https:\/\/yoast.com\/product\/yoast-seo-wordpress\/ -->\n<title>N\u00e1stroje \u2013 NedZink<\/title>\n<meta name=\"robots\" content=\"index, follow, max-snippet:-1, max-image-preview:large, max-video-preview:-1\" \/>\n<link rel=\"canonical\" href=\"https:\/\/www.nedzink.com\/cs\/nastroje\/\" \/>\n<meta property=\"og:locale\" content=\"cs_CZ\" \/>\n<meta property=\"og:type\" content=\"article\" \/>\n<meta property=\"og:title\" content=\"N\u00e1stroje \u2013 NedZink\" \/>\n<meta property=\"og:description\" content=\"&nbsp; Tradi\u010dn&iacute; ru\u010dn&iacute; n&aacute;stroje se pou\u017e&iacute;vaj&iacute; pro \u0159emesln&eacute; zpracov&aacute;n&iacute; titanzinku na stavb\u011b, kter&eacute; je i dnes velmi d\u016fle\u017eit&eacute;. K t\u011bmto n&aacute;stroj\u016fm pat\u0159&iacute; klasick&eacute; n\u016f\u017eky na plech, kter&eacute; mus&iacute; vyhovovat n&aacute;sleduj&iacute;c&iacute;m rozd&iacute;ln&yacute;m po\u017eadavk\u016fm: Ide&aacute;ln&iacute; st\u0159&iacute;h&aacute;n&iacute; Pr\u016fb\u011b\u017en&eacute; st\u0159&iacute;h&aacute;n&iacute; St\u0159&iacute;h&aacute;n&iacute; kulat&yacute;ch otvor\u016f St\u0159&iacute;h&aacute;n&iacute; otvor\u016f s &uacute;hlem Vibra\u010dn&iacute; st\u0159ih&aacute;n&iacute; &nbsp; Pro velk&eacute; polom\u011bry, pro prost\u0159ih&aacute;v&aacute;n&iacute;&nbsp; a pro rovn&eacute; pr\u016fb\u011b\u017en&eacute; [&hellip;]\" \/>\n<meta property=\"og:url\" content=\"https:\/\/www.nedzink.com\/cs\/nastroje\/\" \/>\n<meta property=\"og:site_name\" content=\"NedZink\" \/>\n<meta property=\"og:image\" content=\"https:\/\/www.nedzink.com\/wp-content\/uploads\/import\/cms\/userfiles\/images\/schaar1.jpg\" \/>\n<meta name=\"twitter:card\" content=\"summary_large_image\" \/>\n<meta name=\"twitter:label1\" content=\"Odhadovan\u00e1 doba \u010dten\u00ed\" \/>\n\t<meta name=\"twitter:data1\" content=\"2 minuty\" \/>\n<script type=\"application\/ld+json\" class=\"yoast-schema-graph\">{\"@context\":\"https:\/\/schema.org\",\"@graph\":[{\"@type\":\"WebPage\",\"@id\":\"https:\/\/www.nedzink.com\/cs\/nastroje\/\",\"url\":\"https:\/\/www.nedzink.com\/cs\/nastroje\/\",\"name\":\"N\u00e1stroje \u2013 NedZink\",\"isPartOf\":{\"@id\":\"https:\/\/www.nedzink.com\/cs\/#website\"},\"primaryImageOfPage\":{\"@id\":\"https:\/\/www.nedzink.com\/cs\/nastroje\/#primaryimage\"},\"image\":{\"@id\":\"https:\/\/www.nedzink.com\/cs\/nastroje\/#primaryimage\"},\"thumbnailUrl\":\"https:\/\/www.nedzink.com\/wp-content\/uploads\/import\/cms\/userfiles\/images\/schaar1.jpg\",\"datePublished\":\"2019-06-04T12:54:11+00:00\",\"breadcrumb\":{\"@id\":\"https:\/\/www.nedzink.com\/cs\/nastroje\/#breadcrumb\"},\"inLanguage\":\"cs\",\"potentialAction\":[{\"@type\":\"ReadAction\",\"target\":[\"https:\/\/www.nedzink.com\/cs\/nastroje\/\"]}]},{\"@type\":\"ImageObject\",\"inLanguage\":\"cs\",\"@id\":\"https:\/\/www.nedzink.com\/cs\/nastroje\/#primaryimage\",\"url\":\"https:\/\/www.nedzink.com\/wp-content\/uploads\/import\/cms\/userfiles\/images\/schaar1.jpg\",\"contentUrl\":\"https:\/\/www.nedzink.com\/wp-content\/uploads\/import\/cms\/userfiles\/images\/schaar1.jpg\"},{\"@type\":\"BreadcrumbList\",\"@id\":\"https:\/\/www.nedzink.com\/cs\/nastroje\/#breadcrumb\",\"itemListElement\":[{\"@type\":\"ListItem\",\"position\":1,\"name\":\"Home\",\"item\":\"https:\/\/www.nedzink.com\/cs\/\"},{\"@type\":\"ListItem\",\"position\":2,\"name\":\"N\u00e1stroje\"}]},{\"@type\":\"WebSite\",\"@id\":\"https:\/\/www.nedzink.com\/cs\/#website\",\"url\":\"https:\/\/www.nedzink.com\/cs\/\",\"name\":\"NedZink\",\"description\":\"Zink fabrikant\",\"publisher\":{\"@id\":\"https:\/\/www.nedzink.com\/cs\/#organization\"},\"potentialAction\":[{\"@type\":\"SearchAction\",\"target\":{\"@type\":\"EntryPoint\",\"urlTemplate\":\"https:\/\/www.nedzink.com\/cs\/?s={search_term_string}\"},\"query-input\":{\"@type\":\"PropertyValueSpecification\",\"valueRequired\":true,\"valueName\":\"search_term_string\"}}],\"inLanguage\":\"cs\"},{\"@type\":\"Organization\",\"@id\":\"https:\/\/www.nedzink.com\/cs\/#organization\",\"name\":\"NedZink\",\"url\":\"https:\/\/www.nedzink.com\/cs\/\",\"logo\":{\"@type\":\"ImageObject\",\"inLanguage\":\"cs\",\"@id\":\"https:\/\/www.nedzink.com\/cs\/#\/schema\/logo\/image\/\",\"url\":\"https:\/\/www.nedzink.com\/wp-content\/uploads\/2019\/08\/logo-nedzink_fc_zk.jpg\",\"contentUrl\":\"https:\/\/www.nedzink.com\/wp-content\/uploads\/2019\/08\/logo-nedzink_fc_zk.jpg\",\"width\":2160,\"height\":688,\"caption\":\"NedZink\"},\"image\":{\"@id\":\"https:\/\/www.nedzink.com\/cs\/#\/schema\/logo\/image\/\"}}]}<\/script>\n<!-- \/ Yoast SEO plugin. -->","yoast_head_json":{"title":"N\u00e1stroje \u2013 NedZink","robots":{"index":"index","follow":"follow","max-snippet":"max-snippet:-1","max-image-preview":"max-image-preview:large","max-video-preview":"max-video-preview:-1"},"canonical":"https:\/\/www.nedzink.com\/cs\/nastroje\/","og_locale":"cs_CZ","og_type":"article","og_title":"N\u00e1stroje \u2013 NedZink","og_description":"&nbsp; Tradi\u010dn&iacute; ru\u010dn&iacute; n&aacute;stroje se pou\u017e&iacute;vaj&iacute; pro \u0159emesln&eacute; zpracov&aacute;n&iacute; titanzinku na stavb\u011b, kter&eacute; je i dnes velmi d\u016fle\u017eit&eacute;. K t\u011bmto n&aacute;stroj\u016fm pat\u0159&iacute; klasick&eacute; n\u016f\u017eky na plech, kter&eacute; mus&iacute; vyhovovat n&aacute;sleduj&iacute;c&iacute;m rozd&iacute;ln&yacute;m po\u017eadavk\u016fm: Ide&aacute;ln&iacute; st\u0159&iacute;h&aacute;n&iacute; Pr\u016fb\u011b\u017en&eacute; st\u0159&iacute;h&aacute;n&iacute; St\u0159&iacute;h&aacute;n&iacute; kulat&yacute;ch otvor\u016f St\u0159&iacute;h&aacute;n&iacute; otvor\u016f s &uacute;hlem Vibra\u010dn&iacute; st\u0159ih&aacute;n&iacute; &nbsp; Pro velk&eacute; polom\u011bry, pro prost\u0159ih&aacute;v&aacute;n&iacute;&nbsp; a pro rovn&eacute; pr\u016fb\u011b\u017en&eacute; [&hellip;]","og_url":"https:\/\/www.nedzink.com\/cs\/nastroje\/","og_site_name":"NedZink","og_image":[{"url":"https:\/\/www.nedzink.com\/wp-content\/uploads\/import\/cms\/userfiles\/images\/schaar1.jpg","type":"","width":"","height":""}],"twitter_card":"summary_large_image","twitter_misc":{"Odhadovan\u00e1 doba \u010dten\u00ed":"2 minuty"},"schema":{"@context":"https:\/\/schema.org","@graph":[{"@type":"WebPage","@id":"https:\/\/www.nedzink.com\/cs\/nastroje\/","url":"https:\/\/www.nedzink.com\/cs\/nastroje\/","name":"N\u00e1stroje \u2013 NedZink","isPartOf":{"@id":"https:\/\/www.nedzink.com\/cs\/#website"},"primaryImageOfPage":{"@id":"https:\/\/www.nedzink.com\/cs\/nastroje\/#primaryimage"},"image":{"@id":"https:\/\/www.nedzink.com\/cs\/nastroje\/#primaryimage"},"thumbnailUrl":"https:\/\/www.nedzink.com\/wp-content\/uploads\/import\/cms\/userfiles\/images\/schaar1.jpg","datePublished":"2019-06-04T12:54:11+00:00","breadcrumb":{"@id":"https:\/\/www.nedzink.com\/cs\/nastroje\/#breadcrumb"},"inLanguage":"cs","potentialAction":[{"@type":"ReadAction","target":["https:\/\/www.nedzink.com\/cs\/nastroje\/"]}]},{"@type":"ImageObject","inLanguage":"cs","@id":"https:\/\/www.nedzink.com\/cs\/nastroje\/#primaryimage","url":"https:\/\/www.nedzink.com\/wp-content\/uploads\/import\/cms\/userfiles\/images\/schaar1.jpg","contentUrl":"https:\/\/www.nedzink.com\/wp-content\/uploads\/import\/cms\/userfiles\/images\/schaar1.jpg"},{"@type":"BreadcrumbList","@id":"https:\/\/www.nedzink.com\/cs\/nastroje\/#breadcrumb","itemListElement":[{"@type":"ListItem","position":1,"name":"Home","item":"https:\/\/www.nedzink.com\/cs\/"},{"@type":"ListItem","position":2,"name":"N\u00e1stroje"}]},{"@type":"WebSite","@id":"https:\/\/www.nedzink.com\/cs\/#website","url":"https:\/\/www.nedzink.com\/cs\/","name":"NedZink","description":"Zink fabrikant","publisher":{"@id":"https:\/\/www.nedzink.com\/cs\/#organization"},"potentialAction":[{"@type":"SearchAction","target":{"@type":"EntryPoint","urlTemplate":"https:\/\/www.nedzink.com\/cs\/?s={search_term_string}"},"query-input":{"@type":"PropertyValueSpecification","valueRequired":true,"valueName":"search_term_string"}}],"inLanguage":"cs"},{"@type":"Organization","@id":"https:\/\/www.nedzink.com\/cs\/#organization","name":"NedZink","url":"https:\/\/www.nedzink.com\/cs\/","logo":{"@type":"ImageObject","inLanguage":"cs","@id":"https:\/\/www.nedzink.com\/cs\/#\/schema\/logo\/image\/","url":"https:\/\/www.nedzink.com\/wp-content\/uploads\/2019\/08\/logo-nedzink_fc_zk.jpg","contentUrl":"https:\/\/www.nedzink.com\/wp-content\/uploads\/2019\/08\/logo-nedzink_fc_zk.jpg","width":2160,"height":688,"caption":"NedZink"},"image":{"@id":"https:\/\/www.nedzink.com\/cs\/#\/schema\/logo\/image\/"}}]}},"_links":{"self":[{"href":"https:\/\/www.nedzink.com\/cs\/wp-json\/wp\/v2\/pages\/30687","targetHints":{"allow":["GET"]}}],"collection":[{"href":"https:\/\/www.nedzink.com\/cs\/wp-json\/wp\/v2\/pages"}],"about":[{"href":"https:\/\/www.nedzink.com\/cs\/wp-json\/wp\/v2\/types\/page"}],"author":[{"embeddable":true,"href":"https:\/\/www.nedzink.com\/cs\/wp-json\/wp\/v2\/users\/9"}],"replies":[{"embeddable":true,"href":"https:\/\/www.nedzink.com\/cs\/wp-json\/wp\/v2\/comments?post=30687"}],"version-history":[{"count":0,"href":"https:\/\/www.nedzink.com\/cs\/wp-json\/wp\/v2\/pages\/30687\/revisions"}],"wp:attachment":[{"href":"https:\/\/www.nedzink.com\/cs\/wp-json\/wp\/v2\/media?parent=30687"}],"curies":[{"name":"wp","href":"https:\/\/api.w.org\/{rel}","templated":true}]}}