{"id":30667,"date":"2019-06-04T14:54:06","date_gmt":"2019-06-04T12:54:06","guid":{"rendered":"http:\/\/136.144.181.85\/~nedzink\/technicke-info\/provadeci-a-montazni-smernice\/nastroje-a-stroje\/"},"modified":"2019-06-04T14:54:06","modified_gmt":"2019-06-04T12:54:06","slug":"nastroje-a-stroje","status":"publish","type":"page","link":"https:\/\/www.nedzink.com\/cs\/nastroje-a-stroje\/","title":{"rendered":"N\u00e1stroje a stroje"},"content":{"rendered":"<div class=\"contentStyle\" style=\"margin: 10px 0px 10px 0px;\">\n<p>\n\t\t&nbsp;<\/p>\n<p>\n\t\tKo\u0159eny klemp&iacute;\u0159sk&eacute;ho \u0159emesla lze vysledovat a\u017e do konce 14.stolet&iacute;. V&yacute;robou zinkov&yacute;ch plech\u016f v roce 1810 byl polo\u017een nov&yacute; z&aacute;kladn&iacute; k&aacute;men pro stavebnictv&iacute; a pot&eacute; za\u010daly vznikat krok za krokem nov&eacute; produkty jako jsou de&scaron;\u0165ov&eacute; \u017elaby, odtokov&eacute; trubky a ornamenty.<\/p>\n<p>\n\t\tSe zpracov&aacute;n&iacute;m kovov&yacute;ch plech\u016f a v&yacute;robou produkt\u016f paraleln\u011b pokro\u010dil v&yacute;voj n&aacute;stroj\u016f a stroj\u016f. Co se tehdy vyr&aacute;b\u011blo nam&aacute;havou a \u010dasov\u011b n&aacute;ro\u010dnou ru\u010dn&iacute; prac&iacute;, toho se dnes dos&aacute;hne modern&iacute;mi metodami tvarov&aacute;n&iacute; a zpracov&aacute;n&iacute; plech\u016f a technik spojov&aacute;n&iacute; plech\u016f.<\/p>\n<p>\n\t\tZ ekonomick&yacute;ch d\u016fvod\u016f z&iacute;sk&aacute;vala st&aacute;le v\u011bt&scaron;&iacute; v&yacute;znam pr\u016fmyslov&aacute; v&yacute;roba produkt\u016f a s&eacute;riov&aacute; v&yacute;roba. Dnes se dokonce pou\u017e&iacute;vaj&iacute; nap\u0159. pro v&yacute;robu p\u0159&iacute;slu&scaron;enstv&iacute; pro odvodn\u011bn&iacute; st\u0159ech po\u010d&iacute;ta\u010dov\u011b \u0159&iacute;zen&eacute; v&yacute;robn&iacute; linky v\u010detn\u011b robot\u016f.<\/p>\n<p>\n\t\tAby bylo zpracov&aacute;n&iacute; kov\u016f odborn&eacute; a ekonomick&eacute;, jsou nezbytnost&iacute; odpov&iacute;daj&iacute;c&iacute; stroje a n&aacute;stroje. Existuje ov&scaron;em tak&eacute; mo\u017enost nechat si vyrobit ta&scaron;kov&eacute; krytiny, kazety, panely a stavebn&iacute; profily u v&yacute;robc\u016f, kte\u0159&iacute; se zab&yacute;vaj&iacute; zpracov&aacute;n&iacute;m kov\u016f.<\/p>\n<\/div>\n","protected":false},"excerpt":{"rendered":"<p>&nbsp; Ko\u0159eny klemp&iacute;\u0159sk&eacute;ho \u0159emesla lze vysledovat a\u017e do konce 14.stolet&iacute;. V&yacute;robou zinkov&yacute;ch plech\u016f v roce 1810 byl polo\u017een nov&yacute; z&aacute;kladn&iacute; k&aacute;men pro stavebnictv&iacute; a pot&eacute; za\u010daly vznikat krok za krokem nov&eacute; produkty jako jsou de&scaron;\u0165ov&eacute; \u017elaby, odtokov&eacute; trubky a ornamenty. Se zpracov&aacute;n&iacute;m kovov&yacute;ch plech\u016f a v&yacute;robou produkt\u016f paraleln\u011b pokro\u010dil v&yacute;voj n&aacute;stroj\u016f a stroj\u016f. Co se [&hellip;]<\/p>\n","protected":false},"author":9,"featured_media":0,"parent":0,"menu_order":610,"comment_status":"closed","ping_status":"closed","template":"template-import.php","meta":{"_acf_changed":false,"footnotes":""},"class_list":["post-30667","page","type-page","status-publish","hentry"],"acf":[],"yoast_head":"<!-- This site is optimized with the Yoast SEO plugin v26.8 - https:\/\/yoast.com\/product\/yoast-seo-wordpress\/ -->\n<title>N\u00e1stroje a stroje \u2013 NedZink<\/title>\n<meta name=\"robots\" content=\"index, follow, max-snippet:-1, max-image-preview:large, max-video-preview:-1\" \/>\n<link rel=\"canonical\" href=\"https:\/\/www.nedzink.com\/cs\/nastroje-a-stroje\/\" \/>\n<meta property=\"og:locale\" content=\"cs_CZ\" \/>\n<meta property=\"og:type\" content=\"article\" \/>\n<meta property=\"og:title\" content=\"N\u00e1stroje a stroje \u2013 NedZink\" \/>\n<meta property=\"og:description\" content=\"&nbsp; Ko\u0159eny klemp&iacute;\u0159sk&eacute;ho \u0159emesla lze vysledovat a\u017e do konce 14.stolet&iacute;. V&yacute;robou zinkov&yacute;ch plech\u016f v roce 1810 byl polo\u017een nov&yacute; z&aacute;kladn&iacute; k&aacute;men pro stavebnictv&iacute; a pot&eacute; za\u010daly vznikat krok za krokem nov&eacute; produkty jako jsou de&scaron;\u0165ov&eacute; \u017elaby, odtokov&eacute; trubky a ornamenty. Se zpracov&aacute;n&iacute;m kovov&yacute;ch plech\u016f a v&yacute;robou produkt\u016f paraleln\u011b pokro\u010dil v&yacute;voj n&aacute;stroj\u016f a stroj\u016f. Co se [&hellip;]\" \/>\n<meta property=\"og:url\" content=\"https:\/\/www.nedzink.com\/cs\/nastroje-a-stroje\/\" \/>\n<meta property=\"og:site_name\" content=\"NedZink\" \/>\n<meta name=\"twitter:card\" content=\"summary_large_image\" \/>\n<meta name=\"twitter:label1\" content=\"Odhadovan\u00e1 doba \u010dten\u00ed\" \/>\n\t<meta name=\"twitter:data1\" content=\"1 minuta\" \/>\n<script type=\"application\/ld+json\" class=\"yoast-schema-graph\">{\"@context\":\"https:\/\/schema.org\",\"@graph\":[{\"@type\":\"WebPage\",\"@id\":\"https:\/\/www.nedzink.com\/cs\/nastroje-a-stroje\/\",\"url\":\"https:\/\/www.nedzink.com\/cs\/nastroje-a-stroje\/\",\"name\":\"N\u00e1stroje a stroje \u2013 NedZink\",\"isPartOf\":{\"@id\":\"https:\/\/www.nedzink.com\/cs\/#website\"},\"datePublished\":\"2019-06-04T12:54:06+00:00\",\"breadcrumb\":{\"@id\":\"https:\/\/www.nedzink.com\/cs\/nastroje-a-stroje\/#breadcrumb\"},\"inLanguage\":\"cs\",\"potentialAction\":[{\"@type\":\"ReadAction\",\"target\":[\"https:\/\/www.nedzink.com\/cs\/nastroje-a-stroje\/\"]}]},{\"@type\":\"BreadcrumbList\",\"@id\":\"https:\/\/www.nedzink.com\/cs\/nastroje-a-stroje\/#breadcrumb\",\"itemListElement\":[{\"@type\":\"ListItem\",\"position\":1,\"name\":\"Home\",\"item\":\"https:\/\/www.nedzink.com\/cs\/\"},{\"@type\":\"ListItem\",\"position\":2,\"name\":\"N\u00e1stroje a stroje\"}]},{\"@type\":\"WebSite\",\"@id\":\"https:\/\/www.nedzink.com\/cs\/#website\",\"url\":\"https:\/\/www.nedzink.com\/cs\/\",\"name\":\"NedZink\",\"description\":\"Zink fabrikant\",\"publisher\":{\"@id\":\"https:\/\/www.nedzink.com\/cs\/#organization\"},\"potentialAction\":[{\"@type\":\"SearchAction\",\"target\":{\"@type\":\"EntryPoint\",\"urlTemplate\":\"https:\/\/www.nedzink.com\/cs\/?s={search_term_string}\"},\"query-input\":{\"@type\":\"PropertyValueSpecification\",\"valueRequired\":true,\"valueName\":\"search_term_string\"}}],\"inLanguage\":\"cs\"},{\"@type\":\"Organization\",\"@id\":\"https:\/\/www.nedzink.com\/cs\/#organization\",\"name\":\"NedZink\",\"url\":\"https:\/\/www.nedzink.com\/cs\/\",\"logo\":{\"@type\":\"ImageObject\",\"inLanguage\":\"cs\",\"@id\":\"https:\/\/www.nedzink.com\/cs\/#\/schema\/logo\/image\/\",\"url\":\"https:\/\/www.nedzink.com\/wp-content\/uploads\/2019\/08\/logo-nedzink_fc_zk.jpg\",\"contentUrl\":\"https:\/\/www.nedzink.com\/wp-content\/uploads\/2019\/08\/logo-nedzink_fc_zk.jpg\",\"width\":2160,\"height\":688,\"caption\":\"NedZink\"},\"image\":{\"@id\":\"https:\/\/www.nedzink.com\/cs\/#\/schema\/logo\/image\/\"}}]}<\/script>\n<!-- \/ Yoast SEO plugin. -->","yoast_head_json":{"title":"N\u00e1stroje a stroje \u2013 NedZink","robots":{"index":"index","follow":"follow","max-snippet":"max-snippet:-1","max-image-preview":"max-image-preview:large","max-video-preview":"max-video-preview:-1"},"canonical":"https:\/\/www.nedzink.com\/cs\/nastroje-a-stroje\/","og_locale":"cs_CZ","og_type":"article","og_title":"N\u00e1stroje a stroje \u2013 NedZink","og_description":"&nbsp; Ko\u0159eny klemp&iacute;\u0159sk&eacute;ho \u0159emesla lze vysledovat a\u017e do konce 14.stolet&iacute;. V&yacute;robou zinkov&yacute;ch plech\u016f v roce 1810 byl polo\u017een nov&yacute; z&aacute;kladn&iacute; k&aacute;men pro stavebnictv&iacute; a pot&eacute; za\u010daly vznikat krok za krokem nov&eacute; produkty jako jsou de&scaron;\u0165ov&eacute; \u017elaby, odtokov&eacute; trubky a ornamenty. Se zpracov&aacute;n&iacute;m kovov&yacute;ch plech\u016f a v&yacute;robou produkt\u016f paraleln\u011b pokro\u010dil v&yacute;voj n&aacute;stroj\u016f a stroj\u016f. Co se [&hellip;]","og_url":"https:\/\/www.nedzink.com\/cs\/nastroje-a-stroje\/","og_site_name":"NedZink","twitter_card":"summary_large_image","twitter_misc":{"Odhadovan\u00e1 doba \u010dten\u00ed":"1 minuta"},"schema":{"@context":"https:\/\/schema.org","@graph":[{"@type":"WebPage","@id":"https:\/\/www.nedzink.com\/cs\/nastroje-a-stroje\/","url":"https:\/\/www.nedzink.com\/cs\/nastroje-a-stroje\/","name":"N\u00e1stroje a stroje \u2013 NedZink","isPartOf":{"@id":"https:\/\/www.nedzink.com\/cs\/#website"},"datePublished":"2019-06-04T12:54:06+00:00","breadcrumb":{"@id":"https:\/\/www.nedzink.com\/cs\/nastroje-a-stroje\/#breadcrumb"},"inLanguage":"cs","potentialAction":[{"@type":"ReadAction","target":["https:\/\/www.nedzink.com\/cs\/nastroje-a-stroje\/"]}]},{"@type":"BreadcrumbList","@id":"https:\/\/www.nedzink.com\/cs\/nastroje-a-stroje\/#breadcrumb","itemListElement":[{"@type":"ListItem","position":1,"name":"Home","item":"https:\/\/www.nedzink.com\/cs\/"},{"@type":"ListItem","position":2,"name":"N\u00e1stroje a stroje"}]},{"@type":"WebSite","@id":"https:\/\/www.nedzink.com\/cs\/#website","url":"https:\/\/www.nedzink.com\/cs\/","name":"NedZink","description":"Zink fabrikant","publisher":{"@id":"https:\/\/www.nedzink.com\/cs\/#organization"},"potentialAction":[{"@type":"SearchAction","target":{"@type":"EntryPoint","urlTemplate":"https:\/\/www.nedzink.com\/cs\/?s={search_term_string}"},"query-input":{"@type":"PropertyValueSpecification","valueRequired":true,"valueName":"search_term_string"}}],"inLanguage":"cs"},{"@type":"Organization","@id":"https:\/\/www.nedzink.com\/cs\/#organization","name":"NedZink","url":"https:\/\/www.nedzink.com\/cs\/","logo":{"@type":"ImageObject","inLanguage":"cs","@id":"https:\/\/www.nedzink.com\/cs\/#\/schema\/logo\/image\/","url":"https:\/\/www.nedzink.com\/wp-content\/uploads\/2019\/08\/logo-nedzink_fc_zk.jpg","contentUrl":"https:\/\/www.nedzink.com\/wp-content\/uploads\/2019\/08\/logo-nedzink_fc_zk.jpg","width":2160,"height":688,"caption":"NedZink"},"image":{"@id":"https:\/\/www.nedzink.com\/cs\/#\/schema\/logo\/image\/"}}]}},"_links":{"self":[{"href":"https:\/\/www.nedzink.com\/cs\/wp-json\/wp\/v2\/pages\/30667","targetHints":{"allow":["GET"]}}],"collection":[{"href":"https:\/\/www.nedzink.com\/cs\/wp-json\/wp\/v2\/pages"}],"about":[{"href":"https:\/\/www.nedzink.com\/cs\/wp-json\/wp\/v2\/types\/page"}],"author":[{"embeddable":true,"href":"https:\/\/www.nedzink.com\/cs\/wp-json\/wp\/v2\/users\/9"}],"replies":[{"embeddable":true,"href":"https:\/\/www.nedzink.com\/cs\/wp-json\/wp\/v2\/comments?post=30667"}],"version-history":[{"count":0,"href":"https:\/\/www.nedzink.com\/cs\/wp-json\/wp\/v2\/pages\/30667\/revisions"}],"wp:attachment":[{"href":"https:\/\/www.nedzink.com\/cs\/wp-json\/wp\/v2\/media?parent=30667"}],"curies":[{"name":"wp","href":"https:\/\/api.w.org\/{rel}","templated":true}]}}