{"id":30657,"date":"2019-06-04T14:54:04","date_gmt":"2019-06-04T12:54:04","guid":{"rendered":"http:\/\/136.144.181.85\/~nedzink\/technicke-info\/provadeci-a-montazni-smernice\/pajeni\/"},"modified":"2019-06-04T14:54:04","modified_gmt":"2019-06-04T12:54:04","slug":"pajeni","status":"publish","type":"page","link":"https:\/\/www.nedzink.com\/cs\/pajeni\/","title":{"rendered":"P\u00e1jen\u00ed"},"content":{"rendered":"<p>\n\t&nbsp;<\/p>\n<p>\n\tVelk&aacute; v&yacute;hoda TiZn NedZink spo\u010d&iacute;v&aacute; v mo\u017enosti pou\u017e&iacute;t techniku spojov&aacute;n&iacute; &bdquo;p&aacute;jen&iacute;m na m\u011bkko&ldquo;. V oblastech s po\u017eadavkem na trvale pevn&aacute; a vodot\u011bsn&aacute; spojen&iacute; (nap\u0159. \u017elaby) se pracuje pomoc&iacute; p&aacute;je\u010dky na m\u011b\u010f a olovo-zinkov&eacute; p&aacute;jky.<\/p>\n<p>\n\tPostup NedZink p\u0159i p&aacute;jen&iacute; na m\u011bkko je specifikovan&yacute; pro t\u0159i obvykl&eacute; povrchy:<\/p>\n<p style=\"margin-left:18pt;\">\n\t&middot;&nbsp;&nbsp;&nbsp;&nbsp;&nbsp;&nbsp;&nbsp;&nbsp;&nbsp;&nbsp;&nbsp;&nbsp;&nbsp;&nbsp;&nbsp;&nbsp;&nbsp;&nbsp;&nbsp;&nbsp;&nbsp;&nbsp;&nbsp;&nbsp;&nbsp;&nbsp;&nbsp;&nbsp;&nbsp;&nbsp;&nbsp;&nbsp; <strong>NedZink NATUREL<\/strong>&ndash; leskle v&aacute;lcovan&yacute;<\/p>\n<p style=\"margin-left:18pt;\">\n\t&middot;&nbsp;&nbsp;&nbsp;&nbsp;&nbsp;&nbsp;&nbsp;&nbsp;&nbsp;&nbsp;&nbsp;&nbsp;&nbsp;&nbsp;&nbsp;&nbsp;&nbsp;&nbsp;&nbsp;&nbsp;&nbsp;&nbsp;&nbsp;&nbsp;&nbsp;&nbsp;&nbsp;&nbsp;&nbsp;&nbsp;&nbsp;&nbsp; <strong>NedZink NOVA<\/strong>&ndash; p\u0159edpatinovan&yacute;<\/p>\n<p style=\"margin-left:18pt;\">\n\t&middot;&nbsp;&nbsp;&nbsp;&nbsp;&nbsp;&nbsp;&nbsp;&nbsp;&nbsp;&nbsp;&nbsp;&nbsp;&nbsp;&nbsp;&nbsp;&nbsp;&nbsp;&nbsp;&nbsp;&nbsp;&nbsp;&nbsp;&nbsp;&nbsp;&nbsp;&nbsp;&nbsp;&nbsp;&nbsp;&nbsp;&nbsp;&nbsp; <strong>Povrchy NedZink, kter&eacute; jsou vystaven&eacute; pov\u011btrnostn&iacute;m vliv\u016fm <\/strong>&#8211; oprava<\/p>\n<p>\n\t<strong>P&aacute;jka:<\/strong><br \/>\n\tOlovo-zinkov&aacute; p&aacute;jka: S &ndash; Pb60 Sn40 (Sb) podle DIN EN 29453<br \/>\n\tOblast taven&iacute;: 183 &deg;C &#8211; 235 &deg;C<\/p>\n<p>\t<strong>Tavidlo:<br \/>\n\t<\/strong><u>&#8211; Leskle v&aacute;lcovan&yacute;\/oprava:<\/u><br \/>\n\t&nbsp;&nbsp; V&scaron;echna tavidla pro zinek\/jemn&yacute; zinek F-SW 11 podle DIN EN 29454.1 3.2.2 A<br \/>\n\t<u>&#8211; P\u0159edpatinovan&yacute;:<br \/>\n\t<\/u>&nbsp; Felder &bdquo;ZD &ndash; pro&ldquo;, firma Felder \/ Oberhausen; F-SW 11 podle DIN EN 29454.1 2.2.2 A<\/p>\n<p>\t<strong>P\u0159&iacute;prava svar\u016f:<br \/>\n\t<\/strong><u>&#8211; Leskle v&aacute;lcovan&yacute;<\/u>&nbsp;&nbsp;&nbsp;&nbsp;&nbsp;&nbsp;&nbsp;&nbsp;&nbsp;&nbsp;&nbsp;&nbsp;&nbsp;&nbsp;&nbsp;&nbsp;&nbsp;&nbsp;&nbsp;&nbsp;&nbsp;&nbsp;&nbsp;&nbsp;&nbsp;&nbsp;&nbsp;&nbsp;&nbsp;&nbsp;&nbsp;&nbsp;&nbsp;&nbsp;&nbsp;&nbsp;&nbsp;&nbsp;&nbsp;&nbsp;&nbsp;&nbsp;&nbsp;&nbsp;&nbsp;&nbsp;&nbsp; &nbsp;&nbsp;&nbsp;&nbsp;&nbsp;&nbsp;&nbsp;&nbsp;&nbsp;&nbsp;&nbsp;&nbsp;&nbsp;&nbsp;&nbsp;&nbsp;&nbsp;&nbsp;&nbsp;&nbsp;&nbsp;&nbsp;&nbsp;&nbsp;&nbsp;&nbsp;&nbsp;&nbsp;&nbsp;&nbsp;&nbsp;&nbsp;&nbsp;&nbsp;&nbsp;&nbsp;&nbsp;&nbsp;&nbsp;&nbsp;&nbsp;&nbsp;&nbsp;&nbsp;&nbsp;&nbsp;&nbsp;&nbsp;&nbsp;&nbsp;&nbsp;&nbsp;&nbsp;&nbsp;&nbsp;&nbsp;&nbsp;&nbsp;&nbsp;&nbsp;&nbsp;&nbsp;&nbsp;&nbsp;&nbsp;&nbsp;&nbsp;&nbsp;&nbsp;&nbsp;&nbsp;&nbsp;&nbsp;&nbsp;&nbsp;&nbsp;&nbsp;&nbsp;&nbsp;&nbsp;&nbsp;&nbsp;&nbsp;&nbsp;&nbsp;&nbsp;&nbsp;&nbsp;&nbsp;&nbsp;&nbsp;&nbsp;&nbsp;&nbsp;&nbsp;&nbsp;&nbsp;&nbsp;&nbsp;&nbsp;&nbsp;&nbsp;U NedZink NATUREL nen&iacute; pot\u0159eba \u017e&aacute;dn&aacute; speci&aacute;ln&iacute; p\u0159&iacute;prava svar\u016f. Oblast kolem svar\u016f nat\u0159&iacute;t na t\u0159ech stran&aacute;ch p&aacute;jec&iacute; vodou.<br \/>\n\t<u>&#8211; P\u0159edpatinovan&yacute;<\/u>&nbsp;&nbsp;&nbsp;&nbsp;&nbsp;&nbsp;&nbsp;&nbsp;&nbsp;&nbsp;&nbsp;&nbsp;&nbsp;&nbsp;&nbsp;&nbsp; &nbsp;&nbsp;&nbsp;&nbsp;&nbsp;&nbsp;&nbsp;&nbsp;&nbsp;&nbsp;&nbsp;&nbsp;&nbsp;&nbsp;&nbsp;&nbsp;&nbsp;&nbsp;&nbsp;&nbsp;&nbsp;&nbsp;&nbsp;&nbsp;&nbsp;&nbsp;&nbsp;&nbsp;&nbsp;&nbsp;&nbsp;&nbsp;&nbsp;&nbsp;&nbsp;&nbsp;&nbsp;&nbsp;&nbsp;&nbsp;&nbsp;&nbsp;&nbsp;&nbsp;&nbsp;&nbsp;&nbsp;&nbsp;&nbsp;&nbsp;&nbsp;&nbsp;&nbsp;&nbsp;&nbsp;&nbsp;&nbsp;&nbsp;&nbsp;&nbsp;&nbsp;&nbsp;&nbsp;&nbsp;&nbsp;&nbsp;&nbsp;&nbsp;&nbsp;&nbsp;&nbsp;&nbsp;&nbsp;&nbsp;&nbsp;&nbsp;&nbsp;&nbsp;&nbsp;&nbsp;&nbsp;&nbsp;&nbsp;&nbsp;&nbsp;&nbsp;&nbsp;&nbsp;&nbsp;&nbsp;&nbsp;&nbsp;&nbsp;&nbsp;&nbsp;&nbsp;&nbsp;&nbsp;&nbsp;&nbsp;&nbsp;&nbsp;&nbsp;&nbsp;&nbsp;&nbsp;&nbsp;&nbsp;&nbsp;&nbsp;&nbsp;&nbsp;&nbsp;&nbsp;&nbsp;&nbsp;&nbsp;&nbsp;&nbsp;&nbsp;&nbsp;&nbsp;&nbsp;&nbsp;&nbsp;&nbsp;&nbsp;&nbsp;&nbsp;&nbsp;&nbsp;&nbsp;&nbsp;U NedZink NOVA se chemicky odstran&iacute; jak do\u010dasn&aacute; transparentn&iacute; ochrann&aacute; vrstva, tak i p\u0159edpatinov&aacute;n&iacute;:<br \/>\n\tP&aacute;jec&iacute; vodu &quot;ZD-pro&quot; nan&eacute;st na t\u0159ech stran&aacute;ch (rub naho\u0159e \/ l&iacute;c naho\u0159e \/ rub dole). Nechat p\u016fsobit asi 30 vte\u0159in.<br \/>\n\t<u>&#8211; Oprava<\/u>&nbsp;&nbsp;&nbsp;&nbsp;&nbsp;&nbsp;&nbsp;&nbsp;&nbsp;&nbsp;&nbsp;&nbsp;&nbsp;&nbsp;&nbsp;&nbsp;&nbsp;&nbsp;&nbsp;&nbsp;&nbsp;&nbsp;&nbsp;&nbsp;&nbsp;&nbsp;&nbsp;&nbsp;&nbsp;&nbsp;&nbsp;&nbsp;&nbsp;&nbsp;&nbsp;&nbsp;&nbsp;&nbsp;&nbsp;&nbsp;&nbsp;&nbsp;&nbsp;&nbsp;&nbsp;&nbsp;&nbsp;&nbsp;&nbsp;&nbsp;&nbsp;&nbsp;&nbsp;&nbsp;&nbsp;&nbsp;&nbsp;&nbsp;&nbsp;&nbsp;&nbsp;&nbsp;&nbsp;&nbsp;&nbsp;&nbsp;&nbsp;&nbsp;&nbsp;&nbsp;&nbsp;&nbsp;&nbsp;&nbsp;&nbsp;&nbsp;&nbsp;&nbsp;&nbsp;&nbsp;&nbsp;&nbsp;&nbsp;&nbsp;&nbsp;&nbsp;&nbsp;&nbsp;&nbsp;&nbsp;&nbsp;&nbsp;&nbsp;&nbsp;&nbsp;&nbsp;&nbsp;&nbsp;&nbsp;&nbsp;&nbsp;&nbsp;&nbsp;&nbsp;&nbsp;&nbsp;&nbsp;&nbsp;&nbsp;&nbsp;&nbsp;&nbsp;&nbsp;&nbsp;&nbsp;&nbsp;&nbsp;&nbsp;&nbsp;&nbsp;&nbsp;&nbsp;&nbsp;&nbsp;&nbsp;&nbsp;&nbsp;&nbsp;&nbsp;&nbsp;&nbsp;&nbsp;&nbsp;&nbsp;&nbsp;&nbsp;&nbsp;&nbsp;&nbsp;&nbsp;&nbsp;&nbsp;&nbsp;&nbsp;&nbsp;&nbsp;&nbsp;&nbsp;&nbsp;&nbsp;&nbsp;&nbsp;&nbsp;&nbsp; &nbsp;&nbsp;&nbsp;&nbsp;&nbsp;&nbsp;&nbsp;&nbsp;&nbsp;&nbsp;&nbsp;&nbsp;&nbsp;&nbsp;V\u017edy se doporu\u010duje abrazivn\u011b odstranit st&aacute;vaj&iacute;c&iacute; kysli\u010dn&iacute;kov&eacute; vrstvy a vrstvy ne\u010distot, nap\u0159. &scaron;krabkou. Lesklou oblast svaru potom d\u016fkladn\u011b o\u010distit od ne\u010distoty\/prachu. Oblast svaru potom nat\u0159&iacute;t na t\u0159ech stran&aacute;ch p&aacute;jec&iacute; vodou.<\/p>\n<p>\t<strong>&Scaron;&iacute;\u0159ka svaru \/ p\u0159ekryt&iacute;:<\/strong><\/p>\n<p>\n\tVodorovn\u011b: 10 mm<br \/>\n\tSvisle: 5 mm<\/p>\n<p>\t<strong>Sp&aacute;ra p\u0159i p&aacute;jen&iacute;:<\/strong><\/p>\n<p>\n\t&le; 0,5 mm<\/p>\n<p>\t<strong>P&aacute;je\u010dka:<\/strong><\/p>\n<p>\n\tP&aacute;je\u010dka z m\u011bdi<br \/>\n\tHmotnost &ge; 350 g<\/p>\n<p>\t<strong>Postup p\u0159i p&aacute;jen&iacute;:<\/strong><\/p>\n<p>\n\t<u>&#8211; Leskle v&aacute;lcovan&yacute;<\/u>&nbsp;&nbsp;&nbsp;&nbsp;&nbsp;&nbsp;&nbsp;&nbsp;&nbsp;&nbsp;&nbsp;&nbsp;&nbsp;&nbsp;&nbsp;&nbsp;&nbsp;&nbsp;&nbsp;&nbsp;&nbsp;&nbsp;&nbsp;&nbsp;&nbsp;&nbsp;&nbsp;&nbsp;&nbsp;&nbsp;&nbsp;&nbsp;&nbsp;&nbsp;&nbsp;&nbsp;&nbsp;&nbsp;&nbsp;&nbsp;&nbsp;&nbsp;&nbsp;&nbsp;&nbsp;&nbsp;&nbsp;&nbsp;&nbsp;&nbsp;&nbsp;&nbsp;&nbsp;&nbsp;&nbsp;&nbsp;&nbsp;&nbsp;&nbsp;&nbsp;&nbsp;&nbsp;&nbsp;&nbsp;&nbsp;&nbsp;&nbsp;&nbsp;&nbsp;&nbsp;&nbsp;&nbsp;&nbsp;&nbsp;&nbsp;&nbsp;&nbsp;&nbsp;&nbsp;&nbsp;&nbsp;&nbsp;&nbsp;&nbsp;&nbsp;&nbsp;&nbsp;&nbsp;&nbsp;&nbsp;&nbsp;&nbsp;&nbsp;&nbsp;&nbsp;&nbsp;&nbsp;&nbsp;&nbsp;&nbsp;&nbsp;&nbsp;&nbsp; &nbsp;&nbsp;&nbsp;&nbsp;&nbsp;&nbsp;&nbsp;&nbsp;&nbsp;&nbsp;&nbsp;&nbsp;&nbsp;&nbsp;&nbsp;&nbsp;&nbsp;&nbsp;&nbsp;&nbsp;&nbsp;&nbsp;&nbsp;&nbsp;&nbsp;&nbsp;&nbsp;&nbsp;&nbsp;&nbsp;&nbsp;&nbsp;&nbsp;&nbsp;&nbsp;&nbsp;&nbsp;&nbsp;&nbsp;&nbsp;&nbsp;&nbsp;&nbsp;&nbsp;&nbsp;&nbsp;&nbsp;&nbsp;Svar se prop&aacute;j&iacute; v jednom p&aacute;jen&iacute;. &Scaron;&iacute;\u0159ka svaru se &uacute;pln\u011b vypln&iacute;p&aacute;jkou. &bdquo;P\u0159ebytek p&aacute;jky&ldquo; na povrchu svaru nezaji&scaron;\u0165uje dodate\u010dnou pevnost.<br \/>\n\t<u>&#8211; P\u0159edpatinovan&yacute; \/ oprava<\/u><\/p>\n<p>\n\tK v&yacute;&scaron;e uveden&eacute;mu se svar nav&iacute;c opat\u0159&iacute; je&scaron;t\u011b jednou vrstvou p&aacute;jec&iacute; vody. Teplota p&aacute;je\u010dky by m\u011bla b&yacute;t m&iacute;rn\u011b vy&scaron;&scaron;&iacute; ne\u017e teplota pro leskle v&aacute;lcovan&eacute; povrchy.<\/p>\n<p>\t<strong>\u010ci&scaron;t\u011bn&iacute; svaru:<\/strong><\/p>\n<p>\n\tJe nutn&eacute; d&aacute;t pozor na to, aby nebyl opticky zhor&scaron;en vzhled povrch\u016f po&scaron;pin\u011bn&iacute;m resp. stekl&yacute;mi zbytky tavidla. Zbytky p&aacute;jec&iacute; vody resp. tavidla je nutn&eacute; okam\u017eit\u011b po ukon\u010den&iacute; p&aacute;jen&iacute; pe\u010dliv\u011b odstranit vodou a sav&yacute;m had\u0159&iacute;kem.<\/p>\n","protected":false},"excerpt":{"rendered":"<p>&nbsp; Velk&aacute; v&yacute;hoda TiZn NedZink spo\u010d&iacute;v&aacute; v mo\u017enosti pou\u017e&iacute;t techniku spojov&aacute;n&iacute; &bdquo;p&aacute;jen&iacute;m na m\u011bkko&ldquo;. V oblastech s po\u017eadavkem na trvale pevn&aacute; a vodot\u011bsn&aacute; spojen&iacute; (nap\u0159. \u017elaby) se pracuje pomoc&iacute; p&aacute;je\u010dky na m\u011b\u010f a olovo-zinkov&eacute; p&aacute;jky. Postup NedZink p\u0159i p&aacute;jen&iacute; na m\u011bkko je specifikovan&yacute; pro t\u0159i obvykl&eacute; povrchy: &middot;&nbsp;&nbsp;&nbsp;&nbsp;&nbsp;&nbsp;&nbsp;&nbsp;&nbsp;&nbsp;&nbsp;&nbsp;&nbsp;&nbsp;&nbsp;&nbsp;&nbsp;&nbsp;&nbsp;&nbsp;&nbsp;&nbsp;&nbsp;&nbsp;&nbsp;&nbsp;&nbsp;&nbsp;&nbsp;&nbsp;&nbsp;&nbsp; NedZink NATUREL&ndash; leskle v&aacute;lcovan&yacute; &middot;&nbsp;&nbsp;&nbsp;&nbsp;&nbsp;&nbsp;&nbsp;&nbsp;&nbsp;&nbsp;&nbsp;&nbsp;&nbsp;&nbsp;&nbsp;&nbsp;&nbsp;&nbsp;&nbsp;&nbsp;&nbsp;&nbsp;&nbsp;&nbsp;&nbsp;&nbsp;&nbsp;&nbsp;&nbsp;&nbsp;&nbsp;&nbsp; NedZink NOVA&ndash; [&hellip;]<\/p>\n","protected":false},"author":9,"featured_media":0,"parent":0,"menu_order":600,"comment_status":"closed","ping_status":"closed","template":"template-import.php","meta":{"_acf_changed":false,"footnotes":""},"class_list":["post-30657","page","type-page","status-publish","hentry"],"acf":[],"yoast_head":"<!-- This site is optimized with the Yoast SEO plugin v26.8 - https:\/\/yoast.com\/product\/yoast-seo-wordpress\/ -->\n<title>P\u00e1jen\u00ed \u2013 NedZink<\/title>\n<meta name=\"robots\" content=\"index, follow, max-snippet:-1, max-image-preview:large, max-video-preview:-1\" \/>\n<link rel=\"canonical\" href=\"https:\/\/www.nedzink.com\/cs\/pajeni\/\" \/>\n<meta property=\"og:locale\" content=\"cs_CZ\" \/>\n<meta property=\"og:type\" content=\"article\" \/>\n<meta property=\"og:title\" content=\"P\u00e1jen\u00ed \u2013 NedZink\" \/>\n<meta property=\"og:description\" content=\"&nbsp; Velk&aacute; v&yacute;hoda TiZn NedZink spo\u010d&iacute;v&aacute; v mo\u017enosti pou\u017e&iacute;t techniku spojov&aacute;n&iacute; &bdquo;p&aacute;jen&iacute;m na m\u011bkko&ldquo;. V oblastech s po\u017eadavkem na trvale pevn&aacute; a vodot\u011bsn&aacute; spojen&iacute; (nap\u0159. \u017elaby) se pracuje pomoc&iacute; p&aacute;je\u010dky na m\u011b\u010f a olovo-zinkov&eacute; p&aacute;jky. Postup NedZink p\u0159i p&aacute;jen&iacute; na m\u011bkko je specifikovan&yacute; pro t\u0159i obvykl&eacute; povrchy: &middot;&nbsp;&nbsp;&nbsp;&nbsp;&nbsp;&nbsp;&nbsp;&nbsp;&nbsp;&nbsp;&nbsp;&nbsp;&nbsp;&nbsp;&nbsp;&nbsp;&nbsp;&nbsp;&nbsp;&nbsp;&nbsp;&nbsp;&nbsp;&nbsp;&nbsp;&nbsp;&nbsp;&nbsp;&nbsp;&nbsp;&nbsp;&nbsp; NedZink NATUREL&ndash; leskle v&aacute;lcovan&yacute; &middot;&nbsp;&nbsp;&nbsp;&nbsp;&nbsp;&nbsp;&nbsp;&nbsp;&nbsp;&nbsp;&nbsp;&nbsp;&nbsp;&nbsp;&nbsp;&nbsp;&nbsp;&nbsp;&nbsp;&nbsp;&nbsp;&nbsp;&nbsp;&nbsp;&nbsp;&nbsp;&nbsp;&nbsp;&nbsp;&nbsp;&nbsp;&nbsp; NedZink NOVA&ndash; [&hellip;]\" \/>\n<meta property=\"og:url\" content=\"https:\/\/www.nedzink.com\/cs\/pajeni\/\" \/>\n<meta property=\"og:site_name\" content=\"NedZink\" \/>\n<meta name=\"twitter:card\" content=\"summary_large_image\" \/>\n<meta name=\"twitter:label1\" content=\"Odhadovan\u00e1 doba \u010dten\u00ed\" \/>\n\t<meta name=\"twitter:data1\" content=\"6 minut\" \/>\n<script type=\"application\/ld+json\" class=\"yoast-schema-graph\">{\"@context\":\"https:\/\/schema.org\",\"@graph\":[{\"@type\":\"WebPage\",\"@id\":\"https:\/\/www.nedzink.com\/cs\/pajeni\/\",\"url\":\"https:\/\/www.nedzink.com\/cs\/pajeni\/\",\"name\":\"P\u00e1jen\u00ed \u2013 NedZink\",\"isPartOf\":{\"@id\":\"https:\/\/www.nedzink.com\/cs\/#website\"},\"datePublished\":\"2019-06-04T12:54:04+00:00\",\"breadcrumb\":{\"@id\":\"https:\/\/www.nedzink.com\/cs\/pajeni\/#breadcrumb\"},\"inLanguage\":\"cs\",\"potentialAction\":[{\"@type\":\"ReadAction\",\"target\":[\"https:\/\/www.nedzink.com\/cs\/pajeni\/\"]}]},{\"@type\":\"BreadcrumbList\",\"@id\":\"https:\/\/www.nedzink.com\/cs\/pajeni\/#breadcrumb\",\"itemListElement\":[{\"@type\":\"ListItem\",\"position\":1,\"name\":\"Home\",\"item\":\"https:\/\/www.nedzink.com\/cs\/\"},{\"@type\":\"ListItem\",\"position\":2,\"name\":\"P\u00e1jen\u00ed\"}]},{\"@type\":\"WebSite\",\"@id\":\"https:\/\/www.nedzink.com\/cs\/#website\",\"url\":\"https:\/\/www.nedzink.com\/cs\/\",\"name\":\"NedZink\",\"description\":\"Zink fabrikant\",\"publisher\":{\"@id\":\"https:\/\/www.nedzink.com\/cs\/#organization\"},\"potentialAction\":[{\"@type\":\"SearchAction\",\"target\":{\"@type\":\"EntryPoint\",\"urlTemplate\":\"https:\/\/www.nedzink.com\/cs\/?s={search_term_string}\"},\"query-input\":{\"@type\":\"PropertyValueSpecification\",\"valueRequired\":true,\"valueName\":\"search_term_string\"}}],\"inLanguage\":\"cs\"},{\"@type\":\"Organization\",\"@id\":\"https:\/\/www.nedzink.com\/cs\/#organization\",\"name\":\"NedZink\",\"url\":\"https:\/\/www.nedzink.com\/cs\/\",\"logo\":{\"@type\":\"ImageObject\",\"inLanguage\":\"cs\",\"@id\":\"https:\/\/www.nedzink.com\/cs\/#\/schema\/logo\/image\/\",\"url\":\"https:\/\/www.nedzink.com\/wp-content\/uploads\/2019\/08\/logo-nedzink_fc_zk.jpg\",\"contentUrl\":\"https:\/\/www.nedzink.com\/wp-content\/uploads\/2019\/08\/logo-nedzink_fc_zk.jpg\",\"width\":2160,\"height\":688,\"caption\":\"NedZink\"},\"image\":{\"@id\":\"https:\/\/www.nedzink.com\/cs\/#\/schema\/logo\/image\/\"}}]}<\/script>\n<!-- \/ Yoast SEO plugin. -->","yoast_head_json":{"title":"P\u00e1jen\u00ed \u2013 NedZink","robots":{"index":"index","follow":"follow","max-snippet":"max-snippet:-1","max-image-preview":"max-image-preview:large","max-video-preview":"max-video-preview:-1"},"canonical":"https:\/\/www.nedzink.com\/cs\/pajeni\/","og_locale":"cs_CZ","og_type":"article","og_title":"P\u00e1jen\u00ed \u2013 NedZink","og_description":"&nbsp; Velk&aacute; v&yacute;hoda TiZn NedZink spo\u010d&iacute;v&aacute; v mo\u017enosti pou\u017e&iacute;t techniku spojov&aacute;n&iacute; &bdquo;p&aacute;jen&iacute;m na m\u011bkko&ldquo;. V oblastech s po\u017eadavkem na trvale pevn&aacute; a vodot\u011bsn&aacute; spojen&iacute; (nap\u0159. \u017elaby) se pracuje pomoc&iacute; p&aacute;je\u010dky na m\u011b\u010f a olovo-zinkov&eacute; p&aacute;jky. Postup NedZink p\u0159i p&aacute;jen&iacute; na m\u011bkko je specifikovan&yacute; pro t\u0159i obvykl&eacute; povrchy: &middot;&nbsp;&nbsp;&nbsp;&nbsp;&nbsp;&nbsp;&nbsp;&nbsp;&nbsp;&nbsp;&nbsp;&nbsp;&nbsp;&nbsp;&nbsp;&nbsp;&nbsp;&nbsp;&nbsp;&nbsp;&nbsp;&nbsp;&nbsp;&nbsp;&nbsp;&nbsp;&nbsp;&nbsp;&nbsp;&nbsp;&nbsp;&nbsp; NedZink NATUREL&ndash; leskle v&aacute;lcovan&yacute; &middot;&nbsp;&nbsp;&nbsp;&nbsp;&nbsp;&nbsp;&nbsp;&nbsp;&nbsp;&nbsp;&nbsp;&nbsp;&nbsp;&nbsp;&nbsp;&nbsp;&nbsp;&nbsp;&nbsp;&nbsp;&nbsp;&nbsp;&nbsp;&nbsp;&nbsp;&nbsp;&nbsp;&nbsp;&nbsp;&nbsp;&nbsp;&nbsp; NedZink NOVA&ndash; [&hellip;]","og_url":"https:\/\/www.nedzink.com\/cs\/pajeni\/","og_site_name":"NedZink","twitter_card":"summary_large_image","twitter_misc":{"Odhadovan\u00e1 doba \u010dten\u00ed":"6 minut"},"schema":{"@context":"https:\/\/schema.org","@graph":[{"@type":"WebPage","@id":"https:\/\/www.nedzink.com\/cs\/pajeni\/","url":"https:\/\/www.nedzink.com\/cs\/pajeni\/","name":"P\u00e1jen\u00ed \u2013 NedZink","isPartOf":{"@id":"https:\/\/www.nedzink.com\/cs\/#website"},"datePublished":"2019-06-04T12:54:04+00:00","breadcrumb":{"@id":"https:\/\/www.nedzink.com\/cs\/pajeni\/#breadcrumb"},"inLanguage":"cs","potentialAction":[{"@type":"ReadAction","target":["https:\/\/www.nedzink.com\/cs\/pajeni\/"]}]},{"@type":"BreadcrumbList","@id":"https:\/\/www.nedzink.com\/cs\/pajeni\/#breadcrumb","itemListElement":[{"@type":"ListItem","position":1,"name":"Home","item":"https:\/\/www.nedzink.com\/cs\/"},{"@type":"ListItem","position":2,"name":"P\u00e1jen\u00ed"}]},{"@type":"WebSite","@id":"https:\/\/www.nedzink.com\/cs\/#website","url":"https:\/\/www.nedzink.com\/cs\/","name":"NedZink","description":"Zink fabrikant","publisher":{"@id":"https:\/\/www.nedzink.com\/cs\/#organization"},"potentialAction":[{"@type":"SearchAction","target":{"@type":"EntryPoint","urlTemplate":"https:\/\/www.nedzink.com\/cs\/?s={search_term_string}"},"query-input":{"@type":"PropertyValueSpecification","valueRequired":true,"valueName":"search_term_string"}}],"inLanguage":"cs"},{"@type":"Organization","@id":"https:\/\/www.nedzink.com\/cs\/#organization","name":"NedZink","url":"https:\/\/www.nedzink.com\/cs\/","logo":{"@type":"ImageObject","inLanguage":"cs","@id":"https:\/\/www.nedzink.com\/cs\/#\/schema\/logo\/image\/","url":"https:\/\/www.nedzink.com\/wp-content\/uploads\/2019\/08\/logo-nedzink_fc_zk.jpg","contentUrl":"https:\/\/www.nedzink.com\/wp-content\/uploads\/2019\/08\/logo-nedzink_fc_zk.jpg","width":2160,"height":688,"caption":"NedZink"},"image":{"@id":"https:\/\/www.nedzink.com\/cs\/#\/schema\/logo\/image\/"}}]}},"_links":{"self":[{"href":"https:\/\/www.nedzink.com\/cs\/wp-json\/wp\/v2\/pages\/30657","targetHints":{"allow":["GET"]}}],"collection":[{"href":"https:\/\/www.nedzink.com\/cs\/wp-json\/wp\/v2\/pages"}],"about":[{"href":"https:\/\/www.nedzink.com\/cs\/wp-json\/wp\/v2\/types\/page"}],"author":[{"embeddable":true,"href":"https:\/\/www.nedzink.com\/cs\/wp-json\/wp\/v2\/users\/9"}],"replies":[{"embeddable":true,"href":"https:\/\/www.nedzink.com\/cs\/wp-json\/wp\/v2\/comments?post=30657"}],"version-history":[{"count":0,"href":"https:\/\/www.nedzink.com\/cs\/wp-json\/wp\/v2\/pages\/30657\/revisions"}],"wp:attachment":[{"href":"https:\/\/www.nedzink.com\/cs\/wp-json\/wp\/v2\/media?parent=30657"}],"curies":[{"name":"wp","href":"https:\/\/api.w.org\/{rel}","templated":true}]}}