{"id":30627,"date":"2019-06-04T14:53:56","date_gmt":"2019-06-04T12:53:56","guid":{"rendered":"http:\/\/136.144.181.85\/~nedzink\/technicke-info\/provadeci-a-montazni-smernice\/provadeci-smernice\/nedzink-nuance\/"},"modified":"2022-02-22T11:21:53","modified_gmt":"2022-02-22T10:21:53","slug":"nedzink-nuance","status":"publish","type":"page","link":"https:\/\/www.nedzink.com\/cs\/nedzink-nuance\/","title":{"rendered":"NedZink NUANCE"},"content":{"rendered":"<p><strong>V\u00a0p\u0159\u00edpad\u011b materi\u00e1lu NedZink NUANCE jsou krom\u011b hlavn\u00edch mont\u00e1\u017en\u00edch pravidel shodn\u00fdch s\u00a0materi\u00e1ly NedZink NATUREL, NOVA a NOIR uplat\u0148ov\u00e1na tak\u00e9 dal\u0161\u00ed technick\u00e1 pravidla.<\/strong><\/p>\n<h3>Povrch<\/h3>\n<p>Mechanick\u00e9 a materi\u00e1lov\u00e9 vlastnosti jsou 100% identick\u00e9 s\u00a0dob\u0159e zn\u00e1m\u00fdmi produkty NedZink NATUREL, NedZink NOVA a NedZink NOIR.<\/p>\n<p>Materi\u00e1l NedZink NUANCE je p\u0159edzv\u011btral\u00fd titanzinek s\u00a0pou\u017eit\u00edm pigment\u016f. Konkr\u00e9tn\u011b to vedlo k\u00a0v\u00fdb\u011bru pigment\u016f pro p\u0159edzv\u011btral\u00fd zinek v\u00a0odst\u00ednech modr\u00e9, \u010derven\u00e9 a zelen\u00e9 barvy. P\u0159irozen\u00e9 vlastnosti titanzinku jsou pln\u011b zachov\u00e1ny.<\/p>\n<p>NedZink NUANCE je produkt se sv\u00fdmi\u00a0p\u0159irozen\u00fdmi vlastnostmi, co\u017e znamen\u00e1, \u017ee se na jeho povrchu mohou objevit drobn\u00e9 barevn\u00e9 odli\u0161nosti. Samoz\u0159ejm\u011b, \u017ee jednotn\u00fd v\u00fdrobn\u00ed proces vede k\u00a0extr\u00e9mn\u011b p\u0159esn\u00fdm odst\u00edn\u016fm, ale v\u017edycky je tady mo\u017enost ur\u010dit\u00fdch barevn\u00fdch variac\u00ed (souvisej\u00edc\u00ed s\u00a0danou v\u00fdrobn\u00ed \u0161ar\u017e\u00ed). Proto, aby se p\u0159ede\u0161lo v\u00fdskytu odli\u0161nost\u00ed, se doporu\u010duje pou\u017e\u00edt p\u0159i ka\u017ed\u00e9m projektu materi\u00e1l ze stejn\u00e9 v\u00fdrobn\u00ed \u0161ar\u017ee. V\u00fdrobn\u00ed \u010d\u00edslo najdete v\u017edy na zadn\u00ed stran\u011b materi\u00e1lu.<\/p>\n<p>Mont\u00e1\u017e materi\u00e1lu NedZink NUANCE je t\u0159eba v\u017edy prov\u00e1d\u011bt ve stejn\u00e9m sm\u011bru pokl\u00e1dky, aby se p\u0159ede\u0161lo barevn\u00fdm odli\u0161nostem. Spr\u00e1vn\u00fd sm\u011br je ozna\u010den \u0161ipkami na zadn\u00ed stran\u011b materi\u00e1lu. Sm\u011br pokl\u00e1dky se mus\u00ed v\u017edy zkontrolovat je\u0161t\u011b p\u0159edt\u00edm, ne\u017e se za\u010dne mont\u00e1\u017e materi\u00e1lu.<\/p>\n<p>Po mnoha letech postupn\u011b dojde k\u00a0vymizen\u00ed pigment\u016f NedZink NUANCE a na povrchu se objev\u00ed odst\u00edn p\u0159edzv\u011btral\u00e9ho titanzinku NedZink NOVA. Odolnost pigment\u016f je siln\u011b z\u00e1visl\u00e1 na faktorech okoln\u00edho prost\u0159ed\u00ed, jako jsou um\u00edst\u011bn\u00ed budovy, teplota, vystaven\u00ed UV z\u00e1\u0159en\u00ed a kvalita ovzdu\u0161\u00ed. Po\u0161kozen\u00ed, perforace a nep\u0159\u00edzniv\u00e9 faktory \u017eivotn\u00edho prost\u0159ed\u00ed mohou v\u00fdrazn\u011b zkr\u00e1tit \u017eivotnost pigment\u016f.<\/p>\n<h3>Mont\u00e1\u017e<\/h3>\n<p>Tvarov\u00e1n\u00ed a profilov\u00e1n\u00ed materi\u00e1lu mus\u00ed b\u00fdt prov\u00e1d\u011bno s minim\u00e1ln\u00edm polom\u011brem ohybu 2 mm (vnit\u0159n\u00ed polom\u011br) p\u0159i tlou\u0161\u0165ce materi\u00e1lu 0,70 mm. Je t\u0159eba p\u0159edch\u00e1zet tomu, aby b\u011bhem mont\u00e1\u017ee do\u0161lo k po\u0161kozen\u00ed povrchu, nap\u0159\u00edklad v podob\u011b hlubok\u00fdch \u0161kr\u00e1banc\u016f. Proto je nutn\u00e9 p\u0159ed mont\u00e1\u017e\u00ed v\u017edy o\u010distit n\u00e1\u0159ad\u00ed a n\u00e1stroje, stejn\u011b jako eliminovat dal\u0161\u00ed rizika po\u0161kozen\u00ed materi\u00e1lu, a to zvl\u00e1\u0161t\u011b od jak\u00fdchkoli ostr\u00fdch hran.<\/p>\n<h3>P\u00e1jen\u00ed<\/h3>\n<p>Aby bylo mo\u017en\u00e9 titanzinek NedZink NUANCE spr\u00e1vn\u011b p\u00e1jet, je nutn\u00e9 p\u00e1jen\u00fd povrch v\u00a0m\u00edst\u011b spoj\u016f nejprve zbavit pigmentu a kryc\u00ed vrstvy patiny, a to a\u017e na z\u00e1kladn\u00ed povrch z\u00a0materi\u00e1lu NedZink NATUREL. Povrchov\u00e1 vrstva slo\u017een\u00e1 z\u00a0barevn\u00e9ho pigmentu a patiny mus\u00ed b\u00fdt odstran\u011bna a\u017e do momentu, kdy se objev\u00ed u\u017e jen pouze leskl\u00fd z\u00e1kladn\u00ed povrch, kter\u00fd je p\u0159ipraven k\u00a0p\u00e1jen\u00ed dle pravidel pro leskl\u00fd titanzinek.<\/p>\n<h3>Ochrann\u00e1 f\u00f3lie<\/h3>\n<p>Na po\u017e\u00e1d\u00e1n\u00ed z\u00e1kazn\u00edka m\u016f\u017ee b\u00fdt materi\u00e1l NedZink NUANCE dod\u00e1n s do\u010dasnou ochrannou f\u00f3li\u00ed, kter\u00e1 sni\u017euje riziko po\u0161kozen\u00ed b\u011bhem p\u0159epravy a mont\u00e1\u017ee. Je t\u0159eba dodat, \u017ee f\u00f3lie nen\u00ed trvale odoln\u00e1 v\u016f\u010di UV z\u00e1\u0159en\u00ed a je nutn\u00e9 ji pou\u017e\u00edvat skute\u010dn\u011b pouze jako do\u010dasnou ochranu povrchu. Proto by m\u011bla b\u00fdt odstran\u011bna ihned po dokon\u010den\u00ed mont\u00e1\u017ee. Teplota venkovn\u00edho vzduchu p\u0159itom ov\u0161em mus\u00ed b\u00fdt minim\u00e1ln\u011b 7 \u00b0C. F\u00f3lie by tak\u00e9 nem\u011bla z\u016fstat v m\u00edstech spoj\u016f, zvl\u00e1\u0161t\u011b pak ve falc\u00edch. Krom\u011b toho je t\u0159eba d\u00e1vat pozor tak\u00e9 na to, aby se mezi f\u00f3lii a titanzinek nedost\u00e1vala vlhkost. Upozor\u0148ujeme, \u017ee pokud je s materi\u00e1lem NedZink NUANCE manipulov\u00e1no bez pou\u017eit\u00ed ochrann\u00e9 f\u00f3lie, zv\u011bt\u0161uje se t\u00edm riziko po\u0161kr\u00e1b\u00e1n\u00ed jeho povrchu.<\/p>\n<p><strong>Pro materi\u00e1l NedZink NUANCE jsou tak\u00e9 pou\u017eiteln\u00e1 standardn\u00ed mont\u00e1\u017en\u00ed pravidla produktov\u00fdch \u0159ad NedZink NATUREL, NOVA a NOIR.<\/strong><\/p>\n<h2>Charakteristika materi\u00e1lu<\/h2>\n<p>NedZink NATUREL je p\u0159\u00edrodn\u00ed titanzinek vyr\u00e1b\u011bn\u00fd podle normy EN 988 a certifikace spole\u010dnosti LRQA. NedZink NATUREL m\u00e1 hladk\u00fd v\u00e1lcovan\u00fd povrch. Materi\u00e1ly NedZink NOVA a NedZink NOIR jsou naproti tomu p\u0159edzv\u011btral\u00e9 typy titanzinku, kter\u00e9 proch\u00e1zej\u00ed ji\u017e ve v\u00fdrob\u011b \u00fapravou povrchu. Z\u00e1kladn\u00ed materi\u00e1lem pro jejich v\u00fdrobu je ov\u0161em st\u00e1le p\u0159\u00edrodn\u00ed titanzinek NedZink. Chemickou \u00fapravou dojde k prom\u011bn\u011b jeho vzhledu sm\u011brem k p\u0159irozen\u00e9 patin\u011b. V\u0161echny vlastnosti titanzinku p\u0159itom pochopiteln\u011b z\u016fst\u00e1vaj\u00ed zachov\u00e1ny.<\/p>\n<p>Ka\u017ed\u00fd v\u00e1lcovan\u00fd materi\u00e1l, titanzinek NedZink nevyj\u00edmaje, do ur\u010dit\u00e9 m\u00edry vykazuje plo\u0161nou rozta\u017enost. Je to jeden z d\u016fsledk\u016f v\u00fdrobn\u00edho procesu. D\u00edky modern\u00edm technologi\u00edm je ov\u0161em tento faktor redukov\u00e1n na minimum. Nicm\u00e9n\u011b, v men\u0161\u00ed m\u00ed\u0159e se m\u016f\u017ee projevit, a to hlavn\u011b tam, kde nejsou se zpracov\u00e1n\u00edm titanzinku NedZink pot\u0159ebn\u00e9 zku\u0161enosti.<\/p>\n<h2>Povrchov\u00e1 ochrana<\/h2>\n<p>Jak ji\u017e bylo \u0159e\u010deno, NedZink NATUREL m\u00e1 leskl\u00fd v\u00e1lcovan\u00fd povrch. Jeho vystaven\u00ed vliv\u016fm klimatick\u00fdch podm\u00ednek, zejm\u00e9na pak vzdu\u0161n\u00e9 vlhkosti, vede k vytvo\u0159en\u00ed ochrann\u00e9 vrstvy, kter\u00e1 se naz\u00fdv\u00e1 patina. Tento proces za\u010d\u00edn\u00e1 okam\u017eit\u011b po mont\u00e1\u017ei materi\u00e1lu a pokra\u010duje do t\u00e9 doby, dokud nen\u00ed povrch jednolit\u011b pokryt vrstvou patiny. V za\u010d\u00e1tc\u00edch tvorby patiny se mohou na povrchu objevit barevn\u011b odli\u0161n\u00e1 m\u00edsta. Dal\u0161\u00edmi faktory, kter\u00e9 hraj\u00ed roli v tomto patinov\u00e9m procesu, jsou: geometrie budovy, klimatick\u00e9 podm\u00ednky b\u011bhem mont\u00e1\u017ee a skladov\u00e1n\u00ed titanu zinku p\u0159ed mont\u00e1\u017e\u00ed.<\/p>\n<p>NedZink NOVA a NedZink NOIR jsou p\u0159\u00edrodn\u00ed materi\u00e1ly, u kter\u00fdch se drobn\u00e9 odli\u0161nosti v odst\u00ednech tak\u00e9 mohou objevit. Jednotn\u00fd v\u00fdrobn\u00ed proces sice vede k dosa\u017een\u00ed extr\u00e9mn\u011b p\u0159esn\u00fdch barevn\u00fdch odst\u00edn\u016f, av\u0161ak v\u017edy existuje mo\u017enost drobn\u00fdch rozd\u00edl\u016f. Ty souvisej\u00ed s pou\u017eit\u00edm materi\u00e1l\u016f poch\u00e1zej\u00edc\u00edch z n\u011bkolika v\u00fdrobn\u00edch \u0161ar\u017e\u00ed. Proto je t\u0159eba na stavb\u011b pou\u017e\u00edvat krytiny s toto\u017en\u00fdm \u010d\u00edslem v\u00fdrobn\u00ed \u0161ar\u017ee. Toto \u010d\u00edslo je v\u017edy vyti\u0161t\u011bno na zadn\u00ed stran\u011b materi\u00e1lu.<\/p>\n<p>P\u0159i mont\u00e1\u017ei materi\u00e1l\u016f NedZink NOVA a NedZink NOIR je t\u0159eba v\u017edy respektovat sm\u011br pokl\u00e1dky. T\u00edm se tak\u00e9 p\u0159edejde p\u0159\u00edpadn\u00fdm barevn\u00fdm odli\u0161nostem. Sm\u011br pokl\u00e1dky je nazna\u010den \u0161ipkami na zadn\u00ed stran\u011b materi\u00e1lu. P\u0159ed za\u010d\u00e1tkem mont\u00e1\u017ee je nutn\u00e9 toto zkontrolovat.<\/p>\n<h2>P\u016fsoben\u00ed soli<\/h2>\n<p>V p\u0159\u00edmo\u0159sk\u00fdch oblastech m\u016f\u017ee p\u016fsoben\u00edm soli obsa\u017een\u00e9 ve vzduchu a vod\u011b doch\u00e1zet na titanzinkov\u00e9m povrchu, kter\u00fd nen\u00ed om\u00fdv\u00e1n de\u0161\u0165ovou vodou, k tvorb\u011b b\u00edl\u00fdch skvrn. Tyto skvrny ov\u0161em nemaj\u00ed \u017e\u00e1dn\u00fd dopad na vlastnosti a funk\u010dnost titanzinku a nezp\u016fsobuj\u00ed jeho korozi. Kv\u016fli tomu, \u017ee n\u011bkter\u00e9 plochy nejsou om\u00fdv\u00e1ny de\u0161t\u011bm, je ov\u0161em t\u0159eba po\u010d\u00edtat s jejich pravideln\u00fdm \u010di\u0161t\u011bn\u00edm (teplou) vodou. Spole\u010dnost NedZink upozor\u0148uje, \u017ee nen\u00ed odpov\u011bdna za vznik soln\u00fdch efekt\u016f na povrchu krytin z titanzinku.<\/p>\n<h2>Ochrana proti otisk\u016fm prst\u016f<\/h2>\n<p>Speci\u00e1ln\u00ed n\u00e1t\u011br ur\u010den\u00fd pro ochranu p\u0159ed otisky prst\u016f (anglicky Anti-Fingerprint \u010di zkr\u00e1cen\u011b AFP) je na povrchu titanzinku proto, aby materi\u00e1l netrp\u011bl b\u011bhem mont\u00e1\u017ee ani v pr\u016fb\u011bhu strojn\u00edho zpracov\u00e1n\u00ed. Tento n\u00e1t\u011br d\u00e1v\u00e1 povrchu titanzinku m\u00edrn\u011b leskl\u00fd vzhled, kter\u00fd \u010dasem zmiz\u00ed.<\/p>\n<h2>Ochrann\u00e1 f\u00f3lie<\/h2>\n<p><span lang=\"EN-GB\" style=\"line-height: 115%; font-family: 'Arial','sans-serif'; font-size: 10pt; -ms-layout-grid-mode: line; mso-fareast-font-family: 'MS Mincho'; mso-bidi-font-family: 'Times New Roman'; mso-ansi-language: EN-GB; mso-fareast-language: ZH-CN; mso-bidi-language: AR-SA; mso-bidi-font-size: 12.0pt;\">Na po\u017e\u00e1d\u00e1n\u00ed z\u00e1kazn\u00edka m\u016f\u017ee b\u00fdt materi\u00e1l NedZink NOVA dod\u00e1n s do\u010dasnou ochrannou f\u00f3li\u00ed, kter\u00e1 sni\u017euje riziko po\u0161kozen\u00ed b\u011bhem p\u0159epravy a mont\u00e1\u017ee. Materi\u00e1l NedZink NOIR je touto f\u00f3li\u00ed opat\u0159en standardn\u011b. Je t\u0159eba dodat, \u017ee f\u00f3lie nen\u00ed trvale odoln\u00e1 v\u016f\u010di UV z\u00e1\u0159en\u00ed a je nutn\u00e9 ji pou\u017e\u00edvat skute\u010dn\u011b pouze jako do\u010dasnou ochranu povrchu. Proto by m\u011bla b\u00fdt odstran\u011bna ihned po dokon\u010den\u00ed mont\u00e1\u017ee. Teplota venkovn\u00edho vzduchu p\u0159itom ov\u0161em mus\u00ed b\u00fdt minim\u00e1ln\u011b 7 \u00b0C. F\u00f3lie by tak\u00e9 nem\u011bla z\u016fstat v m\u00edstech spoj\u016f, zvl\u00e1\u0161t\u011b pak ve falc\u00edch. Krom\u011b toho je t\u0159eba d\u00e1vat pozor tak\u00e9 na to, aby se mezi f\u00f3lii a titanzinek nedost\u00e1vala vlhkost. Upozor\u0148ujeme, \u017ee pokud je s materi\u00e1lem NedZink NOVA nebo NedZink NOIR manipulov\u00e1no bez pou\u017eit\u00ed ochrann\u00e9 f\u00f3lie, zv\u011bt\u0161uje se t\u00edm riziko po\u0161kr\u00e1b\u00e1n\u00ed jeho povrchu.<\/span><span style=\"display: none;\">\u00a0<\/span><\/p>\n<h2>Mont\u00e1\u017e<\/h2>\n<p>Titanzinek spole\u010dnosti NedZink m\u016f\u017ee b\u00fdt pou\u017eit ve v\u011btran\u00fdch i nev\u011btran\u00fdch konstrukc\u00edch. Ve v\u0161ech p\u0159\u00edpadech je v\u0161ak nutn\u00e9 se \u0159\u00eddit doporu\u010den\u00edmi poch\u00e1zej\u00edc\u00edmi z\u00a0webov\u00fdch str\u00e1nek www.nedzink.com nebo z technick\u00fdch bro\u017eur spole\u010dnosti NedZink.<\/p>\n<p>Zinek je kov, kter\u00fd se rozp\u00edn\u00e1 a smr\u0161\u0165uje v z\u00e1vislosti na zm\u011bn\u00e1ch teplot. Vzhledem k tomuto procesu, naz\u00fdvan\u00e9mu takt\u00e9\u017e dilatace materi\u00e1lu, je nutn\u00e9 materi\u00e1l p\u0159i mont\u00e1\u017ei spr\u00e1vn\u011b dimenzovat, tvarovat i spojovat.<\/p>\n<h2>Sn\u00e1\u0161enlivost titanzinku s jin\u00fdmi materi\u00e1ly<\/h2>\n<ul>\n<li>Kv\u016fli rozd\u00edl\u016fm v elektrolytick\u00e9m potenci\u00e1lu nem\u016f\u017ee b\u00fdt titanzinek pou\u017e\u00edv\u00e1n v kombinaci s t\u011bmito kovy: m\u011b\u010f \u2013 olovo \u2013 \u017eelezo \u2013 zlato \u2013 platina \u2013 st\u0159\u00edbro \u2013 nikl \u2013 kobalt \u2013 kadmium \u2013 chrom \u2013 c\u00edn \u2013 paladium \u2013 rtu\u0165<\/li>\n<li>Vylou\u010den je tak\u00e9 kontakt s\u00a0\u010derstv\u00fdm betonem a materi\u00e1ly obsahuj\u00edc\u00edmi cement, ale tak\u00e9 s v\u00e1pnem, asfaltem a maltou.<\/li>\n<li>Titanzinek nem\u016f\u017ee b\u00fdt pou\u017eit tak\u00e9 tam, kde je pro konstrukci st\u0159ech pou\u017eito d\u0159evo z tzv. \u010derven\u00e9ho cedru. Chcete-li si ov\u011b\u0159it mo\u017enou kombinaci s jin\u00fdmi druhy d\u0159eva, obra\u0165te se na webov\u00e9 str\u00e1nky www.nedzink.com nebo vyhledejte informace v technick\u00fdch bro\u017eur\u00e1ch spole\u010dnosti NedZink.<\/li>\n<li>D\u00e1le se nedoporu\u010duje kombinovat zinek s n\u00e1sleduj\u00edc\u00edmi typy lepidel: na b\u00e1zi silikon\u016f a epoxid\u016f, na b\u00e1zi formaldehyd\u016f a melaminu.<\/li>\n<\/ul>\n<h2>P\u00e1jen\u00ed<\/h2>\n<p>Hlavn\u00ed v\u00fdhodou titanzinku NedZink je mo\u017enost vytv\u00e1\u0159et p\u00e1jen\u00e9 spoje. Zvl\u00e1\u0161t\u011b pak v m\u00edstech, kde jsou vy\u017eadov\u00e1ny pevn\u00e9 a vodot\u011bsn\u00e9 spoje, nap\u0159\u00edklad u okap\u016f. V takov\u00e9m p\u0159\u00edpad\u011b se p\u00e1jen\u00ed m\u016f\u017ee prov\u00e1d\u011bt pomoc\u00ed olova \u010di c\u00ednu a p\u0159\u00edslu\u0161n\u00e9 p\u00e1jec\u00ed pasty.<\/p>\n<p>Materi\u00e1ly NedZink NOVA a NedZink NOIR se mohou p\u00e1jet stejn\u00fdm zp\u016fsobem jako p\u0159\u00edrodn\u00ed zinek, ale je nutn\u00e9 postupovat s velkou opatrnost\u00ed. K tomu, aby se dos\u00e1hlo dobr\u00e9ho p\u00e1jen\u00e9ho spoje, mus\u00ed b\u00fdt nejprve p\u0159edzv\u011btral\u00fd povrch t\u011bchto materi\u00e1l\u016f zbaven vrstvy patiny. A to nap\u0159\u00edklad obrou\u0161en\u00edm nebo odstran\u011bn\u00edm patiny pomoc\u00ed p\u00e1jec\u00ed pasty, povrch je pak nutn\u00e9 hned po n\u011bkolika vte\u0159in\u00e1ch ot\u0159\u00edt such\u00fdm hadrem. Na trhu je \u0159ada v\u00fdrobc\u016f p\u00e1jec\u00edch syst\u00e9m\u016f vhodn\u00fdch pro titanzinek, se kter\u00fdmi lze dos\u00e1hnout dobr\u00fdch v\u00fdsledk\u016f. Pokud si \u017e\u00e1d\u00e1te v\u00edce informac\u00ed o p\u00e1jen\u00ed, nav\u0161tivte pros\u00edm web www.nedzink.com.<\/p>\n<h2>Mechanick\u00e9 oh\u00fdb\u00e1n\u00ed<\/h2>\n<p><span lang=\"EN-GB\" style=\"line-height: 115%; font-family: 'Arial','sans-serif'; font-size: 10pt; -ms-layout-grid-mode: line; mso-fareast-font-family: 'MS Mincho'; mso-bidi-font-family: 'Times New Roman'; mso-ansi-language: EN-GB; mso-fareast-language: ZH-CN; mso-bidi-language: AR-SA; mso-bidi-font-size: 12.0pt;\">Pokud je teplota materi\u00e1lu ni\u017e\u0161\u00ed ne\u017e 7 \u00b0C, nen\u00ed dovoleno titanzinek mechanicky oh\u00fdbat, aby tak nedo\u0161lo k jeho po\u0161kozen\u00ed (vzniku mikroprasklin).<\/span><\/p>\n<h2>P\u0159eprava a skladov\u00e1n\u00ed<\/h2>\n<p>Titanzinek je materi\u00e1l, kter\u00fd mus\u00ed b\u00fdt odpov\u00eddaj\u00edc\u00edm zp\u016fsobem chr\u00e1n\u011bn proti po\u0161kozen\u00ed b\u011bhem p\u0159epravy. Produkty spole\u010dnosti NedZink musej\u00ed b\u00fdt v\u017edycky p\u0159epravov\u00e1ny v\u00a0such\u00fdch a v\u011btran\u00fdch prostorech. Titanzinkov\u00e9 p\u00e1sy a tabule pak musej\u00ed b\u00fdt chr\u00e1n\u011bny proti po\u0161kozen\u00ed b\u011bhem p\u0159epravy (po\u0161kr\u00e1b\u00e1n\u00ed, prom\u00e1\u010dknut\u00ed).<\/p>\n<p>Materi\u00e1ly spole\u010dnosti NedZink musej\u00ed b\u00fdt skladov\u00e1ny v\u00a0such\u00e9m a v\u011btran\u00e9m prostoru a chr\u00e1n\u011bny proti po\u0161kozen\u00ed a zvl\u00e1\u0161t\u011b p\u0159ed p\u016fsoben\u00edm vzdu\u0161n\u00e9 vlhkosti. Venkovn\u00ed skladov\u00e1n\u00ed se nedoporu\u010duje.<\/p>\n<p>NedZink B.V.<\/p>\n<p><span style=\"font-size: 10px;\"><em>Pro v\u00edce informac\u00ed pros\u00edm vyu\u017eijte technick\u00e9 bro\u017eury spole\u010dnosti NedZink. Dostupn\u00e9 jsou na na\u0161ich webov\u00fdch str\u00e1nk\u00e1ch. M\u016f\u017eeme v\u00e1m je tak\u00e9 poslat na vy\u017e\u00e1d\u00e1n\u00ed emailem. Tato mont\u00e1\u017en\u00ed pravidla jsou vyd\u00e1v\u00e1na s nejv\u011bt\u0161\u00ed pe\u010dlivost\u00ed. V\u0161echny informace v nich uveden\u00e9 odpov\u00eddaj\u00ed sou\u010dasn\u00fdm poznatk\u016fm a poskytuj\u00ed p\u0159ehled o na\u0161ich v\u00fdrobc\u00edch a jejich pou\u017eit\u00ed. Obsah t\u011bchto pravidel nen\u00ed nijak pr\u00e1vn\u011b z\u00e1vazn\u00fd.\u00a0<\/em><\/span><\/p>\n<p><a href=\"https:\/\/www.nedzink.com\/wp-content\/uploads\/import\/cms\/userfiles\/files\/downloads\/cz\/2017\/Mont\u00e1\u017en\u00ed-pravidla-NedZink-NUANCE.pdf\">Ke sta\u017een\u00ed: Mont\u00e1\u017en\u00ed pravidla NedZink NUANCE<\/a><\/p>\n","protected":false},"excerpt":{"rendered":"<p>V\u00a0p\u0159\u00edpad\u011b materi\u00e1lu NedZink NUANCE jsou krom\u011b hlavn\u00edch mont\u00e1\u017en\u00edch pravidel shodn\u00fdch s\u00a0materi\u00e1ly NedZink NATUREL, NOVA a NOIR uplat\u0148ov\u00e1na tak\u00e9 dal\u0161\u00ed technick\u00e1 pravidla. Povrch Mechanick\u00e9 a materi\u00e1lov\u00e9 vlastnosti jsou 100% identick\u00e9 s\u00a0dob\u0159e zn\u00e1m\u00fdmi produkty NedZink NATUREL, NedZink NOVA a NedZink NOIR. Materi\u00e1l NedZink NUANCE je p\u0159edzv\u011btral\u00fd titanzinek s\u00a0pou\u017eit\u00edm pigment\u016f. Konkr\u00e9tn\u011b to vedlo k\u00a0v\u00fdb\u011bru pigment\u016f pro p\u0159edzv\u011btral\u00fd zinek [&hellip;]<\/p>\n","protected":false},"author":9,"featured_media":0,"parent":0,"menu_order":990,"comment_status":"closed","ping_status":"closed","template":"template-import.php","meta":{"_acf_changed":false,"footnotes":""},"class_list":["post-30627","page","type-page","status-publish","hentry"],"acf":[],"yoast_head":"<!-- This site is optimized with the Yoast SEO plugin v26.8 - https:\/\/yoast.com\/product\/yoast-seo-wordpress\/ -->\n<title>NedZink NUANCE \u2013 NedZink<\/title>\n<meta name=\"robots\" content=\"index, follow, max-snippet:-1, max-image-preview:large, max-video-preview:-1\" \/>\n<link rel=\"canonical\" href=\"https:\/\/www.nedzink.com\/cs\/nedzink-nuance\/\" \/>\n<meta property=\"og:locale\" content=\"cs_CZ\" \/>\n<meta property=\"og:type\" content=\"article\" \/>\n<meta property=\"og:title\" content=\"NedZink NUANCE \u2013 NedZink\" \/>\n<meta property=\"og:description\" content=\"V\u00a0p\u0159\u00edpad\u011b materi\u00e1lu NedZink NUANCE jsou krom\u011b hlavn\u00edch mont\u00e1\u017en\u00edch pravidel shodn\u00fdch s\u00a0materi\u00e1ly NedZink NATUREL, NOVA a NOIR uplat\u0148ov\u00e1na tak\u00e9 dal\u0161\u00ed technick\u00e1 pravidla. Povrch Mechanick\u00e9 a materi\u00e1lov\u00e9 vlastnosti jsou 100% identick\u00e9 s\u00a0dob\u0159e zn\u00e1m\u00fdmi produkty NedZink NATUREL, NedZink NOVA a NedZink NOIR. Materi\u00e1l NedZink NUANCE je p\u0159edzv\u011btral\u00fd titanzinek s\u00a0pou\u017eit\u00edm pigment\u016f. Konkr\u00e9tn\u011b to vedlo k\u00a0v\u00fdb\u011bru pigment\u016f pro p\u0159edzv\u011btral\u00fd zinek [&hellip;]\" \/>\n<meta property=\"og:url\" content=\"https:\/\/www.nedzink.com\/cs\/nedzink-nuance\/\" \/>\n<meta property=\"og:site_name\" content=\"NedZink\" \/>\n<meta property=\"article:modified_time\" content=\"2022-02-22T10:21:53+00:00\" \/>\n<meta name=\"twitter:card\" content=\"summary_large_image\" \/>\n<meta name=\"twitter:label1\" content=\"Odhadovan\u00e1 doba \u010dten\u00ed\" \/>\n\t<meta name=\"twitter:data1\" content=\"8 minut\" \/>\n<script type=\"application\/ld+json\" class=\"yoast-schema-graph\">{\"@context\":\"https:\/\/schema.org\",\"@graph\":[{\"@type\":\"WebPage\",\"@id\":\"https:\/\/www.nedzink.com\/cs\/nedzink-nuance\/\",\"url\":\"https:\/\/www.nedzink.com\/cs\/nedzink-nuance\/\",\"name\":\"NedZink NUANCE \u2013 NedZink\",\"isPartOf\":{\"@id\":\"https:\/\/www.nedzink.com\/cs\/#website\"},\"datePublished\":\"2019-06-04T12:53:56+00:00\",\"dateModified\":\"2022-02-22T10:21:53+00:00\",\"breadcrumb\":{\"@id\":\"https:\/\/www.nedzink.com\/cs\/nedzink-nuance\/#breadcrumb\"},\"inLanguage\":\"cs\",\"potentialAction\":[{\"@type\":\"ReadAction\",\"target\":[\"https:\/\/www.nedzink.com\/cs\/nedzink-nuance\/\"]}]},{\"@type\":\"BreadcrumbList\",\"@id\":\"https:\/\/www.nedzink.com\/cs\/nedzink-nuance\/#breadcrumb\",\"itemListElement\":[{\"@type\":\"ListItem\",\"position\":1,\"name\":\"Home\",\"item\":\"https:\/\/www.nedzink.com\/cs\/\"},{\"@type\":\"ListItem\",\"position\":2,\"name\":\"NedZink NUANCE\"}]},{\"@type\":\"WebSite\",\"@id\":\"https:\/\/www.nedzink.com\/cs\/#website\",\"url\":\"https:\/\/www.nedzink.com\/cs\/\",\"name\":\"NedZink\",\"description\":\"Zink fabrikant\",\"publisher\":{\"@id\":\"https:\/\/www.nedzink.com\/cs\/#organization\"},\"potentialAction\":[{\"@type\":\"SearchAction\",\"target\":{\"@type\":\"EntryPoint\",\"urlTemplate\":\"https:\/\/www.nedzink.com\/cs\/?s={search_term_string}\"},\"query-input\":{\"@type\":\"PropertyValueSpecification\",\"valueRequired\":true,\"valueName\":\"search_term_string\"}}],\"inLanguage\":\"cs\"},{\"@type\":\"Organization\",\"@id\":\"https:\/\/www.nedzink.com\/cs\/#organization\",\"name\":\"NedZink\",\"url\":\"https:\/\/www.nedzink.com\/cs\/\",\"logo\":{\"@type\":\"ImageObject\",\"inLanguage\":\"cs\",\"@id\":\"https:\/\/www.nedzink.com\/cs\/#\/schema\/logo\/image\/\",\"url\":\"https:\/\/www.nedzink.com\/wp-content\/uploads\/2019\/08\/logo-nedzink_fc_zk.jpg\",\"contentUrl\":\"https:\/\/www.nedzink.com\/wp-content\/uploads\/2019\/08\/logo-nedzink_fc_zk.jpg\",\"width\":2160,\"height\":688,\"caption\":\"NedZink\"},\"image\":{\"@id\":\"https:\/\/www.nedzink.com\/cs\/#\/schema\/logo\/image\/\"}}]}<\/script>\n<!-- \/ Yoast SEO plugin. -->","yoast_head_json":{"title":"NedZink NUANCE \u2013 NedZink","robots":{"index":"index","follow":"follow","max-snippet":"max-snippet:-1","max-image-preview":"max-image-preview:large","max-video-preview":"max-video-preview:-1"},"canonical":"https:\/\/www.nedzink.com\/cs\/nedzink-nuance\/","og_locale":"cs_CZ","og_type":"article","og_title":"NedZink NUANCE \u2013 NedZink","og_description":"V\u00a0p\u0159\u00edpad\u011b materi\u00e1lu NedZink NUANCE jsou krom\u011b hlavn\u00edch mont\u00e1\u017en\u00edch pravidel shodn\u00fdch s\u00a0materi\u00e1ly NedZink NATUREL, NOVA a NOIR uplat\u0148ov\u00e1na tak\u00e9 dal\u0161\u00ed technick\u00e1 pravidla. Povrch Mechanick\u00e9 a materi\u00e1lov\u00e9 vlastnosti jsou 100% identick\u00e9 s\u00a0dob\u0159e zn\u00e1m\u00fdmi produkty NedZink NATUREL, NedZink NOVA a NedZink NOIR. Materi\u00e1l NedZink NUANCE je p\u0159edzv\u011btral\u00fd titanzinek s\u00a0pou\u017eit\u00edm pigment\u016f. Konkr\u00e9tn\u011b to vedlo k\u00a0v\u00fdb\u011bru pigment\u016f pro p\u0159edzv\u011btral\u00fd zinek [&hellip;]","og_url":"https:\/\/www.nedzink.com\/cs\/nedzink-nuance\/","og_site_name":"NedZink","article_modified_time":"2022-02-22T10:21:53+00:00","twitter_card":"summary_large_image","twitter_misc":{"Odhadovan\u00e1 doba \u010dten\u00ed":"8 minut"},"schema":{"@context":"https:\/\/schema.org","@graph":[{"@type":"WebPage","@id":"https:\/\/www.nedzink.com\/cs\/nedzink-nuance\/","url":"https:\/\/www.nedzink.com\/cs\/nedzink-nuance\/","name":"NedZink NUANCE \u2013 NedZink","isPartOf":{"@id":"https:\/\/www.nedzink.com\/cs\/#website"},"datePublished":"2019-06-04T12:53:56+00:00","dateModified":"2022-02-22T10:21:53+00:00","breadcrumb":{"@id":"https:\/\/www.nedzink.com\/cs\/nedzink-nuance\/#breadcrumb"},"inLanguage":"cs","potentialAction":[{"@type":"ReadAction","target":["https:\/\/www.nedzink.com\/cs\/nedzink-nuance\/"]}]},{"@type":"BreadcrumbList","@id":"https:\/\/www.nedzink.com\/cs\/nedzink-nuance\/#breadcrumb","itemListElement":[{"@type":"ListItem","position":1,"name":"Home","item":"https:\/\/www.nedzink.com\/cs\/"},{"@type":"ListItem","position":2,"name":"NedZink NUANCE"}]},{"@type":"WebSite","@id":"https:\/\/www.nedzink.com\/cs\/#website","url":"https:\/\/www.nedzink.com\/cs\/","name":"NedZink","description":"Zink fabrikant","publisher":{"@id":"https:\/\/www.nedzink.com\/cs\/#organization"},"potentialAction":[{"@type":"SearchAction","target":{"@type":"EntryPoint","urlTemplate":"https:\/\/www.nedzink.com\/cs\/?s={search_term_string}"},"query-input":{"@type":"PropertyValueSpecification","valueRequired":true,"valueName":"search_term_string"}}],"inLanguage":"cs"},{"@type":"Organization","@id":"https:\/\/www.nedzink.com\/cs\/#organization","name":"NedZink","url":"https:\/\/www.nedzink.com\/cs\/","logo":{"@type":"ImageObject","inLanguage":"cs","@id":"https:\/\/www.nedzink.com\/cs\/#\/schema\/logo\/image\/","url":"https:\/\/www.nedzink.com\/wp-content\/uploads\/2019\/08\/logo-nedzink_fc_zk.jpg","contentUrl":"https:\/\/www.nedzink.com\/wp-content\/uploads\/2019\/08\/logo-nedzink_fc_zk.jpg","width":2160,"height":688,"caption":"NedZink"},"image":{"@id":"https:\/\/www.nedzink.com\/cs\/#\/schema\/logo\/image\/"}}]}},"_links":{"self":[{"href":"https:\/\/www.nedzink.com\/cs\/wp-json\/wp\/v2\/pages\/30627","targetHints":{"allow":["GET"]}}],"collection":[{"href":"https:\/\/www.nedzink.com\/cs\/wp-json\/wp\/v2\/pages"}],"about":[{"href":"https:\/\/www.nedzink.com\/cs\/wp-json\/wp\/v2\/types\/page"}],"author":[{"embeddable":true,"href":"https:\/\/www.nedzink.com\/cs\/wp-json\/wp\/v2\/users\/9"}],"replies":[{"embeddable":true,"href":"https:\/\/www.nedzink.com\/cs\/wp-json\/wp\/v2\/comments?post=30627"}],"version-history":[{"count":0,"href":"https:\/\/www.nedzink.com\/cs\/wp-json\/wp\/v2\/pages\/30627\/revisions"}],"wp:attachment":[{"href":"https:\/\/www.nedzink.com\/cs\/wp-json\/wp\/v2\/media?parent=30627"}],"curies":[{"name":"wp","href":"https:\/\/api.w.org\/{rel}","templated":true}]}}