{"id":30617,"date":"2019-06-04T14:53:53","date_gmt":"2019-06-04T12:53:53","guid":{"rendered":"http:\/\/136.144.181.85\/~nedzink\/technicke-info\/provadeci-a-montazni-smernice\/provadeci-smernice\/med\/"},"modified":"2019-06-04T14:53:53","modified_gmt":"2019-06-04T12:53:53","slug":"med","status":"publish","type":"page","link":"https:\/\/www.nedzink.com\/cs\/technicke-info\/provadeci-a-montazni-smernice\/provadeci-smernice\/med\/","title":{"rendered":"M\u011b\u010f"},"content":{"rendered":"<p>\n\t&nbsp;<\/p>\n<p>\n\tR&aacute;di bychom V&aacute;m p\u0159edali informace o zpracov&aacute;n&iacute; v&yacute;robku NedZink M\u011a\u010e leskle v&aacute;lcovan&aacute;.<\/p>\n<h2>\n\tPopis v&yacute;robku<\/h2>\n<p>\n\tNedZink M\u011a\u010e je z v&yacute;roby leskle v&aacute;lcovan&aacute; m\u011b\u010f, kter&aacute; je vyroben&aacute; podle DIN EN 1172.<\/p>\n<p>\n\tMal&yacute;m pnut&iacute;m materi&aacute;lu z procesu v&aacute;lcov&aacute;n&iacute; nelze &uacute;pln\u011b zabr&aacute;nit. Tato pnut&iacute; jsou sice d&iacute;ky t&eacute;to modern&iacute; v&yacute;robn&iacute; metod\u011b minimalizov&aacute;na, ale mal&eacute; zbytkov&eacute; zvln\u011bn&iacute; u tenk&yacute;ch plech\u016f v\u017edy existuje a je nutn&eacute; ho akceptovat.<\/p>\n<h2>\n\tP\u0159&iacute;rodn&iacute; povrch<\/h2>\n<p>\n\tNedZink M\u011a\u010e m&aacute; po dokon\u010den&iacute; v&yacute;robn&iacute;ho procesu leskle v&aacute;lcovan&yacute; povrch. Pro do\u010dasnou ochranu p\u0159i doprav\u011b a skladov&aacute;n&iacute; z\u016fst&aacute;v&aacute; na povrchu zbytkov&aacute; mastnota.<\/p>\n<p>\n\tOba l&iacute;ce plechu je mo\u017eno pou\u017e&iacute;t jako horn&iacute; stranu. U sousedn&iacute;ch ploch by ov&scaron;em m\u011bla b&yacute;t d&aacute;l pou\u017eita stejn&aacute; strana a strany by se nem\u011bly m\u011bnit.<\/p>\n<h2>\n\tOchrana povrchu<\/h2>\n<p>\n\tMateri&aacute;l se expeduje s leskle v&aacute;lcovan&yacute;m povrchem. P\u0159i kol&iacute;s&aacute;n&iacute; vlhkosti nebo p\u016fsoben&iacute;m pov\u011btrnostn&iacute;ch vliv\u016f vznik&aacute; za p\u0159&iacute;stupu vzduchu ochrann&aacute; vrstva z oxid\u016f m\u011b\u010fnat&yacute;ch, tak zvan&aacute; patina.<\/p>\n<p>\n\tTento proces neza\u010d&iacute;n&aacute; okam\u017eit\u011b a rovnom\u011brn\u011b, n&yacute;br\u017e m\u016f\u017ee trvat rozd&iacute;ln\u011b dlouho v z&aacute;vislosti na sm\u011bru p\u016fsoben&iacute; pov\u011btrnostn&iacute;ch vliv\u016f a mont&aacute;\u017en&iacute;m sklonu. P\u0159ed dosa\u017een&iacute;m rovnom\u011brn&eacute; patiny nen&iacute; mo\u017en&eacute; zabr&aacute;nit nerovnom\u011brn&eacute;mu vzhledu povrchu tvo\u0159&iacute;c&iacute; se patiny. To plat&iacute; obzvl&aacute;&scaron;\u0165 pro svisl&eacute; plochy, jako nap\u0159. fas&aacute;dy.<\/p>\n<h2>\n\tPokyny ke zpracov&aacute;n&iacute;<\/h2>\n<p>\n\tDal&scaron;&iacute; zpracov&aacute;n&iacute; v&yacute;robk\u016f NedZink se prov&aacute;d&iacute; podle klemp&iacute;\u0159sk&yacute;ch a pokr&yacute;va\u010dsk&yacute;ch norem.<\/p>\n<p>\n\tProto\u017ee je d\u016fle\u017eit&eacute; tak&eacute; estetick&eacute; hledisko, m\u011bly by se up\u0159ednost\u0148ovat mechanick&eacute; techniky spojov&aacute;n&iacute; jako dr&aacute;\u017ekov&aacute;n&iacute;, zav\u011b&scaron;ov&aacute;n&iacute; a tak&eacute; lepen&iacute;, p&aacute;jet by se m\u011blo pouze p\u0159i po\u017eadovan&eacute; vodot\u011bsnosti.<\/p>\n<p>\n\tJak&aacute;koliv p\u0159ipevn\u011bn&iacute; mus&iacute; umo\u017e\u0148ovat voln&eacute; dilata\u010dn&iacute; pohyby.<\/p>\n<h2>\n\tP&aacute;jen&iacute;, sva\u0159ov&aacute;n&iacute;:<\/h2>\n<p>\n\tVelk&aacute; v&yacute;hoda m\u011bdi spo\u010d&iacute;v&aacute; v mo\u017enosti pou\u017e&iacute;vat spojovac&iacute; techniky &bdquo;p&aacute;jen&iacute; na m\u011bkko&ldquo;, p&aacute;jen&iacute; na tvrdo a sva\u0159ov&aacute;n&iacute;. V oblastech s po\u017eadavkem na trvale pevn&aacute; a vodot\u011bsn&aacute; spojen&iacute; (nap\u0159. \u017elaby) se pracuje za pomoci vhodn&eacute; p&aacute;je\u010dky a sv&aacute;\u0159e\u010dky a p\u0159&iacute;slu&scaron;n&yacute;ch tavidel, olovnic a sva\u0159ovac&iacute;ch dr&aacute;t\u016f.<\/p>\n<h2>\n\tMechanick&eacute; zpracov&aacute;n&iacute;<\/h2>\n<p>\n\tModern&iacute; techniky pou\u017eit&iacute; kladou zv&yacute;&scaron;en&eacute; po\u017eadavky na kvalitu zpracov&aacute;n&iacute; v&aacute;lcovan&eacute;ho m\u011bd\u011bn&eacute;ho materi&aacute;lu pro oblast zast\u0159e&scaron;en&iacute;, odvodn\u011bn&iacute; a fas&aacute;d tak, aby dos&aacute;hly pot\u0159ebn&eacute; vlastnosti.<\/p>\n<p>\n\tM\u011b\u010f m&aacute; nejvy&scaron;&scaron;&iacute; ta\u017enost ze v&scaron;ech stavebn&iacute;ch materi&aacute;l\u016f, a proto se obzvl&aacute;&scaron;\u0165 hod&iacute; pr&aacute;v\u011b pro komplikovan&eacute; spoje se silnou deformac&iacute; materi&aacute;lu.<\/p>\n<p>\n\tV oblasti st\u0159echy a fas&aacute;dy lze pou\u017e&iacute;t v&scaron;echny b\u011b\u017en&eacute; mechanick&eacute; spojovac&iacute; techniky.<\/p>\n<h2>\n\tDoprava, skladov&aacute;n&iacute;<\/h2>\n<p>\n\tDoprava a skladov&aacute;n&iacute; NedZink M\u011a\u010ese prov&aacute;d&iacute; v such&yacute;ch a v\u011btran&yacute;ch prostor&aacute;ch. Je nutn&eacute; db&aacute;t na dostate\u010dnou ochranu povrchu proti po&scaron;kozen&iacute;. Plechy resp. role je nutn&eacute; zajistit proti po&scaron;kozen&iacute; n&aacute;razem (d\u016flky, boule).<\/p>\n<p>\n\tVe skladu: NedZink M\u011a\u010e se skladuje v such&yacute;ch a v\u011btran&yacute;ch prostor&aacute;ch se zaji&scaron;t\u011bn&iacute;m proti po&scaron;kozen&iacute;. P\u0159itom se obzvl&aacute;&scaron;\u0165 chr&aacute;n&iacute; p\u0159ed vznikem kondenzace.<\/p>\n<p>\n\tNa stavb\u011b: NedZink M\u011a\u010e seskladuje v such&yacute;ch a v\u011btran&yacute;ch prostor&aacute;ch. Materi&aacute;l dodan&yacute; do z&aacute;soby se chr&aacute;n&iacute; p\u0159ed p\u016fsoben&iacute;m vlhkosti. Zajist&iacute; se proti mechanick&eacute;mu po&scaron;kozen&iacute; &ndash; tak&eacute; f&oacute;li&iacute;. Je t\u0159eba se vyhnout skladov&aacute;n&iacute; venku.<\/p>\n<p>\n\tTato informace byla pe\u010dliv\u011b p\u0159ipravena a v&scaron;echny &uacute;daje odpov&iacute;daj&iacute; dne&scaron;n&iacute;mu stavu znalost&iacute; a maj&iacute; informovat o na&scaron;ich v&yacute;robc&iacute;ch a jejich pou\u017eit&iacute;. Z obsahu nevznikaj&iacute; \u017e&aacute;dn&aacute; pr&aacute;va.<\/p>\n<p>\n\tNedZink GmbH, \u0159&iacute;jen 2011<\/p>\n<p>\n\t<a href=\"https:\/\/www.nedzink.com\/wp-content\/uploads\/import\/cms\/userfiles\/files\/downloads\/de\/NedZink Kupfer1.pdf\">St&aacute;hnout prov&aacute;d\u011bc&iacute; sm\u011brnici NedZink M\u011a\u010e<\/a><\/p>\n","protected":false},"excerpt":{"rendered":"<p>&nbsp; R&aacute;di bychom V&aacute;m p\u0159edali informace o zpracov&aacute;n&iacute; v&yacute;robku NedZink M\u011a\u010e leskle v&aacute;lcovan&aacute;. Popis v&yacute;robku NedZink M\u011a\u010e je z v&yacute;roby leskle v&aacute;lcovan&aacute; m\u011b\u010f, kter&aacute; je vyroben&aacute; podle DIN EN 1172. Mal&yacute;m pnut&iacute;m materi&aacute;lu z procesu v&aacute;lcov&aacute;n&iacute; nelze &uacute;pln\u011b zabr&aacute;nit. Tato pnut&iacute; jsou sice d&iacute;ky t&eacute;to modern&iacute; v&yacute;robn&iacute; metod\u011b minimalizov&aacute;na, ale mal&eacute; zbytkov&eacute; zvln\u011bn&iacute; u tenk&yacute;ch [&hellip;]<\/p>\n","protected":false},"author":9,"featured_media":0,"parent":30558,"menu_order":570,"comment_status":"closed","ping_status":"closed","template":"template-import.php","meta":{"_acf_changed":false,"footnotes":""},"class_list":["post-30617","page","type-page","status-publish","hentry"],"acf":[],"yoast_head":"<!-- This site is optimized with the Yoast SEO plugin v26.8 - https:\/\/yoast.com\/product\/yoast-seo-wordpress\/ -->\n<title>M\u011b\u010f \u2013 NedZink<\/title>\n<meta name=\"robots\" content=\"index, follow, max-snippet:-1, max-image-preview:large, max-video-preview:-1\" \/>\n<link rel=\"canonical\" href=\"https:\/\/www.nedzink.com\/cs\/technicke-info\/provadeci-a-montazni-smernice\/provadeci-smernice\/med\/\" \/>\n<meta property=\"og:locale\" content=\"cs_CZ\" \/>\n<meta property=\"og:type\" content=\"article\" \/>\n<meta property=\"og:title\" content=\"M\u011b\u010f \u2013 NedZink\" \/>\n<meta property=\"og:description\" content=\"&nbsp; R&aacute;di bychom V&aacute;m p\u0159edali informace o zpracov&aacute;n&iacute; v&yacute;robku NedZink M\u011a\u010e leskle v&aacute;lcovan&aacute;. Popis v&yacute;robku NedZink M\u011a\u010e je z v&yacute;roby leskle v&aacute;lcovan&aacute; m\u011b\u010f, kter&aacute; je vyroben&aacute; podle DIN EN 1172. Mal&yacute;m pnut&iacute;m materi&aacute;lu z procesu v&aacute;lcov&aacute;n&iacute; nelze &uacute;pln\u011b zabr&aacute;nit. Tato pnut&iacute; jsou sice d&iacute;ky t&eacute;to modern&iacute; v&yacute;robn&iacute; metod\u011b minimalizov&aacute;na, ale mal&eacute; zbytkov&eacute; zvln\u011bn&iacute; u tenk&yacute;ch [&hellip;]\" \/>\n<meta property=\"og:url\" content=\"https:\/\/www.nedzink.com\/cs\/technicke-info\/provadeci-a-montazni-smernice\/provadeci-smernice\/med\/\" \/>\n<meta property=\"og:site_name\" content=\"NedZink\" \/>\n<meta name=\"twitter:card\" content=\"summary_large_image\" \/>\n<meta name=\"twitter:label1\" content=\"Odhadovan\u00e1 doba \u010dten\u00ed\" \/>\n\t<meta name=\"twitter:data1\" content=\"5 minut\" \/>\n<script type=\"application\/ld+json\" class=\"yoast-schema-graph\">{\"@context\":\"https:\/\/schema.org\",\"@graph\":[{\"@type\":\"WebPage\",\"@id\":\"https:\/\/www.nedzink.com\/cs\/technicke-info\/provadeci-a-montazni-smernice\/provadeci-smernice\/med\/\",\"url\":\"https:\/\/www.nedzink.com\/cs\/technicke-info\/provadeci-a-montazni-smernice\/provadeci-smernice\/med\/\",\"name\":\"M\u011b\u010f \u2013 NedZink\",\"isPartOf\":{\"@id\":\"https:\/\/www.nedzink.com\/cs\/#website\"},\"datePublished\":\"2019-06-04T12:53:53+00:00\",\"breadcrumb\":{\"@id\":\"https:\/\/www.nedzink.com\/cs\/technicke-info\/provadeci-a-montazni-smernice\/provadeci-smernice\/med\/#breadcrumb\"},\"inLanguage\":\"cs\",\"potentialAction\":[{\"@type\":\"ReadAction\",\"target\":[\"https:\/\/www.nedzink.com\/cs\/technicke-info\/provadeci-a-montazni-smernice\/provadeci-smernice\/med\/\"]}]},{\"@type\":\"BreadcrumbList\",\"@id\":\"https:\/\/www.nedzink.com\/cs\/technicke-info\/provadeci-a-montazni-smernice\/provadeci-smernice\/med\/#breadcrumb\",\"itemListElement\":[{\"@type\":\"ListItem\",\"position\":1,\"name\":\"Home\",\"item\":\"https:\/\/www.nedzink.com\/cs\/\"},{\"@type\":\"ListItem\",\"position\":2,\"name\":\"Technick\u00e9 info\",\"item\":\"https:\/\/www.nedzink.com\/cs\/technicke-info\/\"},{\"@type\":\"ListItem\",\"position\":3,\"name\":\"Prov\u00e1d\u011bc\u00ed a mont\u00e1\u017en\u00ed sm\u011brnice\",\"item\":\"https:\/\/www.nedzink.com\/cs\/technicke-info\/provadeci-a-montazni-smernice\/\"},{\"@type\":\"ListItem\",\"position\":4,\"name\":\"Prov\u00e1d\u011bc\u00ed sm\u011brnice\",\"item\":\"https:\/\/www.nedzink.com\/cs\/technicke-info\/provadeci-a-montazni-smernice\/provadeci-smernice\/\"},{\"@type\":\"ListItem\",\"position\":5,\"name\":\"M\u011b\u010f\"}]},{\"@type\":\"WebSite\",\"@id\":\"https:\/\/www.nedzink.com\/cs\/#website\",\"url\":\"https:\/\/www.nedzink.com\/cs\/\",\"name\":\"NedZink\",\"description\":\"Zink fabrikant\",\"publisher\":{\"@id\":\"https:\/\/www.nedzink.com\/cs\/#organization\"},\"potentialAction\":[{\"@type\":\"SearchAction\",\"target\":{\"@type\":\"EntryPoint\",\"urlTemplate\":\"https:\/\/www.nedzink.com\/cs\/?s={search_term_string}\"},\"query-input\":{\"@type\":\"PropertyValueSpecification\",\"valueRequired\":true,\"valueName\":\"search_term_string\"}}],\"inLanguage\":\"cs\"},{\"@type\":\"Organization\",\"@id\":\"https:\/\/www.nedzink.com\/cs\/#organization\",\"name\":\"NedZink\",\"url\":\"https:\/\/www.nedzink.com\/cs\/\",\"logo\":{\"@type\":\"ImageObject\",\"inLanguage\":\"cs\",\"@id\":\"https:\/\/www.nedzink.com\/cs\/#\/schema\/logo\/image\/\",\"url\":\"https:\/\/www.nedzink.com\/wp-content\/uploads\/2019\/08\/logo-nedzink_fc_zk.jpg\",\"contentUrl\":\"https:\/\/www.nedzink.com\/wp-content\/uploads\/2019\/08\/logo-nedzink_fc_zk.jpg\",\"width\":2160,\"height\":688,\"caption\":\"NedZink\"},\"image\":{\"@id\":\"https:\/\/www.nedzink.com\/cs\/#\/schema\/logo\/image\/\"}}]}<\/script>\n<!-- \/ Yoast SEO plugin. -->","yoast_head_json":{"title":"M\u011b\u010f \u2013 NedZink","robots":{"index":"index","follow":"follow","max-snippet":"max-snippet:-1","max-image-preview":"max-image-preview:large","max-video-preview":"max-video-preview:-1"},"canonical":"https:\/\/www.nedzink.com\/cs\/technicke-info\/provadeci-a-montazni-smernice\/provadeci-smernice\/med\/","og_locale":"cs_CZ","og_type":"article","og_title":"M\u011b\u010f \u2013 NedZink","og_description":"&nbsp; R&aacute;di bychom V&aacute;m p\u0159edali informace o zpracov&aacute;n&iacute; v&yacute;robku NedZink M\u011a\u010e leskle v&aacute;lcovan&aacute;. Popis v&yacute;robku NedZink M\u011a\u010e je z v&yacute;roby leskle v&aacute;lcovan&aacute; m\u011b\u010f, kter&aacute; je vyroben&aacute; podle DIN EN 1172. Mal&yacute;m pnut&iacute;m materi&aacute;lu z procesu v&aacute;lcov&aacute;n&iacute; nelze &uacute;pln\u011b zabr&aacute;nit. Tato pnut&iacute; jsou sice d&iacute;ky t&eacute;to modern&iacute; v&yacute;robn&iacute; metod\u011b minimalizov&aacute;na, ale mal&eacute; zbytkov&eacute; zvln\u011bn&iacute; u tenk&yacute;ch [&hellip;]","og_url":"https:\/\/www.nedzink.com\/cs\/technicke-info\/provadeci-a-montazni-smernice\/provadeci-smernice\/med\/","og_site_name":"NedZink","twitter_card":"summary_large_image","twitter_misc":{"Odhadovan\u00e1 doba \u010dten\u00ed":"5 minut"},"schema":{"@context":"https:\/\/schema.org","@graph":[{"@type":"WebPage","@id":"https:\/\/www.nedzink.com\/cs\/technicke-info\/provadeci-a-montazni-smernice\/provadeci-smernice\/med\/","url":"https:\/\/www.nedzink.com\/cs\/technicke-info\/provadeci-a-montazni-smernice\/provadeci-smernice\/med\/","name":"M\u011b\u010f \u2013 NedZink","isPartOf":{"@id":"https:\/\/www.nedzink.com\/cs\/#website"},"datePublished":"2019-06-04T12:53:53+00:00","breadcrumb":{"@id":"https:\/\/www.nedzink.com\/cs\/technicke-info\/provadeci-a-montazni-smernice\/provadeci-smernice\/med\/#breadcrumb"},"inLanguage":"cs","potentialAction":[{"@type":"ReadAction","target":["https:\/\/www.nedzink.com\/cs\/technicke-info\/provadeci-a-montazni-smernice\/provadeci-smernice\/med\/"]}]},{"@type":"BreadcrumbList","@id":"https:\/\/www.nedzink.com\/cs\/technicke-info\/provadeci-a-montazni-smernice\/provadeci-smernice\/med\/#breadcrumb","itemListElement":[{"@type":"ListItem","position":1,"name":"Home","item":"https:\/\/www.nedzink.com\/cs\/"},{"@type":"ListItem","position":2,"name":"Technick\u00e9 info","item":"https:\/\/www.nedzink.com\/cs\/technicke-info\/"},{"@type":"ListItem","position":3,"name":"Prov\u00e1d\u011bc\u00ed a mont\u00e1\u017en\u00ed sm\u011brnice","item":"https:\/\/www.nedzink.com\/cs\/technicke-info\/provadeci-a-montazni-smernice\/"},{"@type":"ListItem","position":4,"name":"Prov\u00e1d\u011bc\u00ed sm\u011brnice","item":"https:\/\/www.nedzink.com\/cs\/technicke-info\/provadeci-a-montazni-smernice\/provadeci-smernice\/"},{"@type":"ListItem","position":5,"name":"M\u011b\u010f"}]},{"@type":"WebSite","@id":"https:\/\/www.nedzink.com\/cs\/#website","url":"https:\/\/www.nedzink.com\/cs\/","name":"NedZink","description":"Zink fabrikant","publisher":{"@id":"https:\/\/www.nedzink.com\/cs\/#organization"},"potentialAction":[{"@type":"SearchAction","target":{"@type":"EntryPoint","urlTemplate":"https:\/\/www.nedzink.com\/cs\/?s={search_term_string}"},"query-input":{"@type":"PropertyValueSpecification","valueRequired":true,"valueName":"search_term_string"}}],"inLanguage":"cs"},{"@type":"Organization","@id":"https:\/\/www.nedzink.com\/cs\/#organization","name":"NedZink","url":"https:\/\/www.nedzink.com\/cs\/","logo":{"@type":"ImageObject","inLanguage":"cs","@id":"https:\/\/www.nedzink.com\/cs\/#\/schema\/logo\/image\/","url":"https:\/\/www.nedzink.com\/wp-content\/uploads\/2019\/08\/logo-nedzink_fc_zk.jpg","contentUrl":"https:\/\/www.nedzink.com\/wp-content\/uploads\/2019\/08\/logo-nedzink_fc_zk.jpg","width":2160,"height":688,"caption":"NedZink"},"image":{"@id":"https:\/\/www.nedzink.com\/cs\/#\/schema\/logo\/image\/"}}]}},"_links":{"self":[{"href":"https:\/\/www.nedzink.com\/cs\/wp-json\/wp\/v2\/pages\/30617","targetHints":{"allow":["GET"]}}],"collection":[{"href":"https:\/\/www.nedzink.com\/cs\/wp-json\/wp\/v2\/pages"}],"about":[{"href":"https:\/\/www.nedzink.com\/cs\/wp-json\/wp\/v2\/types\/page"}],"author":[{"embeddable":true,"href":"https:\/\/www.nedzink.com\/cs\/wp-json\/wp\/v2\/users\/9"}],"replies":[{"embeddable":true,"href":"https:\/\/www.nedzink.com\/cs\/wp-json\/wp\/v2\/comments?post=30617"}],"version-history":[{"count":0,"href":"https:\/\/www.nedzink.com\/cs\/wp-json\/wp\/v2\/pages\/30617\/revisions"}],"up":[{"embeddable":true,"href":"https:\/\/www.nedzink.com\/cs\/wp-json\/wp\/v2\/pages\/30558"}],"wp:attachment":[{"href":"https:\/\/www.nedzink.com\/cs\/wp-json\/wp\/v2\/media?parent=30617"}],"curies":[{"name":"wp","href":"https:\/\/api.w.org\/{rel}","templated":true}]}}