{"id":30558,"date":"2019-06-04T14:53:36","date_gmt":"2019-06-04T12:53:36","guid":{"rendered":"http:\/\/136.144.181.85\/~nedzink\/technicke-info\/provadeci-a-montazni-smernice\/provadeci-smernice\/"},"modified":"2022-03-14T13:33:21","modified_gmt":"2022-03-14T12:33:21","slug":"provadeci-smernice","status":"publish","type":"page","link":"https:\/\/www.nedzink.com\/cs\/technicke-info\/provadeci-a-montazni-smernice\/provadeci-smernice\/","title":{"rendered":"Prov\u00e1d\u011bc\u00ed sm\u011brnice"},"content":{"rendered":"[vc_row css=&#8220;.vc_custom_1567677776819{margin-top: 40px !important;padding-top: 20px !important;background-color: #ffffff !important;}&#8220;][vc_column][vc_row_inner][vc_column_inner width=&#8220;1\/3&#8243;][mk_image heading_title=&#8220;NedZink NATUREL&#8220; src=&#8220;https:\/\/www.nedzink.com\/wp-content\/uploads\/2019\/04\/naturel-min.png&#8220; image_size=&#8220;full&#8220; link=&#8220;https:\/\/www.nedzink.com\/cs\/nedzink-naturel&#8220; target=&#8220;_blank&#8220; align=&#8220;center&#8220; margin_bottom=&#8220;25&#8243; el_class=&#8220;kleurenadvies&#8220;][mk_image heading_title=&#8220;NedZink NOVA COMPOSITE&#8220; src=&#8220;https:\/\/www.nedzink.com\/wp-content\/uploads\/2019\/04\/nova-composite-min.png&#8220; image_size=&#8220;full&#8220; link=&#8220;https:\/\/www.nedzink.com\/cs\/nedzink-nova-composite&#8220; target=&#8220;_blank&#8220; align=&#8220;center&#8220; margin_bottom=&#8220;25&#8243; el_class=&#8220;kleurenadvies&#8220;][\/vc_column_inner][vc_column_inner width=&#8220;1\/3&#8243;][mk_image heading_title=&#8220;NedZink NOVA&#8220; src=&#8220;https:\/\/www.nedzink.com\/wp-content\/uploads\/2019\/04\/nova-min.png&#8220; image_size=&#8220;full&#8220; link=&#8220;https:\/\/www.nedzink.com\/cs\/nedzink-nova&#8220; target=&#8220;_blank&#8220; align=&#8220;center&#8220; margin_bottom=&#8220;25&#8243; el_class=&#8220;kleurenadvies&#8220;][mk_image heading_title=&#8220;NedZink Pro-Tec&#8220; src=&#8220;https:\/\/www.nedzink.com\/wp-content\/uploads\/2019\/04\/protec-min.png&#8220; image_size=&#8220;full&#8220; link=&#8220;https:\/\/www.nedzink.com\/cs\/nedzink-pro-tec&#8220; target=&#8220;_blank&#8220; align=&#8220;center&#8220; margin_bottom=&#8220;25&#8243; el_class=&#8220;kleurenadvies&#8220;][\/vc_column_inner][vc_column_inner width=&#8220;1\/3&#8243;][mk_image heading_title=&#8220;NedZink NOIR&#8220; src=&#8220;https:\/\/www.nedzink.com\/wp-content\/uploads\/2019\/04\/no_ir-min.png&#8220; image_size=&#8220;full&#8220; link=&#8220;https:\/\/www.nedzink.com\/cs\/nedzink-noir&#8220; target=&#8220;_blank&#8220; align=&#8220;center&#8220; margin_bottom=&#8220;25&#8243; el_class=&#8220;kleurenadvies&#8220;][mk_image heading_title=&#8220;NedZink NUANCE&#8220; src=&#8220;https:\/\/www.nedzink.com\/wp-content\/uploads\/2022\/03\/collage-nuance_v2022.jpg&#8220; image_width=&#8220;225&#8243; image_height=&#8220;225&#8243; link=&#8220;https:\/\/www.nedzink.com\/cs\/nedzink-nuance&#8220; target=&#8220;_blank&#8220; align=&#8220;center&#8220; margin_bottom=&#8220;25&#8243; el_class=&#8220;kleurenadvies&#8220;][\/vc_column_inner][\/vc_row_inner][mk_padding_divider size=&#8220;60&#8243;][\/vc_column][\/vc_row]\n","protected":false},"excerpt":{"rendered":"<p>[vc_row css=&#8220;.vc_custom_1567677776819{margin-top: 40px !important;padding-top: 20px !important;background-color: #ffffff !important;}&#8220;][vc_column][vc_row_inner][vc_column_inner width=&#8220;1\/3&#8243;][mk_image heading_title=&#8220;NedZink NATUREL&#8220; src=&#8220;https:\/\/www.nedzink.com\/wp-content\/uploads\/2019\/04\/naturel-min.png&#8220; image_size=&#8220;full&#8220; link=&#8220;https:\/\/www.nedzink.com\/cs\/nedzink-naturel&#8220; target=&#8220;_blank&#8220; align=&#8220;center&#8220; margin_bottom=&#8220;25&#8243; el_class=&#8220;kleurenadvies&#8220;][mk_image heading_title=&#8220;NedZink NOVA COMPOSITE&#8220; src=&#8220;https:\/\/www.nedzink.com\/wp-content\/uploads\/2019\/04\/nova-composite-min.png&#8220; image_size=&#8220;full&#8220; link=&#8220;https:\/\/www.nedzink.com\/cs\/nedzink-nova-composite&#8220; target=&#8220;_blank&#8220; align=&#8220;center&#8220; margin_bottom=&#8220;25&#8243; el_class=&#8220;kleurenadvies&#8220;][\/vc_column_inner][vc_column_inner width=&#8220;1\/3&#8243;][mk_image heading_title=&#8220;NedZink NOVA&#8220; src=&#8220;https:\/\/www.nedzink.com\/wp-content\/uploads\/2019\/04\/nova-min.png&#8220; image_size=&#8220;full&#8220; link=&#8220;https:\/\/www.nedzink.com\/cs\/nedzink-nova&#8220; target=&#8220;_blank&#8220; align=&#8220;center&#8220; margin_bottom=&#8220;25&#8243; el_class=&#8220;kleurenadvies&#8220;][mk_image heading_title=&#8220;NedZink Pro-Tec&#8220; src=&#8220;https:\/\/www.nedzink.com\/wp-content\/uploads\/2019\/04\/protec-min.png&#8220; image_size=&#8220;full&#8220; link=&#8220;https:\/\/www.nedzink.com\/cs\/nedzink-pro-tec&#8220; target=&#8220;_blank&#8220; align=&#8220;center&#8220; margin_bottom=&#8220;25&#8243; el_class=&#8220;kleurenadvies&#8220;][\/vc_column_inner][vc_column_inner width=&#8220;1\/3&#8243;][mk_image heading_title=&#8220;NedZink NOIR&#8220; src=&#8220;https:\/\/www.nedzink.com\/wp-content\/uploads\/2019\/04\/no_ir-min.png&#8220; image_size=&#8220;full&#8220; link=&#8220;https:\/\/www.nedzink.com\/cs\/nedzink-noir&#8220; target=&#8220;_blank&#8220; align=&#8220;center&#8220; [&hellip;]<\/p>\n","protected":false},"author":9,"featured_media":0,"parent":30538,"menu_order":520,"comment_status":"closed","ping_status":"closed","template":"template-import.php","meta":{"_acf_changed":false,"footnotes":""},"class_list":["post-30558","page","type-page","status-publish","hentry"],"acf":[],"yoast_head":"<!-- This site is optimized with the Yoast SEO plugin v26.8 - https:\/\/yoast.com\/product\/yoast-seo-wordpress\/ -->\n<title>Prov\u00e1d\u011bc\u00ed sm\u011brnice &#8211; NedZink<\/title>\n<meta name=\"robots\" content=\"index, follow, max-snippet:-1, max-image-preview:large, max-video-preview:-1\" \/>\n<link rel=\"canonical\" href=\"https:\/\/www.nedzink.com\/cs\/technicke-info\/provadeci-a-montazni-smernice\/provadeci-smernice\/\" \/>\n<meta property=\"og:locale\" content=\"cs_CZ\" \/>\n<meta property=\"og:type\" content=\"article\" \/>\n<meta property=\"og:title\" content=\"Prov\u00e1d\u011bc\u00ed sm\u011brnice &#8211; NedZink\" \/>\n<meta property=\"og:description\" content=\"[vc_row css=&#8220;.vc_custom_1567677776819{margin-top: 40px !important;padding-top: 20px !important;background-color: #ffffff !important;}&#8220;][vc_column][vc_row_inner][vc_column_inner width=&#8220;1\/3&#8243;][mk_image heading_title=&#8220;NedZink NATUREL&#8220; src=&#8220;https:\/\/www.nedzink.com\/wp-content\/uploads\/2019\/04\/naturel-min.png&#8220; image_size=&#8220;full&#8220; link=&#8220;https:\/\/www.nedzink.com\/cs\/nedzink-naturel&#8220; target=&#8220;_blank&#8220; align=&#8220;center&#8220; margin_bottom=&#8220;25&#8243; el_class=&#8220;kleurenadvies&#8220;][mk_image heading_title=&#8220;NedZink NOVA COMPOSITE&#8220; src=&#8220;https:\/\/www.nedzink.com\/wp-content\/uploads\/2019\/04\/nova-composite-min.png&#8220; image_size=&#8220;full&#8220; link=&#8220;https:\/\/www.nedzink.com\/cs\/nedzink-nova-composite&#8220; target=&#8220;_blank&#8220; align=&#8220;center&#8220; margin_bottom=&#8220;25&#8243; el_class=&#8220;kleurenadvies&#8220;][\/vc_column_inner][vc_column_inner width=&#8220;1\/3&#8243;][mk_image heading_title=&#8220;NedZink NOVA&#8220; src=&#8220;https:\/\/www.nedzink.com\/wp-content\/uploads\/2019\/04\/nova-min.png&#8220; image_size=&#8220;full&#8220; link=&#8220;https:\/\/www.nedzink.com\/cs\/nedzink-nova&#8220; target=&#8220;_blank&#8220; align=&#8220;center&#8220; margin_bottom=&#8220;25&#8243; el_class=&#8220;kleurenadvies&#8220;][mk_image heading_title=&#8220;NedZink Pro-Tec&#8220; src=&#8220;https:\/\/www.nedzink.com\/wp-content\/uploads\/2019\/04\/protec-min.png&#8220; image_size=&#8220;full&#8220; link=&#8220;https:\/\/www.nedzink.com\/cs\/nedzink-pro-tec&#8220; target=&#8220;_blank&#8220; align=&#8220;center&#8220; margin_bottom=&#8220;25&#8243; el_class=&#8220;kleurenadvies&#8220;][\/vc_column_inner][vc_column_inner width=&#8220;1\/3&#8243;][mk_image heading_title=&#8220;NedZink NOIR&#8220; src=&#8220;https:\/\/www.nedzink.com\/wp-content\/uploads\/2019\/04\/no_ir-min.png&#8220; image_size=&#8220;full&#8220; link=&#8220;https:\/\/www.nedzink.com\/cs\/nedzink-noir&#8220; target=&#8220;_blank&#8220; align=&#8220;center&#8220; [&hellip;]\" \/>\n<meta property=\"og:url\" content=\"https:\/\/www.nedzink.com\/cs\/technicke-info\/provadeci-a-montazni-smernice\/provadeci-smernice\/\" \/>\n<meta property=\"og:site_name\" content=\"NedZink\" \/>\n<meta property=\"article:modified_time\" content=\"2022-03-14T12:33:21+00:00\" \/>\n<meta name=\"twitter:card\" content=\"summary_large_image\" \/>\n<meta name=\"twitter:label1\" content=\"Odhadovan\u00e1 doba \u010dten\u00ed\" \/>\n\t<meta name=\"twitter:data1\" content=\"1 minuta\" \/>\n<script type=\"application\/ld+json\" class=\"yoast-schema-graph\">{\"@context\":\"https:\/\/schema.org\",\"@graph\":[{\"@type\":\"WebPage\",\"@id\":\"https:\/\/www.nedzink.com\/cs\/technicke-info\/provadeci-a-montazni-smernice\/provadeci-smernice\/\",\"url\":\"https:\/\/www.nedzink.com\/cs\/technicke-info\/provadeci-a-montazni-smernice\/provadeci-smernice\/\",\"name\":\"Prov\u00e1d\u011bc\u00ed sm\u011brnice &#8211; NedZink\",\"isPartOf\":{\"@id\":\"https:\/\/www.nedzink.com\/cs\/#website\"},\"datePublished\":\"2019-06-04T12:53:36+00:00\",\"dateModified\":\"2022-03-14T12:33:21+00:00\",\"breadcrumb\":{\"@id\":\"https:\/\/www.nedzink.com\/cs\/technicke-info\/provadeci-a-montazni-smernice\/provadeci-smernice\/#breadcrumb\"},\"inLanguage\":\"cs\",\"potentialAction\":[{\"@type\":\"ReadAction\",\"target\":[\"https:\/\/www.nedzink.com\/cs\/technicke-info\/provadeci-a-montazni-smernice\/provadeci-smernice\/\"]}]},{\"@type\":\"BreadcrumbList\",\"@id\":\"https:\/\/www.nedzink.com\/cs\/technicke-info\/provadeci-a-montazni-smernice\/provadeci-smernice\/#breadcrumb\",\"itemListElement\":[{\"@type\":\"ListItem\",\"position\":1,\"name\":\"Home\",\"item\":\"https:\/\/www.nedzink.com\/cs\/\"},{\"@type\":\"ListItem\",\"position\":2,\"name\":\"Technick\u00e9 info\",\"item\":\"https:\/\/www.nedzink.com\/cs\/technicke-info\/\"},{\"@type\":\"ListItem\",\"position\":3,\"name\":\"Prov\u00e1d\u011bc\u00ed a mont\u00e1\u017en\u00ed sm\u011brnice\",\"item\":\"https:\/\/www.nedzink.com\/cs\/technicke-info\/provadeci-a-montazni-smernice\/\"},{\"@type\":\"ListItem\",\"position\":4,\"name\":\"Prov\u00e1d\u011bc\u00ed sm\u011brnice\"}]},{\"@type\":\"WebSite\",\"@id\":\"https:\/\/www.nedzink.com\/cs\/#website\",\"url\":\"https:\/\/www.nedzink.com\/cs\/\",\"name\":\"NedZink\",\"description\":\"Zink fabrikant\",\"publisher\":{\"@id\":\"https:\/\/www.nedzink.com\/cs\/#organization\"},\"potentialAction\":[{\"@type\":\"SearchAction\",\"target\":{\"@type\":\"EntryPoint\",\"urlTemplate\":\"https:\/\/www.nedzink.com\/cs\/?s={search_term_string}\"},\"query-input\":{\"@type\":\"PropertyValueSpecification\",\"valueRequired\":true,\"valueName\":\"search_term_string\"}}],\"inLanguage\":\"cs\"},{\"@type\":\"Organization\",\"@id\":\"https:\/\/www.nedzink.com\/cs\/#organization\",\"name\":\"NedZink\",\"url\":\"https:\/\/www.nedzink.com\/cs\/\",\"logo\":{\"@type\":\"ImageObject\",\"inLanguage\":\"cs\",\"@id\":\"https:\/\/www.nedzink.com\/cs\/#\/schema\/logo\/image\/\",\"url\":\"https:\/\/www.nedzink.com\/wp-content\/uploads\/2019\/08\/logo-nedzink_fc_zk.jpg\",\"contentUrl\":\"https:\/\/www.nedzink.com\/wp-content\/uploads\/2019\/08\/logo-nedzink_fc_zk.jpg\",\"width\":2160,\"height\":688,\"caption\":\"NedZink\"},\"image\":{\"@id\":\"https:\/\/www.nedzink.com\/cs\/#\/schema\/logo\/image\/\"}}]}<\/script>\n<!-- \/ Yoast SEO plugin. -->","yoast_head_json":{"title":"Prov\u00e1d\u011bc\u00ed sm\u011brnice &#8211; NedZink","robots":{"index":"index","follow":"follow","max-snippet":"max-snippet:-1","max-image-preview":"max-image-preview:large","max-video-preview":"max-video-preview:-1"},"canonical":"https:\/\/www.nedzink.com\/cs\/technicke-info\/provadeci-a-montazni-smernice\/provadeci-smernice\/","og_locale":"cs_CZ","og_type":"article","og_title":"Prov\u00e1d\u011bc\u00ed sm\u011brnice &#8211; NedZink","og_description":"[vc_row css=&#8220;.vc_custom_1567677776819{margin-top: 40px !important;padding-top: 20px !important;background-color: #ffffff !important;}&#8220;][vc_column][vc_row_inner][vc_column_inner width=&#8220;1\/3&#8243;][mk_image heading_title=&#8220;NedZink NATUREL&#8220; src=&#8220;https:\/\/www.nedzink.com\/wp-content\/uploads\/2019\/04\/naturel-min.png&#8220; image_size=&#8220;full&#8220; link=&#8220;https:\/\/www.nedzink.com\/cs\/nedzink-naturel&#8220; target=&#8220;_blank&#8220; align=&#8220;center&#8220; margin_bottom=&#8220;25&#8243; el_class=&#8220;kleurenadvies&#8220;][mk_image heading_title=&#8220;NedZink NOVA COMPOSITE&#8220; src=&#8220;https:\/\/www.nedzink.com\/wp-content\/uploads\/2019\/04\/nova-composite-min.png&#8220; image_size=&#8220;full&#8220; link=&#8220;https:\/\/www.nedzink.com\/cs\/nedzink-nova-composite&#8220; target=&#8220;_blank&#8220; align=&#8220;center&#8220; margin_bottom=&#8220;25&#8243; el_class=&#8220;kleurenadvies&#8220;][\/vc_column_inner][vc_column_inner width=&#8220;1\/3&#8243;][mk_image heading_title=&#8220;NedZink NOVA&#8220; src=&#8220;https:\/\/www.nedzink.com\/wp-content\/uploads\/2019\/04\/nova-min.png&#8220; image_size=&#8220;full&#8220; link=&#8220;https:\/\/www.nedzink.com\/cs\/nedzink-nova&#8220; target=&#8220;_blank&#8220; align=&#8220;center&#8220; margin_bottom=&#8220;25&#8243; el_class=&#8220;kleurenadvies&#8220;][mk_image heading_title=&#8220;NedZink Pro-Tec&#8220; src=&#8220;https:\/\/www.nedzink.com\/wp-content\/uploads\/2019\/04\/protec-min.png&#8220; image_size=&#8220;full&#8220; link=&#8220;https:\/\/www.nedzink.com\/cs\/nedzink-pro-tec&#8220; target=&#8220;_blank&#8220; align=&#8220;center&#8220; margin_bottom=&#8220;25&#8243; el_class=&#8220;kleurenadvies&#8220;][\/vc_column_inner][vc_column_inner width=&#8220;1\/3&#8243;][mk_image heading_title=&#8220;NedZink NOIR&#8220; src=&#8220;https:\/\/www.nedzink.com\/wp-content\/uploads\/2019\/04\/no_ir-min.png&#8220; image_size=&#8220;full&#8220; link=&#8220;https:\/\/www.nedzink.com\/cs\/nedzink-noir&#8220; target=&#8220;_blank&#8220; align=&#8220;center&#8220; [&hellip;]","og_url":"https:\/\/www.nedzink.com\/cs\/technicke-info\/provadeci-a-montazni-smernice\/provadeci-smernice\/","og_site_name":"NedZink","article_modified_time":"2022-03-14T12:33:21+00:00","twitter_card":"summary_large_image","twitter_misc":{"Odhadovan\u00e1 doba \u010dten\u00ed":"1 minuta"},"schema":{"@context":"https:\/\/schema.org","@graph":[{"@type":"WebPage","@id":"https:\/\/www.nedzink.com\/cs\/technicke-info\/provadeci-a-montazni-smernice\/provadeci-smernice\/","url":"https:\/\/www.nedzink.com\/cs\/technicke-info\/provadeci-a-montazni-smernice\/provadeci-smernice\/","name":"Prov\u00e1d\u011bc\u00ed sm\u011brnice &#8211; NedZink","isPartOf":{"@id":"https:\/\/www.nedzink.com\/cs\/#website"},"datePublished":"2019-06-04T12:53:36+00:00","dateModified":"2022-03-14T12:33:21+00:00","breadcrumb":{"@id":"https:\/\/www.nedzink.com\/cs\/technicke-info\/provadeci-a-montazni-smernice\/provadeci-smernice\/#breadcrumb"},"inLanguage":"cs","potentialAction":[{"@type":"ReadAction","target":["https:\/\/www.nedzink.com\/cs\/technicke-info\/provadeci-a-montazni-smernice\/provadeci-smernice\/"]}]},{"@type":"BreadcrumbList","@id":"https:\/\/www.nedzink.com\/cs\/technicke-info\/provadeci-a-montazni-smernice\/provadeci-smernice\/#breadcrumb","itemListElement":[{"@type":"ListItem","position":1,"name":"Home","item":"https:\/\/www.nedzink.com\/cs\/"},{"@type":"ListItem","position":2,"name":"Technick\u00e9 info","item":"https:\/\/www.nedzink.com\/cs\/technicke-info\/"},{"@type":"ListItem","position":3,"name":"Prov\u00e1d\u011bc\u00ed a mont\u00e1\u017en\u00ed sm\u011brnice","item":"https:\/\/www.nedzink.com\/cs\/technicke-info\/provadeci-a-montazni-smernice\/"},{"@type":"ListItem","position":4,"name":"Prov\u00e1d\u011bc\u00ed sm\u011brnice"}]},{"@type":"WebSite","@id":"https:\/\/www.nedzink.com\/cs\/#website","url":"https:\/\/www.nedzink.com\/cs\/","name":"NedZink","description":"Zink fabrikant","publisher":{"@id":"https:\/\/www.nedzink.com\/cs\/#organization"},"potentialAction":[{"@type":"SearchAction","target":{"@type":"EntryPoint","urlTemplate":"https:\/\/www.nedzink.com\/cs\/?s={search_term_string}"},"query-input":{"@type":"PropertyValueSpecification","valueRequired":true,"valueName":"search_term_string"}}],"inLanguage":"cs"},{"@type":"Organization","@id":"https:\/\/www.nedzink.com\/cs\/#organization","name":"NedZink","url":"https:\/\/www.nedzink.com\/cs\/","logo":{"@type":"ImageObject","inLanguage":"cs","@id":"https:\/\/www.nedzink.com\/cs\/#\/schema\/logo\/image\/","url":"https:\/\/www.nedzink.com\/wp-content\/uploads\/2019\/08\/logo-nedzink_fc_zk.jpg","contentUrl":"https:\/\/www.nedzink.com\/wp-content\/uploads\/2019\/08\/logo-nedzink_fc_zk.jpg","width":2160,"height":688,"caption":"NedZink"},"image":{"@id":"https:\/\/www.nedzink.com\/cs\/#\/schema\/logo\/image\/"}}]}},"_links":{"self":[{"href":"https:\/\/www.nedzink.com\/cs\/wp-json\/wp\/v2\/pages\/30558","targetHints":{"allow":["GET"]}}],"collection":[{"href":"https:\/\/www.nedzink.com\/cs\/wp-json\/wp\/v2\/pages"}],"about":[{"href":"https:\/\/www.nedzink.com\/cs\/wp-json\/wp\/v2\/types\/page"}],"author":[{"embeddable":true,"href":"https:\/\/www.nedzink.com\/cs\/wp-json\/wp\/v2\/users\/9"}],"replies":[{"embeddable":true,"href":"https:\/\/www.nedzink.com\/cs\/wp-json\/wp\/v2\/comments?post=30558"}],"version-history":[{"count":0,"href":"https:\/\/www.nedzink.com\/cs\/wp-json\/wp\/v2\/pages\/30558\/revisions"}],"up":[{"embeddable":true,"href":"https:\/\/www.nedzink.com\/cs\/wp-json\/wp\/v2\/pages\/30538"}],"wp:attachment":[{"href":"https:\/\/www.nedzink.com\/cs\/wp-json\/wp\/v2\/media?parent=30558"}],"curies":[{"name":"wp","href":"https:\/\/api.w.org\/{rel}","templated":true}]}}