{"id":30548,"date":"2019-06-04T14:53:34","date_gmt":"2019-06-04T12:53:34","guid":{"rendered":"http:\/\/136.144.181.85\/~nedzink\/technicke-info\/provadeci-a-montazni-smernice\/provadeci-smernice-a-normy\/"},"modified":"2019-06-04T14:53:34","modified_gmt":"2019-06-04T12:53:34","slug":"provadeci-smernice-a-normy","status":"publish","type":"page","link":"https:\/\/www.nedzink.com\/cs\/provadeci-smernice-a-normy\/","title":{"rendered":"Prov\u00e1d\u011bc\u00ed sm\u011brnice a normy"},"content":{"rendered":"<p>\n\t&nbsp;<\/p>\n<p>\n\tV&scaron;echny pr&aacute;ce s v&yacute;robky NedZink se prov&aacute;d\u011bj&iacute; podle uzn&aacute;van&yacute;ch pravidel techniky.<\/p>\n<p>\n\tTechnick&yacute; a pr&aacute;vn&iacute; podklad pro pr&aacute;ce s v&yacute;robky NedZink tvo\u0159&iacute; platn&eacute; n&aacute;rodn&iacute; a mezin&aacute;rodn&iacute; normy, stavebn&iacute; \u0159&aacute;dy, odborn&eacute; normy jednotliv&yacute;ch \u0159emesel a normalizovan&eacute; podm&iacute;nky pro ud\u011blov&aacute;n&iacute; a vykon&aacute;v&aacute;n&iacute; stavebn&iacute;ch prac&iacute;.<\/p>\n<p>\n\tNa dopln\u011bn&iacute; mohou existovat pro ur\u010dit&aacute; pou\u017eit&iacute; technick&eacute; normy a pokyny ke zpracov&aacute;n&iacute; NedZink. Tyto je potom nutn&eacute; tak&eacute; dodr\u017eovat.<\/p>\n<h2>\n\tTeplota kovu<\/h2>\n<p>\n\tP\u0159i zpracov&aacute;n&iacute; ploch&eacute;ho materi&aacute;lu NedZink strojn&iacute;m nebo manu&aacute;ln&iacute;m zp\u016fsobem je nutn&eacute; dodr\u017eet minim&aacute;ln&iacute; teplotu kovu 10&ordm; C. To plat&iacute; obzvl&aacute;&scaron;\u0165 pro n&aacute;razov&eacute; tvarovac&iacute; techniky jako je nap\u0159. za pomoci kladiva a dr&aacute;\u017ekovan&eacute;ho \u017eeleza. Je nutn&eacute; si uv\u011bdomit, \u017ee teplota kovu se m\u016f\u017ee v z&aacute;vislosti na klimatick&yacute;ch podm&iacute;nk&aacute;ch zna\u010dn\u011b li&scaron;it od p\u0159evl&aacute;daj&iacute;c&iacute; teploty okol&iacute;. Jistotu v p\u0159&iacute;pad\u011b pochybnost&iacute; lze z&iacute;skat pouze zm\u011b\u0159en&iacute;m teploty p\u0159&iacute;mo na kovu. To se m\u016f\u017ee prov&aacute;d\u011bt nap\u0159. digit&aacute;ln&iacute;mi m\u011b\u0159idly, kter&aacute; jsou dnes cenov\u011b velmi v&yacute;hodn&aacute;.<\/p>\n<p>\n\t<strong>Zah\u0159&aacute;t&iacute;:<\/strong><\/p>\n<p>\n\tJestli\u017ee teplota je v&yacute;razn\u011b ni\u017e&scaron;&iacute; ne\u017e v&yacute;&scaron;e uveden&aacute; minim&aacute;ln&iacute; teplota, je mo\u017en&eacute; pro zabr&aacute;n\u011bn&iacute; siln&eacute; deformaci b\u011bhem zpracov&aacute;n&iacute; prov&eacute;st p\u0159edeh\u0159&aacute;t&iacute; vhodn&yacute;mi p\u0159&iacute;stroji (nap\u0159. za\u0159&iacute;zen&iacute;m pro vh&aacute;n\u011bn&iacute; hork&eacute;ho vzduchu). Tato metoda m&aacute; ale p\u0159i pou\u017eit&iacute; v praxi sv&eacute; hranice, a to pokud teplota kovu dosahuje v&yacute;znamn\u011b z&aacute;porn&yacute;ch hodnot (asi -10 &ordm;C).<\/p>\n<p>\n\tJestli\u017ee nutnost zah\u0159&aacute;t&iacute; p\u0159ich&aacute;z&iacute; v &uacute;vahu (v dob\u011b v&yacute;stavby v zimn&iacute;ch m\u011bs&iacute;c&iacute;ch), je nutn&eacute; ji zohlednit v kalkulaci a cenov&eacute; nab&iacute;dce.<\/p>\n","protected":false},"excerpt":{"rendered":"<p>&nbsp; V&scaron;echny pr&aacute;ce s v&yacute;robky NedZink se prov&aacute;d\u011bj&iacute; podle uzn&aacute;van&yacute;ch pravidel techniky. Technick&yacute; a pr&aacute;vn&iacute; podklad pro pr&aacute;ce s v&yacute;robky NedZink tvo\u0159&iacute; platn&eacute; n&aacute;rodn&iacute; a mezin&aacute;rodn&iacute; normy, stavebn&iacute; \u0159&aacute;dy, odborn&eacute; normy jednotliv&yacute;ch \u0159emesel a normalizovan&eacute; podm&iacute;nky pro ud\u011blov&aacute;n&iacute; a vykon&aacute;v&aacute;n&iacute; stavebn&iacute;ch prac&iacute;. Na dopln\u011bn&iacute; mohou existovat pro ur\u010dit&aacute; pou\u017eit&iacute; technick&eacute; normy a pokyny ke zpracov&aacute;n&iacute; [&hellip;]<\/p>\n","protected":false},"author":9,"featured_media":0,"parent":0,"menu_order":510,"comment_status":"closed","ping_status":"closed","template":"template-import.php","meta":{"_acf_changed":false,"footnotes":""},"class_list":["post-30548","page","type-page","status-publish","hentry"],"acf":[],"yoast_head":"<!-- This site is optimized with the Yoast SEO plugin v26.8 - https:\/\/yoast.com\/product\/yoast-seo-wordpress\/ -->\n<title>Prov\u00e1d\u011bc\u00ed sm\u011brnice a normy \u2013 NedZink<\/title>\n<meta name=\"robots\" content=\"index, follow, max-snippet:-1, max-image-preview:large, max-video-preview:-1\" \/>\n<link rel=\"canonical\" href=\"https:\/\/www.nedzink.com\/cs\/provadeci-smernice-a-normy\/\" \/>\n<meta property=\"og:locale\" content=\"cs_CZ\" \/>\n<meta property=\"og:type\" content=\"article\" \/>\n<meta property=\"og:title\" content=\"Prov\u00e1d\u011bc\u00ed sm\u011brnice a normy \u2013 NedZink\" \/>\n<meta property=\"og:description\" content=\"&nbsp; V&scaron;echny pr&aacute;ce s v&yacute;robky NedZink se prov&aacute;d\u011bj&iacute; podle uzn&aacute;van&yacute;ch pravidel techniky. Technick&yacute; a pr&aacute;vn&iacute; podklad pro pr&aacute;ce s v&yacute;robky NedZink tvo\u0159&iacute; platn&eacute; n&aacute;rodn&iacute; a mezin&aacute;rodn&iacute; normy, stavebn&iacute; \u0159&aacute;dy, odborn&eacute; normy jednotliv&yacute;ch \u0159emesel a normalizovan&eacute; podm&iacute;nky pro ud\u011blov&aacute;n&iacute; a vykon&aacute;v&aacute;n&iacute; stavebn&iacute;ch prac&iacute;. Na dopln\u011bn&iacute; mohou existovat pro ur\u010dit&aacute; pou\u017eit&iacute; technick&eacute; normy a pokyny ke zpracov&aacute;n&iacute; [&hellip;]\" \/>\n<meta property=\"og:url\" content=\"https:\/\/www.nedzink.com\/cs\/provadeci-smernice-a-normy\/\" \/>\n<meta property=\"og:site_name\" content=\"NedZink\" \/>\n<meta name=\"twitter:card\" content=\"summary_large_image\" \/>\n<meta name=\"twitter:label1\" content=\"Odhadovan\u00e1 doba \u010dten\u00ed\" \/>\n\t<meta name=\"twitter:data1\" content=\"2 minuty\" \/>\n<script type=\"application\/ld+json\" class=\"yoast-schema-graph\">{\"@context\":\"https:\/\/schema.org\",\"@graph\":[{\"@type\":\"WebPage\",\"@id\":\"https:\/\/www.nedzink.com\/cs\/provadeci-smernice-a-normy\/\",\"url\":\"https:\/\/www.nedzink.com\/cs\/provadeci-smernice-a-normy\/\",\"name\":\"Prov\u00e1d\u011bc\u00ed sm\u011brnice a normy \u2013 NedZink\",\"isPartOf\":{\"@id\":\"https:\/\/www.nedzink.com\/cs\/#website\"},\"datePublished\":\"2019-06-04T12:53:34+00:00\",\"breadcrumb\":{\"@id\":\"https:\/\/www.nedzink.com\/cs\/provadeci-smernice-a-normy\/#breadcrumb\"},\"inLanguage\":\"cs\",\"potentialAction\":[{\"@type\":\"ReadAction\",\"target\":[\"https:\/\/www.nedzink.com\/cs\/provadeci-smernice-a-normy\/\"]}]},{\"@type\":\"BreadcrumbList\",\"@id\":\"https:\/\/www.nedzink.com\/cs\/provadeci-smernice-a-normy\/#breadcrumb\",\"itemListElement\":[{\"@type\":\"ListItem\",\"position\":1,\"name\":\"Home\",\"item\":\"https:\/\/www.nedzink.com\/cs\/\"},{\"@type\":\"ListItem\",\"position\":2,\"name\":\"Prov\u00e1d\u011bc\u00ed sm\u011brnice a normy\"}]},{\"@type\":\"WebSite\",\"@id\":\"https:\/\/www.nedzink.com\/cs\/#website\",\"url\":\"https:\/\/www.nedzink.com\/cs\/\",\"name\":\"NedZink\",\"description\":\"Zink fabrikant\",\"publisher\":{\"@id\":\"https:\/\/www.nedzink.com\/cs\/#organization\"},\"potentialAction\":[{\"@type\":\"SearchAction\",\"target\":{\"@type\":\"EntryPoint\",\"urlTemplate\":\"https:\/\/www.nedzink.com\/cs\/?s={search_term_string}\"},\"query-input\":{\"@type\":\"PropertyValueSpecification\",\"valueRequired\":true,\"valueName\":\"search_term_string\"}}],\"inLanguage\":\"cs\"},{\"@type\":\"Organization\",\"@id\":\"https:\/\/www.nedzink.com\/cs\/#organization\",\"name\":\"NedZink\",\"url\":\"https:\/\/www.nedzink.com\/cs\/\",\"logo\":{\"@type\":\"ImageObject\",\"inLanguage\":\"cs\",\"@id\":\"https:\/\/www.nedzink.com\/cs\/#\/schema\/logo\/image\/\",\"url\":\"https:\/\/www.nedzink.com\/wp-content\/uploads\/2019\/08\/logo-nedzink_fc_zk.jpg\",\"contentUrl\":\"https:\/\/www.nedzink.com\/wp-content\/uploads\/2019\/08\/logo-nedzink_fc_zk.jpg\",\"width\":2160,\"height\":688,\"caption\":\"NedZink\"},\"image\":{\"@id\":\"https:\/\/www.nedzink.com\/cs\/#\/schema\/logo\/image\/\"}}]}<\/script>\n<!-- \/ Yoast SEO plugin. -->","yoast_head_json":{"title":"Prov\u00e1d\u011bc\u00ed sm\u011brnice a normy \u2013 NedZink","robots":{"index":"index","follow":"follow","max-snippet":"max-snippet:-1","max-image-preview":"max-image-preview:large","max-video-preview":"max-video-preview:-1"},"canonical":"https:\/\/www.nedzink.com\/cs\/provadeci-smernice-a-normy\/","og_locale":"cs_CZ","og_type":"article","og_title":"Prov\u00e1d\u011bc\u00ed sm\u011brnice a normy \u2013 NedZink","og_description":"&nbsp; V&scaron;echny pr&aacute;ce s v&yacute;robky NedZink se prov&aacute;d\u011bj&iacute; podle uzn&aacute;van&yacute;ch pravidel techniky. Technick&yacute; a pr&aacute;vn&iacute; podklad pro pr&aacute;ce s v&yacute;robky NedZink tvo\u0159&iacute; platn&eacute; n&aacute;rodn&iacute; a mezin&aacute;rodn&iacute; normy, stavebn&iacute; \u0159&aacute;dy, odborn&eacute; normy jednotliv&yacute;ch \u0159emesel a normalizovan&eacute; podm&iacute;nky pro ud\u011blov&aacute;n&iacute; a vykon&aacute;v&aacute;n&iacute; stavebn&iacute;ch prac&iacute;. Na dopln\u011bn&iacute; mohou existovat pro ur\u010dit&aacute; pou\u017eit&iacute; technick&eacute; normy a pokyny ke zpracov&aacute;n&iacute; [&hellip;]","og_url":"https:\/\/www.nedzink.com\/cs\/provadeci-smernice-a-normy\/","og_site_name":"NedZink","twitter_card":"summary_large_image","twitter_misc":{"Odhadovan\u00e1 doba \u010dten\u00ed":"2 minuty"},"schema":{"@context":"https:\/\/schema.org","@graph":[{"@type":"WebPage","@id":"https:\/\/www.nedzink.com\/cs\/provadeci-smernice-a-normy\/","url":"https:\/\/www.nedzink.com\/cs\/provadeci-smernice-a-normy\/","name":"Prov\u00e1d\u011bc\u00ed sm\u011brnice a normy \u2013 NedZink","isPartOf":{"@id":"https:\/\/www.nedzink.com\/cs\/#website"},"datePublished":"2019-06-04T12:53:34+00:00","breadcrumb":{"@id":"https:\/\/www.nedzink.com\/cs\/provadeci-smernice-a-normy\/#breadcrumb"},"inLanguage":"cs","potentialAction":[{"@type":"ReadAction","target":["https:\/\/www.nedzink.com\/cs\/provadeci-smernice-a-normy\/"]}]},{"@type":"BreadcrumbList","@id":"https:\/\/www.nedzink.com\/cs\/provadeci-smernice-a-normy\/#breadcrumb","itemListElement":[{"@type":"ListItem","position":1,"name":"Home","item":"https:\/\/www.nedzink.com\/cs\/"},{"@type":"ListItem","position":2,"name":"Prov\u00e1d\u011bc\u00ed sm\u011brnice a normy"}]},{"@type":"WebSite","@id":"https:\/\/www.nedzink.com\/cs\/#website","url":"https:\/\/www.nedzink.com\/cs\/","name":"NedZink","description":"Zink fabrikant","publisher":{"@id":"https:\/\/www.nedzink.com\/cs\/#organization"},"potentialAction":[{"@type":"SearchAction","target":{"@type":"EntryPoint","urlTemplate":"https:\/\/www.nedzink.com\/cs\/?s={search_term_string}"},"query-input":{"@type":"PropertyValueSpecification","valueRequired":true,"valueName":"search_term_string"}}],"inLanguage":"cs"},{"@type":"Organization","@id":"https:\/\/www.nedzink.com\/cs\/#organization","name":"NedZink","url":"https:\/\/www.nedzink.com\/cs\/","logo":{"@type":"ImageObject","inLanguage":"cs","@id":"https:\/\/www.nedzink.com\/cs\/#\/schema\/logo\/image\/","url":"https:\/\/www.nedzink.com\/wp-content\/uploads\/2019\/08\/logo-nedzink_fc_zk.jpg","contentUrl":"https:\/\/www.nedzink.com\/wp-content\/uploads\/2019\/08\/logo-nedzink_fc_zk.jpg","width":2160,"height":688,"caption":"NedZink"},"image":{"@id":"https:\/\/www.nedzink.com\/cs\/#\/schema\/logo\/image\/"}}]}},"_links":{"self":[{"href":"https:\/\/www.nedzink.com\/cs\/wp-json\/wp\/v2\/pages\/30548","targetHints":{"allow":["GET"]}}],"collection":[{"href":"https:\/\/www.nedzink.com\/cs\/wp-json\/wp\/v2\/pages"}],"about":[{"href":"https:\/\/www.nedzink.com\/cs\/wp-json\/wp\/v2\/types\/page"}],"author":[{"embeddable":true,"href":"https:\/\/www.nedzink.com\/cs\/wp-json\/wp\/v2\/users\/9"}],"replies":[{"embeddable":true,"href":"https:\/\/www.nedzink.com\/cs\/wp-json\/wp\/v2\/comments?post=30548"}],"version-history":[{"count":0,"href":"https:\/\/www.nedzink.com\/cs\/wp-json\/wp\/v2\/pages\/30548\/revisions"}],"wp:attachment":[{"href":"https:\/\/www.nedzink.com\/cs\/wp-json\/wp\/v2\/media?parent=30548"}],"curies":[{"name":"wp","href":"https:\/\/api.w.org\/{rel}","templated":true}]}}