{"id":30528,"date":"2019-06-04T14:53:29","date_gmt":"2019-06-04T12:53:29","guid":{"rendered":"http:\/\/136.144.181.85\/~nedzink\/technicke-info\/"},"modified":"2021-04-06T17:03:41","modified_gmt":"2021-04-06T15:03:41","slug":"technicke-info","status":"publish","type":"page","link":"https:\/\/www.nedzink.com\/cs\/technicke-info\/","title":{"rendered":"Technick\u00e9 info"},"content":{"rendered":"<p>\n\t<img decoding=\"async\" alt=\"\" src=\"https:\/\/www.nedzink.com\/wp-content\/uploads\/import\/cms\/userfiles\/images\/divers\/support_crop.jpg\" style=\"width: 200px; float: right; height: 162px; margin-left: 5px; margin-right: 5px\" \/><\/p>\n<p>\n\t&nbsp;<\/p>\n<p>\n\tKapitola &quot;Technick&eacute; informace&quot; nab&iacute;z&iacute; rozs&aacute;hl&yacute; informa\u010dn&iacute; servis pro praxi. Architekti, prodejci, zpracovatel&eacute; a stavebn&iacute;ci zde naleznou nejd\u016fle\u017eit\u011bj&scaron;&iacute; odpov\u011bdi na sv&eacute; ot&aacute;zky po\u010d&iacute;naj&iacute;c pl&aacute;nov&aacute;n&iacute;m, p\u0159es rozpis dod&aacute;vek a\u017e po pou\u017eit&iacute; v&yacute;robk\u016f NedZink.<\/p>\n<p>\n\tK dispozici ke sta\u017een&iacute; jsou detaily CAD, certifik&aacute;ty kvality a pokyny ke zpracov&aacute;n&iacute; , a to pro r\u016fzn&eacute; oblasti pou\u017eit&iacute;. Samoz\u0159ejmost&iacute; je tak&eacute; vypracov&aacute;n&iacute; konkr&eacute;tn&iacute;ho \u0159e&scaron;en&iacute; Va&scaron;eho objektu nebo V&aacute;m r&aacute;di porad&iacute;me p\u0159&iacute;mo na m&iacute;st\u011b.<\/p>\n<p>\n\tJestli\u017ee si p\u0159ejete osobn&iacute; rozhovor, sta\u010d&iacute; kontaktovat na&scaron;eho technika.<\/p>\n<p>\n\t&nbsp;&nbsp;&nbsp;&nbsp;&nbsp;&nbsp;&nbsp;&nbsp;&nbsp;&nbsp;&nbsp;&nbsp;&nbsp;&nbsp;&nbsp;&nbsp;&nbsp;&nbsp;&nbsp;&nbsp;&nbsp;&nbsp;&nbsp;&nbsp;&nbsp;&nbsp;&nbsp;&nbsp;&nbsp;&nbsp;&nbsp;&nbsp;&nbsp;&nbsp;&nbsp;&nbsp;&nbsp;&nbsp;&nbsp;&nbsp;&nbsp;&nbsp;&nbsp;&nbsp;&nbsp;&nbsp;&nbsp;&nbsp;&nbsp;&nbsp;&nbsp;&nbsp;&nbsp;&nbsp;&nbsp;&nbsp;&nbsp;&nbsp;&nbsp;&nbsp;<span style=\"display: none\">&nbsp;<\/span><\/p>\n","protected":false},"excerpt":{"rendered":"<p>&nbsp; Kapitola &quot;Technick&eacute; informace&quot; nab&iacute;z&iacute; rozs&aacute;hl&yacute; informa\u010dn&iacute; servis pro praxi. Architekti, prodejci, zpracovatel&eacute; a stavebn&iacute;ci zde naleznou nejd\u016fle\u017eit\u011bj&scaron;&iacute; odpov\u011bdi na sv&eacute; ot&aacute;zky po\u010d&iacute;naj&iacute;c pl&aacute;nov&aacute;n&iacute;m, p\u0159es rozpis dod&aacute;vek a\u017e po pou\u017eit&iacute; v&yacute;robk\u016f NedZink. K dispozici ke sta\u017een&iacute; jsou detaily CAD, certifik&aacute;ty kvality a pokyny ke zpracov&aacute;n&iacute; , a to pro r\u016fzn&eacute; oblasti pou\u017eit&iacute;. Samoz\u0159ejmost&iacute; je tak&eacute; [&hellip;]<\/p>\n","protected":false},"author":9,"featured_media":0,"parent":0,"menu_order":50,"comment_status":"closed","ping_status":"closed","template":"template-import.php","meta":{"_acf_changed":false,"footnotes":""},"class_list":["post-30528","page","type-page","status-publish","hentry"],"acf":[],"yoast_head":"<!-- This site is optimized with the Yoast SEO plugin v26.8 - https:\/\/yoast.com\/product\/yoast-seo-wordpress\/ -->\n<title>Technick\u00e9 info &#8211; NedZink<\/title>\n<meta name=\"robots\" content=\"index, follow, max-snippet:-1, max-image-preview:large, max-video-preview:-1\" \/>\n<link rel=\"canonical\" href=\"https:\/\/www.nedzink.com\/cs\/technicke-info\/\" \/>\n<meta property=\"og:locale\" content=\"cs_CZ\" \/>\n<meta property=\"og:type\" content=\"article\" \/>\n<meta property=\"og:title\" content=\"Technick\u00e9 info &#8211; NedZink\" \/>\n<meta property=\"og:description\" content=\"&nbsp; Kapitola &quot;Technick&eacute; informace&quot; nab&iacute;z&iacute; rozs&aacute;hl&yacute; informa\u010dn&iacute; servis pro praxi. Architekti, prodejci, zpracovatel&eacute; a stavebn&iacute;ci zde naleznou nejd\u016fle\u017eit\u011bj&scaron;&iacute; odpov\u011bdi na sv&eacute; ot&aacute;zky po\u010d&iacute;naj&iacute;c pl&aacute;nov&aacute;n&iacute;m, p\u0159es rozpis dod&aacute;vek a\u017e po pou\u017eit&iacute; v&yacute;robk\u016f NedZink. K dispozici ke sta\u017een&iacute; jsou detaily CAD, certifik&aacute;ty kvality a pokyny ke zpracov&aacute;n&iacute; , a to pro r\u016fzn&eacute; oblasti pou\u017eit&iacute;. Samoz\u0159ejmost&iacute; je tak&eacute; [&hellip;]\" \/>\n<meta property=\"og:url\" content=\"https:\/\/www.nedzink.com\/cs\/technicke-info\/\" \/>\n<meta property=\"og:site_name\" content=\"NedZink\" \/>\n<meta property=\"article:modified_time\" content=\"2021-04-06T15:03:41+00:00\" \/>\n<meta property=\"og:image\" content=\"https:\/\/www.nedzink.com\/wp-content\/uploads\/import\/cms\/userfiles\/images\/divers\/support_crop.jpg\" \/>\n<meta name=\"twitter:card\" content=\"summary_large_image\" \/>\n<meta name=\"twitter:label1\" content=\"Odhadovan\u00e1 doba \u010dten\u00ed\" \/>\n\t<meta name=\"twitter:data1\" content=\"1 minuta\" \/>\n<script type=\"application\/ld+json\" class=\"yoast-schema-graph\">{\"@context\":\"https:\/\/schema.org\",\"@graph\":[{\"@type\":\"WebPage\",\"@id\":\"https:\/\/www.nedzink.com\/cs\/technicke-info\/\",\"url\":\"https:\/\/www.nedzink.com\/cs\/technicke-info\/\",\"name\":\"Technick\u00e9 info &#8211; NedZink\",\"isPartOf\":{\"@id\":\"https:\/\/www.nedzink.com\/cs\/#website\"},\"primaryImageOfPage\":{\"@id\":\"https:\/\/www.nedzink.com\/cs\/technicke-info\/#primaryimage\"},\"image\":{\"@id\":\"https:\/\/www.nedzink.com\/cs\/technicke-info\/#primaryimage\"},\"thumbnailUrl\":\"https:\/\/www.nedzink.com\/wp-content\/uploads\/import\/cms\/userfiles\/images\/divers\/support_crop.jpg\",\"datePublished\":\"2019-06-04T12:53:29+00:00\",\"dateModified\":\"2021-04-06T15:03:41+00:00\",\"breadcrumb\":{\"@id\":\"https:\/\/www.nedzink.com\/cs\/technicke-info\/#breadcrumb\"},\"inLanguage\":\"cs\",\"potentialAction\":[{\"@type\":\"ReadAction\",\"target\":[\"https:\/\/www.nedzink.com\/cs\/technicke-info\/\"]}]},{\"@type\":\"ImageObject\",\"inLanguage\":\"cs\",\"@id\":\"https:\/\/www.nedzink.com\/cs\/technicke-info\/#primaryimage\",\"url\":\"https:\/\/www.nedzink.com\/wp-content\/uploads\/import\/cms\/userfiles\/images\/divers\/support_crop.jpg\",\"contentUrl\":\"https:\/\/www.nedzink.com\/wp-content\/uploads\/import\/cms\/userfiles\/images\/divers\/support_crop.jpg\"},{\"@type\":\"BreadcrumbList\",\"@id\":\"https:\/\/www.nedzink.com\/cs\/technicke-info\/#breadcrumb\",\"itemListElement\":[{\"@type\":\"ListItem\",\"position\":1,\"name\":\"Home\",\"item\":\"https:\/\/www.nedzink.com\/cs\/\"},{\"@type\":\"ListItem\",\"position\":2,\"name\":\"Technick\u00e9 info\"}]},{\"@type\":\"WebSite\",\"@id\":\"https:\/\/www.nedzink.com\/cs\/#website\",\"url\":\"https:\/\/www.nedzink.com\/cs\/\",\"name\":\"NedZink\",\"description\":\"Zink fabrikant\",\"publisher\":{\"@id\":\"https:\/\/www.nedzink.com\/cs\/#organization\"},\"potentialAction\":[{\"@type\":\"SearchAction\",\"target\":{\"@type\":\"EntryPoint\",\"urlTemplate\":\"https:\/\/www.nedzink.com\/cs\/?s={search_term_string}\"},\"query-input\":{\"@type\":\"PropertyValueSpecification\",\"valueRequired\":true,\"valueName\":\"search_term_string\"}}],\"inLanguage\":\"cs\"},{\"@type\":\"Organization\",\"@id\":\"https:\/\/www.nedzink.com\/cs\/#organization\",\"name\":\"NedZink\",\"url\":\"https:\/\/www.nedzink.com\/cs\/\",\"logo\":{\"@type\":\"ImageObject\",\"inLanguage\":\"cs\",\"@id\":\"https:\/\/www.nedzink.com\/cs\/#\/schema\/logo\/image\/\",\"url\":\"https:\/\/www.nedzink.com\/wp-content\/uploads\/2019\/08\/logo-nedzink_fc_zk.jpg\",\"contentUrl\":\"https:\/\/www.nedzink.com\/wp-content\/uploads\/2019\/08\/logo-nedzink_fc_zk.jpg\",\"width\":2160,\"height\":688,\"caption\":\"NedZink\"},\"image\":{\"@id\":\"https:\/\/www.nedzink.com\/cs\/#\/schema\/logo\/image\/\"}}]}<\/script>\n<!-- \/ Yoast SEO plugin. -->","yoast_head_json":{"title":"Technick\u00e9 info &#8211; NedZink","robots":{"index":"index","follow":"follow","max-snippet":"max-snippet:-1","max-image-preview":"max-image-preview:large","max-video-preview":"max-video-preview:-1"},"canonical":"https:\/\/www.nedzink.com\/cs\/technicke-info\/","og_locale":"cs_CZ","og_type":"article","og_title":"Technick\u00e9 info &#8211; NedZink","og_description":"&nbsp; Kapitola &quot;Technick&eacute; informace&quot; nab&iacute;z&iacute; rozs&aacute;hl&yacute; informa\u010dn&iacute; servis pro praxi. Architekti, prodejci, zpracovatel&eacute; a stavebn&iacute;ci zde naleznou nejd\u016fle\u017eit\u011bj&scaron;&iacute; odpov\u011bdi na sv&eacute; ot&aacute;zky po\u010d&iacute;naj&iacute;c pl&aacute;nov&aacute;n&iacute;m, p\u0159es rozpis dod&aacute;vek a\u017e po pou\u017eit&iacute; v&yacute;robk\u016f NedZink. K dispozici ke sta\u017een&iacute; jsou detaily CAD, certifik&aacute;ty kvality a pokyny ke zpracov&aacute;n&iacute; , a to pro r\u016fzn&eacute; oblasti pou\u017eit&iacute;. Samoz\u0159ejmost&iacute; je tak&eacute; [&hellip;]","og_url":"https:\/\/www.nedzink.com\/cs\/technicke-info\/","og_site_name":"NedZink","article_modified_time":"2021-04-06T15:03:41+00:00","og_image":[{"url":"https:\/\/www.nedzink.com\/wp-content\/uploads\/import\/cms\/userfiles\/images\/divers\/support_crop.jpg","type":"","width":"","height":""}],"twitter_card":"summary_large_image","twitter_misc":{"Odhadovan\u00e1 doba \u010dten\u00ed":"1 minuta"},"schema":{"@context":"https:\/\/schema.org","@graph":[{"@type":"WebPage","@id":"https:\/\/www.nedzink.com\/cs\/technicke-info\/","url":"https:\/\/www.nedzink.com\/cs\/technicke-info\/","name":"Technick\u00e9 info &#8211; NedZink","isPartOf":{"@id":"https:\/\/www.nedzink.com\/cs\/#website"},"primaryImageOfPage":{"@id":"https:\/\/www.nedzink.com\/cs\/technicke-info\/#primaryimage"},"image":{"@id":"https:\/\/www.nedzink.com\/cs\/technicke-info\/#primaryimage"},"thumbnailUrl":"https:\/\/www.nedzink.com\/wp-content\/uploads\/import\/cms\/userfiles\/images\/divers\/support_crop.jpg","datePublished":"2019-06-04T12:53:29+00:00","dateModified":"2021-04-06T15:03:41+00:00","breadcrumb":{"@id":"https:\/\/www.nedzink.com\/cs\/technicke-info\/#breadcrumb"},"inLanguage":"cs","potentialAction":[{"@type":"ReadAction","target":["https:\/\/www.nedzink.com\/cs\/technicke-info\/"]}]},{"@type":"ImageObject","inLanguage":"cs","@id":"https:\/\/www.nedzink.com\/cs\/technicke-info\/#primaryimage","url":"https:\/\/www.nedzink.com\/wp-content\/uploads\/import\/cms\/userfiles\/images\/divers\/support_crop.jpg","contentUrl":"https:\/\/www.nedzink.com\/wp-content\/uploads\/import\/cms\/userfiles\/images\/divers\/support_crop.jpg"},{"@type":"BreadcrumbList","@id":"https:\/\/www.nedzink.com\/cs\/technicke-info\/#breadcrumb","itemListElement":[{"@type":"ListItem","position":1,"name":"Home","item":"https:\/\/www.nedzink.com\/cs\/"},{"@type":"ListItem","position":2,"name":"Technick\u00e9 info"}]},{"@type":"WebSite","@id":"https:\/\/www.nedzink.com\/cs\/#website","url":"https:\/\/www.nedzink.com\/cs\/","name":"NedZink","description":"Zink fabrikant","publisher":{"@id":"https:\/\/www.nedzink.com\/cs\/#organization"},"potentialAction":[{"@type":"SearchAction","target":{"@type":"EntryPoint","urlTemplate":"https:\/\/www.nedzink.com\/cs\/?s={search_term_string}"},"query-input":{"@type":"PropertyValueSpecification","valueRequired":true,"valueName":"search_term_string"}}],"inLanguage":"cs"},{"@type":"Organization","@id":"https:\/\/www.nedzink.com\/cs\/#organization","name":"NedZink","url":"https:\/\/www.nedzink.com\/cs\/","logo":{"@type":"ImageObject","inLanguage":"cs","@id":"https:\/\/www.nedzink.com\/cs\/#\/schema\/logo\/image\/","url":"https:\/\/www.nedzink.com\/wp-content\/uploads\/2019\/08\/logo-nedzink_fc_zk.jpg","contentUrl":"https:\/\/www.nedzink.com\/wp-content\/uploads\/2019\/08\/logo-nedzink_fc_zk.jpg","width":2160,"height":688,"caption":"NedZink"},"image":{"@id":"https:\/\/www.nedzink.com\/cs\/#\/schema\/logo\/image\/"}}]}},"_links":{"self":[{"href":"https:\/\/www.nedzink.com\/cs\/wp-json\/wp\/v2\/pages\/30528","targetHints":{"allow":["GET"]}}],"collection":[{"href":"https:\/\/www.nedzink.com\/cs\/wp-json\/wp\/v2\/pages"}],"about":[{"href":"https:\/\/www.nedzink.com\/cs\/wp-json\/wp\/v2\/types\/page"}],"author":[{"embeddable":true,"href":"https:\/\/www.nedzink.com\/cs\/wp-json\/wp\/v2\/users\/9"}],"replies":[{"embeddable":true,"href":"https:\/\/www.nedzink.com\/cs\/wp-json\/wp\/v2\/comments?post=30528"}],"version-history":[{"count":0,"href":"https:\/\/www.nedzink.com\/cs\/wp-json\/wp\/v2\/pages\/30528\/revisions"}],"wp:attachment":[{"href":"https:\/\/www.nedzink.com\/cs\/wp-json\/wp\/v2\/media?parent=30528"}],"curies":[{"name":"wp","href":"https:\/\/api.w.org\/{rel}","templated":true}]}}