{"id":27928,"date":"2019-05-07T15:56:55","date_gmt":"2019-05-07T13:56:55","guid":{"rendered":"http:\/\/136.144.181.85\/~nedzink\/doprava-a-skladovani\/"},"modified":"2019-08-02T16:53:05","modified_gmt":"2019-08-02T14:53:05","slug":"doprava-a-skladovani","status":"publish","type":"page","link":"https:\/\/www.nedzink.com\/cs\/doprava-a-skladovani\/","title":{"rendered":"Doprava a skladov\u00e1n\u00ed"},"content":{"rendered":"<h2>\n\tDoprava<\/h2>\n<ul>\n<li style=\"margin-left: 18pt; \">\n\t\tV&yacute;robky NedZink lze dopravovat pouze vhodn&yacute;mi prost\u0159edky.<\/li>\n<li style=\"margin-left: 18pt; \">\n\t\tKa\u017ed&aacute; dod&aacute;vka se mus&iacute; dopravovat v such&eacute;m a odv\u011btr&aacute;van&eacute;m p\u0159epravn&iacute;m prostoru.<\/li>\n<li style=\"margin-left: 18pt; \">\n\t\tNalo\u017een&iacute; a vylo\u017een&iacute; vozidel se prov&aacute;d&iacute; v suchu resp. pod st\u0159echou.<\/li>\n<li style=\"margin-left: 18pt; \">\n\t\tJe nutn&eacute; p\u0159edch&aacute;zet p\u0159eprav\u011b vlhk&yacute;ch palet.<\/li>\n<li style=\"margin-left: 18pt; \">\n\t\tJe nutn&eacute; db&aacute;t na dostate\u010dnou ochranu povrch\u016f p\u0159ed po&scaron;kozen&iacute;m.P\u0159i vr&scaron;en&iacute; na sebe je nutn&eacute; db&aacute;t na stabiln&iacute; ulo\u017een&iacute; a dostate\u010dn&eacute; meziprostory tak, aby se p\u0159ede&scaron;lo po&scaron;kozen&iacute;.<\/li>\n<\/ul>\n<h2>\n\t<img decoding=\"async\" alt=\"\" src=\"https:\/\/www.nedzink.com\/wp-content\/uploads\/import\/cms\/userfiles\/images\/laden_vrachtwagen_.jpg\" style=\"border-bottom: 0px solid; border-left: 0px solid; width: 250px; float: left; height: 250px; border-top: 0px solid; margin-right: 10px; border-right: 0px solid\" \/><\/h2>\n<h2>\n\tSkladov&aacute;n&iacute;<\/h2>\n<ul>\n<li style=\"margin-left: 18pt; \">\n\t\t&nbsp;V&yacute;robky NedZink lze skladovat v such&eacute;m a odv\u011btran&eacute;m prostoru.<\/li>\n<li style=\"margin-left: 18pt; \">\n<p style=\"margin-left:18pt;\">\n\t\t\tV&yacute;robky NedZink je t\u0159eba zajistit proti vzl&iacute;naj&iacute;c&iacute; vlhkosti.<\/p>\n<\/li>\n<li style=\"margin-left: 18pt; \">\n<p style=\"margin-left:18pt;\">\n\t\t\tMateri&aacute;l, kter&yacute; je skladovan&yacute; jako z&aacute;soba, je t\u0159eba zakr&yacute;t proti vlhkosti.<\/p>\n<\/li>\n<li style=\"margin-left: 18pt; \">\n<p style=\"margin-left:18pt;\">\n\t\t\tJe nutn&eacute; p\u0159edch&aacute;zet otev\u0159en&eacute;mu skladov&aacute;n&iacute; na venkovn&iacute;m prostranstv&iacute;.<\/p>\n<\/li>\n<li style=\"margin-left: 18pt; \">\n<p style=\"margin-left:18pt;\">\n\t\t\tJe nutn&eacute; p\u0159edch&aacute;zet p\u0159&iacute;m&eacute;mu zakryt&iacute; rol&iacute; nebo profil\u016f bez odv\u011btr&aacute;van&eacute;ho meziprostoru.<\/p>\n<\/li>\n<li style=\"margin-left: 18pt; \">\n<p style=\"margin-left:18pt;\">\n\t\t\tVe skladu je t\u0159eba zabr&aacute;nit kondenzaci vodn&iacute;ch par na v&yacute;robc&iacute;ch NedZink.<\/p>\n<p>\n\t\t\tJe t\u0159eba zohlednit, \u017ee jestli\u017ee v&yacute;robky NedZink NOVA nejsou dopravov&aacute;ny a skladov&aacute;ny v suchu, existuje nebezpe\u010d&iacute; proniknut&iacute; vlhkosti mezi ochrannou f&oacute;lii a kov a z toho vypl&yacute;vaj&iacute;c&iacute; koroze.<\/p>\n<\/li>\n<\/ul>\n","protected":false},"excerpt":{"rendered":"<p>Doprava V&yacute;robky NedZink lze dopravovat pouze vhodn&yacute;mi prost\u0159edky. Ka\u017ed&aacute; dod&aacute;vka se mus&iacute; dopravovat v such&eacute;m a odv\u011btr&aacute;van&eacute;m p\u0159epravn&iacute;m prostoru. Nalo\u017een&iacute; a vylo\u017een&iacute; vozidel se prov&aacute;d&iacute; v suchu resp. pod st\u0159echou. Je nutn&eacute; p\u0159edch&aacute;zet p\u0159eprav\u011b vlhk&yacute;ch palet. Je nutn&eacute; db&aacute;t na dostate\u010dnou ochranu povrch\u016f p\u0159ed po&scaron;kozen&iacute;m.P\u0159i vr&scaron;en&iacute; na sebe je nutn&eacute; db&aacute;t na stabiln&iacute; ulo\u017een&iacute; a [&hellip;]<\/p>\n","protected":false},"author":9,"featured_media":0,"parent":0,"menu_order":1180,"comment_status":"closed","ping_status":"closed","template":"template-import.php","meta":{"_acf_changed":false,"footnotes":""},"class_list":["post-27928","page","type-page","status-publish","hentry"],"acf":[],"yoast_head":"<!-- This site is optimized with the Yoast SEO plugin v26.8 - https:\/\/yoast.com\/product\/yoast-seo-wordpress\/ -->\n<title>Doprava a skladov\u00e1n\u00ed \u2013 NedZink<\/title>\n<meta name=\"description\" content=\"Het transport en de opslag van zink moet altijd droog en belucht plaatsvinden. Afdekking en verpakking die condens veroorzaken moet u vermijden. Lees meer!\" \/>\n<meta name=\"robots\" content=\"index, follow, max-snippet:-1, max-image-preview:large, max-video-preview:-1\" \/>\n<link rel=\"canonical\" href=\"https:\/\/www.nedzink.com\/cs\/doprava-a-skladovani\/\" \/>\n<meta property=\"og:locale\" content=\"cs_CZ\" \/>\n<meta property=\"og:type\" content=\"article\" \/>\n<meta property=\"og:title\" content=\"Doprava a skladov\u00e1n\u00ed \u2013 NedZink\" \/>\n<meta property=\"og:description\" content=\"Het transport en de opslag van zink moet altijd droog en belucht plaatsvinden. Afdekking en verpakking die condens veroorzaken moet u vermijden. Lees meer!\" \/>\n<meta property=\"og:url\" content=\"https:\/\/www.nedzink.com\/cs\/doprava-a-skladovani\/\" \/>\n<meta property=\"og:site_name\" content=\"NedZink\" \/>\n<meta property=\"article:modified_time\" content=\"2019-08-02T14:53:05+00:00\" \/>\n<meta property=\"og:image\" content=\"https:\/\/www.nedzink.com\/wp-content\/uploads\/import\/cms\/userfiles\/images\/laden_vrachtwagen_.jpg\" \/>\n<meta name=\"twitter:card\" content=\"summary_large_image\" \/>\n<meta name=\"twitter:label1\" content=\"Odhadovan\u00e1 doba \u010dten\u00ed\" \/>\n\t<meta name=\"twitter:data1\" content=\"1 minuta\" \/>\n<script type=\"application\/ld+json\" class=\"yoast-schema-graph\">{\"@context\":\"https:\/\/schema.org\",\"@graph\":[{\"@type\":\"WebPage\",\"@id\":\"https:\/\/www.nedzink.com\/cs\/doprava-a-skladovani\/\",\"url\":\"https:\/\/www.nedzink.com\/cs\/doprava-a-skladovani\/\",\"name\":\"Doprava a skladov\u00e1n\u00ed \u2013 NedZink\",\"isPartOf\":{\"@id\":\"https:\/\/www.nedzink.com\/cs\/#website\"},\"primaryImageOfPage\":{\"@id\":\"https:\/\/www.nedzink.com\/cs\/doprava-a-skladovani\/#primaryimage\"},\"image\":{\"@id\":\"https:\/\/www.nedzink.com\/cs\/doprava-a-skladovani\/#primaryimage\"},\"thumbnailUrl\":\"https:\/\/www.nedzink.com\/wp-content\/uploads\/import\/cms\/userfiles\/images\/laden_vrachtwagen_.jpg\",\"datePublished\":\"2019-05-07T13:56:55+00:00\",\"dateModified\":\"2019-08-02T14:53:05+00:00\",\"description\":\"Het transport en de opslag van zink moet altijd droog en belucht plaatsvinden. Afdekking en verpakking die condens veroorzaken moet u vermijden. Lees meer!\",\"breadcrumb\":{\"@id\":\"https:\/\/www.nedzink.com\/cs\/doprava-a-skladovani\/#breadcrumb\"},\"inLanguage\":\"cs\",\"potentialAction\":[{\"@type\":\"ReadAction\",\"target\":[\"https:\/\/www.nedzink.com\/cs\/doprava-a-skladovani\/\"]}]},{\"@type\":\"ImageObject\",\"inLanguage\":\"cs\",\"@id\":\"https:\/\/www.nedzink.com\/cs\/doprava-a-skladovani\/#primaryimage\",\"url\":\"https:\/\/www.nedzink.com\/wp-content\/uploads\/import\/cms\/userfiles\/images\/laden_vrachtwagen_.jpg\",\"contentUrl\":\"https:\/\/www.nedzink.com\/wp-content\/uploads\/import\/cms\/userfiles\/images\/laden_vrachtwagen_.jpg\"},{\"@type\":\"BreadcrumbList\",\"@id\":\"https:\/\/www.nedzink.com\/cs\/doprava-a-skladovani\/#breadcrumb\",\"itemListElement\":[{\"@type\":\"ListItem\",\"position\":1,\"name\":\"Home\",\"item\":\"https:\/\/www.nedzink.com\/cs\/\"},{\"@type\":\"ListItem\",\"position\":2,\"name\":\"Doprava a skladov\u00e1n\u00ed\"}]},{\"@type\":\"WebSite\",\"@id\":\"https:\/\/www.nedzink.com\/cs\/#website\",\"url\":\"https:\/\/www.nedzink.com\/cs\/\",\"name\":\"NedZink\",\"description\":\"Zink fabrikant\",\"publisher\":{\"@id\":\"https:\/\/www.nedzink.com\/cs\/#organization\"},\"potentialAction\":[{\"@type\":\"SearchAction\",\"target\":{\"@type\":\"EntryPoint\",\"urlTemplate\":\"https:\/\/www.nedzink.com\/cs\/?s={search_term_string}\"},\"query-input\":{\"@type\":\"PropertyValueSpecification\",\"valueRequired\":true,\"valueName\":\"search_term_string\"}}],\"inLanguage\":\"cs\"},{\"@type\":\"Organization\",\"@id\":\"https:\/\/www.nedzink.com\/cs\/#organization\",\"name\":\"NedZink\",\"url\":\"https:\/\/www.nedzink.com\/cs\/\",\"logo\":{\"@type\":\"ImageObject\",\"inLanguage\":\"cs\",\"@id\":\"https:\/\/www.nedzink.com\/cs\/#\/schema\/logo\/image\/\",\"url\":\"https:\/\/www.nedzink.com\/wp-content\/uploads\/2019\/08\/logo-nedzink_fc_zk.jpg\",\"contentUrl\":\"https:\/\/www.nedzink.com\/wp-content\/uploads\/2019\/08\/logo-nedzink_fc_zk.jpg\",\"width\":2160,\"height\":688,\"caption\":\"NedZink\"},\"image\":{\"@id\":\"https:\/\/www.nedzink.com\/cs\/#\/schema\/logo\/image\/\"}}]}<\/script>\n<!-- \/ Yoast SEO plugin. -->","yoast_head_json":{"title":"Doprava a skladov\u00e1n\u00ed \u2013 NedZink","description":"Het transport en de opslag van zink moet altijd droog en belucht plaatsvinden. Afdekking en verpakking die condens veroorzaken moet u vermijden. Lees meer!","robots":{"index":"index","follow":"follow","max-snippet":"max-snippet:-1","max-image-preview":"max-image-preview:large","max-video-preview":"max-video-preview:-1"},"canonical":"https:\/\/www.nedzink.com\/cs\/doprava-a-skladovani\/","og_locale":"cs_CZ","og_type":"article","og_title":"Doprava a skladov\u00e1n\u00ed \u2013 NedZink","og_description":"Het transport en de opslag van zink moet altijd droog en belucht plaatsvinden. Afdekking en verpakking die condens veroorzaken moet u vermijden. Lees meer!","og_url":"https:\/\/www.nedzink.com\/cs\/doprava-a-skladovani\/","og_site_name":"NedZink","article_modified_time":"2019-08-02T14:53:05+00:00","og_image":[{"url":"https:\/\/www.nedzink.com\/wp-content\/uploads\/import\/cms\/userfiles\/images\/laden_vrachtwagen_.jpg","type":"","width":"","height":""}],"twitter_card":"summary_large_image","twitter_misc":{"Odhadovan\u00e1 doba \u010dten\u00ed":"1 minuta"},"schema":{"@context":"https:\/\/schema.org","@graph":[{"@type":"WebPage","@id":"https:\/\/www.nedzink.com\/cs\/doprava-a-skladovani\/","url":"https:\/\/www.nedzink.com\/cs\/doprava-a-skladovani\/","name":"Doprava a skladov\u00e1n\u00ed \u2013 NedZink","isPartOf":{"@id":"https:\/\/www.nedzink.com\/cs\/#website"},"primaryImageOfPage":{"@id":"https:\/\/www.nedzink.com\/cs\/doprava-a-skladovani\/#primaryimage"},"image":{"@id":"https:\/\/www.nedzink.com\/cs\/doprava-a-skladovani\/#primaryimage"},"thumbnailUrl":"https:\/\/www.nedzink.com\/wp-content\/uploads\/import\/cms\/userfiles\/images\/laden_vrachtwagen_.jpg","datePublished":"2019-05-07T13:56:55+00:00","dateModified":"2019-08-02T14:53:05+00:00","description":"Het transport en de opslag van zink moet altijd droog en belucht plaatsvinden. Afdekking en verpakking die condens veroorzaken moet u vermijden. Lees meer!","breadcrumb":{"@id":"https:\/\/www.nedzink.com\/cs\/doprava-a-skladovani\/#breadcrumb"},"inLanguage":"cs","potentialAction":[{"@type":"ReadAction","target":["https:\/\/www.nedzink.com\/cs\/doprava-a-skladovani\/"]}]},{"@type":"ImageObject","inLanguage":"cs","@id":"https:\/\/www.nedzink.com\/cs\/doprava-a-skladovani\/#primaryimage","url":"https:\/\/www.nedzink.com\/wp-content\/uploads\/import\/cms\/userfiles\/images\/laden_vrachtwagen_.jpg","contentUrl":"https:\/\/www.nedzink.com\/wp-content\/uploads\/import\/cms\/userfiles\/images\/laden_vrachtwagen_.jpg"},{"@type":"BreadcrumbList","@id":"https:\/\/www.nedzink.com\/cs\/doprava-a-skladovani\/#breadcrumb","itemListElement":[{"@type":"ListItem","position":1,"name":"Home","item":"https:\/\/www.nedzink.com\/cs\/"},{"@type":"ListItem","position":2,"name":"Doprava a skladov\u00e1n\u00ed"}]},{"@type":"WebSite","@id":"https:\/\/www.nedzink.com\/cs\/#website","url":"https:\/\/www.nedzink.com\/cs\/","name":"NedZink","description":"Zink fabrikant","publisher":{"@id":"https:\/\/www.nedzink.com\/cs\/#organization"},"potentialAction":[{"@type":"SearchAction","target":{"@type":"EntryPoint","urlTemplate":"https:\/\/www.nedzink.com\/cs\/?s={search_term_string}"},"query-input":{"@type":"PropertyValueSpecification","valueRequired":true,"valueName":"search_term_string"}}],"inLanguage":"cs"},{"@type":"Organization","@id":"https:\/\/www.nedzink.com\/cs\/#organization","name":"NedZink","url":"https:\/\/www.nedzink.com\/cs\/","logo":{"@type":"ImageObject","inLanguage":"cs","@id":"https:\/\/www.nedzink.com\/cs\/#\/schema\/logo\/image\/","url":"https:\/\/www.nedzink.com\/wp-content\/uploads\/2019\/08\/logo-nedzink_fc_zk.jpg","contentUrl":"https:\/\/www.nedzink.com\/wp-content\/uploads\/2019\/08\/logo-nedzink_fc_zk.jpg","width":2160,"height":688,"caption":"NedZink"},"image":{"@id":"https:\/\/www.nedzink.com\/cs\/#\/schema\/logo\/image\/"}}]}},"_links":{"self":[{"href":"https:\/\/www.nedzink.com\/cs\/wp-json\/wp\/v2\/pages\/27928","targetHints":{"allow":["GET"]}}],"collection":[{"href":"https:\/\/www.nedzink.com\/cs\/wp-json\/wp\/v2\/pages"}],"about":[{"href":"https:\/\/www.nedzink.com\/cs\/wp-json\/wp\/v2\/types\/page"}],"author":[{"embeddable":true,"href":"https:\/\/www.nedzink.com\/cs\/wp-json\/wp\/v2\/users\/9"}],"replies":[{"embeddable":true,"href":"https:\/\/www.nedzink.com\/cs\/wp-json\/wp\/v2\/comments?post=27928"}],"version-history":[{"count":0,"href":"https:\/\/www.nedzink.com\/cs\/wp-json\/wp\/v2\/pages\/27928\/revisions"}],"wp:attachment":[{"href":"https:\/\/www.nedzink.com\/cs\/wp-json\/wp\/v2\/media?parent=27928"}],"curies":[{"name":"wp","href":"https:\/\/api.w.org\/{rel}","templated":true}]}}