{"id":27918,"date":"2019-05-07T15:56:52","date_gmt":"2019-05-07T13:56:52","guid":{"rendered":"http:\/\/136.144.181.85\/~nedzink\/zaruka\/"},"modified":"2020-06-19T16:15:39","modified_gmt":"2020-06-19T14:15:39","slug":"zaruka","status":"publish","type":"page","link":"https:\/\/www.nedzink.com\/cs\/zaruka\/","title":{"rendered":"Z\u00e1ruka"},"content":{"rendered":"<p>Technick\u00e9 know-how a promy\u0161len\u00e9 \u0159\u00edzen\u00ed kvality ve spole\u010dnosti NedZink B.V. poskytuj\u00ed spole\u010dn\u011b s pravideln\u00fdmi testy kvality, kter\u00e9 prov\u00e1d\u011bj\u00ed nez\u00e1visl\u00e9 kontroln\u00ed org\u00e1ny, z\u00e1ruku jednotn\u00e9 vysok\u00e9 kvality v\u0161ech polotovar\u016f a hotov\u00fdch v\u00fdrobk\u016f. P\u0159esto je mo\u017en\u00e9, \u017ee se objev\u00ed p\u0159ipom\u00ednky k jednotliv\u00fdm produkt\u016fm. V takov\u00e9m p\u0159\u00edpad\u011b nab\u00edz\u00ed spole\u010dnost NedZink sv\u00fdm obchodn\u00edm partner\u016fm, realiza\u010dn\u00edm firm\u00e1m a projektant\u016fm jistotu okam\u017eit\u00e9 z\u00e1ruky na rychl\u00e9 a profesion\u00e1ln\u00ed odstran\u011bn\u00ed p\u0159\u00edpadn\u00fdch \u0161kod po dobu 10 let.<\/p>\n","protected":false},"excerpt":{"rendered":"<p>Technick\u00e9 know-how a promy\u0161len\u00e9 \u0159\u00edzen\u00ed kvality ve spole\u010dnosti NedZink B.V. poskytuj\u00ed spole\u010dn\u011b s pravideln\u00fdmi testy kvality, kter\u00e9 prov\u00e1d\u011bj\u00ed nez\u00e1visl\u00e9 kontroln\u00ed org\u00e1ny, z\u00e1ruku jednotn\u00e9 vysok\u00e9 kvality v\u0161ech polotovar\u016f a hotov\u00fdch v\u00fdrobk\u016f. P\u0159esto je mo\u017en\u00e9, \u017ee se objev\u00ed p\u0159ipom\u00ednky k jednotliv\u00fdm produkt\u016fm. V takov\u00e9m p\u0159\u00edpad\u011b nab\u00edz\u00ed spole\u010dnost NedZink sv\u00fdm obchodn\u00edm partner\u016fm, realiza\u010dn\u00edm firm\u00e1m a projektant\u016fm jistotu okam\u017eit\u00e9 [&hellip;]<\/p>\n","protected":false},"author":9,"featured_media":0,"parent":0,"menu_order":1170,"comment_status":"closed","ping_status":"closed","template":"template-import.php","meta":{"_acf_changed":false,"footnotes":""},"class_list":["post-27918","page","type-page","status-publish","hentry"],"acf":[],"yoast_head":"<!-- This site is optimized with the Yoast SEO plugin v26.8 - https:\/\/yoast.com\/product\/yoast-seo-wordpress\/ -->\n<title>Z\u00e1ruka \u2013 NedZink<\/title>\n<meta name=\"description\" content=\"NedZink biedt zijn klanten 10 jaar garantie op geproduceerde halffabricaten en afgewerkte producten van zink. Wij lossen het probleem graag samen met u op!\" \/>\n<meta name=\"robots\" content=\"index, follow, max-snippet:-1, max-image-preview:large, max-video-preview:-1\" \/>\n<link rel=\"canonical\" href=\"https:\/\/www.nedzink.com\/cs\/zaruka\/\" \/>\n<meta property=\"og:locale\" content=\"cs_CZ\" \/>\n<meta property=\"og:type\" content=\"article\" \/>\n<meta property=\"og:title\" content=\"Z\u00e1ruka \u2013 NedZink\" \/>\n<meta property=\"og:description\" content=\"NedZink biedt zijn klanten 10 jaar garantie op geproduceerde halffabricaten en afgewerkte producten van zink. Wij lossen het probleem graag samen met u op!\" \/>\n<meta property=\"og:url\" content=\"https:\/\/www.nedzink.com\/cs\/zaruka\/\" \/>\n<meta property=\"og:site_name\" content=\"NedZink\" \/>\n<meta property=\"article:modified_time\" content=\"2020-06-19T14:15:39+00:00\" \/>\n<meta name=\"twitter:card\" content=\"summary_large_image\" \/>\n<meta name=\"twitter:label1\" content=\"Odhadovan\u00e1 doba \u010dten\u00ed\" \/>\n\t<meta name=\"twitter:data1\" content=\"1 minuta\" \/>\n<script type=\"application\/ld+json\" class=\"yoast-schema-graph\">{\"@context\":\"https:\/\/schema.org\",\"@graph\":[{\"@type\":\"WebPage\",\"@id\":\"https:\/\/www.nedzink.com\/cs\/zaruka\/\",\"url\":\"https:\/\/www.nedzink.com\/cs\/zaruka\/\",\"name\":\"Z\u00e1ruka \u2013 NedZink\",\"isPartOf\":{\"@id\":\"https:\/\/www.nedzink.com\/cs\/#website\"},\"datePublished\":\"2019-05-07T13:56:52+00:00\",\"dateModified\":\"2020-06-19T14:15:39+00:00\",\"description\":\"NedZink biedt zijn klanten 10 jaar garantie op geproduceerde halffabricaten en afgewerkte producten van zink. Wij lossen het probleem graag samen met u op!\",\"breadcrumb\":{\"@id\":\"https:\/\/www.nedzink.com\/cs\/zaruka\/#breadcrumb\"},\"inLanguage\":\"cs\",\"potentialAction\":[{\"@type\":\"ReadAction\",\"target\":[\"https:\/\/www.nedzink.com\/cs\/zaruka\/\"]}]},{\"@type\":\"BreadcrumbList\",\"@id\":\"https:\/\/www.nedzink.com\/cs\/zaruka\/#breadcrumb\",\"itemListElement\":[{\"@type\":\"ListItem\",\"position\":1,\"name\":\"Home\",\"item\":\"https:\/\/www.nedzink.com\/cs\/\"},{\"@type\":\"ListItem\",\"position\":2,\"name\":\"Z\u00e1ruka\"}]},{\"@type\":\"WebSite\",\"@id\":\"https:\/\/www.nedzink.com\/cs\/#website\",\"url\":\"https:\/\/www.nedzink.com\/cs\/\",\"name\":\"NedZink\",\"description\":\"Zink fabrikant\",\"publisher\":{\"@id\":\"https:\/\/www.nedzink.com\/cs\/#organization\"},\"potentialAction\":[{\"@type\":\"SearchAction\",\"target\":{\"@type\":\"EntryPoint\",\"urlTemplate\":\"https:\/\/www.nedzink.com\/cs\/?s={search_term_string}\"},\"query-input\":{\"@type\":\"PropertyValueSpecification\",\"valueRequired\":true,\"valueName\":\"search_term_string\"}}],\"inLanguage\":\"cs\"},{\"@type\":\"Organization\",\"@id\":\"https:\/\/www.nedzink.com\/cs\/#organization\",\"name\":\"NedZink\",\"url\":\"https:\/\/www.nedzink.com\/cs\/\",\"logo\":{\"@type\":\"ImageObject\",\"inLanguage\":\"cs\",\"@id\":\"https:\/\/www.nedzink.com\/cs\/#\/schema\/logo\/image\/\",\"url\":\"https:\/\/www.nedzink.com\/wp-content\/uploads\/2019\/08\/logo-nedzink_fc_zk.jpg\",\"contentUrl\":\"https:\/\/www.nedzink.com\/wp-content\/uploads\/2019\/08\/logo-nedzink_fc_zk.jpg\",\"width\":2160,\"height\":688,\"caption\":\"NedZink\"},\"image\":{\"@id\":\"https:\/\/www.nedzink.com\/cs\/#\/schema\/logo\/image\/\"}}]}<\/script>\n<!-- \/ Yoast SEO plugin. -->","yoast_head_json":{"title":"Z\u00e1ruka \u2013 NedZink","description":"NedZink biedt zijn klanten 10 jaar garantie op geproduceerde halffabricaten en afgewerkte producten van zink. Wij lossen het probleem graag samen met u op!","robots":{"index":"index","follow":"follow","max-snippet":"max-snippet:-1","max-image-preview":"max-image-preview:large","max-video-preview":"max-video-preview:-1"},"canonical":"https:\/\/www.nedzink.com\/cs\/zaruka\/","og_locale":"cs_CZ","og_type":"article","og_title":"Z\u00e1ruka \u2013 NedZink","og_description":"NedZink biedt zijn klanten 10 jaar garantie op geproduceerde halffabricaten en afgewerkte producten van zink. Wij lossen het probleem graag samen met u op!","og_url":"https:\/\/www.nedzink.com\/cs\/zaruka\/","og_site_name":"NedZink","article_modified_time":"2020-06-19T14:15:39+00:00","twitter_card":"summary_large_image","twitter_misc":{"Odhadovan\u00e1 doba \u010dten\u00ed":"1 minuta"},"schema":{"@context":"https:\/\/schema.org","@graph":[{"@type":"WebPage","@id":"https:\/\/www.nedzink.com\/cs\/zaruka\/","url":"https:\/\/www.nedzink.com\/cs\/zaruka\/","name":"Z\u00e1ruka \u2013 NedZink","isPartOf":{"@id":"https:\/\/www.nedzink.com\/cs\/#website"},"datePublished":"2019-05-07T13:56:52+00:00","dateModified":"2020-06-19T14:15:39+00:00","description":"NedZink biedt zijn klanten 10 jaar garantie op geproduceerde halffabricaten en afgewerkte producten van zink. Wij lossen het probleem graag samen met u op!","breadcrumb":{"@id":"https:\/\/www.nedzink.com\/cs\/zaruka\/#breadcrumb"},"inLanguage":"cs","potentialAction":[{"@type":"ReadAction","target":["https:\/\/www.nedzink.com\/cs\/zaruka\/"]}]},{"@type":"BreadcrumbList","@id":"https:\/\/www.nedzink.com\/cs\/zaruka\/#breadcrumb","itemListElement":[{"@type":"ListItem","position":1,"name":"Home","item":"https:\/\/www.nedzink.com\/cs\/"},{"@type":"ListItem","position":2,"name":"Z\u00e1ruka"}]},{"@type":"WebSite","@id":"https:\/\/www.nedzink.com\/cs\/#website","url":"https:\/\/www.nedzink.com\/cs\/","name":"NedZink","description":"Zink fabrikant","publisher":{"@id":"https:\/\/www.nedzink.com\/cs\/#organization"},"potentialAction":[{"@type":"SearchAction","target":{"@type":"EntryPoint","urlTemplate":"https:\/\/www.nedzink.com\/cs\/?s={search_term_string}"},"query-input":{"@type":"PropertyValueSpecification","valueRequired":true,"valueName":"search_term_string"}}],"inLanguage":"cs"},{"@type":"Organization","@id":"https:\/\/www.nedzink.com\/cs\/#organization","name":"NedZink","url":"https:\/\/www.nedzink.com\/cs\/","logo":{"@type":"ImageObject","inLanguage":"cs","@id":"https:\/\/www.nedzink.com\/cs\/#\/schema\/logo\/image\/","url":"https:\/\/www.nedzink.com\/wp-content\/uploads\/2019\/08\/logo-nedzink_fc_zk.jpg","contentUrl":"https:\/\/www.nedzink.com\/wp-content\/uploads\/2019\/08\/logo-nedzink_fc_zk.jpg","width":2160,"height":688,"caption":"NedZink"},"image":{"@id":"https:\/\/www.nedzink.com\/cs\/#\/schema\/logo\/image\/"}}]}},"_links":{"self":[{"href":"https:\/\/www.nedzink.com\/cs\/wp-json\/wp\/v2\/pages\/27918","targetHints":{"allow":["GET"]}}],"collection":[{"href":"https:\/\/www.nedzink.com\/cs\/wp-json\/wp\/v2\/pages"}],"about":[{"href":"https:\/\/www.nedzink.com\/cs\/wp-json\/wp\/v2\/types\/page"}],"author":[{"embeddable":true,"href":"https:\/\/www.nedzink.com\/cs\/wp-json\/wp\/v2\/users\/9"}],"replies":[{"embeddable":true,"href":"https:\/\/www.nedzink.com\/cs\/wp-json\/wp\/v2\/comments?post=27918"}],"version-history":[{"count":0,"href":"https:\/\/www.nedzink.com\/cs\/wp-json\/wp\/v2\/pages\/27918\/revisions"}],"wp:attachment":[{"href":"https:\/\/www.nedzink.com\/cs\/wp-json\/wp\/v2\/media?parent=27918"}],"curies":[{"name":"wp","href":"https:\/\/api.w.org\/{rel}","templated":true}]}}