{"id":24921,"date":"2019-05-06T16:26:16","date_gmt":"2019-05-06T14:26:16","guid":{"rendered":"http:\/\/136.144.181.85\/~nedzink\/vlastnosti-vyrobku\/pusobeni-povetrnostnich-vlivu-kondenzace-vodnich-par\/"},"modified":"2019-08-02T16:47:51","modified_gmt":"2019-08-02T14:47:51","slug":"pusobeni-povetrnostnich-vlivu-kondenzace-vodnich-par","status":"publish","type":"page","link":"https:\/\/www.nedzink.com\/cs\/vlastnosti-vyrobku\/pusobeni-povetrnostnich-vlivu-kondenzace-vodnich-par\/","title":{"rendered":"P\u016fsoben\u00ed pov\u011btrnostn\u00edch vliv\u016f\/ kondenzace vodn\u00edch par"},"content":{"rendered":"<h2>\n\tNedZink NATUREL<\/h2>\n<p>\n\t<img decoding=\"async\" alt=\"\" src=\"https:\/\/www.nedzink.com\/wp-content\/uploads\/import\/cms\/userfiles\/images\/amsterdam_whale_2.jpg\" style=\"border-bottom: 0px solid; border-left: 0px solid; width: 250px; float: left; height: 250px; border-top: 0px solid; margin-right: 10px; border-right: 0px solid\" \/><\/p>\n<p>\n\t&nbsp;<\/p>\n<p>\n\tNedZink NATUREL je odoln&yacute; material, kde se v pr\u016fb\u011bhu \u010dasu p\u016fsoben&iacute;m vn\u011bj&scaron;&iacute;ch vliv\u016f vyv&iacute;j&iacute; jedine\u010dn&aacute; estetick&aacute; ochrann&aacute; vrstva, takzvan&aacute; patina. Chemick&yacute; process tvorby patiny prob&iacute;h&aacute; v n\u011bkolika stupn&iacute;ch. Kovov\u011b leskl&yacute; povrch vytv&aacute;\u0159&iacute; s kysl&iacute;kem obsa\u017een&yacute;m ve vzduchu nejprve kysli\u010dn&iacute;k zine\u010dnat&yacute;. P\u016fsoben&iacute;m vlhkosti, nap\u0159. ze sr&aacute;\u017eek se vytv&aacute;\u0159&iacute; hydroxid zine\u010dnat&yacute;. Pot&eacute; vznikne reakc&iacute; s kysli\u010dn&iacute;kem uhli\u010dit&yacute;m obsa\u017een&yacute;m ve vzduchu hust&aacute; pevn\u011b ulp&iacute;vaj&iacute;c&iacute; a ve vod\u011b nerozpustn&aacute; patina ze z&aacute;sadit&eacute;ho uhli\u010ditanu zine\u010dnat&eacute;ho<br \/>\n\t&nbsp;<\/p>\n<p>\n\tZn + O2 =&gt; ZnO + H2O =&gt; Zn (OH) 2 + CO2 =&gt; ZnCO3<br \/>\n\tzinek + kysl&iacute;k =&gt; kysli\u010dn&iacute;k zine\u010dnat&yacute; + voda =&gt; hydroxid zine\u010dnat&yacute; + kysli\u010dn&iacute;k uhli\u010dit&yacute;&nbsp; =&gt; uhli\u010ditan zine\u010dnat&yacute;<\/p>\n<p>\tP\u0159esn&eacute; slo\u017een&iacute; patiny \u010d&aacute;ste\u010dn\u011b z&aacute;vis&iacute; na prost\u0159ed&iacute; a slo\u017een&iacute; okoln&iacute;ho vzduchu ve kter&eacute;m se tvo\u0159&iacute; vrstva. V &ldquo;norm&aacute;ln&iacute;m&rdquo; prost\u0159ed&iacute; vn\u011bj&scaron;&iacute; atmosf&eacute;ry m&aacute;me co do \u010din\u011bn&iacute; s \u0159adou dal&scaron;&iacute;ch faktor\u016f&nbsp; jako jsou :<br \/>\n\t&#8211; Sr&aacute;\u017eky : d&eacute;&scaron;\u0165, sn&iacute;h, kroupy, mlha, kondenzace vodn&iacute;ch par<br \/>\n\t&#8211; Zne\u010di&scaron;\u0165\u011bn&eacute; ovzdu&scaron;&iacute;:<br \/>\n\t&bull; emise z nejr\u016fzn\u011bj&scaron;&iacute;ch chemick&yacute;ch l&aacute;tek zp\u016fsoben&yacute;ch pr\u016fmyslem, dopravou, atd.<br \/>\n\t&bull; mo\u0159sk&aacute; s\u016fl v pob\u0159e\u017en&iacute;ch oblastech<br \/>\n\t&bull; p&iacute;sek a prach, kter&eacute; jsou neseny siln&yacute;mi v\u011btry<\/p>\n<p>\tV&scaron;echny tyto faktory jsou v z&aacute;vislosti na zem\u011bpisn&eacute; poloze p\u0159&iacute;tomn&yacute; v n\u011bkolika variant&aacute;ch v na&scaron;&iacute; atmosf&eacute;\u0159e a v kombinaci mezi sebou maj&iacute; v&iacute;ce \u010di m&eacute;n\u011b v&yacute;znamn&yacute; vliv na stupn\u011b korozn&iacute; agresivity. Sn&iacute;\u017een&iacute; tlou&scaron;\u0165ky materi&aacute;lu a m&iacute;ra korozivosti je z&aacute;visl&aacute; na \u017eivotn&iacute;m prost\u0159ed&iacute; v m\u011bstsk&yacute;ch, pr\u016fmyslov&yacute;ch lokalit&aacute;ch&nbsp; oproti venkovu nebo p\u0159&iacute;mo\u0159sk&eacute; oblasti.<\/p>\n<p>\n\tNedZink NATUREL se vyr&aacute;b&iacute; a expeduje s leskle v&aacute;lcovan&yacute;m povrchem. Povrch ponechan&yacute; v p\u0159&iacute;rodn&iacute;m stavu vytv&aacute;\u0159&iacute; venku p\u0159i vystaven&iacute; pov\u011btrnostn&iacute;m vliv\u016fm hutnou a pevn\u011b ulp&iacute;vaj&iacute;c&iacute; ochrannou vrstvu, takzvanou patinu. Chemick&yacute; proces, na kter&eacute;m je tento postup zalo\u017een, prob&iacute;h&aacute; v n\u011bkolika stupn&iacute;ch:<\/p>\n<p>\n\tKovov\u011b leskl&yacute; povrch vytv&aacute;\u0159&iacute; s kysl&iacute;kem obsa\u017een&yacute;m ve vzduchu nejprve kysli\u010dn&iacute;k zine\u010dnat&yacute;. P\u016fsoben&iacute;m vlhkosti, nap\u0159. ze sr&aacute;\u017eek se vytv&aacute;\u0159&iacute; hydroxid zine\u010dnat&yacute;. Pot&eacute; vznikne reakc&iacute; s kysli\u010dn&iacute;kem uhli\u010dit&yacute;m obsa\u017een&yacute;m ve vzduchu hust&aacute;, pevn\u011b ulp&iacute;vaj&iacute;c&iacute; a ve vod\u011b nerozpustn&aacute; patina ze z&aacute;sadit&eacute;ho uhli\u010ditanu zine\u010dnat&eacute;ho.<\/p>\n<p>\n\tV z&aacute;vislosti na slo\u017een&iacute; okoln&iacute;ho vzduchu se na tomto z&aacute;kladn&iacute;m procesu pod&iacute;l&iacute; tak&eacute; jin&eacute; l&aacute;tky. Tak se m\u016f\u017ee zbarven&iacute; patiny v z&aacute;vislosti na m&iacute;st\u011b pou\u017eit&iacute; nepatrn\u011b li&scaron;it.<\/p>\n<p>\n\t<strong>P\u0159&iacute;mo\u0159sk&eacute; prost\u0159ed&iacute;<\/strong><br \/>\n\tPokud je pou\u017eit zinek v p\u0159&iacute;mo\u0159sk&yacute;ch oblastech je povrch vystaven slan&eacute;mu vzduchu. Je-li pou\u017eit leskle v&aacute;lcovan&yacute; titanzinek, vrstva patiny se bude tvo\u0159it norm&aacute;ln\u011b za p\u0159edpokladu dostate\u010dn&eacute;ho mno\u017estv&iacute; vodn&iacute;ch sr&aacute;\u017eek. Pro d&iacute;ly, kter&eacute; nejsou bezprost\u0159edn\u011b vystaveny vodn&iacute;m sr&aacute;\u017ek&aacute;m a jsou z&aacute;visl&eacute; pouze&nbsp; na vlhkosti vzduchu, proces tvorby patiny bude pomalej&scaron;&iacute;, t&iacute;m se se m\u016f\u017ee&nbsp; odst&iacute;n zabarven&iacute; patiny li&scaron;it. Kombinace slan&eacute;ho vzduchu a nedostatek de&scaron;\u0165ov&yacute;ch sr&aacute;\u017eek, zap\u0159&iacute;\u010din&iacute; nepravideln&eacute; st\u0159edn\u011b &scaron;ed&eacute; zbarven&iacute; na povrchu. Tyto vizu&aacute;ln&iacute; efekty jsou nevyhnuteln&eacute; a nevratn&eacute;.<span style=\"display: none\">&nbsp;<\/span><\/p>\n<p>\n\t&nbsp;<\/p>\n<h2>\n\tNedZink NOVA<\/h2>\n<p>\n\t<strong>Vlastnosti materi&aacute;lu<\/strong><\/p>\n<p>\n\t<strong><img decoding=\"async\" align=\"right\" alt=\"\" border=\"0\" hspace=\"10\" src=\"http:\/\/www.nedzink.nl\/\/media\/vierkant_250x250\/gmbh_3.jpg\" vspace=\"10\" \/><\/strong><\/p>\n<p>\n\tJako z&aacute;kladn&iacute; materi&aacute;l pro NedZink NOVA slou\u017e&iacute; NedZink NATUREL. Rovnom\u011brn&yacute;, hedv&aacute;bn\u011b leskl&yacute;, titanov\u011b &scaron;ed&yacute; povrch NedZink NOVA vznik&aacute; chemick&yacute;m o&scaron;et\u0159en&iacute;m povrchu na vysoce modern&iacute; patinovac&iacute; lince po dokon\u010den&iacute; p\u0159ev&aacute;lcov&aacute;n&iacute;. Zde je chemick&yacute;m procesem na leskle v&aacute;lcovan&eacute;m titanzinku simulov&aacute;na ochrann&aacute; vrstva (patina), kter&aacute; jinak vznik&aacute; v p\u0159&iacute;rod\u011b p\u016fsoben&iacute;m pov\u011btrnostn&iacute;ch vliv\u016f. Proto\u017ee v&scaron;ak nevznik&aacute; ani pota\u017een&iacute;m \u010di lakov&aacute;n&iacute;m povrchu, z\u016fst&aacute;vaj&iacute; p\u0159irozen&eacute; vlastnosti titanzinku pln\u011b zachov&aacute;ny. Mal&aacute; po&scaron;kozen&iacute; patinovan&eacute;ho povrchu, nap\u0159. b\u011bhem mont&aacute;\u017ee, p\u0159i vystaven&iacute; pov\u011btrnostn&iacute;m vliv\u016fm zmiz&iacute; v d\u016fsledku vytvo\u0159en&iacute; p\u0159&iacute;rodn&iacute; patiny (&bdquo;samoregenera\u010dn&iacute; proces&ldquo;). Proto\u017ee povrch pracuje, m\u016f\u017ee doj&iacute;t k mal&yacute;m odchylk&aacute;m v barevn&eacute;m odst&iacute;nu. Tyto se po vystaven&iacute; pov\u011btrnostn&iacute;m vliv\u016fm vyrovnaj&iacute;. Aby se maxim&aacute;ln\u011b eliminovaly rozd&iacute;ly v barevn&eacute;m odst&iacute;nu, doporu\u010duje se prov&eacute;st realizaci z jedn&eacute; v&yacute;robn&iacute; &scaron;ar\u017ee.<\/p>\n<p>\n\t<strong>Sm\u011br pokl&aacute;d&aacute;n&iacute;<\/strong><\/p>\n<p>\n\tTabule\/role jsou ozna\u010deny na spodn&iacute; stran\u011b sm\u011brovou &scaron;ipkou, kter&aacute; zn&aacute;zor\u0148uje jejich sm\u011br pr\u016fchodu patinovac&iacute;m za\u0159&iacute;zen&iacute;m. Tabule\/role je nutn&eacute; kv\u016fli zabr&aacute;n\u011bn&iacute; vzniku barevn&yacute;ch rozd&iacute;l\u016f pokl&aacute;dat ve stejn&eacute;m sm\u011bru!<\/p>\n<p>\n\t<strong>O<\/strong><strong>chrana povrchu<\/strong><\/p>\n<p>\n\tProto\u017ee se NedZink NOVA pou\u017e&iacute;v&aacute; p\u0159edev&scaron;&iacute;m pro esteticky n&aacute;ro\u010dn&eacute; aplikace, jako nap\u0159. obklady fas&aacute;d, jsou v&yacute;robky opat\u0159eny do\u010dasnou ochranou povrchu, kter&aacute; br&aacute;n&iacute; drobn&yacute;m po&scaron;kozen&iacute;m a zne\u010di&scaron;t\u011bn&iacute;m \u010di otisk\u016fm prst\u016f b\u011bhem zpracov&aacute;n&iacute; a p\u0159i mont&aacute;\u017ei. Ochrann&aacute; vrstva zajist&iacute; optim&aacute;ln&iacute; vzhled po dokon\u010den&iacute; prac&iacute;.<\/p>\n<p>\n\t<strong>Ochrana p\u0159i extr&eacute;mn&iacute;m nam&aacute;h&aacute;n&iacute;<\/strong><\/p>\n<p>\n\tV p\u0159&iacute;pad\u011b zna\u010dn&eacute;ho mechanick&eacute;ho nam&aacute;h&aacute;n&iacute; materi&aacute;lu p\u0159i jeho zpracov&aacute;n&iacute; a mont&aacute;\u017ei lze objednat NedZink NOVA s transparentn&iacute;, samodr\u017e&iacute;c&iacute; ochrannou f&oacute;li&iacute; z PE. Tato ochrann&aacute; f&oacute;lie spolehliv\u011b chr&aacute;n&iacute; povrch proti po&scaron;kozen&iacute; a siln&eacute;mu zne\u010di&scaron;t\u011bn&iacute;, nap\u0159. p\u0159i prov&aacute;d\u011bn&iacute; n&aacute;sledn&yacute;ch \u0159emesel. F&oacute;lie slou\u017e&iacute; k dodate\u010dn&eacute; ochran\u011b povrchu a\u017e do ukon\u010den&iacute; mont&aacute;\u017en&iacute;ch prac&iacute;, a pak by m\u011bla b&yacute;t co nejrychleji odstran\u011bna. To plat&iacute; obzvl&aacute;&scaron;\u0165 p\u0159i vysok&yacute;ch teplot&aacute;ch a p\u0159i p\u016fsoben&iacute; siln&eacute;ho slune\u010dn&iacute;ho z&aacute;\u0159en&iacute;. P\u0159i studen&eacute;m po\u010das&iacute; lze f&oacute;lii ponechat na vn\u011bj&scaron;&iacute; stran\u011b plechu d&eacute;le. F&oacute;lie by se nem\u011bla zapracov&aacute;vat do spoj\u016f, jako jsou nap\u0159. dr&aacute;\u017eky. V kalkulaci je pot\u0159eba zohlednit v&iacute;cepr&aacute;ce na odstran\u011bn&iacute; f&oacute;lie.<\/p>\n<p>\n\t<strong>Proveden&iacute;<\/strong><\/p>\n<p>\n\tNedZink NOVA lze zpracov&aacute;vat obvykl&yacute;mi \u0159emesln&yacute;mi technikami, proto\u017ee p\u0159i nich z\u016fst&aacute;vaj&iacute; zachov&aacute;ny vlastnosti titanzinku. Lze tak&eacute; prov&aacute;d\u011bt p&aacute;jen&iacute; za pou\u017eit&iacute; vhodn&eacute;ho tavidla.<\/p>\n<h2>\n\tIntenzivn&iacute; kondenzace\/p\u016fsoben&iacute; vlhkosti<\/h2>\n<p>\n\tU namontovan&yacute;ch d&iacute;l\u016f NedZink se mohou vyskytnout b&iacute;l&aacute; zbarven&iacute;, kter&aacute; vznikaj&iacute; z d\u016fvodu d&eacute;le trvaj&iacute;c&iacute;ho p\u016fsoben&iacute; vlhkosti nebo intenzivn&iacute; kondenzace. To m\u016f\u017ee b&yacute;t zp\u016fsobeno nap\u0159. neodborn&yacute;m skladov&aacute;n&iacute;m, zakryt&iacute;m f&oacute;liemi, kter&eacute; nepropou&scaron;t&iacute; vzduch nebo v d\u016fsledku pov\u011btrnostn&iacute;ch vliv\u016f. Vytvo\u0159&iacute; se p\u0159i tom hydroxid zine\u010dnat&yacute; &#8211; sypk&yacute; produkt koroze. Jestli\u017ee se objev&iacute; pouze jako nepatrn\u011b b&iacute;l&eacute; zbarven&iacute;, p\u0159ejde beze zbytku v pr\u016fb\u011bhu p\u0159irozen&eacute; tvorby patiny do ochrann&eacute; vrstvy. Jestli\u017ee nen&iacute; tvorba hydroxidu zine\u010dnat&eacute;ho p\u0159&iacute;li&scaron; v&yacute;razn&aacute;, lze produkt koroze odstranit kart&aacute;\u010dem a n&aacute;sledn&yacute;m omyt&iacute;m, ani\u017e by se t&iacute;m zmen&scaron;ila tlou&scaron;\u0165ka plechu. Tmav&scaron;&iacute; m&iacute;sta, kter&aacute; potom na povrchu z\u016fstanou, se \u010dasem vyrovnaj&iacute; v d\u016fsledku vytv&aacute;\u0159en&iacute; patiny na okoln&iacute;m materi&aacute;lu, tak\u017ee se nebudou li&scaron;it.<\/p>\n","protected":false},"excerpt":{"rendered":"<p>NedZink NATUREL &nbsp; NedZink NATUREL je odoln&yacute; material, kde se v pr\u016fb\u011bhu \u010dasu p\u016fsoben&iacute;m vn\u011bj&scaron;&iacute;ch vliv\u016f vyv&iacute;j&iacute; jedine\u010dn&aacute; estetick&aacute; ochrann&aacute; vrstva, takzvan&aacute; patina. Chemick&yacute; process tvorby patiny prob&iacute;h&aacute; v n\u011bkolika stupn&iacute;ch. Kovov\u011b leskl&yacute; povrch vytv&aacute;\u0159&iacute; s kysl&iacute;kem obsa\u017een&yacute;m ve vzduchu nejprve kysli\u010dn&iacute;k zine\u010dnat&yacute;. P\u016fsoben&iacute;m vlhkosti, nap\u0159. ze sr&aacute;\u017eek se vytv&aacute;\u0159&iacute; hydroxid zine\u010dnat&yacute;. Pot&eacute; vznikne reakc&iacute; [&hellip;]<\/p>\n","protected":false},"author":9,"featured_media":0,"parent":24861,"menu_order":480,"comment_status":"closed","ping_status":"closed","template":"template-import.php","meta":{"_acf_changed":false,"footnotes":""},"class_list":["post-24921","page","type-page","status-publish","hentry"],"acf":[],"yoast_head":"<!-- This site is optimized with the Yoast SEO plugin v26.8 - https:\/\/yoast.com\/product\/yoast-seo-wordpress\/ -->\n<title>P\u016fsoben\u00ed pov\u011btrnostn\u00edch vliv\u016f\/ kondenzace vodn\u00edch par \u2013 NedZink<\/title>\n<meta name=\"description\" content=\"Titaanzink dankt zijn uitstekende corrosiebestendigheid aan de spontane vorming van een onoplosbare laag op het oppervlak. Lees meer op onze website!\" \/>\n<meta name=\"robots\" content=\"index, follow, max-snippet:-1, max-image-preview:large, max-video-preview:-1\" \/>\n<link rel=\"canonical\" href=\"https:\/\/www.nedzink.com\/cs\/vlastnosti-vyrobku\/pusobeni-povetrnostnich-vlivu-kondenzace-vodnich-par\/\" \/>\n<meta property=\"og:locale\" content=\"cs_CZ\" \/>\n<meta property=\"og:type\" content=\"article\" \/>\n<meta property=\"og:title\" content=\"P\u016fsoben\u00ed pov\u011btrnostn\u00edch vliv\u016f\/ kondenzace vodn\u00edch par \u2013 NedZink\" \/>\n<meta property=\"og:description\" content=\"Titaanzink dankt zijn uitstekende corrosiebestendigheid aan de spontane vorming van een onoplosbare laag op het oppervlak. Lees meer op onze website!\" \/>\n<meta property=\"og:url\" content=\"https:\/\/www.nedzink.com\/cs\/vlastnosti-vyrobku\/pusobeni-povetrnostnich-vlivu-kondenzace-vodnich-par\/\" \/>\n<meta property=\"og:site_name\" content=\"NedZink\" \/>\n<meta property=\"article:modified_time\" content=\"2019-08-02T14:47:51+00:00\" \/>\n<meta property=\"og:image\" content=\"https:\/\/www.nedzink.com\/wp-content\/uploads\/import\/cms\/userfiles\/images\/amsterdam_whale_2.jpg\" \/>\n<meta name=\"twitter:card\" content=\"summary_large_image\" \/>\n<meta name=\"twitter:label1\" content=\"Odhadovan\u00e1 doba \u010dten\u00ed\" \/>\n\t<meta name=\"twitter:data1\" content=\"9 minut\" \/>\n<script type=\"application\/ld+json\" class=\"yoast-schema-graph\">{\"@context\":\"https:\/\/schema.org\",\"@graph\":[{\"@type\":\"WebPage\",\"@id\":\"https:\/\/www.nedzink.com\/cs\/vlastnosti-vyrobku\/pusobeni-povetrnostnich-vlivu-kondenzace-vodnich-par\/\",\"url\":\"https:\/\/www.nedzink.com\/cs\/vlastnosti-vyrobku\/pusobeni-povetrnostnich-vlivu-kondenzace-vodnich-par\/\",\"name\":\"P\u016fsoben\u00ed pov\u011btrnostn\u00edch vliv\u016f\/ kondenzace vodn\u00edch par \u2013 NedZink\",\"isPartOf\":{\"@id\":\"https:\/\/www.nedzink.com\/cs\/#website\"},\"primaryImageOfPage\":{\"@id\":\"https:\/\/www.nedzink.com\/cs\/vlastnosti-vyrobku\/pusobeni-povetrnostnich-vlivu-kondenzace-vodnich-par\/#primaryimage\"},\"image\":{\"@id\":\"https:\/\/www.nedzink.com\/cs\/vlastnosti-vyrobku\/pusobeni-povetrnostnich-vlivu-kondenzace-vodnich-par\/#primaryimage\"},\"thumbnailUrl\":\"https:\/\/www.nedzink.com\/wp-content\/uploads\/import\/cms\/userfiles\/images\/amsterdam_whale_2.jpg\",\"datePublished\":\"2019-05-06T14:26:16+00:00\",\"dateModified\":\"2019-08-02T14:47:51+00:00\",\"description\":\"Titaanzink dankt zijn uitstekende corrosiebestendigheid aan de spontane vorming van een onoplosbare laag op het oppervlak. Lees meer op onze website!\",\"breadcrumb\":{\"@id\":\"https:\/\/www.nedzink.com\/cs\/vlastnosti-vyrobku\/pusobeni-povetrnostnich-vlivu-kondenzace-vodnich-par\/#breadcrumb\"},\"inLanguage\":\"cs\",\"potentialAction\":[{\"@type\":\"ReadAction\",\"target\":[\"https:\/\/www.nedzink.com\/cs\/vlastnosti-vyrobku\/pusobeni-povetrnostnich-vlivu-kondenzace-vodnich-par\/\"]}]},{\"@type\":\"ImageObject\",\"inLanguage\":\"cs\",\"@id\":\"https:\/\/www.nedzink.com\/cs\/vlastnosti-vyrobku\/pusobeni-povetrnostnich-vlivu-kondenzace-vodnich-par\/#primaryimage\",\"url\":\"https:\/\/www.nedzink.com\/wp-content\/uploads\/import\/cms\/userfiles\/images\/amsterdam_whale_2.jpg\",\"contentUrl\":\"https:\/\/www.nedzink.com\/wp-content\/uploads\/import\/cms\/userfiles\/images\/amsterdam_whale_2.jpg\"},{\"@type\":\"BreadcrumbList\",\"@id\":\"https:\/\/www.nedzink.com\/cs\/vlastnosti-vyrobku\/pusobeni-povetrnostnich-vlivu-kondenzace-vodnich-par\/#breadcrumb\",\"itemListElement\":[{\"@type\":\"ListItem\",\"position\":1,\"name\":\"Home\",\"item\":\"https:\/\/www.nedzink.com\/cs\/\"},{\"@type\":\"ListItem\",\"position\":2,\"name\":\"Vlastnosti v\u00fdrobku\",\"item\":\"https:\/\/www.nedzink.com\/cs\/vlastnosti-vyrobku\/\"},{\"@type\":\"ListItem\",\"position\":3,\"name\":\"P\u016fsoben\u00ed pov\u011btrnostn\u00edch vliv\u016f\/ kondenzace vodn\u00edch par\"}]},{\"@type\":\"WebSite\",\"@id\":\"https:\/\/www.nedzink.com\/cs\/#website\",\"url\":\"https:\/\/www.nedzink.com\/cs\/\",\"name\":\"NedZink\",\"description\":\"Zink fabrikant\",\"publisher\":{\"@id\":\"https:\/\/www.nedzink.com\/cs\/#organization\"},\"potentialAction\":[{\"@type\":\"SearchAction\",\"target\":{\"@type\":\"EntryPoint\",\"urlTemplate\":\"https:\/\/www.nedzink.com\/cs\/?s={search_term_string}\"},\"query-input\":{\"@type\":\"PropertyValueSpecification\",\"valueRequired\":true,\"valueName\":\"search_term_string\"}}],\"inLanguage\":\"cs\"},{\"@type\":\"Organization\",\"@id\":\"https:\/\/www.nedzink.com\/cs\/#organization\",\"name\":\"NedZink\",\"url\":\"https:\/\/www.nedzink.com\/cs\/\",\"logo\":{\"@type\":\"ImageObject\",\"inLanguage\":\"cs\",\"@id\":\"https:\/\/www.nedzink.com\/cs\/#\/schema\/logo\/image\/\",\"url\":\"https:\/\/www.nedzink.com\/wp-content\/uploads\/2019\/08\/logo-nedzink_fc_zk.jpg\",\"contentUrl\":\"https:\/\/www.nedzink.com\/wp-content\/uploads\/2019\/08\/logo-nedzink_fc_zk.jpg\",\"width\":2160,\"height\":688,\"caption\":\"NedZink\"},\"image\":{\"@id\":\"https:\/\/www.nedzink.com\/cs\/#\/schema\/logo\/image\/\"}}]}<\/script>\n<!-- \/ Yoast SEO plugin. -->","yoast_head_json":{"title":"P\u016fsoben\u00ed pov\u011btrnostn\u00edch vliv\u016f\/ kondenzace vodn\u00edch par \u2013 NedZink","description":"Titaanzink dankt zijn uitstekende corrosiebestendigheid aan de spontane vorming van een onoplosbare laag op het oppervlak. Lees meer op onze website!","robots":{"index":"index","follow":"follow","max-snippet":"max-snippet:-1","max-image-preview":"max-image-preview:large","max-video-preview":"max-video-preview:-1"},"canonical":"https:\/\/www.nedzink.com\/cs\/vlastnosti-vyrobku\/pusobeni-povetrnostnich-vlivu-kondenzace-vodnich-par\/","og_locale":"cs_CZ","og_type":"article","og_title":"P\u016fsoben\u00ed pov\u011btrnostn\u00edch vliv\u016f\/ kondenzace vodn\u00edch par \u2013 NedZink","og_description":"Titaanzink dankt zijn uitstekende corrosiebestendigheid aan de spontane vorming van een onoplosbare laag op het oppervlak. Lees meer op onze website!","og_url":"https:\/\/www.nedzink.com\/cs\/vlastnosti-vyrobku\/pusobeni-povetrnostnich-vlivu-kondenzace-vodnich-par\/","og_site_name":"NedZink","article_modified_time":"2019-08-02T14:47:51+00:00","og_image":[{"url":"https:\/\/www.nedzink.com\/wp-content\/uploads\/import\/cms\/userfiles\/images\/amsterdam_whale_2.jpg","type":"","width":"","height":""}],"twitter_card":"summary_large_image","twitter_misc":{"Odhadovan\u00e1 doba \u010dten\u00ed":"9 minut"},"schema":{"@context":"https:\/\/schema.org","@graph":[{"@type":"WebPage","@id":"https:\/\/www.nedzink.com\/cs\/vlastnosti-vyrobku\/pusobeni-povetrnostnich-vlivu-kondenzace-vodnich-par\/","url":"https:\/\/www.nedzink.com\/cs\/vlastnosti-vyrobku\/pusobeni-povetrnostnich-vlivu-kondenzace-vodnich-par\/","name":"P\u016fsoben\u00ed pov\u011btrnostn\u00edch vliv\u016f\/ kondenzace vodn\u00edch par \u2013 NedZink","isPartOf":{"@id":"https:\/\/www.nedzink.com\/cs\/#website"},"primaryImageOfPage":{"@id":"https:\/\/www.nedzink.com\/cs\/vlastnosti-vyrobku\/pusobeni-povetrnostnich-vlivu-kondenzace-vodnich-par\/#primaryimage"},"image":{"@id":"https:\/\/www.nedzink.com\/cs\/vlastnosti-vyrobku\/pusobeni-povetrnostnich-vlivu-kondenzace-vodnich-par\/#primaryimage"},"thumbnailUrl":"https:\/\/www.nedzink.com\/wp-content\/uploads\/import\/cms\/userfiles\/images\/amsterdam_whale_2.jpg","datePublished":"2019-05-06T14:26:16+00:00","dateModified":"2019-08-02T14:47:51+00:00","description":"Titaanzink dankt zijn uitstekende corrosiebestendigheid aan de spontane vorming van een onoplosbare laag op het oppervlak. Lees meer op onze website!","breadcrumb":{"@id":"https:\/\/www.nedzink.com\/cs\/vlastnosti-vyrobku\/pusobeni-povetrnostnich-vlivu-kondenzace-vodnich-par\/#breadcrumb"},"inLanguage":"cs","potentialAction":[{"@type":"ReadAction","target":["https:\/\/www.nedzink.com\/cs\/vlastnosti-vyrobku\/pusobeni-povetrnostnich-vlivu-kondenzace-vodnich-par\/"]}]},{"@type":"ImageObject","inLanguage":"cs","@id":"https:\/\/www.nedzink.com\/cs\/vlastnosti-vyrobku\/pusobeni-povetrnostnich-vlivu-kondenzace-vodnich-par\/#primaryimage","url":"https:\/\/www.nedzink.com\/wp-content\/uploads\/import\/cms\/userfiles\/images\/amsterdam_whale_2.jpg","contentUrl":"https:\/\/www.nedzink.com\/wp-content\/uploads\/import\/cms\/userfiles\/images\/amsterdam_whale_2.jpg"},{"@type":"BreadcrumbList","@id":"https:\/\/www.nedzink.com\/cs\/vlastnosti-vyrobku\/pusobeni-povetrnostnich-vlivu-kondenzace-vodnich-par\/#breadcrumb","itemListElement":[{"@type":"ListItem","position":1,"name":"Home","item":"https:\/\/www.nedzink.com\/cs\/"},{"@type":"ListItem","position":2,"name":"Vlastnosti v\u00fdrobku","item":"https:\/\/www.nedzink.com\/cs\/vlastnosti-vyrobku\/"},{"@type":"ListItem","position":3,"name":"P\u016fsoben\u00ed pov\u011btrnostn\u00edch vliv\u016f\/ kondenzace vodn\u00edch par"}]},{"@type":"WebSite","@id":"https:\/\/www.nedzink.com\/cs\/#website","url":"https:\/\/www.nedzink.com\/cs\/","name":"NedZink","description":"Zink fabrikant","publisher":{"@id":"https:\/\/www.nedzink.com\/cs\/#organization"},"potentialAction":[{"@type":"SearchAction","target":{"@type":"EntryPoint","urlTemplate":"https:\/\/www.nedzink.com\/cs\/?s={search_term_string}"},"query-input":{"@type":"PropertyValueSpecification","valueRequired":true,"valueName":"search_term_string"}}],"inLanguage":"cs"},{"@type":"Organization","@id":"https:\/\/www.nedzink.com\/cs\/#organization","name":"NedZink","url":"https:\/\/www.nedzink.com\/cs\/","logo":{"@type":"ImageObject","inLanguage":"cs","@id":"https:\/\/www.nedzink.com\/cs\/#\/schema\/logo\/image\/","url":"https:\/\/www.nedzink.com\/wp-content\/uploads\/2019\/08\/logo-nedzink_fc_zk.jpg","contentUrl":"https:\/\/www.nedzink.com\/wp-content\/uploads\/2019\/08\/logo-nedzink_fc_zk.jpg","width":2160,"height":688,"caption":"NedZink"},"image":{"@id":"https:\/\/www.nedzink.com\/cs\/#\/schema\/logo\/image\/"}}]}},"_links":{"self":[{"href":"https:\/\/www.nedzink.com\/cs\/wp-json\/wp\/v2\/pages\/24921","targetHints":{"allow":["GET"]}}],"collection":[{"href":"https:\/\/www.nedzink.com\/cs\/wp-json\/wp\/v2\/pages"}],"about":[{"href":"https:\/\/www.nedzink.com\/cs\/wp-json\/wp\/v2\/types\/page"}],"author":[{"embeddable":true,"href":"https:\/\/www.nedzink.com\/cs\/wp-json\/wp\/v2\/users\/9"}],"replies":[{"embeddable":true,"href":"https:\/\/www.nedzink.com\/cs\/wp-json\/wp\/v2\/comments?post=24921"}],"version-history":[{"count":0,"href":"https:\/\/www.nedzink.com\/cs\/wp-json\/wp\/v2\/pages\/24921\/revisions"}],"up":[{"embeddable":true,"href":"https:\/\/www.nedzink.com\/cs\/wp-json\/wp\/v2\/pages\/24861"}],"wp:attachment":[{"href":"https:\/\/www.nedzink.com\/cs\/wp-json\/wp\/v2\/media?parent=24921"}],"curies":[{"name":"wp","href":"https:\/\/api.w.org\/{rel}","templated":true}]}}