{"id":24911,"date":"2019-05-06T16:26:13","date_gmt":"2019-05-06T14:26:13","guid":{"rendered":"http:\/\/136.144.181.85\/~nedzink\/vlastnosti-vyrobku\/technicke-udaje\/med\/"},"modified":"2019-09-30T13:46:12","modified_gmt":"2019-09-30T11:46:12","slug":"med","status":"publish","type":"page","link":"https:\/\/www.nedzink.com\/cs\/vlastnosti-vyrobku\/technicke-udaje\/med\/","title":{"rendered":"M\u011b\u010f"},"content":{"rendered":"[vc_row][vc_column][vc_column_text css=&#8220;.vc_custom_1569843974006{margin-bottom: 0px !important;}&#8220;]\n<h2><strong>Stavebn\u00ed kov s dlouhou tradic\u00ed a vynikaj\u00edc\u00edmi vlastnostmi<\/strong><\/h2>\n<p>&nbsp;<\/p>\n<p>Pou\u017eit\u00ed m\u011bdi v architektu\u0159e je ji\u017e po n\u011bkolik stolet\u00ed velmi popul\u00e1rn\u00ed. Podstatn\u00fdm d\u016fvodem je jej\u00ed dobr\u00e1 zpracovatelnost a povrch, kter\u00fd p\u016fsob\u00ed velmi esteticky. Patina (ochrann\u00e1 vrstva), kter\u00e1 se vytv\u00e1\u0159\u00ed v d\u016fsledku p\u016fsoben\u00ed p\u0159\u00edrodn\u00edch pov\u011btrnostn\u00edch vliv\u016f a neust\u00e1le se m\u011bn\u00ed, ovliv\u0148uje jej\u00ed vzhled. P\u0159itom postupn\u011b p\u0159ech\u00e1z\u00ed p\u016fvodn\u00ed na\u010dervenal\u00fd leskl\u00fd vzhled m\u011bdi do m\u011bn\u00edc\u00edch se odst\u00edn\u016f hn\u011bd\u00e9 barvy a pot\u00e9 z\u00edskaj\u00ed naklon\u011bn\u00e9 povrchy sv\u016fj charakteristick\u00fd zelen\u00fd vzhled. Kvalita, dlouh\u00e1 \u017eivotnost a estetick\u00fd vzhled, to jsou argumenty, kter\u00fdmi tento materi\u00e1l ji\u017e po n\u011bkolik stolet\u00ed p\u0159esv\u011bd\u010duje.<\/p>\n<p><img decoding=\"async\" style=\"margin: 1px 3px; width: 690px; height: 157px; border: 0px solid;\" src=\"https:\/\/www.nedzink.com\/wp-content\/uploads\/import\/cms\/userfiles\/images\/oberflachen-6.jpg\" \/><\/p>\n<h2>Popis v\u00fdrobku<\/h2>\n<p>&nbsp;<\/p>\n<p>M\u011b\u010f dod\u00e1van\u00e1 spole\u010dnost\u00ed NedZink odpov\u00edd\u00e1 po\u017eadavk\u016fm DIN EN 1172 \u2013 m\u011b\u010f a slitiny z m\u011bdi; plechy a role pro stavebnictv\u00ed. Pou\u017e\u00edv\u00e1 se v\u00fdhradn\u011b Cu-DHP \u2013 fosforem dezoxidovan\u00e1 m\u011b\u010f bez obsahu kysl\u00edku se stupn\u011bm \u010distoty min. 99,995 % m\u011bdi. Tento druh m\u011bdi lze v\u00fdborn\u011b tvarovat, m\u00e1 vysok\u00e9 pom\u011brn\u00e9 prota\u017een\u00ed p\u0159i p\u0159etr\u017een\u00ed a je tak\u00e9 vhodn\u00fd pro spojovac\u00ed techniky s vysok\u00fdmi teplotami, nap\u0159. p\u00e1jen\u00ed na tvrdo a sva\u0159ov\u00e1n\u00ed. Leskle v\u00e1lcovan\u00fd povrch v\u00fdrobk\u016f vykazuje malou zbytkovou mastnotu z v\u00fdrobn\u00edho procesu. To je vytvo\u0159eno z\u00e1m\u011brn\u011b, aby bylo mo\u017eno materi\u00e1l aplikovat s jeho \u201eleskle v\u00e1lcovan\u00fdm\u201c, \u010derveno-zlat\u00fdm m\u011bd\u011bn\u00fdm povrchem. P\u0159i vystaven\u00ed pov\u011btrnostn\u00edm vliv\u016fm po mont\u00e1\u017ei tato vrstva zmiz\u00ed a materi\u00e1l vytvo\u0159\u00ed patinu. Proces patinace prob\u00edh\u00e1 v z\u00e1vislosti na orientaci konstrukce sm\u011brem ke sv\u011btov\u00fdm stran\u00e1m a jej\u00edm sklonu rozd\u00edln\u011b rychle a s rozd\u00edlnou rovnom\u011brnost\u00ed. Stabiln\u00edho a rovnom\u011brn\u00e9ho vzhledu m\u011b\u010f dos\u00e1hne v pr\u016fb\u011bhu n\u011bkolika t\u00fddn\u016f a\u017e jednoho roku.<\/p>\n<h2>Kvalita v\u00fdrobku<\/h2>\n<p>Certifikace v\u00fdrobku a \u0159\u00edzen\u00ed kvality NedZink certifikovan\u00e9 podle DIN EN ISO 9001:2008 zaru\u010duj\u00ed trvale vysokou \u00farove\u0148 kvality.<\/p>\n<p>V\u0161echny v\u00fdrobky jsou opat\u0159eny pr\u016fb\u011b\u017en\u00fdm zna\u010den\u00edm na zadn\u00ed stran\u011b v\u00fdrobk\u016f podle ustanoven\u00ed normy. Horn\u00ed a spodn\u00ed strana se nemaj\u00ed pokud mo\u017eno montovat p\u0159\u00edmo vedle sebe.<\/p>\n<h2>Mo\u017enosti pou\u017eit\u00ed a proveden\u00ed<\/h2>\n<p>Modern\u00edm technik\u00e1m pou\u017eit\u00ed m\u011bdi v oblasti zast\u0159e\u0161en\u00ed, odvodn\u011bn\u00ed a opl\u00e1\u0161t\u011bn\u00ed fas\u00e1d odpov\u00eddaj\u00ed n\u00e1roky na kvalitu zpracov\u00e1n\u00ed v\u00e1lcovan\u00e9ho materi\u00e1lu z m\u011bdi a na pot\u0159ebn\u00e9 vlastnosti materi\u00e1lu.<\/p>\n<p>M\u011b\u010f m\u00e1 nejvy\u0161\u0161\u00ed pom\u011brn\u00e9 prodlou\u017een\u00ed p\u0159i p\u0159etr\u017een\u00ed ze v\u0161ech stavebn\u00edch materi\u00e1l\u016f, a proto je obzvl\u00e1\u0161\u0165 vhodn\u00e1 pro komplikovan\u00e9 spoje se silnou deformac\u00ed materi\u00e1lu. Pro tyto aplikace se pou\u017e\u00edv\u00e1 m\u011b\u010f m\u011bkk\u00e9 kvality (R220), zat\u00edmco u ploch\u00fdch st\u0159ech, oblo\u017een\u00ed fas\u00e1d a pro odvodn\u011bn\u00ed st\u0159ech se obvykle pou\u017e\u00edv\u00e1 Cu-DHP R240. NedZink nab\u00edz\u00ed m\u011b\u010f v obvykl\u00fdch rozm\u011brech formou rol\u00ed, tabul\u00ed a p\u00e1s\u016f. Krom\u011b toho je mo\u017en\u00e9 dodat n\u00e1sleduj\u00edc\u00ed polotovary:<\/p>\n<ul>\n<li style=\"margin-left: 18pt;\">\u00a0 \u00a0 \u00a0 \u00a0 \u00a0 odvodn\u011bn\u00ed st\u0159ech v\u010detn\u011b p\u0159\u00edslu\u0161enstv\u00ed<\/li>\n<li style=\"margin-left: 18pt;\">\u00a0 \u00a0 \u00a0 \u00a0 \u00a0 stavebn\u00ed profily<\/li>\n<li style=\"margin-left: 18pt;\">\u00a0 \u00a0 \u00a0 \u00a0 \u00a0 \u0161ablony<\/li>\n<li style=\"margin-left: 18pt;\">\u00a0 \u00a0 \u00a0 \u00a0 \u00a0 fas\u00e1dn\u00ed obklady<\/li>\n<\/ul>\n<p>Pro dal\u0161\u00ed informace o programu dod\u00e1vek a zpracov\u00e1n\u00ed v\u00fdrobk\u016f NedZink nav\u0161tivte na\u0161e internetov\u00e9 str\u00e1nky <a href=\"http:\/\/www.nedzink.de\/\">www.nedzink.de<\/a>\u00a0a <a href=\"https:\/\/www.nedzink.com\/\">www.nedzink.com<\/a>.<\/p>\n<table style=\"border-collapse: collapse;\" border=\"1\">\n<tbody>\n<tr>\n<td style=\"text-align: left; background-color: #008ace; color: #ffffff !important; font-weight: bold;\" colspan=\"2\">Mechanicko-fyzik\u00e1ln\u00ed parametry<\/td>\n<\/tr>\n<tr>\n<td>Teplotn\u00ed rozta\u017enost<\/td>\n<td>1,7 mm\/m (bei t =100 K)<\/td>\n<\/tr>\n<tr>\n<td>Objemov\u00e1 hmotnost<\/td>\n<td>8,93 kg\/dm3<\/td>\n<\/tr>\n<tr>\n<td>Bod t\u00e1n\u00ed<\/td>\n<td>1083 \u00b0C<\/td>\n<\/tr>\n<tr>\n<td><\/td>\n<td><\/td>\n<\/tr>\n<tr>\n<td style=\"text-align: left; background-color: #008ace; color: #ffffff !important; font-weight: bold;\" colspan=\"2\">Pevnost v tahu (Rm)<\/td>\n<\/tr>\n<tr>\n<td>R 220 (m\u011bkk\u00fd)<\/td>\n<td>220-260 N\/mm2<\/td>\n<\/tr>\n<tr>\n<td>R 240 (polotvrd\u00fd)<\/td>\n<td>240-300 N\/mm2<\/td>\n<\/tr>\n<tr>\n<td><\/td>\n<td><\/td>\n<\/tr>\n<tr>\n<td style=\"text-align: left; background-color: #008ace; color: #ffffff !important; font-weight: bold;\" colspan=\"2\">Ta\u017enost (A5)<\/td>\n<\/tr>\n<tr>\n<td>R 220 (m\u011bkk\u00fd)<\/td>\n<td>42%<\/td>\n<\/tr>\n<tr>\n<td>R 240 (polotvrd\u00fd)<\/td>\n<td>15%<\/td>\n<\/tr>\n<\/tbody>\n<\/table>\n[\/vc_column_text][\/vc_column][\/vc_row]\n","protected":false},"excerpt":{"rendered":"<p>[vc_row][vc_column][vc_column_text css=&#8220;.vc_custom_1569843974006{margin-bottom: 0px !important;}&#8220;] Stavebn\u00ed kov s dlouhou tradic\u00ed a vynikaj\u00edc\u00edmi vlastnostmi &nbsp; Pou\u017eit\u00ed m\u011bdi v architektu\u0159e je ji\u017e po n\u011bkolik stolet\u00ed velmi popul\u00e1rn\u00ed. Podstatn\u00fdm d\u016fvodem je jej\u00ed dobr\u00e1 zpracovatelnost a povrch, kter\u00fd p\u016fsob\u00ed velmi esteticky. Patina (ochrann\u00e1 vrstva), kter\u00e1 se vytv\u00e1\u0159\u00ed v d\u016fsledku p\u016fsoben\u00ed p\u0159\u00edrodn\u00edch pov\u011btrnostn\u00edch vliv\u016f a neust\u00e1le se m\u011bn\u00ed, ovliv\u0148uje jej\u00ed vzhled. [&hellip;]<\/p>\n","protected":false},"author":9,"featured_media":0,"parent":24871,"menu_order":470,"comment_status":"closed","ping_status":"closed","template":"template-import.php","meta":{"_acf_changed":false,"footnotes":""},"class_list":["post-24911","page","type-page","status-publish","hentry"],"acf":[],"yoast_head":"<!-- This site is optimized with the Yoast SEO plugin v26.8 - https:\/\/yoast.com\/product\/yoast-seo-wordpress\/ -->\n<title>M\u011b\u010f \u2013 NedZink<\/title>\n<meta name=\"robots\" content=\"index, follow, max-snippet:-1, max-image-preview:large, max-video-preview:-1\" \/>\n<link rel=\"canonical\" href=\"https:\/\/www.nedzink.com\/cs\/vlastnosti-vyrobku\/technicke-udaje\/med\/\" \/>\n<meta property=\"og:locale\" content=\"cs_CZ\" \/>\n<meta property=\"og:type\" content=\"article\" \/>\n<meta property=\"og:title\" content=\"M\u011b\u010f \u2013 NedZink\" \/>\n<meta property=\"og:description\" content=\"[vc_row][vc_column][vc_column_text css=&#8220;.vc_custom_1569843974006{margin-bottom: 0px !important;}&#8220;] Stavebn\u00ed kov s dlouhou tradic\u00ed a vynikaj\u00edc\u00edmi vlastnostmi &nbsp; Pou\u017eit\u00ed m\u011bdi v architektu\u0159e je ji\u017e po n\u011bkolik stolet\u00ed velmi popul\u00e1rn\u00ed. Podstatn\u00fdm d\u016fvodem je jej\u00ed dobr\u00e1 zpracovatelnost a povrch, kter\u00fd p\u016fsob\u00ed velmi esteticky. Patina (ochrann\u00e1 vrstva), kter\u00e1 se vytv\u00e1\u0159\u00ed v d\u016fsledku p\u016fsoben\u00ed p\u0159\u00edrodn\u00edch pov\u011btrnostn\u00edch vliv\u016f a neust\u00e1le se m\u011bn\u00ed, ovliv\u0148uje jej\u00ed vzhled. [&hellip;]\" \/>\n<meta property=\"og:url\" content=\"https:\/\/www.nedzink.com\/cs\/vlastnosti-vyrobku\/technicke-udaje\/med\/\" \/>\n<meta property=\"og:site_name\" content=\"NedZink\" \/>\n<meta property=\"article:modified_time\" content=\"2019-09-30T11:46:12+00:00\" \/>\n<meta property=\"og:image\" content=\"https:\/\/www.nedzink.com\/wp-content\/uploads\/import\/cms\/userfiles\/images\/oberflachen-6.jpg\" \/>\n<meta name=\"twitter:card\" content=\"summary_large_image\" \/>\n<meta name=\"twitter:label1\" content=\"Odhadovan\u00e1 doba \u010dten\u00ed\" \/>\n\t<meta name=\"twitter:data1\" content=\"3 minuty\" \/>\n<script type=\"application\/ld+json\" class=\"yoast-schema-graph\">{\"@context\":\"https:\/\/schema.org\",\"@graph\":[{\"@type\":\"WebPage\",\"@id\":\"https:\/\/www.nedzink.com\/cs\/vlastnosti-vyrobku\/technicke-udaje\/med\/\",\"url\":\"https:\/\/www.nedzink.com\/cs\/vlastnosti-vyrobku\/technicke-udaje\/med\/\",\"name\":\"M\u011b\u010f \u2013 NedZink\",\"isPartOf\":{\"@id\":\"https:\/\/www.nedzink.com\/cs\/#website\"},\"primaryImageOfPage\":{\"@id\":\"https:\/\/www.nedzink.com\/cs\/vlastnosti-vyrobku\/technicke-udaje\/med\/#primaryimage\"},\"image\":{\"@id\":\"https:\/\/www.nedzink.com\/cs\/vlastnosti-vyrobku\/technicke-udaje\/med\/#primaryimage\"},\"thumbnailUrl\":\"https:\/\/www.nedzink.com\/wp-content\/uploads\/import\/cms\/userfiles\/images\/oberflachen-6.jpg\",\"datePublished\":\"2019-05-06T14:26:13+00:00\",\"dateModified\":\"2019-09-30T11:46:12+00:00\",\"breadcrumb\":{\"@id\":\"https:\/\/www.nedzink.com\/cs\/vlastnosti-vyrobku\/technicke-udaje\/med\/#breadcrumb\"},\"inLanguage\":\"cs\",\"potentialAction\":[{\"@type\":\"ReadAction\",\"target\":[\"https:\/\/www.nedzink.com\/cs\/vlastnosti-vyrobku\/technicke-udaje\/med\/\"]}]},{\"@type\":\"ImageObject\",\"inLanguage\":\"cs\",\"@id\":\"https:\/\/www.nedzink.com\/cs\/vlastnosti-vyrobku\/technicke-udaje\/med\/#primaryimage\",\"url\":\"https:\/\/www.nedzink.com\/wp-content\/uploads\/import\/cms\/userfiles\/images\/oberflachen-6.jpg\",\"contentUrl\":\"https:\/\/www.nedzink.com\/wp-content\/uploads\/import\/cms\/userfiles\/images\/oberflachen-6.jpg\"},{\"@type\":\"BreadcrumbList\",\"@id\":\"https:\/\/www.nedzink.com\/cs\/vlastnosti-vyrobku\/technicke-udaje\/med\/#breadcrumb\",\"itemListElement\":[{\"@type\":\"ListItem\",\"position\":1,\"name\":\"Home\",\"item\":\"https:\/\/www.nedzink.com\/cs\/\"},{\"@type\":\"ListItem\",\"position\":2,\"name\":\"Vlastnosti v\u00fdrobku\",\"item\":\"https:\/\/www.nedzink.com\/cs\/vlastnosti-vyrobku\/\"},{\"@type\":\"ListItem\",\"position\":3,\"name\":\"Technick\u00e9 \u00fadaje\",\"item\":\"https:\/\/www.nedzink.com\/cs\/vlastnosti-vyrobku\/technicke-udaje\/\"},{\"@type\":\"ListItem\",\"position\":4,\"name\":\"M\u011b\u010f\"}]},{\"@type\":\"WebSite\",\"@id\":\"https:\/\/www.nedzink.com\/cs\/#website\",\"url\":\"https:\/\/www.nedzink.com\/cs\/\",\"name\":\"NedZink\",\"description\":\"Zink fabrikant\",\"publisher\":{\"@id\":\"https:\/\/www.nedzink.com\/cs\/#organization\"},\"potentialAction\":[{\"@type\":\"SearchAction\",\"target\":{\"@type\":\"EntryPoint\",\"urlTemplate\":\"https:\/\/www.nedzink.com\/cs\/?s={search_term_string}\"},\"query-input\":{\"@type\":\"PropertyValueSpecification\",\"valueRequired\":true,\"valueName\":\"search_term_string\"}}],\"inLanguage\":\"cs\"},{\"@type\":\"Organization\",\"@id\":\"https:\/\/www.nedzink.com\/cs\/#organization\",\"name\":\"NedZink\",\"url\":\"https:\/\/www.nedzink.com\/cs\/\",\"logo\":{\"@type\":\"ImageObject\",\"inLanguage\":\"cs\",\"@id\":\"https:\/\/www.nedzink.com\/cs\/#\/schema\/logo\/image\/\",\"url\":\"https:\/\/www.nedzink.com\/wp-content\/uploads\/2019\/08\/logo-nedzink_fc_zk.jpg\",\"contentUrl\":\"https:\/\/www.nedzink.com\/wp-content\/uploads\/2019\/08\/logo-nedzink_fc_zk.jpg\",\"width\":2160,\"height\":688,\"caption\":\"NedZink\"},\"image\":{\"@id\":\"https:\/\/www.nedzink.com\/cs\/#\/schema\/logo\/image\/\"}}]}<\/script>\n<!-- \/ Yoast SEO plugin. -->","yoast_head_json":{"title":"M\u011b\u010f \u2013 NedZink","robots":{"index":"index","follow":"follow","max-snippet":"max-snippet:-1","max-image-preview":"max-image-preview:large","max-video-preview":"max-video-preview:-1"},"canonical":"https:\/\/www.nedzink.com\/cs\/vlastnosti-vyrobku\/technicke-udaje\/med\/","og_locale":"cs_CZ","og_type":"article","og_title":"M\u011b\u010f \u2013 NedZink","og_description":"[vc_row][vc_column][vc_column_text css=&#8220;.vc_custom_1569843974006{margin-bottom: 0px !important;}&#8220;] Stavebn\u00ed kov s dlouhou tradic\u00ed a vynikaj\u00edc\u00edmi vlastnostmi &nbsp; Pou\u017eit\u00ed m\u011bdi v architektu\u0159e je ji\u017e po n\u011bkolik stolet\u00ed velmi popul\u00e1rn\u00ed. Podstatn\u00fdm d\u016fvodem je jej\u00ed dobr\u00e1 zpracovatelnost a povrch, kter\u00fd p\u016fsob\u00ed velmi esteticky. Patina (ochrann\u00e1 vrstva), kter\u00e1 se vytv\u00e1\u0159\u00ed v d\u016fsledku p\u016fsoben\u00ed p\u0159\u00edrodn\u00edch pov\u011btrnostn\u00edch vliv\u016f a neust\u00e1le se m\u011bn\u00ed, ovliv\u0148uje jej\u00ed vzhled. [&hellip;]","og_url":"https:\/\/www.nedzink.com\/cs\/vlastnosti-vyrobku\/technicke-udaje\/med\/","og_site_name":"NedZink","article_modified_time":"2019-09-30T11:46:12+00:00","og_image":[{"url":"https:\/\/www.nedzink.com\/wp-content\/uploads\/import\/cms\/userfiles\/images\/oberflachen-6.jpg","type":"","width":"","height":""}],"twitter_card":"summary_large_image","twitter_misc":{"Odhadovan\u00e1 doba \u010dten\u00ed":"3 minuty"},"schema":{"@context":"https:\/\/schema.org","@graph":[{"@type":"WebPage","@id":"https:\/\/www.nedzink.com\/cs\/vlastnosti-vyrobku\/technicke-udaje\/med\/","url":"https:\/\/www.nedzink.com\/cs\/vlastnosti-vyrobku\/technicke-udaje\/med\/","name":"M\u011b\u010f \u2013 NedZink","isPartOf":{"@id":"https:\/\/www.nedzink.com\/cs\/#website"},"primaryImageOfPage":{"@id":"https:\/\/www.nedzink.com\/cs\/vlastnosti-vyrobku\/technicke-udaje\/med\/#primaryimage"},"image":{"@id":"https:\/\/www.nedzink.com\/cs\/vlastnosti-vyrobku\/technicke-udaje\/med\/#primaryimage"},"thumbnailUrl":"https:\/\/www.nedzink.com\/wp-content\/uploads\/import\/cms\/userfiles\/images\/oberflachen-6.jpg","datePublished":"2019-05-06T14:26:13+00:00","dateModified":"2019-09-30T11:46:12+00:00","breadcrumb":{"@id":"https:\/\/www.nedzink.com\/cs\/vlastnosti-vyrobku\/technicke-udaje\/med\/#breadcrumb"},"inLanguage":"cs","potentialAction":[{"@type":"ReadAction","target":["https:\/\/www.nedzink.com\/cs\/vlastnosti-vyrobku\/technicke-udaje\/med\/"]}]},{"@type":"ImageObject","inLanguage":"cs","@id":"https:\/\/www.nedzink.com\/cs\/vlastnosti-vyrobku\/technicke-udaje\/med\/#primaryimage","url":"https:\/\/www.nedzink.com\/wp-content\/uploads\/import\/cms\/userfiles\/images\/oberflachen-6.jpg","contentUrl":"https:\/\/www.nedzink.com\/wp-content\/uploads\/import\/cms\/userfiles\/images\/oberflachen-6.jpg"},{"@type":"BreadcrumbList","@id":"https:\/\/www.nedzink.com\/cs\/vlastnosti-vyrobku\/technicke-udaje\/med\/#breadcrumb","itemListElement":[{"@type":"ListItem","position":1,"name":"Home","item":"https:\/\/www.nedzink.com\/cs\/"},{"@type":"ListItem","position":2,"name":"Vlastnosti v\u00fdrobku","item":"https:\/\/www.nedzink.com\/cs\/vlastnosti-vyrobku\/"},{"@type":"ListItem","position":3,"name":"Technick\u00e9 \u00fadaje","item":"https:\/\/www.nedzink.com\/cs\/vlastnosti-vyrobku\/technicke-udaje\/"},{"@type":"ListItem","position":4,"name":"M\u011b\u010f"}]},{"@type":"WebSite","@id":"https:\/\/www.nedzink.com\/cs\/#website","url":"https:\/\/www.nedzink.com\/cs\/","name":"NedZink","description":"Zink fabrikant","publisher":{"@id":"https:\/\/www.nedzink.com\/cs\/#organization"},"potentialAction":[{"@type":"SearchAction","target":{"@type":"EntryPoint","urlTemplate":"https:\/\/www.nedzink.com\/cs\/?s={search_term_string}"},"query-input":{"@type":"PropertyValueSpecification","valueRequired":true,"valueName":"search_term_string"}}],"inLanguage":"cs"},{"@type":"Organization","@id":"https:\/\/www.nedzink.com\/cs\/#organization","name":"NedZink","url":"https:\/\/www.nedzink.com\/cs\/","logo":{"@type":"ImageObject","inLanguage":"cs","@id":"https:\/\/www.nedzink.com\/cs\/#\/schema\/logo\/image\/","url":"https:\/\/www.nedzink.com\/wp-content\/uploads\/2019\/08\/logo-nedzink_fc_zk.jpg","contentUrl":"https:\/\/www.nedzink.com\/wp-content\/uploads\/2019\/08\/logo-nedzink_fc_zk.jpg","width":2160,"height":688,"caption":"NedZink"},"image":{"@id":"https:\/\/www.nedzink.com\/cs\/#\/schema\/logo\/image\/"}}]}},"_links":{"self":[{"href":"https:\/\/www.nedzink.com\/cs\/wp-json\/wp\/v2\/pages\/24911","targetHints":{"allow":["GET"]}}],"collection":[{"href":"https:\/\/www.nedzink.com\/cs\/wp-json\/wp\/v2\/pages"}],"about":[{"href":"https:\/\/www.nedzink.com\/cs\/wp-json\/wp\/v2\/types\/page"}],"author":[{"embeddable":true,"href":"https:\/\/www.nedzink.com\/cs\/wp-json\/wp\/v2\/users\/9"}],"replies":[{"embeddable":true,"href":"https:\/\/www.nedzink.com\/cs\/wp-json\/wp\/v2\/comments?post=24911"}],"version-history":[{"count":0,"href":"https:\/\/www.nedzink.com\/cs\/wp-json\/wp\/v2\/pages\/24911\/revisions"}],"up":[{"embeddable":true,"href":"https:\/\/www.nedzink.com\/cs\/wp-json\/wp\/v2\/pages\/24871"}],"wp:attachment":[{"href":"https:\/\/www.nedzink.com\/cs\/wp-json\/wp\/v2\/media?parent=24911"}],"curies":[{"name":"wp","href":"https:\/\/api.w.org\/{rel}","templated":true}]}}