{"id":24881,"date":"2019-05-06T16:26:07","date_gmt":"2019-05-06T14:26:07","guid":{"rendered":"http:\/\/136.144.181.85\/~nedzink\/vlastnosti-vyrobku\/technicke-udaje\/nedzink-naturel\/"},"modified":"2022-02-22T11:20:57","modified_gmt":"2022-02-22T10:20:57","slug":"nedzink-naturel","status":"publish","type":"page","link":"https:\/\/www.nedzink.com\/cs\/vlastnosti-vyrobku\/technicke-udaje\/nedzink-naturel\/","title":{"rendered":"NedZink NATUREL"},"content":{"rendered":"<p>&nbsp;<\/p>\n<h3>Chemick\u00e9 slo\u017een\u00ed<\/h3>\n<table style=\"width: 95%;\" border=\"1\" cellspacing=\"1\" cellpadding=\"1\">\n<tbody>\n<tr>\n<td><strong>Po\u017eadavky na v\u00fdrobek\u00a0\u00a0<\/strong><\/td>\n<td><strong>Titanzinek NedZink\u00a0\u00a0\u00a0\u00a0\u00a0\u00a0\u00a0\u00a0\u00a0 <\/strong><\/td>\n<td>&nbsp;<\/p>\n<p><strong>Po\u017eadavky na v\u00fdrobek<\/strong><\/p>\n<p>&nbsp;<\/p>\n<p><strong>podle <\/strong><strong>DIN EN 988<\/strong><\/td>\n<\/tr>\n<tr>\n<td><span class=\" h4r\"><br \/>\nZinek<\/span><\/td>\n<td><span class=\" h4r\"><br \/>\nZn 99,995%<\/span><\/td>\n<td><span class=\" h4r\"><br \/>\nZn 99,995%<\/span><\/td>\n<\/tr>\n<tr>\n<td><span class=\" h4r\"><br \/>\nM\u011b\u010f<\/span><\/td>\n<td><span class=\" h4r\"><br \/>\nCu 0,08 &#8211; 0,17%<\/span><\/td>\n<td><span class=\" h4r\"><br \/>\nCu 0,08 &#8211; 1,0%<\/span><\/td>\n<\/tr>\n<tr>\n<td><span class=\" h4r\"><br \/>\nTitan<\/span><\/td>\n<td><span class=\" h4r\"><br \/>\nTi 0,07 &#8211; 0,12%<\/span><\/td>\n<td><span class=\" h4r\"><br \/>\nTi 0,06 &#8211; 0,2%<\/span><\/td>\n<\/tr>\n<tr>\n<td><span class=\" h4r\"><br \/>\nHlin\u00edk<\/span><\/td>\n<td><span class=\" h4r\"><br \/>\nAl <u>&lt;<\/u> 0,015%<\/span><\/td>\n<td><span class=\" h4r\"><br \/>\nAl <u>&lt;<\/u> 0,015%<\/span><\/td>\n<\/tr>\n<\/tbody>\n<\/table>\n<h3><\/h3>\n<h3>Tolerance rozm\u011br\u016f u standardn\u00edch v\u00fdrobk\u016f<\/h3>\n<table style=\"width: 95%;\" border=\"1\" cellspacing=\"1\" cellpadding=\"1\">\n<tbody>\n<tr>\n<td><strong>Po\u017eadavky na v\u00fdrobek\u00a0\u00a0<\/strong><\/td>\n<td><strong>Titanzinek NedZink\u00a0\u00a0\u00a0\u00a0\u00a0\u00a0\u00a0\u00a0\u00a0 <\/strong><\/td>\n<td><strong>Po\u017eadavky na v\u00fdrobek<\/strong><\/p>\n<p><strong>podle <\/strong><strong>DIN EN 988<\/strong><\/td>\n<\/tr>\n<tr>\n<td><span class=\" h4r\"><br \/>\nTlou\u0161\u0165ka\u00a0plechu a role<\/span><\/td>\n<td><span class=\" h4r\"><br \/>\n\u00b1\u00a00,025 mm<\/span><\/td>\n<td><span class=\" h4r\"><br \/>\n\u00b1\u00a00,03 mm<\/span><\/td>\n<\/tr>\n<tr>\n<td><span class=\" h4r\"><br \/>\n<\/span><br \/>\n<span class=\" h4r\"><br \/>\n\u0160\u00ed\u0159ka\u00a0plechu a role<\/span><\/td>\n<td><span class=\" h4r\"><br \/>\n+ 2\/-0 mm<\/span><\/td>\n<td><span class=\" h4r\"><br \/>\n+ 2\/-0 mm<\/span><\/td>\n<\/tr>\n<tr>\n<td><span class=\" h4r\"><br \/>\nD\u00e9lka plechu<\/span><\/td>\n<td><span class=\" h4r\"><br \/>\n+ 2\/-0 mm<\/span><\/td>\n<td><span class=\" h4r\"><br \/>\n+ 10\/-0 mm<\/span><\/td>\n<\/tr>\n<\/tbody>\n<\/table>\n<h3><\/h3>\n<h3>Mechanicko-technologick\u00e9 vlastnosti<\/h3>\n<table style=\"width: 95%;\" border=\"1\" cellspacing=\"1\" cellpadding=\"1\">\n<tbody>\n<tr>\n<td><strong>Po\u017eadavky na v\u00fdrobek<\/strong><\/td>\n<td><strong>Titanzinek NedZink<\/strong><\/td>\n<td><strong>Po\u017eadavky na v\u00fdrobek<\/strong><\/p>\n<p><strong>podle <\/strong><strong>DIN EN 988<\/strong><\/td>\n<\/tr>\n<tr>\n<td><span class=\" h4r\"><br \/>\n0,2% mez kluzu<\/span><\/td>\n<td><span class=\" h4r\"><br \/>\nmin. 110 N\/mm2<\/span><\/td>\n<td><span class=\" h4r\"><br \/>\nmin. 110 N\/mm2<\/span><\/td>\n<\/tr>\n<tr>\n<td><span class=\" h4r\"><br \/>\nPevnost v tahu (Rm)<\/span><\/td>\n<td><span class=\" h4r\"><br \/>\nmin. 150 N\/mm2<\/span><\/td>\n<td><span class=\" h4r\"><br \/>\nmin. 150 N\/mm2<\/span><\/td>\n<\/tr>\n<tr>\n<td><span class=\" h4r\"><br \/>\nTa\u017enost\u00a0(A50)<\/span><\/td>\n<td><span class=\" h4r\"><br \/>\nmin 40%<\/span><\/td>\n<td><span class=\" h4r\"><br \/>\nmin 40%<\/span><\/td>\n<\/tr>\n<tr>\n<td><strong>Tvrdost podle Vickerse <\/strong><\/p>\n<p><strong>(HV 3)<\/strong><\/td>\n<td><span class=\" h4r\"><br \/>\nmin. 40<\/span><\/td>\n<td>&#8211;<\/td>\n<\/tr>\n<tr>\n<td><span class=\" h4r\"><br \/>\nZkou\u0161ka\u00a0na ohyb<\/span><\/td>\n<td>&nbsp;<\/p>\n<p>1. \u017d\u00e1dn\u00e9 trhliny na hran\u011b ohybu<\/p>\n<p>2. \u017d\u00e1dn\u00e1 snaha o zlomen\u00ed v ohybu<\/p>\n<p>3. Relativn\u00ed pevnost v tahu D &gt; 0,7<\/p>\n<p>&nbsp;<\/td>\n<td style=\"vertical-align: top;\"><span class=\" h4r\"><br \/>\n\u017d\u00e1dn\u00e9 trhliny na hran\u011b ohybu<\/span><\/td>\n<\/tr>\n<tr>\n<td><strong>Plastick\u00e9 prota\u017een\u00ed<\/strong><\/td>\n<td><span class=\" h4r\"><br \/>\nmax. 0,1%<\/span><\/td>\n<td><span class=\" h4r\"><br \/>\nmax. 0,1%<\/span><\/td>\n<\/tr>\n<tr>\n<td><span class=\" h4r\"><br \/>\nZak\u0159iven\u00ed<\/span><\/td>\n<td><span class=\" h4r\"><br \/>\nmax. 1,5 mm\/m<\/span><\/td>\n<td><span class=\" h4r\"><br \/>\nmax. 1,5 mm\/m<\/span><\/td>\n<\/tr>\n<tr>\n<td><span class=\" h4r\"><br \/>\nRovinnost (v\u00fd\u0161ka zvln\u011bn\u00ed)<\/span><\/td>\n<td><span class=\" h4r\"><br \/>\nmax. 2 mm<\/span><\/td>\n<td><span class=\" h4r\"><br \/>\nmax. 2 mm<\/span><\/td>\n<\/tr>\n<tr>\n<td><span class=\" h4r\"><br \/>\nNez\u00e1visl\u00e1 kontrola v\u00fdrobku<\/span><\/td>\n<td><span class=\" h4r\"><br \/>\n6 xza rok<\/span><\/td>\n<td><span class=\" h4r\"><br \/>\n&#8211;<\/span><\/td>\n<\/tr>\n<tr>\n<td><span class=\" h4r\"><br \/>\nZ\u00e1ruka<\/span><\/td>\n<td><span class=\" h4r\"><br \/>\n10 let<\/span><\/td>\n<td><span class=\" h4r\"><br \/>\n&#8211;<\/span><\/td>\n<\/tr>\n<tr>\n<td><span class=\" h4r\"><br \/>\nSyst\u00e9m \u0159\u00edzen\u00ed kvality<\/span><\/td>\n<td><span class=\" h4r\"><br \/>\nDIN EN ISO 9001-2000<\/span><\/td>\n<td><\/td>\n<\/tr>\n<\/tbody>\n<\/table>\n<p>&nbsp;<\/p>\n<h3>Fyzik\u00e1ln\u00ed\u00a0vlastnosti<\/h3>\n<table style=\"width: 95%;\" border=\"1\" cellspacing=\"1\" cellpadding=\"1\">\n<tbody>\n<tr>\n<td><span class=\" h4r\"><br \/>\nObjemov\u00e1 hmotnost<\/span><\/td>\n<td><span class=\" h4r\"><br \/>\n7,2 g\/cm3\u00a0\u00a0\u00a0\u00a0\u00a0\u00a0\u00a0\u00a0\u00a0\u00a0\u00a0\u00a0\u00a0\u00a0\u00a0\u00a0\u00a0\u00a0\u00a0\u00a0\u00a0\u00a0\u00a0\u00a0\u00a0\u00a0\u00a0\u00a0\u00a0\u00a0\u00a0\u00a0\u00a0\u00a0\u00a0\u00a0\u00a0\u00a0\u00a0\u00a0\u00a0\u00a0\u00a0\u00a0\u00a0\u00a0\u00a0\u00a0\u00a0\u00a0<\/span><\/td>\n<\/tr>\n<tr>\n<td><span class=\" h4r\"><br \/>\nBod t\u00e1n\u00ed<\/span><\/td>\n<td><span class=\" h4r\"><br \/>\n420 \u00b0C<\/span><\/td>\n<\/tr>\n<tr>\n<td><span class=\" h4r\"><br \/>\nRekrystaliza\u010dn\u00ed hranice<\/span><\/td>\n<td><span class=\" h4r\"><br \/>\n&gt; 300 \u00b0C<\/span><\/td>\n<\/tr>\n<tr>\n<td><span class=\" h4r\"><br \/>\nKoeficient rozta\u017enosti<\/span><\/td>\n<td><span class=\" h4r\"><br \/>\n0,022 mm\/(mK)<\/span><\/td>\n<\/tr>\n<\/tbody>\n<\/table>\n<p>&nbsp;<\/p>\n<p>Ozna\u010den\u00ed materi\u00e1lu se prov\u00e1d\u00ed pr\u016fb\u011b\u017en\u00fdm zna\u010den\u00edm podle ustanoven\u00ed DIN EN 988 s uveden\u00edm v\u00fdrobce, ozna\u010den\u00ed v\u00fdrobku v n\u011bmeck\u00e9m, holandsk\u00e9m, anglick\u00e9m a francouzsk\u00e9m jazyce, normy EN 988, jmenovit\u00e9 tlou\u0161\u0165ky, \u010d\u00edsla \u0161ar\u017ee, roku v\u00fdroby a loga certifika\u010dn\u00ed zku\u0161ebny LRQA a KOMO (K7054).<\/p>\n<p>Certifikace v\u00fdrobku a certifikovan\u00fd syst\u00e9m \u0159\u00edzen\u00ed kvality podle DIN EN ISO 9001:2000 zaru\u010duj\u00ed trvale vysokou \u00farove\u0148 kvality, kter\u00e1 je v rozhoduj\u00edc\u00edch bodech v\u00fdrazn\u011b lep\u0161\u00ed ne\u017e po\u017eaduje DIN EN 988.<\/p>\n<p>NedZink titanzinek se vyzna\u010duje zv\u00fd\u0161enou mez\u00ed pr\u016fta\u017enosti a vynikaj\u00edc\u00ed tv\u00e1rnost\u00ed, je extr\u00e9mn\u011b odoln\u00fd v\u016f\u010di pov\u011btrnostn\u00edm vliv\u016fm, bez\u00fadr\u017ebov\u00fd a m\u00e1 dlouholetou \u017eivotnost.<\/p>\n<h1>Kvalita<\/h1>\n<h2>N\u00c1\u0160 V\u00ddROBEK: TITANZINEK<\/h2>\n<p>NedZink NATUREL je leskle v\u00e1lcovan\u00fd titanzinek podle DIN EN 988, jde o slitinu na b\u00e1zi elektrolyticky vyr\u00e1b\u011bn\u00e9ho zinku se stupn\u011bm \u010distoty min. 99,995 % zinku (Z1 podle DIN EN 1179) s p\u0159esn\u011b ur\u010den\u00fdmi p\u0159\u00edsadami m\u011bdi, titanu a hlin\u00edku. Chemick\u00e9 slo\u017een\u00ed, mechanicko-technologick\u00e9 vlastnosti a maxim\u00e1ln\u011b p\u0159\u00edpustn\u00e9 tolerance rozm\u011br\u016f jsou stanoveny v na\u0161em certifik\u00e1tu v\u00fdrobk\u016f NedZink. Dodr\u017eov\u00e1n\u00ed v n\u011bm uveden\u00fdch definovan\u00fdch vlastnost\u00ed materi\u00e1lu kontroluje (6x za rok) nez\u00e1visl\u00e1 a neutr\u00e1ln\u00ed zku\u0161ebna, LRQA.<\/p>\n<ul>\n<li style=\"margin-left: 18pt;\">titanzinek podle DIN EN 988<\/li>\n<li style=\"margin-left: 18pt;\">stupe\u0148 \u010distoty Zn (Z1 podle DIN EN 1179)<\/li>\n<li style=\"margin-left: 18pt;\">LRQA (Industrial Quality Scheme for Product Certification by Surveillance of Quality Systems Approval-No. QIS 122)<\/li>\n<\/ul>\n<p>N\u00e1\u0161 materi\u00e1l ozna\u010dujeme pr\u016fb\u011b\u017en\u00fdm a kontrolovateln\u00fdm zna\u010den\u00edm. To odpov\u00edd\u00e1 ustanoven\u00ed DIN EN 988: uveden\u00ed v\u00fdrobce, ozna\u010den\u00ed v\u00fdrobku v n\u011bmeck\u00e9m, holandsk\u00e9m, anglick\u00e9m a francouzsk\u00e9m jazyce, normy EN 988, jmenovit\u00e9 tlou\u0161\u0165ky, \u010d\u00edsla \u0161ar\u017ee, roku v\u00fdroby a loga certifikuj\u00edc\u00ed zku\u0161ebny LRQA a KOMO (K7054).<\/p>\n<p>Na z\u00e1klad\u011b certifikace v\u00fdrobku a certifikovan\u00e9ho syst\u00e9mu \u0159\u00edzen\u00ed kvality (DIN EN ISO 9001:2000) je zaru\u010duna trvale vysok\u00e1 \u00farove\u0148 kvality, kter\u00e1 jde v rozhoduj\u00edc\u00edch parametrech zna\u010dn\u011b nad r\u00e1mec po\u017eadavk\u016f DIN EN 988.<\/p>\n<p>NedZink vyr\u00e1b\u00ed titanzinek, kter\u00fd obstoj\u00ed p\u0159ed nejvy\u0161\u0161\u00edmi po\u017eadavky na kvalitu: zv\u00fd\u0161enou mez\u00ed pr\u016fta\u017enosti a vynikaj\u00edc\u00ed tv\u00e1rnost\u00ed. Materi\u00e1l je extr\u00e9mn\u011b odoln\u00fd proti pov\u011btrnostn\u00edm vliv\u016fm, bez\u00fadr\u017ebov\u00fd a m\u00e1 dlouhou \u017eivotnost.<\/p>\n<p>&nbsp;<\/p>\n<table style=\"border-collapse: collapse;\" border=\"1\" cellspacing=\"0\" cellpadding=\"0\">\n<tbody>\n<tr style=\"height: 15pt;\">\n<th style=\"text-align: left; background-color: #008ace; color: #ffffff; font-weight: bold;\" colspan=\"3\" height=\"20\"><strong>Chemick\u00e9 slo\u017een\u00ed<\/strong><\/th>\n<\/tr>\n<tr style=\"height: 15pt;\">\n<td style=\"height: 15pt;\" height=\"20\">Po\u017eadavky na v\u00fdrobek<\/td>\n<td>Titanzinek NedZink<\/td>\n<td>Po\u017eadavky na v\u00fdrobek podle DIN EN 988<\/td>\n<\/tr>\n<tr style=\"height: 15pt;\">\n<td style=\"height: 15pt;\" height=\"20\">Zinek<\/td>\n<td>Zn 99,995 %<\/td>\n<td>Zn 99,995 %<\/td>\n<\/tr>\n<tr style=\"height: 15pt;\">\n<td style=\"height: 15pt;\" height=\"20\">M\u011b\u010f<\/td>\n<td>Cu 0,08 &#8211; 0,17 %<\/td>\n<td>Cu 0,08 &#8211; 1,0 %<\/td>\n<\/tr>\n<tr style=\"height: 15pt;\">\n<td style=\"height: 15pt;\" height=\"20\">Titan<\/td>\n<td>Ti 0,07 &#8211; 0,12 %<\/td>\n<td>Ti 0,06 &#8211; 0,2 %<\/td>\n<\/tr>\n<tr style=\"height: 15pt;\">\n<td style=\"height: 15pt;\" height=\"20\">Hlin\u00edk<\/td>\n<td>Al \u2264 0,015 %<\/td>\n<td>Al \u2264 0,015 %<\/td>\n<\/tr>\n<tr style=\"height: 15pt;\">\n<th style=\"text-align: left; background-color: #008ace; color: #ffffff; font-weight: bold;\" colspan=\"3\" height=\"20\"><strong>Tolerance rozm\u011br\u016f u standardn\u00edch v\u00fdrobk\u016f<\/strong><\/th>\n<\/tr>\n<tr style=\"height: 15pt;\">\n<td style=\"height: 15pt;\" height=\"20\">Po\u017eadavky na v\u00fdrobek<\/td>\n<td>Titanzinek NedZink<\/td>\n<td>Po\u017eadavky na v\u00fdrobek podle DIN EN 988<\/td>\n<\/tr>\n<tr style=\"height: 15pt;\">\n<td style=\"height: 15pt;\" height=\"20\">Tlou\u0161\u0165ka\u00a0plechu a role<\/td>\n<td>\u00b1 0,025 mm<\/td>\n<td>\u00b1 0,03 mm<\/td>\n<\/tr>\n<tr style=\"height: 15pt;\">\n<td style=\"height: 15pt;\" height=\"20\">\u0160\u00ed\u0159ka\u00a0plechu a role<\/td>\n<td>+ 2\/-0 mm<\/td>\n<td>+ 2\/-0 mm<\/td>\n<\/tr>\n<tr style=\"height: 15pt;\">\n<td style=\"height: 15pt;\" height=\"20\">D\u00e9lka plechu<\/td>\n<td>+ 2\/-0 mm<\/td>\n<td>+ 10\/-0 mm<\/td>\n<\/tr>\n<tr style=\"height: 15pt;\">\n<td class=\"style4\" height=\"20\">Mechanicko-technologick\u00e9 vlastnosti<\/td>\n<td class=\"style5\"><\/td>\n<td class=\"style5\"><\/td>\n<\/tr>\n<tr style=\"height: 15pt;\">\n<td style=\"height: 15pt;\" height=\"20\">Po\u017eadavky na v\u00fdrobek<\/td>\n<td>Titanzinek NedZink<\/td>\n<td>Po\u017eadavky na v\u00fdrobek podle DIN EN 988<\/td>\n<\/tr>\n<tr style=\"height: 15pt;\">\n<td style=\"height: 15pt;\" height=\"20\">0,2% &#8211; mez kluzu<\/td>\n<td>min. 110 N\/mm2<\/td>\n<td>min. 100 N\/mm2<\/td>\n<\/tr>\n<tr style=\"height: 15pt;\">\n<td style=\"height: 15pt;\" height=\"20\">Pevnost v tahu (Rm)<\/td>\n<td>min. 150 N\/mm2<\/td>\n<td>min. 150 N\/mm2<\/td>\n<\/tr>\n<tr style=\"height: 15pt;\">\n<td style=\"height: 15pt;\" height=\"20\">Ta\u017enost (A50)<\/td>\n<td>min. 40 %<\/td>\n<td>min. 35 %<\/td>\n<\/tr>\n<tr style=\"height: 15pt;\">\n<td style=\"height: 15pt;\" height=\"20\">Tvrdost podle Vickerse (HV 3)<\/td>\n<td>min. 40<\/td>\n<td>&#8211;<\/td>\n<\/tr>\n<tr style=\"height: 15pt;\">\n<td style=\"height: 15pt;\" height=\"20\">Zkou\u0161ka na ohyb<\/td>\n<td>&nbsp;<\/p>\n<p>1.\u00a0\u017d\u00e1dn\u00e9 trhliny na hran\u011b ohybu<\/p>\n<p>2. \u017d\u00e1dn\u00e1 snaha o zlomen\u00ed v ohybu<\/p>\n<p>3.\u00a0Relativn\u00ed pevnost v tahu\u00a0D \u22650,7x p\u016fvodn\u00ed pevnost v\u00a0tahu<\/td>\n<td>\u017d\u00e1dn\u00e9 trhliny na hran\u011b ohybu<\/td>\n<\/tr>\n<tr style=\"height: 15pt;\">\n<td style=\"height: 15pt;\" height=\"20\">Plastick\u00e9 prota\u017een\u00ed ve zkou\u0161ce odolnosti proti te\u010den\u00ed<\/td>\n<td>max. 0,1 %<\/td>\n<td>max. 0,1 %<\/td>\n<\/tr>\n<tr style=\"height: 15pt;\">\n<td style=\"height: 15pt;\" height=\"20\">Zak\u0159iven\u00ed<\/td>\n<td>max. 1,5 mm\/m<\/td>\n<td>max. 1,5 mm\/m<\/td>\n<\/tr>\n<tr style=\"height: 15pt;\">\n<td style=\"height: 15pt;\" height=\"20\">Rovinnost (v\u00fd\u0161ka zvln\u011bn\u00ed)<\/td>\n<td>max. 2 mm<\/td>\n<td>max. 2 mm<\/td>\n<\/tr>\n<tr style=\"height: 15pt;\">\n<td style=\"height: 15pt;\" height=\"20\">Nez\u00e1visl\u00e1 kontrola v\u00fdrobku<\/td>\n<td>6 x za rok<\/td>\n<td>&#8211;<\/td>\n<\/tr>\n<tr style=\"height: 15pt;\">\n<td style=\"height: 15pt;\" height=\"20\">Z\u00e1ruka<\/td>\n<td>10 Let<\/td>\n<td>&#8211;<\/td>\n<\/tr>\n<tr style=\"height: 15pt;\">\n<td style=\"height: 15pt;\" height=\"20\">Syst\u00e9m \u0159\u00edzen\u00ed\u00a0kvality: DIN EN ISO 9001:2008<\/td>\n<td><\/td>\n<td><\/td>\n<\/tr>\n<tr style=\"height: 15pt;\">\n<th style=\"text-align: left; background-color: #008ace; color: #ffffff; font-weight: bold;\" colspan=\"3\" height=\"20\"><strong>Fyzik\u00e1ln\u00ed vlastnosti<\/strong><\/th>\n<\/tr>\n<tr style=\"height: 15pt;\">\n<td style=\"height: 15pt;\" height=\"20\">Objemov\u00e1 hmotnost<\/td>\n<td>7,2 g\/cm3<\/td>\n<td><\/td>\n<\/tr>\n<tr style=\"height: 15pt;\">\n<td style=\"height: 15pt;\" height=\"20\">Bod t\u00e1n\u00ed<\/td>\n<td>420 \u00b0C<\/td>\n<td><\/td>\n<\/tr>\n<tr style=\"height: 15pt;\">\n<td style=\"height: 15pt;\" height=\"20\">Rekrystaliza\u010dn\u00ed\u00a0hranice<\/td>\n<td>&gt; 300 \u00b0C<\/td>\n<td><\/td>\n<\/tr>\n<tr style=\"height: 15pt;\">\n<td style=\"height: 15pt;\" height=\"20\">Koeficient rozta\u017enosti<\/td>\n<td>0,022 mm\/(mK)<\/td>\n<td><\/td>\n<\/tr>\n<\/tbody>\n<\/table>\n<p>&nbsp;<\/p>\n<h2>Pozn\u00e1mky<\/h2>\n<p>&nbsp;<\/p>\n<p><strong>Doprava a skladov\u00e1n\u00ed:<\/strong>V\u00fdrobky NedZink se skladuj\u00ed a dopravuj\u00ed v such\u00fdch a v\u011btran\u00fdch prostor\u00e1ch.<\/p>\n<p><strong>Ozna\u010den\u00ed materi\u00e1lu: <\/strong>V\u0161echny v\u00fdrobky jsou opat\u0159eny pr\u016fb\u011b\u017en\u00fdm zna\u010den\u00edm na rubov\u00e9 stran\u011b v\u00fdrobk\u016f podle ustanoven\u00ed normy DIN EN 988.<\/p>\n<p>NedZink NOVA a NedZink NOIR se nav\u00edjej\u00ed pohledovou stranou sm\u011brem dovnit\u0159, rubov\u00e1 strana je ozna\u010dena pr\u016fb\u011b\u017en\u00fdm zna\u010den\u00edm. P\u0159i mont\u00e1\u017ei je nutn\u00e9 zohlednit p\u0159\u00edslu\u0161n\u00fd sm\u011br v\u00e1lcov\u00e1n\u00ed, kter\u00fd je ozna\u010den\u00fd \u0161ipkou na rubov\u00e9 stran\u011b.<\/p>\n<p>Pro dal\u0161\u00ed informace o programu dod\u00e1vek a zpracov\u00e1n\u00ed v\u00fdrobk\u016f NedZink nav\u0161tivte na\u0161e internetov\u00e9 str\u00e1nky <a href=\"http:\/\/www.nedzink.de\/\">www.nedzink.de<\/a>a <a href=\"https:\/\/www.nedzink.com\/\">www.nedzink.com<\/a>.<\/p>\n","protected":false},"excerpt":{"rendered":"<p>&nbsp; Chemick\u00e9 slo\u017een\u00ed Po\u017eadavky na v\u00fdrobek\u00a0\u00a0 Titanzinek NedZink\u00a0\u00a0\u00a0\u00a0\u00a0\u00a0\u00a0\u00a0\u00a0 &nbsp; Po\u017eadavky na v\u00fdrobek &nbsp; podle DIN EN 988 Zinek Zn 99,995% Zn 99,995% M\u011b\u010f Cu 0,08 &#8211; 0,17% Cu 0,08 &#8211; 1,0% Titan Ti 0,07 &#8211; 0,12% Ti 0,06 &#8211; 0,2% Hlin\u00edk Al &lt; 0,015% Al &lt; 0,015% Tolerance rozm\u011br\u016f u standardn\u00edch v\u00fdrobk\u016f Po\u017eadavky na v\u00fdrobek\u00a0\u00a0 [&hellip;]<\/p>\n","protected":false},"author":9,"featured_media":0,"parent":24871,"menu_order":440,"comment_status":"closed","ping_status":"closed","template":"template-import.php","meta":{"_acf_changed":false,"footnotes":""},"class_list":["post-24881","page","type-page","status-publish","hentry"],"acf":[],"yoast_head":"<!-- This site is optimized with the Yoast SEO plugin v26.8 - https:\/\/yoast.com\/product\/yoast-seo-wordpress\/ -->\n<title>NedZink NATUREL \u2013 NedZink<\/title>\n<meta name=\"robots\" content=\"index, follow, max-snippet:-1, max-image-preview:large, max-video-preview:-1\" \/>\n<link rel=\"canonical\" href=\"https:\/\/www.nedzink.com\/cs\/vlastnosti-vyrobku\/technicke-udaje\/nedzink-naturel\/\" \/>\n<meta property=\"og:locale\" content=\"cs_CZ\" \/>\n<meta property=\"og:type\" content=\"article\" \/>\n<meta property=\"og:title\" content=\"NedZink NATUREL \u2013 NedZink\" \/>\n<meta property=\"og:description\" content=\"&nbsp; Chemick\u00e9 slo\u017een\u00ed Po\u017eadavky na v\u00fdrobek\u00a0\u00a0 Titanzinek NedZink\u00a0\u00a0\u00a0\u00a0\u00a0\u00a0\u00a0\u00a0\u00a0 &nbsp; Po\u017eadavky na v\u00fdrobek &nbsp; podle DIN EN 988 Zinek Zn 99,995% Zn 99,995% M\u011b\u010f Cu 0,08 &#8211; 0,17% Cu 0,08 &#8211; 1,0% Titan Ti 0,07 &#8211; 0,12% Ti 0,06 &#8211; 0,2% Hlin\u00edk Al &lt; 0,015% Al &lt; 0,015% Tolerance rozm\u011br\u016f u standardn\u00edch v\u00fdrobk\u016f Po\u017eadavky na v\u00fdrobek\u00a0\u00a0 [&hellip;]\" \/>\n<meta property=\"og:url\" content=\"https:\/\/www.nedzink.com\/cs\/vlastnosti-vyrobku\/technicke-udaje\/nedzink-naturel\/\" \/>\n<meta property=\"og:site_name\" content=\"NedZink\" \/>\n<meta property=\"article:modified_time\" content=\"2022-02-22T10:20:57+00:00\" \/>\n<meta name=\"twitter:card\" content=\"summary_large_image\" \/>\n<meta name=\"twitter:label1\" content=\"Odhadovan\u00e1 doba \u010dten\u00ed\" \/>\n\t<meta name=\"twitter:data1\" content=\"5 minut\" \/>\n<script type=\"application\/ld+json\" class=\"yoast-schema-graph\">{\"@context\":\"https:\/\/schema.org\",\"@graph\":[{\"@type\":\"WebPage\",\"@id\":\"https:\/\/www.nedzink.com\/cs\/vlastnosti-vyrobku\/technicke-udaje\/nedzink-naturel\/\",\"url\":\"https:\/\/www.nedzink.com\/cs\/vlastnosti-vyrobku\/technicke-udaje\/nedzink-naturel\/\",\"name\":\"NedZink NATUREL \u2013 NedZink\",\"isPartOf\":{\"@id\":\"https:\/\/www.nedzink.com\/cs\/#website\"},\"datePublished\":\"2019-05-06T14:26:07+00:00\",\"dateModified\":\"2022-02-22T10:20:57+00:00\",\"breadcrumb\":{\"@id\":\"https:\/\/www.nedzink.com\/cs\/vlastnosti-vyrobku\/technicke-udaje\/nedzink-naturel\/#breadcrumb\"},\"inLanguage\":\"cs\",\"potentialAction\":[{\"@type\":\"ReadAction\",\"target\":[\"https:\/\/www.nedzink.com\/cs\/vlastnosti-vyrobku\/technicke-udaje\/nedzink-naturel\/\"]}]},{\"@type\":\"BreadcrumbList\",\"@id\":\"https:\/\/www.nedzink.com\/cs\/vlastnosti-vyrobku\/technicke-udaje\/nedzink-naturel\/#breadcrumb\",\"itemListElement\":[{\"@type\":\"ListItem\",\"position\":1,\"name\":\"Home\",\"item\":\"https:\/\/www.nedzink.com\/cs\/\"},{\"@type\":\"ListItem\",\"position\":2,\"name\":\"Vlastnosti v\u00fdrobku\",\"item\":\"https:\/\/www.nedzink.com\/cs\/vlastnosti-vyrobku\/\"},{\"@type\":\"ListItem\",\"position\":3,\"name\":\"Technick\u00e9 \u00fadaje\",\"item\":\"https:\/\/www.nedzink.com\/cs\/vlastnosti-vyrobku\/technicke-udaje\/\"},{\"@type\":\"ListItem\",\"position\":4,\"name\":\"NedZink NATUREL\"}]},{\"@type\":\"WebSite\",\"@id\":\"https:\/\/www.nedzink.com\/cs\/#website\",\"url\":\"https:\/\/www.nedzink.com\/cs\/\",\"name\":\"NedZink\",\"description\":\"Zink fabrikant\",\"publisher\":{\"@id\":\"https:\/\/www.nedzink.com\/cs\/#organization\"},\"potentialAction\":[{\"@type\":\"SearchAction\",\"target\":{\"@type\":\"EntryPoint\",\"urlTemplate\":\"https:\/\/www.nedzink.com\/cs\/?s={search_term_string}\"},\"query-input\":{\"@type\":\"PropertyValueSpecification\",\"valueRequired\":true,\"valueName\":\"search_term_string\"}}],\"inLanguage\":\"cs\"},{\"@type\":\"Organization\",\"@id\":\"https:\/\/www.nedzink.com\/cs\/#organization\",\"name\":\"NedZink\",\"url\":\"https:\/\/www.nedzink.com\/cs\/\",\"logo\":{\"@type\":\"ImageObject\",\"inLanguage\":\"cs\",\"@id\":\"https:\/\/www.nedzink.com\/cs\/#\/schema\/logo\/image\/\",\"url\":\"https:\/\/www.nedzink.com\/wp-content\/uploads\/2019\/08\/logo-nedzink_fc_zk.jpg\",\"contentUrl\":\"https:\/\/www.nedzink.com\/wp-content\/uploads\/2019\/08\/logo-nedzink_fc_zk.jpg\",\"width\":2160,\"height\":688,\"caption\":\"NedZink\"},\"image\":{\"@id\":\"https:\/\/www.nedzink.com\/cs\/#\/schema\/logo\/image\/\"}}]}<\/script>\n<!-- \/ Yoast SEO plugin. -->","yoast_head_json":{"title":"NedZink NATUREL \u2013 NedZink","robots":{"index":"index","follow":"follow","max-snippet":"max-snippet:-1","max-image-preview":"max-image-preview:large","max-video-preview":"max-video-preview:-1"},"canonical":"https:\/\/www.nedzink.com\/cs\/vlastnosti-vyrobku\/technicke-udaje\/nedzink-naturel\/","og_locale":"cs_CZ","og_type":"article","og_title":"NedZink NATUREL \u2013 NedZink","og_description":"&nbsp; Chemick\u00e9 slo\u017een\u00ed Po\u017eadavky na v\u00fdrobek\u00a0\u00a0 Titanzinek NedZink\u00a0\u00a0\u00a0\u00a0\u00a0\u00a0\u00a0\u00a0\u00a0 &nbsp; Po\u017eadavky na v\u00fdrobek &nbsp; podle DIN EN 988 Zinek Zn 99,995% Zn 99,995% M\u011b\u010f Cu 0,08 &#8211; 0,17% Cu 0,08 &#8211; 1,0% Titan Ti 0,07 &#8211; 0,12% Ti 0,06 &#8211; 0,2% Hlin\u00edk Al &lt; 0,015% Al &lt; 0,015% Tolerance rozm\u011br\u016f u standardn\u00edch v\u00fdrobk\u016f Po\u017eadavky na v\u00fdrobek\u00a0\u00a0 [&hellip;]","og_url":"https:\/\/www.nedzink.com\/cs\/vlastnosti-vyrobku\/technicke-udaje\/nedzink-naturel\/","og_site_name":"NedZink","article_modified_time":"2022-02-22T10:20:57+00:00","twitter_card":"summary_large_image","twitter_misc":{"Odhadovan\u00e1 doba \u010dten\u00ed":"5 minut"},"schema":{"@context":"https:\/\/schema.org","@graph":[{"@type":"WebPage","@id":"https:\/\/www.nedzink.com\/cs\/vlastnosti-vyrobku\/technicke-udaje\/nedzink-naturel\/","url":"https:\/\/www.nedzink.com\/cs\/vlastnosti-vyrobku\/technicke-udaje\/nedzink-naturel\/","name":"NedZink NATUREL \u2013 NedZink","isPartOf":{"@id":"https:\/\/www.nedzink.com\/cs\/#website"},"datePublished":"2019-05-06T14:26:07+00:00","dateModified":"2022-02-22T10:20:57+00:00","breadcrumb":{"@id":"https:\/\/www.nedzink.com\/cs\/vlastnosti-vyrobku\/technicke-udaje\/nedzink-naturel\/#breadcrumb"},"inLanguage":"cs","potentialAction":[{"@type":"ReadAction","target":["https:\/\/www.nedzink.com\/cs\/vlastnosti-vyrobku\/technicke-udaje\/nedzink-naturel\/"]}]},{"@type":"BreadcrumbList","@id":"https:\/\/www.nedzink.com\/cs\/vlastnosti-vyrobku\/technicke-udaje\/nedzink-naturel\/#breadcrumb","itemListElement":[{"@type":"ListItem","position":1,"name":"Home","item":"https:\/\/www.nedzink.com\/cs\/"},{"@type":"ListItem","position":2,"name":"Vlastnosti v\u00fdrobku","item":"https:\/\/www.nedzink.com\/cs\/vlastnosti-vyrobku\/"},{"@type":"ListItem","position":3,"name":"Technick\u00e9 \u00fadaje","item":"https:\/\/www.nedzink.com\/cs\/vlastnosti-vyrobku\/technicke-udaje\/"},{"@type":"ListItem","position":4,"name":"NedZink NATUREL"}]},{"@type":"WebSite","@id":"https:\/\/www.nedzink.com\/cs\/#website","url":"https:\/\/www.nedzink.com\/cs\/","name":"NedZink","description":"Zink fabrikant","publisher":{"@id":"https:\/\/www.nedzink.com\/cs\/#organization"},"potentialAction":[{"@type":"SearchAction","target":{"@type":"EntryPoint","urlTemplate":"https:\/\/www.nedzink.com\/cs\/?s={search_term_string}"},"query-input":{"@type":"PropertyValueSpecification","valueRequired":true,"valueName":"search_term_string"}}],"inLanguage":"cs"},{"@type":"Organization","@id":"https:\/\/www.nedzink.com\/cs\/#organization","name":"NedZink","url":"https:\/\/www.nedzink.com\/cs\/","logo":{"@type":"ImageObject","inLanguage":"cs","@id":"https:\/\/www.nedzink.com\/cs\/#\/schema\/logo\/image\/","url":"https:\/\/www.nedzink.com\/wp-content\/uploads\/2019\/08\/logo-nedzink_fc_zk.jpg","contentUrl":"https:\/\/www.nedzink.com\/wp-content\/uploads\/2019\/08\/logo-nedzink_fc_zk.jpg","width":2160,"height":688,"caption":"NedZink"},"image":{"@id":"https:\/\/www.nedzink.com\/cs\/#\/schema\/logo\/image\/"}}]}},"_links":{"self":[{"href":"https:\/\/www.nedzink.com\/cs\/wp-json\/wp\/v2\/pages\/24881","targetHints":{"allow":["GET"]}}],"collection":[{"href":"https:\/\/www.nedzink.com\/cs\/wp-json\/wp\/v2\/pages"}],"about":[{"href":"https:\/\/www.nedzink.com\/cs\/wp-json\/wp\/v2\/types\/page"}],"author":[{"embeddable":true,"href":"https:\/\/www.nedzink.com\/cs\/wp-json\/wp\/v2\/users\/9"}],"replies":[{"embeddable":true,"href":"https:\/\/www.nedzink.com\/cs\/wp-json\/wp\/v2\/comments?post=24881"}],"version-history":[{"count":0,"href":"https:\/\/www.nedzink.com\/cs\/wp-json\/wp\/v2\/pages\/24881\/revisions"}],"up":[{"embeddable":true,"href":"https:\/\/www.nedzink.com\/cs\/wp-json\/wp\/v2\/pages\/24871"}],"wp:attachment":[{"href":"https:\/\/www.nedzink.com\/cs\/wp-json\/wp\/v2\/media?parent=24881"}],"curies":[{"name":"wp","href":"https:\/\/api.w.org\/{rel}","templated":true}]}}