{"id":24861,"date":"2019-05-06T16:26:03","date_gmt":"2019-05-06T14:26:03","guid":{"rendered":"http:\/\/136.144.181.85\/~nedzink\/vlastnosti-vyrobku\/"},"modified":"2022-02-22T10:33:42","modified_gmt":"2022-02-22T09:33:42","slug":"vlastnosti-vyrobku","status":"publish","type":"page","link":"https:\/\/www.nedzink.com\/cs\/vlastnosti-vyrobku\/","title":{"rendered":"Vlastnosti v\u00fdrobku"},"content":{"rendered":"<h2>Popis v\u00fdrobku<\/h2>\n<table style=\"float: right;\" border=\"0\" cellspacing=\"0\" cellpadding=\"0\">\n<tbody>\n<tr>\n<td><img decoding=\"async\" style=\"width: 200px; height: 200px; border-width: 0px; border-style: solid; margin: 10px;\" src=\"https:\/\/www.nedzink.com\/wp-content\/uploads\/import\/cms\/userfiles\/images\/technocircel_3.jpg\" alt=\"\" \/><\/p>\n<div align=\"center\"><em>Kontrola kvality v laborato\u0159i NedZink<\/em><\/div>\n<\/td>\n<\/tr>\n<\/tbody>\n<\/table>\n<p>&nbsp;<\/p>\n<p>&nbsp;<\/p>\n<p>NedZink vyr\u00e1b\u00ed v\u00e1lcovan\u00fd titanzinek podle DIN EN 988, jde o slitinu na b\u00e1zi elektrolyticky vyr\u00e1b\u011bn\u00e9ho zinku se stupn\u011bm \u010distoty min. 99,995 % zinku (Z1 podle DIN EN 1179) a p\u0159esn\u011b ur\u010den\u00fdch p\u0159\u00edsad m\u011bdi, titanu a hlin\u00edku. Chemick\u00e9 slo\u017een\u00ed, mechanicko-technologick\u00e9 vlastnosti a max. p\u0159\u00edpustn\u00e9 tolerance rozm\u011br\u016f NedZink jsou stanoveny v certifik\u00e1tu v\u00fdrobku NedZink.<\/p>\n<p>Dodr\u017eov\u00e1n\u00ed vlastnost\u00ed v\u00fdrobku definovan\u00fdch v norm\u011b kontroluje v pravideln\u00fdch intervalech (6x za rok) nez\u00e1visl\u00e1 zku\u0161ebna LRQA (Industrial Quality Scheme for Product Certification by Surveillance of Quality Systems Approval-No. QIS 122).<\/p>\n<p>&nbsp;<\/p>\n","protected":false},"excerpt":{"rendered":"<p>Popis v\u00fdrobku Kontrola kvality v laborato\u0159i NedZink &nbsp; &nbsp; NedZink vyr\u00e1b\u00ed v\u00e1lcovan\u00fd titanzinek podle DIN EN 988, jde o slitinu na b\u00e1zi elektrolyticky vyr\u00e1b\u011bn\u00e9ho zinku se stupn\u011bm \u010distoty min. 99,995 % zinku (Z1 podle DIN EN 1179) a p\u0159esn\u011b ur\u010den\u00fdch p\u0159\u00edsad m\u011bdi, titanu a hlin\u00edku. Chemick\u00e9 slo\u017een\u00ed, mechanicko-technologick\u00e9 vlastnosti a max. p\u0159\u00edpustn\u00e9 tolerance rozm\u011br\u016f NedZink [&hellip;]<\/p>\n","protected":false},"author":9,"featured_media":0,"parent":0,"menu_order":410,"comment_status":"closed","ping_status":"closed","template":"template-import.php","meta":{"_acf_changed":false,"footnotes":""},"class_list":["post-24861","page","type-page","status-publish","hentry"],"acf":[],"yoast_head":"<!-- This site is optimized with the Yoast SEO plugin v26.8 - https:\/\/yoast.com\/product\/yoast-seo-wordpress\/ -->\n<title>Vlastnosti v\u00fdrobku \u2013 NedZink<\/title>\n<meta name=\"description\" content=\"De producteigenschappen van NedZink Titaanzink wordt omschreven in EN 988, KOMO-productcertificaat en het productcertificaat van Lloyd\u2019s Register\" \/>\n<meta name=\"robots\" content=\"index, follow, max-snippet:-1, max-image-preview:large, max-video-preview:-1\" \/>\n<link rel=\"canonical\" href=\"https:\/\/www.nedzink.com\/cs\/vlastnosti-vyrobku\/\" \/>\n<meta property=\"og:locale\" content=\"cs_CZ\" \/>\n<meta property=\"og:type\" content=\"article\" \/>\n<meta property=\"og:title\" content=\"Vlastnosti v\u00fdrobku \u2013 NedZink\" \/>\n<meta property=\"og:description\" content=\"De producteigenschappen van NedZink Titaanzink wordt omschreven in EN 988, KOMO-productcertificaat en het productcertificaat van Lloyd\u2019s Register\" \/>\n<meta property=\"og:url\" content=\"https:\/\/www.nedzink.com\/cs\/vlastnosti-vyrobku\/\" \/>\n<meta property=\"og:site_name\" content=\"NedZink\" \/>\n<meta property=\"article:modified_time\" content=\"2022-02-22T09:33:42+00:00\" \/>\n<meta property=\"og:image\" content=\"https:\/\/www.nedzink.com\/wp-content\/uploads\/import\/cms\/userfiles\/images\/technocircel_3.jpg\" \/>\n<meta name=\"twitter:card\" content=\"summary_large_image\" \/>\n<meta name=\"twitter:label1\" content=\"Odhadovan\u00e1 doba \u010dten\u00ed\" \/>\n\t<meta name=\"twitter:data1\" content=\"1 minuta\" \/>\n<script type=\"application\/ld+json\" class=\"yoast-schema-graph\">{\"@context\":\"https:\/\/schema.org\",\"@graph\":[{\"@type\":\"WebPage\",\"@id\":\"https:\/\/www.nedzink.com\/cs\/vlastnosti-vyrobku\/\",\"url\":\"https:\/\/www.nedzink.com\/cs\/vlastnosti-vyrobku\/\",\"name\":\"Vlastnosti v\u00fdrobku \u2013 NedZink\",\"isPartOf\":{\"@id\":\"https:\/\/www.nedzink.com\/cs\/#website\"},\"primaryImageOfPage\":{\"@id\":\"https:\/\/www.nedzink.com\/cs\/vlastnosti-vyrobku\/#primaryimage\"},\"image\":{\"@id\":\"https:\/\/www.nedzink.com\/cs\/vlastnosti-vyrobku\/#primaryimage\"},\"thumbnailUrl\":\"https:\/\/www.nedzink.com\/wp-content\/uploads\/import\/cms\/userfiles\/images\/technocircel_3.jpg\",\"datePublished\":\"2019-05-06T14:26:03+00:00\",\"dateModified\":\"2022-02-22T09:33:42+00:00\",\"description\":\"De producteigenschappen van NedZink Titaanzink wordt omschreven in EN 988, KOMO-productcertificaat en het productcertificaat van Lloyd\u2019s Register\",\"breadcrumb\":{\"@id\":\"https:\/\/www.nedzink.com\/cs\/vlastnosti-vyrobku\/#breadcrumb\"},\"inLanguage\":\"cs\",\"potentialAction\":[{\"@type\":\"ReadAction\",\"target\":[\"https:\/\/www.nedzink.com\/cs\/vlastnosti-vyrobku\/\"]}]},{\"@type\":\"ImageObject\",\"inLanguage\":\"cs\",\"@id\":\"https:\/\/www.nedzink.com\/cs\/vlastnosti-vyrobku\/#primaryimage\",\"url\":\"https:\/\/www.nedzink.com\/wp-content\/uploads\/import\/cms\/userfiles\/images\/technocircel_3.jpg\",\"contentUrl\":\"https:\/\/www.nedzink.com\/wp-content\/uploads\/import\/cms\/userfiles\/images\/technocircel_3.jpg\"},{\"@type\":\"BreadcrumbList\",\"@id\":\"https:\/\/www.nedzink.com\/cs\/vlastnosti-vyrobku\/#breadcrumb\",\"itemListElement\":[{\"@type\":\"ListItem\",\"position\":1,\"name\":\"Home\",\"item\":\"https:\/\/www.nedzink.com\/cs\/\"},{\"@type\":\"ListItem\",\"position\":2,\"name\":\"Vlastnosti v\u00fdrobku\"}]},{\"@type\":\"WebSite\",\"@id\":\"https:\/\/www.nedzink.com\/cs\/#website\",\"url\":\"https:\/\/www.nedzink.com\/cs\/\",\"name\":\"NedZink\",\"description\":\"Zink fabrikant\",\"publisher\":{\"@id\":\"https:\/\/www.nedzink.com\/cs\/#organization\"},\"potentialAction\":[{\"@type\":\"SearchAction\",\"target\":{\"@type\":\"EntryPoint\",\"urlTemplate\":\"https:\/\/www.nedzink.com\/cs\/?s={search_term_string}\"},\"query-input\":{\"@type\":\"PropertyValueSpecification\",\"valueRequired\":true,\"valueName\":\"search_term_string\"}}],\"inLanguage\":\"cs\"},{\"@type\":\"Organization\",\"@id\":\"https:\/\/www.nedzink.com\/cs\/#organization\",\"name\":\"NedZink\",\"url\":\"https:\/\/www.nedzink.com\/cs\/\",\"logo\":{\"@type\":\"ImageObject\",\"inLanguage\":\"cs\",\"@id\":\"https:\/\/www.nedzink.com\/cs\/#\/schema\/logo\/image\/\",\"url\":\"https:\/\/www.nedzink.com\/wp-content\/uploads\/2019\/08\/logo-nedzink_fc_zk.jpg\",\"contentUrl\":\"https:\/\/www.nedzink.com\/wp-content\/uploads\/2019\/08\/logo-nedzink_fc_zk.jpg\",\"width\":2160,\"height\":688,\"caption\":\"NedZink\"},\"image\":{\"@id\":\"https:\/\/www.nedzink.com\/cs\/#\/schema\/logo\/image\/\"}}]}<\/script>\n<!-- \/ Yoast SEO plugin. -->","yoast_head_json":{"title":"Vlastnosti v\u00fdrobku \u2013 NedZink","description":"De producteigenschappen van NedZink Titaanzink wordt omschreven in EN 988, KOMO-productcertificaat en het productcertificaat van Lloyd\u2019s Register","robots":{"index":"index","follow":"follow","max-snippet":"max-snippet:-1","max-image-preview":"max-image-preview:large","max-video-preview":"max-video-preview:-1"},"canonical":"https:\/\/www.nedzink.com\/cs\/vlastnosti-vyrobku\/","og_locale":"cs_CZ","og_type":"article","og_title":"Vlastnosti v\u00fdrobku \u2013 NedZink","og_description":"De producteigenschappen van NedZink Titaanzink wordt omschreven in EN 988, KOMO-productcertificaat en het productcertificaat van Lloyd\u2019s Register","og_url":"https:\/\/www.nedzink.com\/cs\/vlastnosti-vyrobku\/","og_site_name":"NedZink","article_modified_time":"2022-02-22T09:33:42+00:00","og_image":[{"url":"https:\/\/www.nedzink.com\/wp-content\/uploads\/import\/cms\/userfiles\/images\/technocircel_3.jpg","type":"","width":"","height":""}],"twitter_card":"summary_large_image","twitter_misc":{"Odhadovan\u00e1 doba \u010dten\u00ed":"1 minuta"},"schema":{"@context":"https:\/\/schema.org","@graph":[{"@type":"WebPage","@id":"https:\/\/www.nedzink.com\/cs\/vlastnosti-vyrobku\/","url":"https:\/\/www.nedzink.com\/cs\/vlastnosti-vyrobku\/","name":"Vlastnosti v\u00fdrobku \u2013 NedZink","isPartOf":{"@id":"https:\/\/www.nedzink.com\/cs\/#website"},"primaryImageOfPage":{"@id":"https:\/\/www.nedzink.com\/cs\/vlastnosti-vyrobku\/#primaryimage"},"image":{"@id":"https:\/\/www.nedzink.com\/cs\/vlastnosti-vyrobku\/#primaryimage"},"thumbnailUrl":"https:\/\/www.nedzink.com\/wp-content\/uploads\/import\/cms\/userfiles\/images\/technocircel_3.jpg","datePublished":"2019-05-06T14:26:03+00:00","dateModified":"2022-02-22T09:33:42+00:00","description":"De producteigenschappen van NedZink Titaanzink wordt omschreven in EN 988, KOMO-productcertificaat en het productcertificaat van Lloyd\u2019s Register","breadcrumb":{"@id":"https:\/\/www.nedzink.com\/cs\/vlastnosti-vyrobku\/#breadcrumb"},"inLanguage":"cs","potentialAction":[{"@type":"ReadAction","target":["https:\/\/www.nedzink.com\/cs\/vlastnosti-vyrobku\/"]}]},{"@type":"ImageObject","inLanguage":"cs","@id":"https:\/\/www.nedzink.com\/cs\/vlastnosti-vyrobku\/#primaryimage","url":"https:\/\/www.nedzink.com\/wp-content\/uploads\/import\/cms\/userfiles\/images\/technocircel_3.jpg","contentUrl":"https:\/\/www.nedzink.com\/wp-content\/uploads\/import\/cms\/userfiles\/images\/technocircel_3.jpg"},{"@type":"BreadcrumbList","@id":"https:\/\/www.nedzink.com\/cs\/vlastnosti-vyrobku\/#breadcrumb","itemListElement":[{"@type":"ListItem","position":1,"name":"Home","item":"https:\/\/www.nedzink.com\/cs\/"},{"@type":"ListItem","position":2,"name":"Vlastnosti v\u00fdrobku"}]},{"@type":"WebSite","@id":"https:\/\/www.nedzink.com\/cs\/#website","url":"https:\/\/www.nedzink.com\/cs\/","name":"NedZink","description":"Zink fabrikant","publisher":{"@id":"https:\/\/www.nedzink.com\/cs\/#organization"},"potentialAction":[{"@type":"SearchAction","target":{"@type":"EntryPoint","urlTemplate":"https:\/\/www.nedzink.com\/cs\/?s={search_term_string}"},"query-input":{"@type":"PropertyValueSpecification","valueRequired":true,"valueName":"search_term_string"}}],"inLanguage":"cs"},{"@type":"Organization","@id":"https:\/\/www.nedzink.com\/cs\/#organization","name":"NedZink","url":"https:\/\/www.nedzink.com\/cs\/","logo":{"@type":"ImageObject","inLanguage":"cs","@id":"https:\/\/www.nedzink.com\/cs\/#\/schema\/logo\/image\/","url":"https:\/\/www.nedzink.com\/wp-content\/uploads\/2019\/08\/logo-nedzink_fc_zk.jpg","contentUrl":"https:\/\/www.nedzink.com\/wp-content\/uploads\/2019\/08\/logo-nedzink_fc_zk.jpg","width":2160,"height":688,"caption":"NedZink"},"image":{"@id":"https:\/\/www.nedzink.com\/cs\/#\/schema\/logo\/image\/"}}]}},"_links":{"self":[{"href":"https:\/\/www.nedzink.com\/cs\/wp-json\/wp\/v2\/pages\/24861","targetHints":{"allow":["GET"]}}],"collection":[{"href":"https:\/\/www.nedzink.com\/cs\/wp-json\/wp\/v2\/pages"}],"about":[{"href":"https:\/\/www.nedzink.com\/cs\/wp-json\/wp\/v2\/types\/page"}],"author":[{"embeddable":true,"href":"https:\/\/www.nedzink.com\/cs\/wp-json\/wp\/v2\/users\/9"}],"replies":[{"embeddable":true,"href":"https:\/\/www.nedzink.com\/cs\/wp-json\/wp\/v2\/comments?post=24861"}],"version-history":[{"count":0,"href":"https:\/\/www.nedzink.com\/cs\/wp-json\/wp\/v2\/pages\/24861\/revisions"}],"wp:attachment":[{"href":"https:\/\/www.nedzink.com\/cs\/wp-json\/wp\/v2\/media?parent=24861"}],"curies":[{"name":"wp","href":"https:\/\/api.w.org\/{rel}","templated":true}]}}