{"id":12402,"date":"2019-04-10T11:36:49","date_gmt":"2019-04-10T09:36:49","guid":{"rendered":"http:\/\/136.144.181.85\/~nedzink\/contact\/distribuce\/"},"modified":"2019-07-25T10:42:17","modified_gmt":"2019-07-25T08:42:17","slug":"distribuce","status":"publish","type":"page","link":"https:\/\/www.nedzink.com\/cs\/contact\/distribuce\/","title":{"rendered":"Distribuce"},"content":{"rendered":"<div>\n<p>NedZink ji\u017e mnoho let z\u00e1sobuje trhy tradi\u010dn\u00ed cestou vedouc\u00ed od distribuce, p\u0159es obchod a\u017e ke zpracovatelsk\u00fdm firm\u00e1m a \u0159emesln\u00edk\u016fm. Na\u0161e materi\u00e1ly dod\u00e1v\u00e1me do specializovan\u00fdch velkoobchod\u016f se st\u0159e\u0161n\u00edmi krytinami a sanit\u00e1rn\u00ed technikou (topen\u00edm), do stavebnin a tak\u00e9 partner\u016fm z oboru odvodn\u011bn\u00ed st\u0159ech a p\u0159\u00edslu\u0161enstv\u00ed, a to p\u0159\u00edmo ze z\u00e1vodu v Budel-Dorpleinu nebo v Oberhausenu.<\/p>\n<p>Dal\u0161\u00ed expedi\u010dn\u00ed sklady se nach\u00e1zej\u00ed v Bambergu, Berl\u00edn\u011b a Ulmu a umo\u017e\u0148uj\u00ed tak\u00e9 bezprobl\u00e9movou distribuci men\u0161\u00edch dod\u00e1vek v kr\u00e1tk\u00e9m \u010dase.<\/p>\n<p>Vyzkou\u0161ejte na\u0161e slu\u017eby, t\u011b\u0161\u00edme se na Va\u0161i popt\u00e1vku.<\/p>\n<\/div>\n<div><span style=\"font-family: Arial; font-size: small;\"><span class=\"253274511-20092011\"><span style=\"display: none;\">\u00a0<\/span><\/span><\/span><\/div>\n","protected":false},"excerpt":{"rendered":"<p>NedZink ji\u017e mnoho let z\u00e1sobuje trhy tradi\u010dn\u00ed cestou vedouc\u00ed od distribuce, p\u0159es obchod a\u017e ke zpracovatelsk\u00fdm firm\u00e1m a \u0159emesln\u00edk\u016fm. Na\u0161e materi\u00e1ly dod\u00e1v\u00e1me do specializovan\u00fdch velkoobchod\u016f se st\u0159e\u0161n\u00edmi krytinami a sanit\u00e1rn\u00ed technikou (topen\u00edm), do stavebnin a tak\u00e9 partner\u016fm z oboru odvodn\u011bn\u00ed st\u0159ech a p\u0159\u00edslu\u0161enstv\u00ed, a to p\u0159\u00edmo ze z\u00e1vodu v Budel-Dorpleinu nebo v Oberhausenu. Dal\u0161\u00ed expedi\u010dn\u00ed [&hellip;]<\/p>\n","protected":false},"author":9,"featured_media":0,"parent":12376,"menu_order":110,"comment_status":"closed","ping_status":"closed","template":"template-import.php","meta":{"_acf_changed":false,"footnotes":""},"class_list":["post-12402","page","type-page","status-publish","hentry"],"acf":[],"yoast_head":"<!-- This site is optimized with the Yoast SEO plugin v26.8 - https:\/\/yoast.com\/product\/yoast-seo-wordpress\/ -->\n<title>Distribuce \u2013 NedZink<\/title>\n<meta name=\"robots\" content=\"index, follow, max-snippet:-1, max-image-preview:large, max-video-preview:-1\" \/>\n<link rel=\"canonical\" href=\"https:\/\/www.nedzink.com\/cs\/contact\/distribuce\/\" \/>\n<meta property=\"og:locale\" content=\"cs_CZ\" \/>\n<meta property=\"og:type\" content=\"article\" \/>\n<meta property=\"og:title\" content=\"Distribuce \u2013 NedZink\" \/>\n<meta property=\"og:description\" content=\"NedZink ji\u017e mnoho let z\u00e1sobuje trhy tradi\u010dn\u00ed cestou vedouc\u00ed od distribuce, p\u0159es obchod a\u017e ke zpracovatelsk\u00fdm firm\u00e1m a \u0159emesln\u00edk\u016fm. Na\u0161e materi\u00e1ly dod\u00e1v\u00e1me do specializovan\u00fdch velkoobchod\u016f se st\u0159e\u0161n\u00edmi krytinami a sanit\u00e1rn\u00ed technikou (topen\u00edm), do stavebnin a tak\u00e9 partner\u016fm z oboru odvodn\u011bn\u00ed st\u0159ech a p\u0159\u00edslu\u0161enstv\u00ed, a to p\u0159\u00edmo ze z\u00e1vodu v Budel-Dorpleinu nebo v Oberhausenu. Dal\u0161\u00ed expedi\u010dn\u00ed [&hellip;]\" \/>\n<meta property=\"og:url\" content=\"https:\/\/www.nedzink.com\/cs\/contact\/distribuce\/\" \/>\n<meta property=\"og:site_name\" content=\"NedZink\" \/>\n<meta property=\"article:modified_time\" content=\"2019-07-25T08:42:17+00:00\" \/>\n<meta name=\"twitter:card\" content=\"summary_large_image\" \/>\n<meta name=\"twitter:label1\" content=\"Odhadovan\u00e1 doba \u010dten\u00ed\" \/>\n\t<meta name=\"twitter:data1\" content=\"1 minuta\" \/>\n<script type=\"application\/ld+json\" class=\"yoast-schema-graph\">{\"@context\":\"https:\/\/schema.org\",\"@graph\":[{\"@type\":\"WebPage\",\"@id\":\"https:\/\/www.nedzink.com\/cs\/contact\/distribuce\/\",\"url\":\"https:\/\/www.nedzink.com\/cs\/contact\/distribuce\/\",\"name\":\"Distribuce \u2013 NedZink\",\"isPartOf\":{\"@id\":\"https:\/\/www.nedzink.com\/cs\/#website\"},\"datePublished\":\"2019-04-10T09:36:49+00:00\",\"dateModified\":\"2019-07-25T08:42:17+00:00\",\"breadcrumb\":{\"@id\":\"https:\/\/www.nedzink.com\/cs\/contact\/distribuce\/#breadcrumb\"},\"inLanguage\":\"cs\",\"potentialAction\":[{\"@type\":\"ReadAction\",\"target\":[\"https:\/\/www.nedzink.com\/cs\/contact\/distribuce\/\"]}]},{\"@type\":\"BreadcrumbList\",\"@id\":\"https:\/\/www.nedzink.com\/cs\/contact\/distribuce\/#breadcrumb\",\"itemListElement\":[{\"@type\":\"ListItem\",\"position\":1,\"name\":\"Home\",\"item\":\"https:\/\/www.nedzink.com\/cs\/\"},{\"@type\":\"ListItem\",\"position\":2,\"name\":\"Contact\",\"item\":\"https:\/\/www.nedzink.com\/cs\/contact\/\"},{\"@type\":\"ListItem\",\"position\":3,\"name\":\"Distribuce\"}]},{\"@type\":\"WebSite\",\"@id\":\"https:\/\/www.nedzink.com\/cs\/#website\",\"url\":\"https:\/\/www.nedzink.com\/cs\/\",\"name\":\"NedZink\",\"description\":\"Zink fabrikant\",\"publisher\":{\"@id\":\"https:\/\/www.nedzink.com\/cs\/#organization\"},\"potentialAction\":[{\"@type\":\"SearchAction\",\"target\":{\"@type\":\"EntryPoint\",\"urlTemplate\":\"https:\/\/www.nedzink.com\/cs\/?s={search_term_string}\"},\"query-input\":{\"@type\":\"PropertyValueSpecification\",\"valueRequired\":true,\"valueName\":\"search_term_string\"}}],\"inLanguage\":\"cs\"},{\"@type\":\"Organization\",\"@id\":\"https:\/\/www.nedzink.com\/cs\/#organization\",\"name\":\"NedZink\",\"url\":\"https:\/\/www.nedzink.com\/cs\/\",\"logo\":{\"@type\":\"ImageObject\",\"inLanguage\":\"cs\",\"@id\":\"https:\/\/www.nedzink.com\/cs\/#\/schema\/logo\/image\/\",\"url\":\"https:\/\/www.nedzink.com\/wp-content\/uploads\/2019\/08\/logo-nedzink_fc_zk.jpg\",\"contentUrl\":\"https:\/\/www.nedzink.com\/wp-content\/uploads\/2019\/08\/logo-nedzink_fc_zk.jpg\",\"width\":2160,\"height\":688,\"caption\":\"NedZink\"},\"image\":{\"@id\":\"https:\/\/www.nedzink.com\/cs\/#\/schema\/logo\/image\/\"}}]}<\/script>\n<!-- \/ Yoast SEO plugin. -->","yoast_head_json":{"title":"Distribuce \u2013 NedZink","robots":{"index":"index","follow":"follow","max-snippet":"max-snippet:-1","max-image-preview":"max-image-preview:large","max-video-preview":"max-video-preview:-1"},"canonical":"https:\/\/www.nedzink.com\/cs\/contact\/distribuce\/","og_locale":"cs_CZ","og_type":"article","og_title":"Distribuce \u2013 NedZink","og_description":"NedZink ji\u017e mnoho let z\u00e1sobuje trhy tradi\u010dn\u00ed cestou vedouc\u00ed od distribuce, p\u0159es obchod a\u017e ke zpracovatelsk\u00fdm firm\u00e1m a \u0159emesln\u00edk\u016fm. Na\u0161e materi\u00e1ly dod\u00e1v\u00e1me do specializovan\u00fdch velkoobchod\u016f se st\u0159e\u0161n\u00edmi krytinami a sanit\u00e1rn\u00ed technikou (topen\u00edm), do stavebnin a tak\u00e9 partner\u016fm z oboru odvodn\u011bn\u00ed st\u0159ech a p\u0159\u00edslu\u0161enstv\u00ed, a to p\u0159\u00edmo ze z\u00e1vodu v Budel-Dorpleinu nebo v Oberhausenu. Dal\u0161\u00ed expedi\u010dn\u00ed [&hellip;]","og_url":"https:\/\/www.nedzink.com\/cs\/contact\/distribuce\/","og_site_name":"NedZink","article_modified_time":"2019-07-25T08:42:17+00:00","twitter_card":"summary_large_image","twitter_misc":{"Odhadovan\u00e1 doba \u010dten\u00ed":"1 minuta"},"schema":{"@context":"https:\/\/schema.org","@graph":[{"@type":"WebPage","@id":"https:\/\/www.nedzink.com\/cs\/contact\/distribuce\/","url":"https:\/\/www.nedzink.com\/cs\/contact\/distribuce\/","name":"Distribuce \u2013 NedZink","isPartOf":{"@id":"https:\/\/www.nedzink.com\/cs\/#website"},"datePublished":"2019-04-10T09:36:49+00:00","dateModified":"2019-07-25T08:42:17+00:00","breadcrumb":{"@id":"https:\/\/www.nedzink.com\/cs\/contact\/distribuce\/#breadcrumb"},"inLanguage":"cs","potentialAction":[{"@type":"ReadAction","target":["https:\/\/www.nedzink.com\/cs\/contact\/distribuce\/"]}]},{"@type":"BreadcrumbList","@id":"https:\/\/www.nedzink.com\/cs\/contact\/distribuce\/#breadcrumb","itemListElement":[{"@type":"ListItem","position":1,"name":"Home","item":"https:\/\/www.nedzink.com\/cs\/"},{"@type":"ListItem","position":2,"name":"Contact","item":"https:\/\/www.nedzink.com\/cs\/contact\/"},{"@type":"ListItem","position":3,"name":"Distribuce"}]},{"@type":"WebSite","@id":"https:\/\/www.nedzink.com\/cs\/#website","url":"https:\/\/www.nedzink.com\/cs\/","name":"NedZink","description":"Zink fabrikant","publisher":{"@id":"https:\/\/www.nedzink.com\/cs\/#organization"},"potentialAction":[{"@type":"SearchAction","target":{"@type":"EntryPoint","urlTemplate":"https:\/\/www.nedzink.com\/cs\/?s={search_term_string}"},"query-input":{"@type":"PropertyValueSpecification","valueRequired":true,"valueName":"search_term_string"}}],"inLanguage":"cs"},{"@type":"Organization","@id":"https:\/\/www.nedzink.com\/cs\/#organization","name":"NedZink","url":"https:\/\/www.nedzink.com\/cs\/","logo":{"@type":"ImageObject","inLanguage":"cs","@id":"https:\/\/www.nedzink.com\/cs\/#\/schema\/logo\/image\/","url":"https:\/\/www.nedzink.com\/wp-content\/uploads\/2019\/08\/logo-nedzink_fc_zk.jpg","contentUrl":"https:\/\/www.nedzink.com\/wp-content\/uploads\/2019\/08\/logo-nedzink_fc_zk.jpg","width":2160,"height":688,"caption":"NedZink"},"image":{"@id":"https:\/\/www.nedzink.com\/cs\/#\/schema\/logo\/image\/"}}]}},"_links":{"self":[{"href":"https:\/\/www.nedzink.com\/cs\/wp-json\/wp\/v2\/pages\/12402","targetHints":{"allow":["GET"]}}],"collection":[{"href":"https:\/\/www.nedzink.com\/cs\/wp-json\/wp\/v2\/pages"}],"about":[{"href":"https:\/\/www.nedzink.com\/cs\/wp-json\/wp\/v2\/types\/page"}],"author":[{"embeddable":true,"href":"https:\/\/www.nedzink.com\/cs\/wp-json\/wp\/v2\/users\/9"}],"replies":[{"embeddable":true,"href":"https:\/\/www.nedzink.com\/cs\/wp-json\/wp\/v2\/comments?post=12402"}],"version-history":[{"count":0,"href":"https:\/\/www.nedzink.com\/cs\/wp-json\/wp\/v2\/pages\/12402\/revisions"}],"up":[{"embeddable":true,"href":"https:\/\/www.nedzink.com\/cs\/wp-json\/wp\/v2\/pages\/12376"}],"wp:attachment":[{"href":"https:\/\/www.nedzink.com\/cs\/wp-json\/wp\/v2\/media?parent=12402"}],"curies":[{"name":"wp","href":"https:\/\/api.w.org\/{rel}","templated":true}]}}