{"id":12363,"date":"2019-04-10T09:29:46","date_gmt":"2019-04-10T07:29:46","guid":{"rendered":"http:\/\/136.144.181.85\/~nedzink\/over-nedzink-2\/nedzink-world\/"},"modified":"2019-10-03T09:11:22","modified_gmt":"2019-10-03T07:11:22","slug":"nedzink-world","status":"publish","type":"page","link":"https:\/\/www.nedzink.com\/cs\/o-nedzink\/nedzink-world\/","title":{"rendered":"Nedzink World"},"content":{"rendered":"[vc_row][vc_column][vc_column_text css=&#8220;.vc_custom_1570086672939{margin-bottom: 0px !important;}&#8220;]N\u00e1\u0161 \u010dasopis NedZink ukazuje pou\u017eit\u00ed titanzinku jako stavebn\u00edho materi\u00e1lu. NedZink NATUREL, ale tak\u00e9 p\u0159edzv\u011btral\u00e9 verze NedZink NOVA a NedZink NOIR jsou rozs\u00e1hle vyu\u017e\u00edvany pro projekty na st\u0159echy, fas\u00e1dy a syst\u00e9my odvodu de\u0161\u0165ov\u00e9 vody.<\/p>\n<p>Vytvo\u0159ili jste projekt s materi\u00e1lem NedZink a cht\u011bli byste tento projekt uk\u00e1zat v NedZink World? D\u00e1me v\u00e1m tu p\u0159\u00edle\u017eitost!<\/p>\n<p>Po\u0161lete sv\u00e9 fotografie a informace o projektu editorovi spole\u010dnosti NedZink, tak se m\u016f\u017ee ka\u017ed\u00fd dozv\u011bd\u011bt o mo\u017enostech realizace z titanzinku.<\/p>\n<p><span style=\"text-decoration: underline;\"><a href=\"mailto:info@nedzink.com\">info@nedzink.com<\/a><\/span>[\/vc_column_text][\/vc_column][\/vc_row][vc_row][vc_column][mk_padding_divider size=&#8220;20&#8243;][vc_column_text css=&#8220;.vc_custom_1566300879262{margin-bottom: 0px !important;}&#8220;]<div class=\"dflip-books\"><div class=\"_df_thumb \" id=\"df_48373\"  books=\"nedzink-world-en\" wpoptions=\"true\" thumb=\"https:\/\/www.nedzink.com\/wp-content\/uploads\/2019\/09\/nzworldokt15-150x213.jpg\" thumbtype=\"img\" >NedZink World International Refereces<\/div><script data-cfasync=\"false\">var option_df_48373 = {\"outline\":[],\"forceFit\":\"true\",\"autoEnableOutline\":\"false\",\"autoEnableThumbnail\":\"false\",\"overwritePDFOutline\":\"false\",\"direction\":\"1\",\"pageMode\":\"0\",\"source\":\"https:\\\/\\\/www.nedzink.com\\\/wp-content\\\/uploads\\\/2019\\\/06\\\/nedzink-world-2015-international-references-def.pdf\",\"wpOptions\":\"true\"}; if(window.DFLIP && DFLIP.parseBooks){DFLIP.parseBooks();}<\/script><\/div>[\/vc_column_text][\/vc_column][\/vc_row]\n","protected":false},"excerpt":{"rendered":"<p>[vc_row][vc_column][vc_column_text css=&#8220;.vc_custom_1570086672939{margin-bottom: 0px !important;}&#8220;]N\u00e1\u0161 \u010dasopis NedZink ukazuje pou\u017eit\u00ed titanzinku jako stavebn\u00edho materi\u00e1lu. NedZink NATUREL, ale tak\u00e9 p\u0159edzv\u011btral\u00e9 verze NedZink NOVA a NedZink NOIR jsou rozs\u00e1hle vyu\u017e\u00edvany pro projekty na st\u0159echy, fas\u00e1dy a syst\u00e9my odvodu de\u0161\u0165ov\u00e9 vody. Vytvo\u0159ili jste projekt s materi\u00e1lem NedZink a cht\u011bli byste tento projekt uk\u00e1zat v NedZink World? D\u00e1me v\u00e1m tu p\u0159\u00edle\u017eitost! [&hellip;]<\/p>\n","protected":false},"author":9,"featured_media":0,"parent":12343,"menu_order":140,"comment_status":"closed","ping_status":"closed","template":"template-import.php","meta":{"_acf_changed":false,"footnotes":""},"class_list":["post-12363","page","type-page","status-publish","hentry"],"acf":[],"yoast_head":"<!-- This site is optimized with the Yoast SEO plugin v26.8 - https:\/\/yoast.com\/product\/yoast-seo-wordpress\/ -->\n<title>Nedzink World \u2013 NedZink<\/title>\n<meta name=\"description\" content=\"Meld u aan voor onze nieuwsbrief. De NedZink World toont opmerkelijke toepassingen en voorbeelden van zink als bouwmateriaal.\" \/>\n<meta name=\"robots\" content=\"index, follow, max-snippet:-1, max-image-preview:large, max-video-preview:-1\" \/>\n<link rel=\"canonical\" href=\"https:\/\/www.nedzink.com\/cs\/o-nedzink\/nedzink-world\/\" \/>\n<meta property=\"og:locale\" content=\"cs_CZ\" \/>\n<meta property=\"og:type\" content=\"article\" \/>\n<meta property=\"og:title\" content=\"Nedzink World \u2013 NedZink\" \/>\n<meta property=\"og:description\" content=\"Meld u aan voor onze nieuwsbrief. De NedZink World toont opmerkelijke toepassingen en voorbeelden van zink als bouwmateriaal.\" \/>\n<meta property=\"og:url\" content=\"https:\/\/www.nedzink.com\/cs\/o-nedzink\/nedzink-world\/\" \/>\n<meta property=\"og:site_name\" content=\"NedZink\" \/>\n<meta property=\"article:modified_time\" content=\"2019-10-03T07:11:22+00:00\" \/>\n<meta name=\"twitter:card\" content=\"summary_large_image\" \/>\n<meta name=\"twitter:label1\" content=\"Odhadovan\u00e1 doba \u010dten\u00ed\" \/>\n\t<meta name=\"twitter:data1\" content=\"1 minuta\" \/>\n<script type=\"application\/ld+json\" class=\"yoast-schema-graph\">{\"@context\":\"https:\/\/schema.org\",\"@graph\":[{\"@type\":\"WebPage\",\"@id\":\"https:\/\/www.nedzink.com\/cs\/o-nedzink\/nedzink-world\/\",\"url\":\"https:\/\/www.nedzink.com\/cs\/o-nedzink\/nedzink-world\/\",\"name\":\"Nedzink World \u2013 NedZink\",\"isPartOf\":{\"@id\":\"https:\/\/www.nedzink.com\/cs\/#website\"},\"datePublished\":\"2019-04-10T07:29:46+00:00\",\"dateModified\":\"2019-10-03T07:11:22+00:00\",\"description\":\"Meld u aan voor onze nieuwsbrief. De NedZink World toont opmerkelijke toepassingen en voorbeelden van zink als bouwmateriaal.\",\"breadcrumb\":{\"@id\":\"https:\/\/www.nedzink.com\/cs\/o-nedzink\/nedzink-world\/#breadcrumb\"},\"inLanguage\":\"cs\",\"potentialAction\":[{\"@type\":\"ReadAction\",\"target\":[\"https:\/\/www.nedzink.com\/cs\/o-nedzink\/nedzink-world\/\"]}]},{\"@type\":\"BreadcrumbList\",\"@id\":\"https:\/\/www.nedzink.com\/cs\/o-nedzink\/nedzink-world\/#breadcrumb\",\"itemListElement\":[{\"@type\":\"ListItem\",\"position\":1,\"name\":\"Home\",\"item\":\"https:\/\/www.nedzink.com\/cs\/\"},{\"@type\":\"ListItem\",\"position\":2,\"name\":\"O NedZink\",\"item\":\"https:\/\/www.nedzink.com\/cs\/o-nedzink\/\"},{\"@type\":\"ListItem\",\"position\":3,\"name\":\"Nedzink World\"}]},{\"@type\":\"WebSite\",\"@id\":\"https:\/\/www.nedzink.com\/cs\/#website\",\"url\":\"https:\/\/www.nedzink.com\/cs\/\",\"name\":\"NedZink\",\"description\":\"Zink fabrikant\",\"publisher\":{\"@id\":\"https:\/\/www.nedzink.com\/cs\/#organization\"},\"potentialAction\":[{\"@type\":\"SearchAction\",\"target\":{\"@type\":\"EntryPoint\",\"urlTemplate\":\"https:\/\/www.nedzink.com\/cs\/?s={search_term_string}\"},\"query-input\":{\"@type\":\"PropertyValueSpecification\",\"valueRequired\":true,\"valueName\":\"search_term_string\"}}],\"inLanguage\":\"cs\"},{\"@type\":\"Organization\",\"@id\":\"https:\/\/www.nedzink.com\/cs\/#organization\",\"name\":\"NedZink\",\"url\":\"https:\/\/www.nedzink.com\/cs\/\",\"logo\":{\"@type\":\"ImageObject\",\"inLanguage\":\"cs\",\"@id\":\"https:\/\/www.nedzink.com\/cs\/#\/schema\/logo\/image\/\",\"url\":\"https:\/\/www.nedzink.com\/wp-content\/uploads\/2019\/08\/logo-nedzink_fc_zk.jpg\",\"contentUrl\":\"https:\/\/www.nedzink.com\/wp-content\/uploads\/2019\/08\/logo-nedzink_fc_zk.jpg\",\"width\":2160,\"height\":688,\"caption\":\"NedZink\"},\"image\":{\"@id\":\"https:\/\/www.nedzink.com\/cs\/#\/schema\/logo\/image\/\"}}]}<\/script>\n<!-- \/ Yoast SEO plugin. -->","yoast_head_json":{"title":"Nedzink World \u2013 NedZink","description":"Meld u aan voor onze nieuwsbrief. De NedZink World toont opmerkelijke toepassingen en voorbeelden van zink als bouwmateriaal.","robots":{"index":"index","follow":"follow","max-snippet":"max-snippet:-1","max-image-preview":"max-image-preview:large","max-video-preview":"max-video-preview:-1"},"canonical":"https:\/\/www.nedzink.com\/cs\/o-nedzink\/nedzink-world\/","og_locale":"cs_CZ","og_type":"article","og_title":"Nedzink World \u2013 NedZink","og_description":"Meld u aan voor onze nieuwsbrief. De NedZink World toont opmerkelijke toepassingen en voorbeelden van zink als bouwmateriaal.","og_url":"https:\/\/www.nedzink.com\/cs\/o-nedzink\/nedzink-world\/","og_site_name":"NedZink","article_modified_time":"2019-10-03T07:11:22+00:00","twitter_card":"summary_large_image","twitter_misc":{"Odhadovan\u00e1 doba \u010dten\u00ed":"1 minuta"},"schema":{"@context":"https:\/\/schema.org","@graph":[{"@type":"WebPage","@id":"https:\/\/www.nedzink.com\/cs\/o-nedzink\/nedzink-world\/","url":"https:\/\/www.nedzink.com\/cs\/o-nedzink\/nedzink-world\/","name":"Nedzink World \u2013 NedZink","isPartOf":{"@id":"https:\/\/www.nedzink.com\/cs\/#website"},"datePublished":"2019-04-10T07:29:46+00:00","dateModified":"2019-10-03T07:11:22+00:00","description":"Meld u aan voor onze nieuwsbrief. De NedZink World toont opmerkelijke toepassingen en voorbeelden van zink als bouwmateriaal.","breadcrumb":{"@id":"https:\/\/www.nedzink.com\/cs\/o-nedzink\/nedzink-world\/#breadcrumb"},"inLanguage":"cs","potentialAction":[{"@type":"ReadAction","target":["https:\/\/www.nedzink.com\/cs\/o-nedzink\/nedzink-world\/"]}]},{"@type":"BreadcrumbList","@id":"https:\/\/www.nedzink.com\/cs\/o-nedzink\/nedzink-world\/#breadcrumb","itemListElement":[{"@type":"ListItem","position":1,"name":"Home","item":"https:\/\/www.nedzink.com\/cs\/"},{"@type":"ListItem","position":2,"name":"O NedZink","item":"https:\/\/www.nedzink.com\/cs\/o-nedzink\/"},{"@type":"ListItem","position":3,"name":"Nedzink World"}]},{"@type":"WebSite","@id":"https:\/\/www.nedzink.com\/cs\/#website","url":"https:\/\/www.nedzink.com\/cs\/","name":"NedZink","description":"Zink fabrikant","publisher":{"@id":"https:\/\/www.nedzink.com\/cs\/#organization"},"potentialAction":[{"@type":"SearchAction","target":{"@type":"EntryPoint","urlTemplate":"https:\/\/www.nedzink.com\/cs\/?s={search_term_string}"},"query-input":{"@type":"PropertyValueSpecification","valueRequired":true,"valueName":"search_term_string"}}],"inLanguage":"cs"},{"@type":"Organization","@id":"https:\/\/www.nedzink.com\/cs\/#organization","name":"NedZink","url":"https:\/\/www.nedzink.com\/cs\/","logo":{"@type":"ImageObject","inLanguage":"cs","@id":"https:\/\/www.nedzink.com\/cs\/#\/schema\/logo\/image\/","url":"https:\/\/www.nedzink.com\/wp-content\/uploads\/2019\/08\/logo-nedzink_fc_zk.jpg","contentUrl":"https:\/\/www.nedzink.com\/wp-content\/uploads\/2019\/08\/logo-nedzink_fc_zk.jpg","width":2160,"height":688,"caption":"NedZink"},"image":{"@id":"https:\/\/www.nedzink.com\/cs\/#\/schema\/logo\/image\/"}}]}},"_links":{"self":[{"href":"https:\/\/www.nedzink.com\/cs\/wp-json\/wp\/v2\/pages\/12363","targetHints":{"allow":["GET"]}}],"collection":[{"href":"https:\/\/www.nedzink.com\/cs\/wp-json\/wp\/v2\/pages"}],"about":[{"href":"https:\/\/www.nedzink.com\/cs\/wp-json\/wp\/v2\/types\/page"}],"author":[{"embeddable":true,"href":"https:\/\/www.nedzink.com\/cs\/wp-json\/wp\/v2\/users\/9"}],"replies":[{"embeddable":true,"href":"https:\/\/www.nedzink.com\/cs\/wp-json\/wp\/v2\/comments?post=12363"}],"version-history":[{"count":0,"href":"https:\/\/www.nedzink.com\/cs\/wp-json\/wp\/v2\/pages\/12363\/revisions"}],"up":[{"embeddable":true,"href":"https:\/\/www.nedzink.com\/cs\/wp-json\/wp\/v2\/pages\/12343"}],"wp:attachment":[{"href":"https:\/\/www.nedzink.com\/cs\/wp-json\/wp\/v2\/media?parent=12363"}],"curies":[{"name":"wp","href":"https:\/\/api.w.org\/{rel}","templated":true}]}}