{"id":12353,"date":"2019-04-10T09:29:44","date_gmt":"2019-04-10T07:29:44","guid":{"rendered":"http:\/\/136.144.181.85\/~nedzink\/over-nedzink-2\/prace-u-nedzinku\/"},"modified":"2019-09-04T13:41:17","modified_gmt":"2019-09-04T11:41:17","slug":"prace-u-nedzinku","status":"publish","type":"page","link":"https:\/\/www.nedzink.com\/cs\/o-nedzink\/prace-u-nedzinku\/","title":{"rendered":"Pr\u00e1ce u NedZinku"},"content":{"rendered":"<h1><img decoding=\"async\" style=\"height: 180px; width: 269px; float: right; margin: 10px 30px; border: 0px solid;\" src=\"https:\/\/www.nedzink.com\/wp-content\/uploads\/import\/cms\/userfiles\/images\/foto1.jpg\" alt=\"\" \/><\/h1>\n<p>&nbsp;<\/p>\n<p>NedZink pat\u0159\u00ed k nejaktivn\u011bj\u0161\u00edm hr\u00e1\u010d\u016fm na evropsk\u00e9m trhu v\u00e1lcovan\u00e9ho titanzinku. Na\u0161e \u00fazk\u00e1 spolupr\u00e1ce s architekty, design\u00e9ry a zpracovatelsk\u00fdmi firmami n\u00e1s ka\u017edodenn\u011b inspiruje ke zlep\u0161en\u00edm st\u00e1vaj\u00edc\u00edch mo\u017enost\u00ed pou\u017eit\u00ed titanzinku a k nal\u00e9z\u00e1n\u00ed nov\u00fdch \u0159e\u0161en\u00ed.<\/p>\n<p>NedZink podporuje pl\u00e1nov\u00e1n\u00ed a realizaci velmi kvalitn\u00edch stavebn\u00edch projekt\u016f s dlouhou dobou \u017eivotnosti vyu\u017e\u00edvaj\u00edc\u00edch leskle v\u00e1lcovan\u00fd, p\u0159edpatinovan\u00fd a strukturovan\u00fd titanzinek. Specializovan\u00fdm velkoobchod\u016fm zaru\u010duje NedZink spolehliv\u00e9 z\u00e1sobov\u00e1n\u00ed, technickou zp\u016fsobilost, vysokou kvalitu a rozs\u00e1hl\u00e9 slu\u017eby. NedZink jako jedni\u010dka na nizozemsk\u00e9m trhu v\u00fdznamn\u011b podporuje kreativn\u00ed zp\u016fsoby pou\u017eit\u00ed zinku.<\/p>\n<p>NedZink si je v\u011bdom sv\u00e9 odpov\u011bdnosti v\u016f\u010di \u010dlov\u011bku a \u017eivotn\u00edmu prost\u0159ed\u00ed. Vlastn\u00ed koncepce orientovan\u00e1 na budoucnost a investice do nejmodern\u011bj\u0161\u00edch v\u00fdrobn\u00edch technik posiluje na\u0161i pozici na trhu a vytv\u00e1\u0159\u00ed prostor pro dal\u0161\u00ed rozvoj.<\/p>\n<h2>Aktu\u00e1ln\u00ed nab\u00eddka m\u00edst:<\/h2>\n","protected":false},"excerpt":{"rendered":"<p>&nbsp; NedZink pat\u0159\u00ed k nejaktivn\u011bj\u0161\u00edm hr\u00e1\u010d\u016fm na evropsk\u00e9m trhu v\u00e1lcovan\u00e9ho titanzinku. Na\u0161e \u00fazk\u00e1 spolupr\u00e1ce s architekty, design\u00e9ry a zpracovatelsk\u00fdmi firmami n\u00e1s ka\u017edodenn\u011b inspiruje ke zlep\u0161en\u00edm st\u00e1vaj\u00edc\u00edch mo\u017enost\u00ed pou\u017eit\u00ed titanzinku a k nal\u00e9z\u00e1n\u00ed nov\u00fdch \u0159e\u0161en\u00ed. NedZink podporuje pl\u00e1nov\u00e1n\u00ed a realizaci velmi kvalitn\u00edch stavebn\u00edch projekt\u016f s dlouhou dobou \u017eivotnosti vyu\u017e\u00edvaj\u00edc\u00edch leskle v\u00e1lcovan\u00fd, p\u0159edpatinovan\u00fd a strukturovan\u00fd titanzinek. Specializovan\u00fdm [&hellip;]<\/p>\n","protected":false},"author":9,"featured_media":0,"parent":12343,"menu_order":120,"comment_status":"closed","ping_status":"closed","template":"template-import.php","meta":{"_acf_changed":false,"footnotes":""},"class_list":["post-12353","page","type-page","status-publish","hentry"],"acf":[],"yoast_head":"<!-- This site is optimized with the Yoast SEO plugin v26.8 - https:\/\/yoast.com\/product\/yoast-seo-wordpress\/ -->\n<title>Pr\u00e1ce u NedZinku \u2013 NedZink<\/title>\n<meta name=\"description\" content=\"Vacatures bij NedZink. Kom werken bij NedZink. Wij bieden een goed salaris, pensioenregelingen, een eindejaarsuitkering en goede studiefaciliteiten\" \/>\n<meta name=\"robots\" content=\"index, follow, max-snippet:-1, max-image-preview:large, max-video-preview:-1\" \/>\n<link rel=\"canonical\" href=\"https:\/\/www.nedzink.com\/cs\/o-nedzink\/prace-u-nedzinku\/\" \/>\n<meta property=\"og:locale\" content=\"cs_CZ\" \/>\n<meta property=\"og:type\" content=\"article\" \/>\n<meta property=\"og:title\" content=\"Pr\u00e1ce u NedZinku \u2013 NedZink\" \/>\n<meta property=\"og:description\" content=\"Vacatures bij NedZink. Kom werken bij NedZink. Wij bieden een goed salaris, pensioenregelingen, een eindejaarsuitkering en goede studiefaciliteiten\" \/>\n<meta property=\"og:url\" content=\"https:\/\/www.nedzink.com\/cs\/o-nedzink\/prace-u-nedzinku\/\" \/>\n<meta property=\"og:site_name\" content=\"NedZink\" \/>\n<meta property=\"article:modified_time\" content=\"2019-09-04T11:41:17+00:00\" \/>\n<meta property=\"og:image\" content=\"https:\/\/www.nedzink.com\/wp-content\/uploads\/import\/cms\/userfiles\/images\/foto1.jpg\" \/>\n<meta name=\"twitter:card\" content=\"summary_large_image\" \/>\n<meta name=\"twitter:label1\" content=\"Odhadovan\u00e1 doba \u010dten\u00ed\" \/>\n\t<meta name=\"twitter:data1\" content=\"1 minuta\" \/>\n<script type=\"application\/ld+json\" class=\"yoast-schema-graph\">{\"@context\":\"https:\/\/schema.org\",\"@graph\":[{\"@type\":\"WebPage\",\"@id\":\"https:\/\/www.nedzink.com\/cs\/o-nedzink\/prace-u-nedzinku\/\",\"url\":\"https:\/\/www.nedzink.com\/cs\/o-nedzink\/prace-u-nedzinku\/\",\"name\":\"Pr\u00e1ce u NedZinku \u2013 NedZink\",\"isPartOf\":{\"@id\":\"https:\/\/www.nedzink.com\/cs\/#website\"},\"primaryImageOfPage\":{\"@id\":\"https:\/\/www.nedzink.com\/cs\/o-nedzink\/prace-u-nedzinku\/#primaryimage\"},\"image\":{\"@id\":\"https:\/\/www.nedzink.com\/cs\/o-nedzink\/prace-u-nedzinku\/#primaryimage\"},\"thumbnailUrl\":\"https:\/\/www.nedzink.com\/wp-content\/uploads\/import\/cms\/userfiles\/images\/foto1.jpg\",\"datePublished\":\"2019-04-10T07:29:44+00:00\",\"dateModified\":\"2019-09-04T11:41:17+00:00\",\"description\":\"Vacatures bij NedZink. Kom werken bij NedZink. Wij bieden een goed salaris, pensioenregelingen, een eindejaarsuitkering en goede studiefaciliteiten\",\"breadcrumb\":{\"@id\":\"https:\/\/www.nedzink.com\/cs\/o-nedzink\/prace-u-nedzinku\/#breadcrumb\"},\"inLanguage\":\"cs\",\"potentialAction\":[{\"@type\":\"ReadAction\",\"target\":[\"https:\/\/www.nedzink.com\/cs\/o-nedzink\/prace-u-nedzinku\/\"]}]},{\"@type\":\"ImageObject\",\"inLanguage\":\"cs\",\"@id\":\"https:\/\/www.nedzink.com\/cs\/o-nedzink\/prace-u-nedzinku\/#primaryimage\",\"url\":\"https:\/\/www.nedzink.com\/wp-content\/uploads\/import\/cms\/userfiles\/images\/foto1.jpg\",\"contentUrl\":\"https:\/\/www.nedzink.com\/wp-content\/uploads\/import\/cms\/userfiles\/images\/foto1.jpg\"},{\"@type\":\"BreadcrumbList\",\"@id\":\"https:\/\/www.nedzink.com\/cs\/o-nedzink\/prace-u-nedzinku\/#breadcrumb\",\"itemListElement\":[{\"@type\":\"ListItem\",\"position\":1,\"name\":\"Home\",\"item\":\"https:\/\/www.nedzink.com\/cs\/\"},{\"@type\":\"ListItem\",\"position\":2,\"name\":\"O NedZink\",\"item\":\"https:\/\/www.nedzink.com\/cs\/o-nedzink\/\"},{\"@type\":\"ListItem\",\"position\":3,\"name\":\"Pr\u00e1ce u NedZinku\"}]},{\"@type\":\"WebSite\",\"@id\":\"https:\/\/www.nedzink.com\/cs\/#website\",\"url\":\"https:\/\/www.nedzink.com\/cs\/\",\"name\":\"NedZink\",\"description\":\"Zink fabrikant\",\"publisher\":{\"@id\":\"https:\/\/www.nedzink.com\/cs\/#organization\"},\"potentialAction\":[{\"@type\":\"SearchAction\",\"target\":{\"@type\":\"EntryPoint\",\"urlTemplate\":\"https:\/\/www.nedzink.com\/cs\/?s={search_term_string}\"},\"query-input\":{\"@type\":\"PropertyValueSpecification\",\"valueRequired\":true,\"valueName\":\"search_term_string\"}}],\"inLanguage\":\"cs\"},{\"@type\":\"Organization\",\"@id\":\"https:\/\/www.nedzink.com\/cs\/#organization\",\"name\":\"NedZink\",\"url\":\"https:\/\/www.nedzink.com\/cs\/\",\"logo\":{\"@type\":\"ImageObject\",\"inLanguage\":\"cs\",\"@id\":\"https:\/\/www.nedzink.com\/cs\/#\/schema\/logo\/image\/\",\"url\":\"https:\/\/www.nedzink.com\/wp-content\/uploads\/2019\/08\/logo-nedzink_fc_zk.jpg\",\"contentUrl\":\"https:\/\/www.nedzink.com\/wp-content\/uploads\/2019\/08\/logo-nedzink_fc_zk.jpg\",\"width\":2160,\"height\":688,\"caption\":\"NedZink\"},\"image\":{\"@id\":\"https:\/\/www.nedzink.com\/cs\/#\/schema\/logo\/image\/\"}}]}<\/script>\n<!-- \/ Yoast SEO plugin. -->","yoast_head_json":{"title":"Pr\u00e1ce u NedZinku \u2013 NedZink","description":"Vacatures bij NedZink. Kom werken bij NedZink. Wij bieden een goed salaris, pensioenregelingen, een eindejaarsuitkering en goede studiefaciliteiten","robots":{"index":"index","follow":"follow","max-snippet":"max-snippet:-1","max-image-preview":"max-image-preview:large","max-video-preview":"max-video-preview:-1"},"canonical":"https:\/\/www.nedzink.com\/cs\/o-nedzink\/prace-u-nedzinku\/","og_locale":"cs_CZ","og_type":"article","og_title":"Pr\u00e1ce u NedZinku \u2013 NedZink","og_description":"Vacatures bij NedZink. Kom werken bij NedZink. Wij bieden een goed salaris, pensioenregelingen, een eindejaarsuitkering en goede studiefaciliteiten","og_url":"https:\/\/www.nedzink.com\/cs\/o-nedzink\/prace-u-nedzinku\/","og_site_name":"NedZink","article_modified_time":"2019-09-04T11:41:17+00:00","og_image":[{"url":"https:\/\/www.nedzink.com\/wp-content\/uploads\/import\/cms\/userfiles\/images\/foto1.jpg","type":"","width":"","height":""}],"twitter_card":"summary_large_image","twitter_misc":{"Odhadovan\u00e1 doba \u010dten\u00ed":"1 minuta"},"schema":{"@context":"https:\/\/schema.org","@graph":[{"@type":"WebPage","@id":"https:\/\/www.nedzink.com\/cs\/o-nedzink\/prace-u-nedzinku\/","url":"https:\/\/www.nedzink.com\/cs\/o-nedzink\/prace-u-nedzinku\/","name":"Pr\u00e1ce u NedZinku \u2013 NedZink","isPartOf":{"@id":"https:\/\/www.nedzink.com\/cs\/#website"},"primaryImageOfPage":{"@id":"https:\/\/www.nedzink.com\/cs\/o-nedzink\/prace-u-nedzinku\/#primaryimage"},"image":{"@id":"https:\/\/www.nedzink.com\/cs\/o-nedzink\/prace-u-nedzinku\/#primaryimage"},"thumbnailUrl":"https:\/\/www.nedzink.com\/wp-content\/uploads\/import\/cms\/userfiles\/images\/foto1.jpg","datePublished":"2019-04-10T07:29:44+00:00","dateModified":"2019-09-04T11:41:17+00:00","description":"Vacatures bij NedZink. Kom werken bij NedZink. Wij bieden een goed salaris, pensioenregelingen, een eindejaarsuitkering en goede studiefaciliteiten","breadcrumb":{"@id":"https:\/\/www.nedzink.com\/cs\/o-nedzink\/prace-u-nedzinku\/#breadcrumb"},"inLanguage":"cs","potentialAction":[{"@type":"ReadAction","target":["https:\/\/www.nedzink.com\/cs\/o-nedzink\/prace-u-nedzinku\/"]}]},{"@type":"ImageObject","inLanguage":"cs","@id":"https:\/\/www.nedzink.com\/cs\/o-nedzink\/prace-u-nedzinku\/#primaryimage","url":"https:\/\/www.nedzink.com\/wp-content\/uploads\/import\/cms\/userfiles\/images\/foto1.jpg","contentUrl":"https:\/\/www.nedzink.com\/wp-content\/uploads\/import\/cms\/userfiles\/images\/foto1.jpg"},{"@type":"BreadcrumbList","@id":"https:\/\/www.nedzink.com\/cs\/o-nedzink\/prace-u-nedzinku\/#breadcrumb","itemListElement":[{"@type":"ListItem","position":1,"name":"Home","item":"https:\/\/www.nedzink.com\/cs\/"},{"@type":"ListItem","position":2,"name":"O NedZink","item":"https:\/\/www.nedzink.com\/cs\/o-nedzink\/"},{"@type":"ListItem","position":3,"name":"Pr\u00e1ce u NedZinku"}]},{"@type":"WebSite","@id":"https:\/\/www.nedzink.com\/cs\/#website","url":"https:\/\/www.nedzink.com\/cs\/","name":"NedZink","description":"Zink fabrikant","publisher":{"@id":"https:\/\/www.nedzink.com\/cs\/#organization"},"potentialAction":[{"@type":"SearchAction","target":{"@type":"EntryPoint","urlTemplate":"https:\/\/www.nedzink.com\/cs\/?s={search_term_string}"},"query-input":{"@type":"PropertyValueSpecification","valueRequired":true,"valueName":"search_term_string"}}],"inLanguage":"cs"},{"@type":"Organization","@id":"https:\/\/www.nedzink.com\/cs\/#organization","name":"NedZink","url":"https:\/\/www.nedzink.com\/cs\/","logo":{"@type":"ImageObject","inLanguage":"cs","@id":"https:\/\/www.nedzink.com\/cs\/#\/schema\/logo\/image\/","url":"https:\/\/www.nedzink.com\/wp-content\/uploads\/2019\/08\/logo-nedzink_fc_zk.jpg","contentUrl":"https:\/\/www.nedzink.com\/wp-content\/uploads\/2019\/08\/logo-nedzink_fc_zk.jpg","width":2160,"height":688,"caption":"NedZink"},"image":{"@id":"https:\/\/www.nedzink.com\/cs\/#\/schema\/logo\/image\/"}}]}},"_links":{"self":[{"href":"https:\/\/www.nedzink.com\/cs\/wp-json\/wp\/v2\/pages\/12353","targetHints":{"allow":["GET"]}}],"collection":[{"href":"https:\/\/www.nedzink.com\/cs\/wp-json\/wp\/v2\/pages"}],"about":[{"href":"https:\/\/www.nedzink.com\/cs\/wp-json\/wp\/v2\/types\/page"}],"author":[{"embeddable":true,"href":"https:\/\/www.nedzink.com\/cs\/wp-json\/wp\/v2\/users\/9"}],"replies":[{"embeddable":true,"href":"https:\/\/www.nedzink.com\/cs\/wp-json\/wp\/v2\/comments?post=12353"}],"version-history":[{"count":0,"href":"https:\/\/www.nedzink.com\/cs\/wp-json\/wp\/v2\/pages\/12353\/revisions"}],"up":[{"embeddable":true,"href":"https:\/\/www.nedzink.com\/cs\/wp-json\/wp\/v2\/pages\/12343"}],"wp:attachment":[{"href":"https:\/\/www.nedzink.com\/cs\/wp-json\/wp\/v2\/media?parent=12353"}],"curies":[{"name":"wp","href":"https:\/\/api.w.org\/{rel}","templated":true}]}}