{"id":12343,"date":"2019-04-10T09:29:43","date_gmt":"2019-04-10T07:29:43","guid":{"rendered":"http:\/\/136.144.181.85\/~nedzink\/over-nedzink-2\/"},"modified":"2024-11-12T10:24:40","modified_gmt":"2024-11-12T09:24:40","slug":"o-nedzink","status":"publish","type":"page","link":"https:\/\/www.nedzink.com\/cs\/o-nedzink\/","title":{"rendered":"O NedZink"},"content":{"rendered":"[vc_row visibility=&#8220;visible-dt-v2&#8243;][vc_column][mk_padding_divider][\/vc_column][\/vc_row][vc_row][vc_column el_class=&#8220;rij-wit-schaduw&#8220; offset=&#8220;vc_col-xs-12&#8243;][mk_padding_divider size=&#8220;30&#8243;][vc_column_text css=&#8220;.vc_custom_1563280569723{margin-bottom: 0px !important;}&#8220;]\n<h1>O NedZink<\/h1>\n[\/vc_column_text][vc_column_text css=&#8220;.vc_custom_1563280717521{margin-bottom: 0px !important;}&#8220;]\n<h6><strong>NedZink je v\u00edce ne\u017e sto let symbolem zku\u0161enosti, kvality a flexibility!<\/strong><\/h6>\n[\/vc_column_text][vc_column_text css=&#8220;.vc_custom_1731403425194{margin-bottom: 0px !important;}&#8220;]<a href=\"https:\/\/www.nedzink.com\/wp-content\/uploads\/2024\/11\/nyr_1566-300x200.jpg\"><img loading=\"lazy\" decoding=\"async\" class=\"alignright wp-image-132500 size-medium\" src=\"https:\/\/www.nedzink.com\/wp-content\/uploads\/2024\/11\/nyr_1566-300x200.jpg\" alt=\"\" width=\"300\" height=\"200\" srcset=\"https:\/\/www.nedzink.com\/wp-content\/uploads\/2024\/11\/nyr_1566-300x200.jpg 300w, https:\/\/www.nedzink.com\/wp-content\/uploads\/2024\/11\/nyr_1566-131x87.jpg 131w, https:\/\/www.nedzink.com\/wp-content\/uploads\/2024\/11\/nyr_1566-272x181.jpg 272w, https:\/\/www.nedzink.com\/wp-content\/uploads\/2024\/11\/nyr_1566-54x36.jpg 54w, https:\/\/www.nedzink.com\/wp-content\/uploads\/2024\/11\/nyr_1566-212x141.jpg 212w, https:\/\/www.nedzink.com\/wp-content\/uploads\/2024\/11\/nyr_1566.jpg 1024w\" sizes=\"auto, (max-width: 300px) 100vw, 300px\" \/><\/a><\/p>\n<p>V roce 1892 zalo\u017eila belgick\u00e1 rodina Dorov\u00fdch v Budel-Dorpleinu v nizozemsk\u00e9 provincii Severn\u00ed Brabantsko spole\u010dnost &#8222;Kempensche Zink Maatschappij&#8220; KZM. V roce 1968 p\u0159evzala 50% pod\u00edl nizozemsk\u00e1 spole\u010dnost BILLITON a v roce 1970 se spole\u010dnost stala sou\u010d\u00e1st\u00ed skupiny Royal Dutch Shell. Od roku 1973 pak spole\u010dnost vyr\u00e1b\u00ed titanzinek v\u00fdhradn\u011b elektrolyticky z vynikaj\u00edc\u00edho zinku s \u010distotou min. 99,995 % Zn.<\/p>\n<p>V roce 1995 byla v\u00fdroba titanzinku prod\u00e1na mezin\u00e1rodn\u00edmu holdingu \u201eKoramic Investment Group\u201c a jm\u00e9no firmy se zm\u011bnilo na &#8222;NedZink B.V.&#8220;. V roce 2018 podepsaly spole\u010dnosti Koramic a ElvalHalcor smlouvu o spole\u010dn\u00e9m podniku, na jej\u00edm\u017e z\u00e1klad\u011b spole\u010dnost ElvalHalcor z\u00edskala 50% pod\u00edl ve spole\u010dnosti NedZink BV prost\u0159ednictv\u00edm nav\u00fd\u0161en\u00ed kapit\u00e1lu. ElvalHalcor a Koramic spojuj\u00ed s\u00edly spole\u010dnosti NedZink na 50% \/ 50% z\u00e1klad\u011b. V\u00fdroba se nach\u00e1z\u00ed v Nizozemsku. Obchodn\u00ed zastoupen\u00ed jsou v Nizozemsku, Belgii a N\u011bmecku.<\/p>\n<p>NedZink pat\u0159\u00ed k nejv\u00fdznam\u011bj\u0161\u00edm evropsk\u00fdm v\u00fdrobc\u016fm v\u00e1lcovan\u00e9ho titanzinku. Aktivn\u00ed spolupr\u00e1ce spole\u010dnosti s architekty, design\u00e9ry a zpracovatelsk\u00fdmi podniky ji neust\u00e1le inspiruje ke zlep\u0161ov\u00e1n\u00ed st\u00e1vaj\u00edc\u00edch mo\u017enost\u00ed pou\u017eit\u00ed titanzinku a nal\u00e9z\u00e1n\u00ed nov\u00fdch \u0159e\u0161en\u00ed pro jeho aplikaci.<\/p>\n<p>NedZink podporuje pl\u00e1nov\u00e1n\u00ed a realizaci velmi kvalitn\u00edch stavebn\u00edch projekt\u016f s dlouhou dobou \u017eivotnosti, vyu\u017e\u00edvaj\u00edc\u00ed leskle v\u00e1lcovan\u00fd, p\u0159edpatinovan\u00fd a strukturovan\u00fd titanzinek. Specializovan\u00fdm velkoobchod\u016fm zaru\u010duje NedZink spolehliv\u00e9 z\u00e1sobov\u00e1n\u00ed, technickou zp\u016fsobilost, vysokou kvalitu a rozs\u00e1hl\u00e9 slu\u017eby. NedZink jako jedni\u010dka na nizozemsk\u00e9m trhu v\u00fdznamn\u011b podporuje kreativn\u00ed zp\u016fsoby pou\u017eit\u00ed zinku.<\/p>\n<p>NedZink si je v\u011bdom sv\u00e9 odpov\u011bdnosti v\u016f\u010di \u010dlov\u011bku a \u017eivotn\u00edmu prost\u0159ed\u00ed. Koncepce orientovan\u00e1 na budoucnost a investice do nejmodern\u011bj\u0161\u00edch v\u00fdrobn\u00edch technologi\u00ed posiluj\u00ed na\u0161i pozici na trhu a vytv\u00e1\u0159ej\u00ed prostor pro dal\u0161\u00ed rozvoj.[\/vc_column_text][vc_column_text css=&#8220;.vc_custom_1563280725397{margin-bottom: 0px !important;}&#8220;]\n<h6><strong>Inovace fascinuje a inspiruje<\/strong><\/h6>\n[\/vc_column_text][vc_column_text css=&#8220;.vc_custom_1563280630523{margin-bottom: 0px !important;}&#8220;]Krom\u011b sledov\u00e1n\u00ed kvality v\u00fdrobk\u016f a slu\u017eeb v\u011bnuje NedZink velkou pozornost i budoucnosti a neust\u00e1l\u00e9mu hled\u00e1n\u00ed nov\u00fdch mo\u017enost\u00ed pou\u017eit\u00ed stavebn\u00edho zinku. Na\u0161\u00ed motivac\u00ed je inovace. Zinek jako materi\u00e1l m\u00e1 stoletou tradici. P\u0159esto neust\u00e1le fascinuje a inspiruje d\u00edky mo\u017enosti pou\u017e\u00edt jej v\u017edy nov\u00fdm zp\u016fsobem. Dobr\u00fdm p\u0159\u00edkladem takov\u00e9ho v\u00fdvoje je NedZink NOVA, p\u0159edpatinovan\u00fd titanzinek od spole\u010dnosti NedZink, kter\u00fd je ur\u010den pro esteticky n\u00e1ro\u010dn\u00e1 \u0159e\u0161en\u00ed.[\/vc_column_text][vc_single_image image=&#8220;132512&#8243; img_size=&#8220;full&#8220;][mk_padding_divider size=&#8220;50&#8243;][vc_column_text css=&#8220;.vc_custom_1698047520238{margin-bottom: 0px !important;}&#8220;]<a href=\"https:\/\/www.koramic.be\/\"><img loading=\"lazy\" decoding=\"async\" class=\"alignnone size-medium wp-image-128354\" src=\"https:\/\/www.nedzink.com\/wp-content\/uploads\/2023\/10\/koramic-holding-300x77.png\" alt=\"\" width=\"300\" height=\"77\" srcset=\"https:\/\/www.nedzink.com\/wp-content\/uploads\/2023\/10\/koramic-holding-300x77.png 300w, https:\/\/www.nedzink.com\/wp-content\/uploads\/2023\/10\/koramic-holding-1024x263.png 1024w, https:\/\/www.nedzink.com\/wp-content\/uploads\/2023\/10\/koramic-holding-1536x395.png 1536w, https:\/\/www.nedzink.com\/wp-content\/uploads\/2023\/10\/koramic-holding-2048x526.png 2048w, https:\/\/www.nedzink.com\/wp-content\/uploads\/2023\/10\/koramic-holding-339x87.png 339w, https:\/\/www.nedzink.com\/wp-content\/uploads\/2023\/10\/koramic-holding-56x14.png 56w, https:\/\/www.nedzink.com\/wp-content\/uploads\/2023\/10\/koramic-holding-212x54.png 212w\" sizes=\"auto, (max-width: 300px) 100vw, 300px\" \/><\/a> \u00a0 \u00a0 \u00a0 \u00a0 \u00a0 \u00a0 \u00a0 \u00a0 \u00a0 \u00a0 \u00a0 \u00a0 \u00a0 \u00a0 \u00a0 \u00a0 \u00a0 \u00a0 <a href=\"https:\/\/www.elvalhalcor.com\/\"><img loading=\"lazy\" decoding=\"async\" class=\"alignnone wp-image-57324 size-medium\" src=\"https:\/\/www.nedzink.com\/wp-content\/uploads\/2020\/08\/logo-elvalhalcor-300x142.png\" alt=\"Logo ElvalHalcor\" width=\"300\" height=\"142\" srcset=\"https:\/\/www.nedzink.com\/wp-content\/uploads\/2020\/08\/logo-elvalhalcor-300x142.png 300w, https:\/\/www.nedzink.com\/wp-content\/uploads\/2020\/08\/logo-elvalhalcor-184x87.png 184w, https:\/\/www.nedzink.com\/wp-content\/uploads\/2020\/08\/logo-elvalhalcor-56x27.png 56w, https:\/\/www.nedzink.com\/wp-content\/uploads\/2020\/08\/logo-elvalhalcor-212x100.png 212w, https:\/\/www.nedzink.com\/wp-content\/uploads\/2020\/08\/logo-elvalhalcor.png 560w\" sizes=\"auto, (max-width: 300px) 100vw, 300px\" \/><\/a>[\/vc_column_text][\/vc_column][\/vc_row]\n","protected":false},"excerpt":{"rendered":"<p>[vc_row visibility=&#8220;visible-dt-v2&#8243;][vc_column][mk_padding_divider][\/vc_column][\/vc_row][vc_row][vc_column el_class=&#8220;rij-wit-schaduw&#8220; offset=&#8220;vc_col-xs-12&#8243;][mk_padding_divider size=&#8220;30&#8243;][vc_column_text css=&#8220;.vc_custom_1563280569723{margin-bottom: 0px !important;}&#8220;] O NedZink [\/vc_column_text][vc_column_text css=&#8220;.vc_custom_1563280717521{margin-bottom: 0px !important;}&#8220;] NedZink je v\u00edce ne\u017e sto let symbolem zku\u0161enosti, kvality a flexibility! [\/vc_column_text][vc_column_text css=&#8220;.vc_custom_1731403425194{margin-bottom: 0px !important;}&#8220;] V roce 1892 zalo\u017eila belgick\u00e1 rodina Dorov\u00fdch v Budel-Dorpleinu v nizozemsk\u00e9 provincii Severn\u00ed Brabantsko spole\u010dnost &#8222;Kempensche Zink Maatschappij&#8220; KZM. V roce 1968 p\u0159evzala 50% pod\u00edl nizozemsk\u00e1 [&hellip;]<\/p>\n","protected":false},"author":9,"featured_media":0,"parent":0,"menu_order":1000,"comment_status":"closed","ping_status":"closed","template":"","meta":{"_acf_changed":false,"footnotes":""},"class_list":["post-12343","page","type-page","status-publish","hentry"],"acf":[],"yoast_head":"<!-- This site is optimized with the Yoast SEO plugin v26.8 - https:\/\/yoast.com\/product\/yoast-seo-wordpress\/ -->\n<title>O NedZink \u2013 NedZink<\/title>\n<meta name=\"description\" content=\"Als handelspartner is NedZink een inspirator door betrouwbare levering van kennis, kwaliteit en dienstverlening. Lees meer over NedZink op onze site\" \/>\n<meta name=\"robots\" content=\"index, follow, max-snippet:-1, max-image-preview:large, max-video-preview:-1\" \/>\n<link rel=\"canonical\" href=\"https:\/\/www.nedzink.com\/cs\/o-nedzink\/\" \/>\n<meta property=\"og:locale\" content=\"cs_CZ\" \/>\n<meta property=\"og:type\" content=\"article\" \/>\n<meta property=\"og:title\" content=\"O NedZink \u2013 NedZink\" \/>\n<meta property=\"og:description\" content=\"Als handelspartner is NedZink een inspirator door betrouwbare levering van kennis, kwaliteit en dienstverlening. Lees meer over NedZink op onze site\" \/>\n<meta property=\"og:url\" content=\"https:\/\/www.nedzink.com\/cs\/o-nedzink\/\" \/>\n<meta property=\"og:site_name\" content=\"NedZink\" \/>\n<meta property=\"article:modified_time\" content=\"2024-11-12T09:24:40+00:00\" \/>\n<meta property=\"og:image\" content=\"https:\/\/www.nedzink.com\/wp-content\/uploads\/2024\/11\/nyr_1566.jpg\" \/>\n\t<meta property=\"og:image:width\" content=\"1024\" \/>\n\t<meta property=\"og:image:height\" content=\"682\" \/>\n\t<meta property=\"og:image:type\" content=\"image\/jpeg\" \/>\n<meta name=\"twitter:card\" content=\"summary_large_image\" \/>\n<meta name=\"twitter:label1\" content=\"Odhadovan\u00e1 doba \u010dten\u00ed\" \/>\n\t<meta name=\"twitter:data1\" content=\"3 minuty\" \/>\n<script type=\"application\/ld+json\" class=\"yoast-schema-graph\">{\"@context\":\"https:\/\/schema.org\",\"@graph\":[{\"@type\":\"WebPage\",\"@id\":\"https:\/\/www.nedzink.com\/cs\/o-nedzink\/\",\"url\":\"https:\/\/www.nedzink.com\/cs\/o-nedzink\/\",\"name\":\"O NedZink \u2013 NedZink\",\"isPartOf\":{\"@id\":\"https:\/\/www.nedzink.com\/cs\/#website\"},\"primaryImageOfPage\":{\"@id\":\"https:\/\/www.nedzink.com\/cs\/o-nedzink\/#primaryimage\"},\"image\":{\"@id\":\"https:\/\/www.nedzink.com\/cs\/o-nedzink\/#primaryimage\"},\"thumbnailUrl\":\"https:\/\/www.nedzink.com\/wp-content\/uploads\/2024\/11\/nyr_1566-300x200.jpg\",\"datePublished\":\"2019-04-10T07:29:43+00:00\",\"dateModified\":\"2024-11-12T09:24:40+00:00\",\"description\":\"Als handelspartner is NedZink een inspirator door betrouwbare levering van kennis, kwaliteit en dienstverlening. Lees meer over NedZink op onze site\",\"breadcrumb\":{\"@id\":\"https:\/\/www.nedzink.com\/cs\/o-nedzink\/#breadcrumb\"},\"inLanguage\":\"cs\",\"potentialAction\":[{\"@type\":\"ReadAction\",\"target\":[\"https:\/\/www.nedzink.com\/cs\/o-nedzink\/\"]}]},{\"@type\":\"ImageObject\",\"inLanguage\":\"cs\",\"@id\":\"https:\/\/www.nedzink.com\/cs\/o-nedzink\/#primaryimage\",\"url\":\"https:\/\/www.nedzink.com\/wp-content\/uploads\/2024\/11\/nyr_1566-300x200.jpg\",\"contentUrl\":\"https:\/\/www.nedzink.com\/wp-content\/uploads\/2024\/11\/nyr_1566-300x200.jpg\"},{\"@type\":\"BreadcrumbList\",\"@id\":\"https:\/\/www.nedzink.com\/cs\/o-nedzink\/#breadcrumb\",\"itemListElement\":[{\"@type\":\"ListItem\",\"position\":1,\"name\":\"Home\",\"item\":\"https:\/\/www.nedzink.com\/cs\/\"},{\"@type\":\"ListItem\",\"position\":2,\"name\":\"O NedZink\"}]},{\"@type\":\"WebSite\",\"@id\":\"https:\/\/www.nedzink.com\/cs\/#website\",\"url\":\"https:\/\/www.nedzink.com\/cs\/\",\"name\":\"NedZink\",\"description\":\"Zink fabrikant\",\"publisher\":{\"@id\":\"https:\/\/www.nedzink.com\/cs\/#organization\"},\"potentialAction\":[{\"@type\":\"SearchAction\",\"target\":{\"@type\":\"EntryPoint\",\"urlTemplate\":\"https:\/\/www.nedzink.com\/cs\/?s={search_term_string}\"},\"query-input\":{\"@type\":\"PropertyValueSpecification\",\"valueRequired\":true,\"valueName\":\"search_term_string\"}}],\"inLanguage\":\"cs\"},{\"@type\":\"Organization\",\"@id\":\"https:\/\/www.nedzink.com\/cs\/#organization\",\"name\":\"NedZink\",\"url\":\"https:\/\/www.nedzink.com\/cs\/\",\"logo\":{\"@type\":\"ImageObject\",\"inLanguage\":\"cs\",\"@id\":\"https:\/\/www.nedzink.com\/cs\/#\/schema\/logo\/image\/\",\"url\":\"https:\/\/www.nedzink.com\/wp-content\/uploads\/2019\/08\/logo-nedzink_fc_zk.jpg\",\"contentUrl\":\"https:\/\/www.nedzink.com\/wp-content\/uploads\/2019\/08\/logo-nedzink_fc_zk.jpg\",\"width\":2160,\"height\":688,\"caption\":\"NedZink\"},\"image\":{\"@id\":\"https:\/\/www.nedzink.com\/cs\/#\/schema\/logo\/image\/\"}}]}<\/script>\n<!-- \/ Yoast SEO plugin. -->","yoast_head_json":{"title":"O NedZink \u2013 NedZink","description":"Als handelspartner is NedZink een inspirator door betrouwbare levering van kennis, kwaliteit en dienstverlening. Lees meer over NedZink op onze site","robots":{"index":"index","follow":"follow","max-snippet":"max-snippet:-1","max-image-preview":"max-image-preview:large","max-video-preview":"max-video-preview:-1"},"canonical":"https:\/\/www.nedzink.com\/cs\/o-nedzink\/","og_locale":"cs_CZ","og_type":"article","og_title":"O NedZink \u2013 NedZink","og_description":"Als handelspartner is NedZink een inspirator door betrouwbare levering van kennis, kwaliteit en dienstverlening. Lees meer over NedZink op onze site","og_url":"https:\/\/www.nedzink.com\/cs\/o-nedzink\/","og_site_name":"NedZink","article_modified_time":"2024-11-12T09:24:40+00:00","og_image":[{"width":1024,"height":682,"url":"https:\/\/www.nedzink.com\/wp-content\/uploads\/2024\/11\/nyr_1566.jpg","type":"image\/jpeg"}],"twitter_card":"summary_large_image","twitter_misc":{"Odhadovan\u00e1 doba \u010dten\u00ed":"3 minuty"},"schema":{"@context":"https:\/\/schema.org","@graph":[{"@type":"WebPage","@id":"https:\/\/www.nedzink.com\/cs\/o-nedzink\/","url":"https:\/\/www.nedzink.com\/cs\/o-nedzink\/","name":"O NedZink \u2013 NedZink","isPartOf":{"@id":"https:\/\/www.nedzink.com\/cs\/#website"},"primaryImageOfPage":{"@id":"https:\/\/www.nedzink.com\/cs\/o-nedzink\/#primaryimage"},"image":{"@id":"https:\/\/www.nedzink.com\/cs\/o-nedzink\/#primaryimage"},"thumbnailUrl":"https:\/\/www.nedzink.com\/wp-content\/uploads\/2024\/11\/nyr_1566-300x200.jpg","datePublished":"2019-04-10T07:29:43+00:00","dateModified":"2024-11-12T09:24:40+00:00","description":"Als handelspartner is NedZink een inspirator door betrouwbare levering van kennis, kwaliteit en dienstverlening. Lees meer over NedZink op onze site","breadcrumb":{"@id":"https:\/\/www.nedzink.com\/cs\/o-nedzink\/#breadcrumb"},"inLanguage":"cs","potentialAction":[{"@type":"ReadAction","target":["https:\/\/www.nedzink.com\/cs\/o-nedzink\/"]}]},{"@type":"ImageObject","inLanguage":"cs","@id":"https:\/\/www.nedzink.com\/cs\/o-nedzink\/#primaryimage","url":"https:\/\/www.nedzink.com\/wp-content\/uploads\/2024\/11\/nyr_1566-300x200.jpg","contentUrl":"https:\/\/www.nedzink.com\/wp-content\/uploads\/2024\/11\/nyr_1566-300x200.jpg"},{"@type":"BreadcrumbList","@id":"https:\/\/www.nedzink.com\/cs\/o-nedzink\/#breadcrumb","itemListElement":[{"@type":"ListItem","position":1,"name":"Home","item":"https:\/\/www.nedzink.com\/cs\/"},{"@type":"ListItem","position":2,"name":"O NedZink"}]},{"@type":"WebSite","@id":"https:\/\/www.nedzink.com\/cs\/#website","url":"https:\/\/www.nedzink.com\/cs\/","name":"NedZink","description":"Zink fabrikant","publisher":{"@id":"https:\/\/www.nedzink.com\/cs\/#organization"},"potentialAction":[{"@type":"SearchAction","target":{"@type":"EntryPoint","urlTemplate":"https:\/\/www.nedzink.com\/cs\/?s={search_term_string}"},"query-input":{"@type":"PropertyValueSpecification","valueRequired":true,"valueName":"search_term_string"}}],"inLanguage":"cs"},{"@type":"Organization","@id":"https:\/\/www.nedzink.com\/cs\/#organization","name":"NedZink","url":"https:\/\/www.nedzink.com\/cs\/","logo":{"@type":"ImageObject","inLanguage":"cs","@id":"https:\/\/www.nedzink.com\/cs\/#\/schema\/logo\/image\/","url":"https:\/\/www.nedzink.com\/wp-content\/uploads\/2019\/08\/logo-nedzink_fc_zk.jpg","contentUrl":"https:\/\/www.nedzink.com\/wp-content\/uploads\/2019\/08\/logo-nedzink_fc_zk.jpg","width":2160,"height":688,"caption":"NedZink"},"image":{"@id":"https:\/\/www.nedzink.com\/cs\/#\/schema\/logo\/image\/"}}]}},"_links":{"self":[{"href":"https:\/\/www.nedzink.com\/cs\/wp-json\/wp\/v2\/pages\/12343","targetHints":{"allow":["GET"]}}],"collection":[{"href":"https:\/\/www.nedzink.com\/cs\/wp-json\/wp\/v2\/pages"}],"about":[{"href":"https:\/\/www.nedzink.com\/cs\/wp-json\/wp\/v2\/types\/page"}],"author":[{"embeddable":true,"href":"https:\/\/www.nedzink.com\/cs\/wp-json\/wp\/v2\/users\/9"}],"replies":[{"embeddable":true,"href":"https:\/\/www.nedzink.com\/cs\/wp-json\/wp\/v2\/comments?post=12343"}],"version-history":[{"count":3,"href":"https:\/\/www.nedzink.com\/cs\/wp-json\/wp\/v2\/pages\/12343\/revisions"}],"predecessor-version":[{"id":132531,"href":"https:\/\/www.nedzink.com\/cs\/wp-json\/wp\/v2\/pages\/12343\/revisions\/132531"}],"wp:attachment":[{"href":"https:\/\/www.nedzink.com\/cs\/wp-json\/wp\/v2\/media?parent=12343"}],"curies":[{"name":"wp","href":"https:\/\/api.w.org\/{rel}","templated":true}]}}