{"id":12312,"date":"2019-04-09T14:30:42","date_gmt":"2019-04-09T12:30:42","guid":{"rendered":"http:\/\/136.144.181.85\/~nedzink\/zivotni-prostredi\/ekologicke-certifikaty-epd\/"},"modified":"2021-06-16T15:02:53","modified_gmt":"2021-06-16T13:02:53","slug":"ekologicke-certifikaty-epd","status":"publish","type":"page","link":"https:\/\/www.nedzink.com\/cs\/zivotni-prostredi\/ekologicke-certifikaty-epd\/","title":{"rendered":"Ekologick\u00e9 certifik\u00e1ty EPD"},"content":{"rendered":"<h3>Podle hodnocen\u00ed EPD nab\u00edz\u00ed NedZink produkty \u0161etrn\u00e9 k \u017eivotn\u00edmu prost\u0159ed\u00ed<\/h3>\n<p style=\"text-align: justify;\">Nez\u00e1visl\u00fd n\u011bmeck\u00fd institut \u201eBauen und Umwelt e.V. (IBU)\u201c ocenil spole\u010dnost NedZink certifik\u00e1ty EPD za materi\u00e1ly NedZink NATUREL, NedZink NOVA, NedZink NEO a NedZink NOIR, kter\u00e9 spl\u0148uj\u00ed po\u017eadavky na \u0161etrnost k \u017eivotn\u00edmu prost\u0159ed\u00ed. Spole\u010dn\u011b s t\u011bmito certifik\u00e1ty, kter\u00e9 poskytuj\u00ed informace o v\u00fdrobc\u00edch z hlediska \u017eivotn\u00edho cyklu \u010di jejich ekologick\u00e9 stopy, z\u00edskaly uveden\u00e9 materi\u00e1ly od t\u00e9ho\u017e institutu tak\u00e9 ozna\u010den\u00ed \u201eECO platform\u201c. D\u00edky srovn\u00e1n\u00ed certifik\u00e1t\u016f s ostatn\u00edmi produkty na trhu si te\u010f z\u00e1kazn\u00edci mohou mnohem snadn\u011bji vybrat ekologicky \u0161etrn\u00fd materi\u00e1l. Z\u00edsk\u00e1n\u00edm certifik\u00e1tu z\u00e1rove\u0148 u\u010dinila spole\u010dnost NedZink nov\u00fd krok sm\u011brem k napl\u0148ov\u00e1n\u00ed hodnot udr\u017eitelnosti a kvality \u017eivotn\u00edho prost\u0159ed\u00ed.<\/p>\n<p><span style=\"font-size: 10pt; font-family: 'Arial',sans-serif; mso-fareast-font-family: Cambria; mso-ansi-language: NL; mso-fareast-language: EN-US; mso-bidi-language: AR-SA;\"><a href=\"https:\/\/www.nedzink.com\/wp-content\/uploads\/2021\/06\/nedzink-epd-2021-samen-min.jpg\"><img loading=\"lazy\" decoding=\"async\" class=\"alignleft size-medium wp-image-64119\" src=\"https:\/\/www.nedzink.com\/wp-content\/uploads\/2021\/06\/nedzink-epd-2021-samen-min-300x228.jpg\" alt=\"\" width=\"300\" height=\"228\" srcset=\"https:\/\/www.nedzink.com\/wp-content\/uploads\/2021\/06\/nedzink-epd-2021-samen-min-300x228.jpg 300w, https:\/\/www.nedzink.com\/wp-content\/uploads\/2021\/06\/nedzink-epd-2021-samen-min-1024x778.jpg 1024w, https:\/\/www.nedzink.com\/wp-content\/uploads\/2021\/06\/nedzink-epd-2021-samen-min-1536x1167.jpg 1536w, https:\/\/www.nedzink.com\/wp-content\/uploads\/2021\/06\/nedzink-epd-2021-samen-min-2048x1556.jpg 2048w, https:\/\/www.nedzink.com\/wp-content\/uploads\/2021\/06\/nedzink-epd-2021-samen-min-114x87.jpg 114w, https:\/\/www.nedzink.com\/wp-content\/uploads\/2021\/06\/nedzink-epd-2021-samen-min-47x36.jpg 47w, https:\/\/www.nedzink.com\/wp-content\/uploads\/2021\/06\/nedzink-epd-2021-samen-min-212x161.jpg 212w\" sizes=\"auto, (max-width: 300px) 100vw, 300px\" \/><\/a>\u00a0 \u00a0 \u00a0 \u00a0 \u00a0\u00a0<a href=\"http:\/\/construction-environment.com\/hp426\/Metals-for-buildings.htm\"><img decoding=\"async\" style=\"height: 143px; width: 300px;\" src=\"https:\/\/www.nedzink.com\/wp-content\/uploads\/import\/cms\/userfiles\/images\/news\/2014\/EPD_BV_RGB.jpg\" alt=\"\" \/><\/a><\/span><\/p>\n<p>&nbsp;<\/p>\n<p>&nbsp;<\/p>\n<p>&nbsp;<\/p>\n<p>&nbsp;<\/p>\n<p><strong>Anal\u00fdza \u017eivotn\u00edho cyklu<\/strong><\/p>\n<p style=\"text-align: justify;\">Certifik\u00e1ty EPD obsahuj\u00ed d\u016fle\u017eit\u00e1 data z hlediska hodnocen\u00ed dopad\u016f v\u00fdstavby na \u017eivotn\u00ed prost\u0159ed\u00ed, jak jsou nastaveny v nov\u00e9m evropsk\u00e9m projektu \u201eUdr\u017eitelnost budov\u201c. Podle nez\u00e1visl\u00e9ho institutu IBU byly dopady na \u017eivotn\u00ed prost\u0159ed\u00ed u materi\u00e1l\u016f NedZink NATUREL, NedZink NOVA, NedZink NEO a NedZink NOIR testov\u00e1ny a ov\u011b\u0159ov\u00e1ny na z\u00e1klad\u011b norem ISO 14025, 14040 a 15804. Provedena byla tak\u00e9 anal\u00fdza \u017eivotn\u00edho cyklu (LCA) v\u0161ech t\u0159\u00ed zinkov\u00fdch materi\u00e1l\u016f. Jde o metodu, kter\u00e1 umo\u017e\u0148uje ur\u010dit dopad na \u017eivotn\u00ed prost\u0159ed\u00ed v\u00fdrobk\u016f v jednotliv\u00fdch f\u00e1z\u00edch jejich \u017eivotn\u00edho cyklu. Jsou v tom zahrnuty emise CO2, spot\u0159eba energie a vody a zne\u010di\u0161t\u011bn\u00ed ovzdu\u0161\u00ed. Pr\u00e1v\u011b na z\u00e1klad\u011b t\u011bchto indik\u00e1tor\u016f obsa\u017een\u00fdch v certifik\u00e1tu EPD je mo\u017en\u00e9 si v\u011bdom\u011b vybrat produkt, kter\u00fd je \u0161etrn\u011bj\u0161\u00ed k \u017eivotn\u00edmu prost\u0159ed\u00ed.<\/p>\n","protected":false},"excerpt":{"rendered":"<p>Podle hodnocen\u00ed EPD nab\u00edz\u00ed NedZink produkty \u0161etrn\u00e9 k \u017eivotn\u00edmu prost\u0159ed\u00ed Nez\u00e1visl\u00fd n\u011bmeck\u00fd institut \u201eBauen und Umwelt e.V. (IBU)\u201c ocenil spole\u010dnost NedZink certifik\u00e1ty EPD za materi\u00e1ly NedZink NATUREL, NedZink NOVA, NedZink NEO a NedZink NOIR, kter\u00e9 spl\u0148uj\u00ed po\u017eadavky na \u0161etrnost k \u017eivotn\u00edmu prost\u0159ed\u00ed. Spole\u010dn\u011b s t\u011bmito certifik\u00e1ty, kter\u00e9 poskytuj\u00ed informace o v\u00fdrobc\u00edch z hlediska \u017eivotn\u00edho cyklu [&hellip;]<\/p>\n","protected":false},"author":9,"featured_media":0,"parent":12302,"menu_order":10,"comment_status":"closed","ping_status":"closed","template":"template-import.php","meta":{"_acf_changed":false,"footnotes":""},"class_list":["post-12312","page","type-page","status-publish","hentry"],"acf":[],"yoast_head":"<!-- This site is optimized with the Yoast SEO plugin v26.8 - https:\/\/yoast.com\/product\/yoast-seo-wordpress\/ -->\n<title>Ekologick\u00e9 certifik\u00e1ty EPD &#8211; NedZink<\/title>\n<meta name=\"robots\" content=\"index, follow, max-snippet:-1, max-image-preview:large, max-video-preview:-1\" \/>\n<link rel=\"canonical\" href=\"https:\/\/www.nedzink.com\/cs\/zivotni-prostredi\/ekologicke-certifikaty-epd\/\" \/>\n<meta property=\"og:locale\" content=\"cs_CZ\" \/>\n<meta property=\"og:type\" content=\"article\" \/>\n<meta property=\"og:title\" content=\"Ekologick\u00e9 certifik\u00e1ty EPD &#8211; NedZink\" \/>\n<meta property=\"og:description\" content=\"Podle hodnocen\u00ed EPD nab\u00edz\u00ed NedZink produkty \u0161etrn\u00e9 k \u017eivotn\u00edmu prost\u0159ed\u00ed Nez\u00e1visl\u00fd n\u011bmeck\u00fd institut \u201eBauen und Umwelt e.V. (IBU)\u201c ocenil spole\u010dnost NedZink certifik\u00e1ty EPD za materi\u00e1ly NedZink NATUREL, NedZink NOVA, NedZink NEO a NedZink NOIR, kter\u00e9 spl\u0148uj\u00ed po\u017eadavky na \u0161etrnost k \u017eivotn\u00edmu prost\u0159ed\u00ed. Spole\u010dn\u011b s t\u011bmito certifik\u00e1ty, kter\u00e9 poskytuj\u00ed informace o v\u00fdrobc\u00edch z hlediska \u017eivotn\u00edho cyklu [&hellip;]\" \/>\n<meta property=\"og:url\" content=\"https:\/\/www.nedzink.com\/cs\/zivotni-prostredi\/ekologicke-certifikaty-epd\/\" \/>\n<meta property=\"og:site_name\" content=\"NedZink\" \/>\n<meta property=\"article:modified_time\" content=\"2021-06-16T13:02:53+00:00\" \/>\n<meta property=\"og:image\" content=\"https:\/\/www.nedzink.com\/wp-content\/uploads\/2021\/06\/nedzink-epd-2021-samen-min-300x228.jpg\" \/>\n<meta name=\"twitter:card\" content=\"summary_large_image\" \/>\n<meta name=\"twitter:label1\" content=\"Odhadovan\u00e1 doba \u010dten\u00ed\" \/>\n\t<meta name=\"twitter:data1\" content=\"2 minuty\" \/>\n<script type=\"application\/ld+json\" class=\"yoast-schema-graph\">{\"@context\":\"https:\/\/schema.org\",\"@graph\":[{\"@type\":\"WebPage\",\"@id\":\"https:\/\/www.nedzink.com\/cs\/zivotni-prostredi\/ekologicke-certifikaty-epd\/\",\"url\":\"https:\/\/www.nedzink.com\/cs\/zivotni-prostredi\/ekologicke-certifikaty-epd\/\",\"name\":\"Ekologick\u00e9 certifik\u00e1ty EPD &#8211; NedZink\",\"isPartOf\":{\"@id\":\"https:\/\/www.nedzink.com\/cs\/#website\"},\"primaryImageOfPage\":{\"@id\":\"https:\/\/www.nedzink.com\/cs\/zivotni-prostredi\/ekologicke-certifikaty-epd\/#primaryimage\"},\"image\":{\"@id\":\"https:\/\/www.nedzink.com\/cs\/zivotni-prostredi\/ekologicke-certifikaty-epd\/#primaryimage\"},\"thumbnailUrl\":\"https:\/\/www.nedzink.com\/wp-content\/uploads\/2021\/06\/nedzink-epd-2021-samen-min-300x228.jpg\",\"datePublished\":\"2019-04-09T12:30:42+00:00\",\"dateModified\":\"2021-06-16T13:02:53+00:00\",\"breadcrumb\":{\"@id\":\"https:\/\/www.nedzink.com\/cs\/zivotni-prostredi\/ekologicke-certifikaty-epd\/#breadcrumb\"},\"inLanguage\":\"cs\",\"potentialAction\":[{\"@type\":\"ReadAction\",\"target\":[\"https:\/\/www.nedzink.com\/cs\/zivotni-prostredi\/ekologicke-certifikaty-epd\/\"]}]},{\"@type\":\"ImageObject\",\"inLanguage\":\"cs\",\"@id\":\"https:\/\/www.nedzink.com\/cs\/zivotni-prostredi\/ekologicke-certifikaty-epd\/#primaryimage\",\"url\":\"https:\/\/www.nedzink.com\/wp-content\/uploads\/2021\/06\/nedzink-epd-2021-samen-min-300x228.jpg\",\"contentUrl\":\"https:\/\/www.nedzink.com\/wp-content\/uploads\/2021\/06\/nedzink-epd-2021-samen-min-300x228.jpg\"},{\"@type\":\"BreadcrumbList\",\"@id\":\"https:\/\/www.nedzink.com\/cs\/zivotni-prostredi\/ekologicke-certifikaty-epd\/#breadcrumb\",\"itemListElement\":[{\"@type\":\"ListItem\",\"position\":1,\"name\":\"Home\",\"item\":\"https:\/\/www.nedzink.com\/cs\/\"},{\"@type\":\"ListItem\",\"position\":2,\"name\":\"\u017eivotn\u00ed prost\u0159ed\u00ed\",\"item\":\"https:\/\/www.nedzink.com\/cs\/zivotni-prostredi\/\"},{\"@type\":\"ListItem\",\"position\":3,\"name\":\"Ekologick\u00e9 certifik\u00e1ty EPD\"}]},{\"@type\":\"WebSite\",\"@id\":\"https:\/\/www.nedzink.com\/cs\/#website\",\"url\":\"https:\/\/www.nedzink.com\/cs\/\",\"name\":\"NedZink\",\"description\":\"Zink fabrikant\",\"publisher\":{\"@id\":\"https:\/\/www.nedzink.com\/cs\/#organization\"},\"potentialAction\":[{\"@type\":\"SearchAction\",\"target\":{\"@type\":\"EntryPoint\",\"urlTemplate\":\"https:\/\/www.nedzink.com\/cs\/?s={search_term_string}\"},\"query-input\":{\"@type\":\"PropertyValueSpecification\",\"valueRequired\":true,\"valueName\":\"search_term_string\"}}],\"inLanguage\":\"cs\"},{\"@type\":\"Organization\",\"@id\":\"https:\/\/www.nedzink.com\/cs\/#organization\",\"name\":\"NedZink\",\"url\":\"https:\/\/www.nedzink.com\/cs\/\",\"logo\":{\"@type\":\"ImageObject\",\"inLanguage\":\"cs\",\"@id\":\"https:\/\/www.nedzink.com\/cs\/#\/schema\/logo\/image\/\",\"url\":\"https:\/\/www.nedzink.com\/wp-content\/uploads\/2019\/08\/logo-nedzink_fc_zk.jpg\",\"contentUrl\":\"https:\/\/www.nedzink.com\/wp-content\/uploads\/2019\/08\/logo-nedzink_fc_zk.jpg\",\"width\":2160,\"height\":688,\"caption\":\"NedZink\"},\"image\":{\"@id\":\"https:\/\/www.nedzink.com\/cs\/#\/schema\/logo\/image\/\"}}]}<\/script>\n<!-- \/ Yoast SEO plugin. -->","yoast_head_json":{"title":"Ekologick\u00e9 certifik\u00e1ty EPD &#8211; NedZink","robots":{"index":"index","follow":"follow","max-snippet":"max-snippet:-1","max-image-preview":"max-image-preview:large","max-video-preview":"max-video-preview:-1"},"canonical":"https:\/\/www.nedzink.com\/cs\/zivotni-prostredi\/ekologicke-certifikaty-epd\/","og_locale":"cs_CZ","og_type":"article","og_title":"Ekologick\u00e9 certifik\u00e1ty EPD &#8211; NedZink","og_description":"Podle hodnocen\u00ed EPD nab\u00edz\u00ed NedZink produkty \u0161etrn\u00e9 k \u017eivotn\u00edmu prost\u0159ed\u00ed Nez\u00e1visl\u00fd n\u011bmeck\u00fd institut \u201eBauen und Umwelt e.V. (IBU)\u201c ocenil spole\u010dnost NedZink certifik\u00e1ty EPD za materi\u00e1ly NedZink NATUREL, NedZink NOVA, NedZink NEO a NedZink NOIR, kter\u00e9 spl\u0148uj\u00ed po\u017eadavky na \u0161etrnost k \u017eivotn\u00edmu prost\u0159ed\u00ed. Spole\u010dn\u011b s t\u011bmito certifik\u00e1ty, kter\u00e9 poskytuj\u00ed informace o v\u00fdrobc\u00edch z hlediska \u017eivotn\u00edho cyklu [&hellip;]","og_url":"https:\/\/www.nedzink.com\/cs\/zivotni-prostredi\/ekologicke-certifikaty-epd\/","og_site_name":"NedZink","article_modified_time":"2021-06-16T13:02:53+00:00","og_image":[{"url":"https:\/\/www.nedzink.com\/wp-content\/uploads\/2021\/06\/nedzink-epd-2021-samen-min-300x228.jpg","type":"","width":"","height":""}],"twitter_card":"summary_large_image","twitter_misc":{"Odhadovan\u00e1 doba \u010dten\u00ed":"2 minuty"},"schema":{"@context":"https:\/\/schema.org","@graph":[{"@type":"WebPage","@id":"https:\/\/www.nedzink.com\/cs\/zivotni-prostredi\/ekologicke-certifikaty-epd\/","url":"https:\/\/www.nedzink.com\/cs\/zivotni-prostredi\/ekologicke-certifikaty-epd\/","name":"Ekologick\u00e9 certifik\u00e1ty EPD &#8211; NedZink","isPartOf":{"@id":"https:\/\/www.nedzink.com\/cs\/#website"},"primaryImageOfPage":{"@id":"https:\/\/www.nedzink.com\/cs\/zivotni-prostredi\/ekologicke-certifikaty-epd\/#primaryimage"},"image":{"@id":"https:\/\/www.nedzink.com\/cs\/zivotni-prostredi\/ekologicke-certifikaty-epd\/#primaryimage"},"thumbnailUrl":"https:\/\/www.nedzink.com\/wp-content\/uploads\/2021\/06\/nedzink-epd-2021-samen-min-300x228.jpg","datePublished":"2019-04-09T12:30:42+00:00","dateModified":"2021-06-16T13:02:53+00:00","breadcrumb":{"@id":"https:\/\/www.nedzink.com\/cs\/zivotni-prostredi\/ekologicke-certifikaty-epd\/#breadcrumb"},"inLanguage":"cs","potentialAction":[{"@type":"ReadAction","target":["https:\/\/www.nedzink.com\/cs\/zivotni-prostredi\/ekologicke-certifikaty-epd\/"]}]},{"@type":"ImageObject","inLanguage":"cs","@id":"https:\/\/www.nedzink.com\/cs\/zivotni-prostredi\/ekologicke-certifikaty-epd\/#primaryimage","url":"https:\/\/www.nedzink.com\/wp-content\/uploads\/2021\/06\/nedzink-epd-2021-samen-min-300x228.jpg","contentUrl":"https:\/\/www.nedzink.com\/wp-content\/uploads\/2021\/06\/nedzink-epd-2021-samen-min-300x228.jpg"},{"@type":"BreadcrumbList","@id":"https:\/\/www.nedzink.com\/cs\/zivotni-prostredi\/ekologicke-certifikaty-epd\/#breadcrumb","itemListElement":[{"@type":"ListItem","position":1,"name":"Home","item":"https:\/\/www.nedzink.com\/cs\/"},{"@type":"ListItem","position":2,"name":"\u017eivotn\u00ed prost\u0159ed\u00ed","item":"https:\/\/www.nedzink.com\/cs\/zivotni-prostredi\/"},{"@type":"ListItem","position":3,"name":"Ekologick\u00e9 certifik\u00e1ty EPD"}]},{"@type":"WebSite","@id":"https:\/\/www.nedzink.com\/cs\/#website","url":"https:\/\/www.nedzink.com\/cs\/","name":"NedZink","description":"Zink fabrikant","publisher":{"@id":"https:\/\/www.nedzink.com\/cs\/#organization"},"potentialAction":[{"@type":"SearchAction","target":{"@type":"EntryPoint","urlTemplate":"https:\/\/www.nedzink.com\/cs\/?s={search_term_string}"},"query-input":{"@type":"PropertyValueSpecification","valueRequired":true,"valueName":"search_term_string"}}],"inLanguage":"cs"},{"@type":"Organization","@id":"https:\/\/www.nedzink.com\/cs\/#organization","name":"NedZink","url":"https:\/\/www.nedzink.com\/cs\/","logo":{"@type":"ImageObject","inLanguage":"cs","@id":"https:\/\/www.nedzink.com\/cs\/#\/schema\/logo\/image\/","url":"https:\/\/www.nedzink.com\/wp-content\/uploads\/2019\/08\/logo-nedzink_fc_zk.jpg","contentUrl":"https:\/\/www.nedzink.com\/wp-content\/uploads\/2019\/08\/logo-nedzink_fc_zk.jpg","width":2160,"height":688,"caption":"NedZink"},"image":{"@id":"https:\/\/www.nedzink.com\/cs\/#\/schema\/logo\/image\/"}}]}},"_links":{"self":[{"href":"https:\/\/www.nedzink.com\/cs\/wp-json\/wp\/v2\/pages\/12312","targetHints":{"allow":["GET"]}}],"collection":[{"href":"https:\/\/www.nedzink.com\/cs\/wp-json\/wp\/v2\/pages"}],"about":[{"href":"https:\/\/www.nedzink.com\/cs\/wp-json\/wp\/v2\/types\/page"}],"author":[{"embeddable":true,"href":"https:\/\/www.nedzink.com\/cs\/wp-json\/wp\/v2\/users\/9"}],"replies":[{"embeddable":true,"href":"https:\/\/www.nedzink.com\/cs\/wp-json\/wp\/v2\/comments?post=12312"}],"version-history":[{"count":0,"href":"https:\/\/www.nedzink.com\/cs\/wp-json\/wp\/v2\/pages\/12312\/revisions"}],"up":[{"embeddable":true,"href":"https:\/\/www.nedzink.com\/cs\/wp-json\/wp\/v2\/pages\/12302"}],"wp:attachment":[{"href":"https:\/\/www.nedzink.com\/cs\/wp-json\/wp\/v2\/media?parent=12312"}],"curies":[{"name":"wp","href":"https:\/\/api.w.org\/{rel}","templated":true}]}}