{"id":12302,"date":"2019-04-09T14:30:40","date_gmt":"2019-04-09T12:30:40","guid":{"rendered":"http:\/\/136.144.181.85\/~nedzink\/zivotni-prostredi\/"},"modified":"2019-08-12T14:41:51","modified_gmt":"2019-08-12T12:41:51","slug":"zivotni-prostredi","status":"publish","type":"page","link":"https:\/\/www.nedzink.com\/cs\/zivotni-prostredi\/","title":{"rendered":"\u017eivotn\u00ed prost\u0159ed\u00ed"},"content":{"rendered":"[vc_row][vc_column][vc_column_text css=&#8220;.vc_custom_1565266286991{margin-bottom: 0px !important;}&#8220;]<strong>Z\u00c1KLADN\u00cd PO\u017dADAVKY, DLOUH\u00c1 \u017dIVOTNOST A VELMI DOBR\u00c1 RECYKLOVATELNOST<\/strong><\/p>\n<p>Kovov\u00fd prvek zinek je jedn\u00edm z nejd\u016fle\u017eit\u011bj\u0161\u00edch stopov\u00fdch prvk\u016f a pod\u00edl\u00ed se rozhoduj\u00edc\u00ed m\u011brou na t\u00e9m\u011b\u0159 v\u0161ech \u017eivotn\u011b d\u016fle\u017eit\u00fdch funkc\u00edch l\u00e1tkov\u00e9 v\u00fdm\u011bny v lidsk\u00e9m t\u011ble. To znamen\u00e1, \u017ee je nutn\u00fd trval\u00fd p\u0159\u00edjem zinku, jeho nedostatek m\u016f\u017ee vyvolat zdravotn\u00ed probl\u00e9my. Zinek ale hraje d\u016fle\u017eitou roli tak\u00e9 v jin\u00fdch oblastech, kter\u00fdmi jsou nap\u0159\u00edklad ekologick\u00e1 rovnov\u00e1ha, ochrana klimatu, \u017eivotn\u00edho prost\u0159ed\u00ed a zdroj\u016f.<\/p>\n<p><strong>Nezbytn\u00fd pro \u017eivot a zdrav\u00ed<br \/>\n<\/strong>Ve\u0161ker\u00fd \u017eivot na zemi, tak jak ho dnes zn\u00e1me, se vyv\u00edjel za p\u0159\u00edtomnosti p\u0159\u00edrodn\u00edch slo\u017eek zinku. Vedle ji\u017e zm\u00edn\u011bn\u00fdch funkc\u00ed l\u00e1tkov\u00e9 v\u00fdm\u011bny dostatek zinku tak\u00e9 pozitivn\u011b ovliv\u0148uje l\u00e9\u010den\u00ed ran a je d\u016fle\u017eit\u00fd pro v\u00fdvoj u mal\u00fdch d\u011bt\u00ed, v pubert\u011b a v t\u011bhotenstv\u00ed. Ve st\u0159edn\u00ed Evrop\u011b lze dostate\u010dn\u00fd p\u0159\u00edsun zinku zajistit vyv\u00e1\u017eenou stravou. V lidsk\u00e9m t\u011ble je trvale obsa\u017eeno p\u0159ibli\u017en\u011b 2,5 g zinku. Proto\u017ee se ale nadbyte\u010dn\u00fd zinek neukl\u00e1d\u00e1, n\u00fdbr\u017e vylu\u010duje, je nutn\u00e9 zajistit jeho trval\u00fd p\u0159\u00edjem. U dosp\u011bl\u00fdch osob je doporu\u010den\u00e1 denn\u00ed d\u00e1vka p\u0159ibli\u017en\u011b 10 &#8211; 15 mg, kter\u00e1 zajist\u00ed fungov\u00e1n\u00ed nap\u0159. 200 enzym\u016f, stabilitu DNA a p\u0159enos sign\u00e1l\u016f podr\u00e1\u017ed\u011bn\u00ed.<\/p>\n<p><strong><br \/>\nChr\u00e1n\u00ed \u010dlov\u011bka i techniku<br \/>\n<\/strong>\u017de lze zinkem velmi dob\u0159e chr\u00e1nit technick\u00e9 v\u00fdrobky, to je v\u0161eobecn\u011b zn\u00e1m\u00e9. Jestli\u017ee jsou budovy kryty p\u0159ed p\u016fsoben\u00edm pov\u011btrnostn\u00edch vliv\u016f zinkov\u00fdmi plechy, maj\u00ed o\u0161et\u0159eny ocelov\u00e9 konstrukce pozinkov\u00e1n\u00edm a mnoh\u00e9 povrchy pota\u017eeny materi\u00e1ly, kter\u00e9 obsahuj\u00ed zinek, pak se n\u011bkolikan\u00e1sobn\u011b prodlou\u017e\u00ed doba jejich u\u017e\u00edv\u00e1n\u00ed. Stejn\u011b tak je pro regeneraci a ochranu poko\u017eky p\u0159ed UV z\u00e1\u0159en\u00edm d\u016fle\u017eit\u00e9 pou\u017e\u00edv\u00e1n\u00ed prost\u0159edk\u016f s obsahem oxidu zine\u010dnat\u00e9ho.<\/p>\n<p><strong><br \/>\nVlastn\u00ed odpov\u011bdnost<br \/>\n<\/strong>V roce 2001 vydal celosv\u011btov\u00fd svaz pro zinkov\u00fd pr\u016fmysl, International Zinc Association, listinu udr\u017eitelnosti v\u00fdvoje (Sustainability Charter). Jej\u00edm c\u00edlem je, aby byla v\u00fdroba zinku i jeho dal\u0161\u00ed zpracov\u00e1n\u00ed a pou\u017eit\u00ed v souladu se \u017eivotn\u00edm prost\u0159ed\u00edm a spole\u010densk\u00fdmi pot\u0159ebami, ani\u017e by p\u0159itom vznikala rizika pro \u010dlov\u011bka a \u017eivotn\u00ed prost\u0159ed\u00ed.<\/p>\n<p><strong><br \/>\nCertifik\u00e1ty<\/strong><\/p>\n<p><img decoding=\"async\" style=\"border-width: 0px; border-style: solid; width: 200px; height: 283px;\" src=\"https:\/\/www.nedzink.com\/wp-content\/uploads\/import\/cms\/userfiles\/images\/iso.jpg\" \/><\/p>\n<p>&nbsp;<\/p>\n<p>Certifik\u00e1t ISO 9001:2008<\/p>\n<p>&nbsp;<\/p>\n<p><strong>Posuzov\u00e1n\u00ed \u017eivotn\u00edho cyklu &#8211; Life Cycle Analysis (LCA)<br \/>\n<\/strong>O t\u011b\u017eb\u011b zinku, jeho recyklaci a zpracov\u00e1n\u00ed je k dispozici mnoho dat. Pro mnoho v\u00fdrobk\u016f ze zinku existuje LCA. Spolkov\u00fd \u00fa\u0159ad \u017eivotn\u00edho prost\u0159ed\u00ed UBA zve\u0159ejnil v roce 2005, jako sou\u010d\u00e1st \u0159ady sv\u00fdch publikac\u00ed, tak\u00e9 ekologickou bilanci materi\u00e1l\u016f kovov\u00fdch krytin. Je t\u0159eba p\u0159ipomenout, \u017ee nelakovan\u00e9 kovy p\u0159irozen\u011b zv\u011btral\u00e9 maj\u00ed z hlediska \u017eivotn\u00edho prost\u0159ed\u00ed v porovn\u00e1n\u00ed s ostatn\u00edmi st\u0159e\u0161n\u00edmi krytinami mnoho v\u00fdhod, zejm\u00e9na dlouhou trvanlivost a n\u00edzk\u00e9 n\u00e1roky na \u00fadr\u017ebu. V ekologick\u00e9 bilanci UBA je zvl\u00e1\u0161\u0165 zd\u016frazn\u011bn zinek, zejm\u00e9na jeho velmi n\u00edzk\u00e9 emisn\u00ed hodnoty. To plat\u00ed tak\u00e9 pro tzv. sklen\u00edkov\u00fd potenci\u00e1l. Tauw Milieu B.V. Integrated Environmental Projects Department do\u0161el ji\u017e v roce 1996 k obdobn\u00fdm v\u00fdsledk\u016fm ve sv\u00e9 studii k okapov\u00fdm \u017elab\u016fm z r\u016fzn\u00fdch materi\u00e1l\u016f (Life Cycle Assessment of zinc gutters, review and update).<\/p>\n<p><strong><br \/>\nOchrana klimatu<br \/>\n<\/strong>Zinek vyhovuje tak\u00e9 po\u017eadavk\u016fm na ochranu klimatu n\u00edzk\u00fdmi emisemi CO2. V\u0161echny \u00fadaje jsou kv\u016fli velk\u00e9mu mno\u017estv\u00ed a komplexnosti uvedeny v programu &#8222;Zinc-for-life-program&#8220;, kter\u00fd vydala mezin\u00e1rodn\u00ed organizace International Zinc Association (IZA).<\/p>\n<p><strong><br \/>\nOchrana \u017eivotn\u00edho prost\u0159ed\u00ed<br \/>\n<\/strong>Od procesu z\u00edsk\u00e1v\u00e1n\u00ed zinku z rudy a\u017e po v\u00fdrobu zinkov\u00e9ho plechu se samoz\u0159ejm\u011b m\u011bn\u00ed koncentrace zinku oproti tomu p\u0159\u00edrodn\u00edmu. To m\u00e1 vliv na \u017eivotn\u00ed prost\u0159ed\u00ed. Zinek je v\u0161ak z tohoto pohledu jedn\u00edm z nejl\u00e9pe prozkouman\u00fdch materi\u00e1l\u016f. Proto\u017ee poznatk\u016f je zna\u010dn\u00e9 mno\u017estv\u00ed, nelze je uv\u00e9st v r\u00e1mci t\u00e9to publikace. Pro dal\u0161\u00ed informace je t\u0159eba se obr\u00e1tit na n\u00ed\u017ee uveden\u00e9 instituce a na\u0161e internetov\u00e9 str\u00e1nky: www.nedzink.de. Ochrana materi\u00e1lov\u00fdch zdroj\u016f je z hlediska zachov\u00e1n\u00ed udr\u017eiteln\u00e9ho rozvoje jedn\u00edm z nejd\u016fle\u017eit\u011bj\u0161\u00edch \u00fakol\u016f. Hlavn\u00edmi aspekty z tohoto pohledu jsou \u2022 Dlouh\u00e1 \u017eivotnost: Zinkov\u00e9 st\u0159echy a fas\u00e1dy maj\u00ed v sou\u010dasnosti \u017eivotnost v\u00edce ne\u017e 100 let. \u2022 Bez\u00fadr\u017ebovost: V\u00fdrobky NedZink nevy\u017eaduj\u00ed \u00fadr\u017ebu. \u2022 Recycklace: Stavebn\u00ed zinek si uchov\u00e1v\u00e1 svoji hodnotu t\u00edm, \u017ee zhruba 80 % z n\u011bj lze recyklovat energeticky nen\u00e1ro\u010dnou novou \u00fapravou (spot\u0159eba p\u0159ibli\u017en\u011b 5 % prim\u00e1rn\u00ed energie). Proto\u017ee cena star\u00e9ho zinku \u010din\u00ed asi 65 % tr\u017en\u00ed ceny, je recyklace nejen ekonomicky v\u00fdhodn\u00e1, ale tak\u00e9 zna\u010dnou m\u011brou p\u0159isp\u00edv\u00e1 k ochran\u011b jeho z\u00e1sob.<\/p>\n<p><strong><br \/>\nPro dal\u0161\u00ed informace:<\/strong><\/p>\n<p>Iniciativa zinek &#8211; <a href=\"http:\/\/www.initiative-zink.de\/\">www.initiative-zink.de<\/a><\/p>\n<p>International Zinc Association &#8211; <a href=\"http:\/\/www.iza.com\/\">www.iza.com<\/a><\/p>\n<p><strong>Nejlep\u0161\u00ed volba pro dlouh\u00fd \u017eivot budovy<\/strong><\/p>\n<p><img decoding=\"async\" style=\"border-width: 0px; border-style: solid; width: 250px; height: 250px; margin-left: 10px; float: right;\" src=\"https:\/\/www.nedzink.com\/wp-content\/uploads\/import\/cms\/userfiles\/images\/zinkviooltje.jpg\" alt=\"\" \/><\/p>\n<p>&nbsp;<\/p>\n<p>Zinek je pro svou dlouhou \u017eivotnost a recyklovatelnost mimo\u0159\u00e1dn\u011b obl\u00edben\u00fdm materi\u00e1lem pro st\u0159e\u0161n\u00ed krytiny, oblo\u017een\u00ed fas\u00e1d a syst\u00e9my odvodn\u011bn\u00ed st\u0159ech. Architekti, kte\u0159\u00ed zinek ve sv\u00fdch n\u00e1vrz\u00edch pou\u017e\u00edvaj\u00ed, si cen\u00ed jeho mnohostrannost.<\/p>\n<p>Stavebn\u00edci a investo\u0159i se rozhoduj\u00ed pro tuto p\u0159idanou hodnotu u investic do nemovitost\u00ed nejen z d\u016fvodu bez\u00fadr\u017ebovosti materi\u00e1lu. Je to dobr\u00e1 volba, kter\u00e1 nav\u00edc p\u0159isp\u00edv\u00e1 k ochran\u011b \u017eivotn\u00edho prost\u0159ed\u00ed a zkr\u00e1\u0161luje jej.<\/p>\n[\/vc_column_text][\/vc_column][\/vc_row]\n","protected":false},"excerpt":{"rendered":"<p>[vc_row][vc_column][vc_column_text css=&#8220;.vc_custom_1565266286991{margin-bottom: 0px !important;}&#8220;]Z\u00c1KLADN\u00cd PO\u017dADAVKY, DLOUH\u00c1 \u017dIVOTNOST A VELMI DOBR\u00c1 RECYKLOVATELNOST Kovov\u00fd prvek zinek je jedn\u00edm z nejd\u016fle\u017eit\u011bj\u0161\u00edch stopov\u00fdch prvk\u016f a pod\u00edl\u00ed se rozhoduj\u00edc\u00ed m\u011brou na t\u00e9m\u011b\u0159 v\u0161ech \u017eivotn\u011b d\u016fle\u017eit\u00fdch funkc\u00edch l\u00e1tkov\u00e9 v\u00fdm\u011bny v lidsk\u00e9m t\u011ble. To znamen\u00e1, \u017ee je nutn\u00fd trval\u00fd p\u0159\u00edjem zinku, jeho nedostatek m\u016f\u017ee vyvolat zdravotn\u00ed probl\u00e9my. Zinek ale hraje d\u016fle\u017eitou roli [&hellip;]<\/p>\n","protected":false},"author":9,"featured_media":0,"parent":0,"menu_order":60,"comment_status":"closed","ping_status":"closed","template":"template-import.php","meta":{"_acf_changed":false,"footnotes":""},"class_list":["post-12302","page","type-page","status-publish","hentry"],"acf":[],"yoast_head":"<!-- This site is optimized with the Yoast SEO plugin v26.8 - https:\/\/yoast.com\/product\/yoast-seo-wordpress\/ -->\n<title>\u017eivotn\u00ed prost\u0159ed\u00ed \u2013 NedZink<\/title>\n<meta name=\"description\" content=\"Zink heeft een natuurlijke plaats in onze kringloop en helpt substantieel bij de verduurzaming van ons leefklimaat. Zink is 100% recyclebaar.\" \/>\n<meta name=\"robots\" content=\"index, follow, max-snippet:-1, max-image-preview:large, max-video-preview:-1\" \/>\n<link rel=\"canonical\" href=\"https:\/\/www.nedzink.com\/cs\/zivotni-prostredi\/\" \/>\n<meta property=\"og:locale\" content=\"cs_CZ\" \/>\n<meta property=\"og:type\" content=\"article\" \/>\n<meta property=\"og:title\" content=\"\u017eivotn\u00ed prost\u0159ed\u00ed \u2013 NedZink\" \/>\n<meta property=\"og:description\" content=\"Zink heeft een natuurlijke plaats in onze kringloop en helpt substantieel bij de verduurzaming van ons leefklimaat. Zink is 100% recyclebaar.\" \/>\n<meta property=\"og:url\" content=\"https:\/\/www.nedzink.com\/cs\/zivotni-prostredi\/\" \/>\n<meta property=\"og:site_name\" content=\"NedZink\" \/>\n<meta property=\"article:modified_time\" content=\"2019-08-12T12:41:51+00:00\" \/>\n<meta property=\"og:image\" content=\"https:\/\/www.nedzink.com\/wp-content\/uploads\/import\/cms\/userfiles\/images\/iso.jpg\" \/>\n<meta name=\"twitter:card\" content=\"summary_large_image\" \/>\n<meta name=\"twitter:label1\" content=\"Odhadovan\u00e1 doba \u010dten\u00ed\" \/>\n\t<meta name=\"twitter:data1\" content=\"5 minut\" \/>\n<script type=\"application\/ld+json\" class=\"yoast-schema-graph\">{\"@context\":\"https:\/\/schema.org\",\"@graph\":[{\"@type\":\"WebPage\",\"@id\":\"https:\/\/www.nedzink.com\/cs\/zivotni-prostredi\/\",\"url\":\"https:\/\/www.nedzink.com\/cs\/zivotni-prostredi\/\",\"name\":\"\u017eivotn\u00ed prost\u0159ed\u00ed \u2013 NedZink\",\"isPartOf\":{\"@id\":\"https:\/\/www.nedzink.com\/cs\/#website\"},\"primaryImageOfPage\":{\"@id\":\"https:\/\/www.nedzink.com\/cs\/zivotni-prostredi\/#primaryimage\"},\"image\":{\"@id\":\"https:\/\/www.nedzink.com\/cs\/zivotni-prostredi\/#primaryimage\"},\"thumbnailUrl\":\"https:\/\/www.nedzink.com\/wp-content\/uploads\/import\/cms\/userfiles\/images\/iso.jpg\",\"datePublished\":\"2019-04-09T12:30:40+00:00\",\"dateModified\":\"2019-08-12T12:41:51+00:00\",\"description\":\"Zink heeft een natuurlijke plaats in onze kringloop en helpt substantieel bij de verduurzaming van ons leefklimaat. Zink is 100% recyclebaar.\",\"breadcrumb\":{\"@id\":\"https:\/\/www.nedzink.com\/cs\/zivotni-prostredi\/#breadcrumb\"},\"inLanguage\":\"cs\",\"potentialAction\":[{\"@type\":\"ReadAction\",\"target\":[\"https:\/\/www.nedzink.com\/cs\/zivotni-prostredi\/\"]}]},{\"@type\":\"ImageObject\",\"inLanguage\":\"cs\",\"@id\":\"https:\/\/www.nedzink.com\/cs\/zivotni-prostredi\/#primaryimage\",\"url\":\"https:\/\/www.nedzink.com\/wp-content\/uploads\/import\/cms\/userfiles\/images\/iso.jpg\",\"contentUrl\":\"https:\/\/www.nedzink.com\/wp-content\/uploads\/import\/cms\/userfiles\/images\/iso.jpg\"},{\"@type\":\"BreadcrumbList\",\"@id\":\"https:\/\/www.nedzink.com\/cs\/zivotni-prostredi\/#breadcrumb\",\"itemListElement\":[{\"@type\":\"ListItem\",\"position\":1,\"name\":\"Home\",\"item\":\"https:\/\/www.nedzink.com\/cs\/\"},{\"@type\":\"ListItem\",\"position\":2,\"name\":\"\u017eivotn\u00ed prost\u0159ed\u00ed\"}]},{\"@type\":\"WebSite\",\"@id\":\"https:\/\/www.nedzink.com\/cs\/#website\",\"url\":\"https:\/\/www.nedzink.com\/cs\/\",\"name\":\"NedZink\",\"description\":\"Zink fabrikant\",\"publisher\":{\"@id\":\"https:\/\/www.nedzink.com\/cs\/#organization\"},\"potentialAction\":[{\"@type\":\"SearchAction\",\"target\":{\"@type\":\"EntryPoint\",\"urlTemplate\":\"https:\/\/www.nedzink.com\/cs\/?s={search_term_string}\"},\"query-input\":{\"@type\":\"PropertyValueSpecification\",\"valueRequired\":true,\"valueName\":\"search_term_string\"}}],\"inLanguage\":\"cs\"},{\"@type\":\"Organization\",\"@id\":\"https:\/\/www.nedzink.com\/cs\/#organization\",\"name\":\"NedZink\",\"url\":\"https:\/\/www.nedzink.com\/cs\/\",\"logo\":{\"@type\":\"ImageObject\",\"inLanguage\":\"cs\",\"@id\":\"https:\/\/www.nedzink.com\/cs\/#\/schema\/logo\/image\/\",\"url\":\"https:\/\/www.nedzink.com\/wp-content\/uploads\/2019\/08\/logo-nedzink_fc_zk.jpg\",\"contentUrl\":\"https:\/\/www.nedzink.com\/wp-content\/uploads\/2019\/08\/logo-nedzink_fc_zk.jpg\",\"width\":2160,\"height\":688,\"caption\":\"NedZink\"},\"image\":{\"@id\":\"https:\/\/www.nedzink.com\/cs\/#\/schema\/logo\/image\/\"}}]}<\/script>\n<!-- \/ Yoast SEO plugin. -->","yoast_head_json":{"title":"\u017eivotn\u00ed prost\u0159ed\u00ed \u2013 NedZink","description":"Zink heeft een natuurlijke plaats in onze kringloop en helpt substantieel bij de verduurzaming van ons leefklimaat. Zink is 100% recyclebaar.","robots":{"index":"index","follow":"follow","max-snippet":"max-snippet:-1","max-image-preview":"max-image-preview:large","max-video-preview":"max-video-preview:-1"},"canonical":"https:\/\/www.nedzink.com\/cs\/zivotni-prostredi\/","og_locale":"cs_CZ","og_type":"article","og_title":"\u017eivotn\u00ed prost\u0159ed\u00ed \u2013 NedZink","og_description":"Zink heeft een natuurlijke plaats in onze kringloop en helpt substantieel bij de verduurzaming van ons leefklimaat. Zink is 100% recyclebaar.","og_url":"https:\/\/www.nedzink.com\/cs\/zivotni-prostredi\/","og_site_name":"NedZink","article_modified_time":"2019-08-12T12:41:51+00:00","og_image":[{"url":"https:\/\/www.nedzink.com\/wp-content\/uploads\/import\/cms\/userfiles\/images\/iso.jpg","type":"","width":"","height":""}],"twitter_card":"summary_large_image","twitter_misc":{"Odhadovan\u00e1 doba \u010dten\u00ed":"5 minut"},"schema":{"@context":"https:\/\/schema.org","@graph":[{"@type":"WebPage","@id":"https:\/\/www.nedzink.com\/cs\/zivotni-prostredi\/","url":"https:\/\/www.nedzink.com\/cs\/zivotni-prostredi\/","name":"\u017eivotn\u00ed prost\u0159ed\u00ed \u2013 NedZink","isPartOf":{"@id":"https:\/\/www.nedzink.com\/cs\/#website"},"primaryImageOfPage":{"@id":"https:\/\/www.nedzink.com\/cs\/zivotni-prostredi\/#primaryimage"},"image":{"@id":"https:\/\/www.nedzink.com\/cs\/zivotni-prostredi\/#primaryimage"},"thumbnailUrl":"https:\/\/www.nedzink.com\/wp-content\/uploads\/import\/cms\/userfiles\/images\/iso.jpg","datePublished":"2019-04-09T12:30:40+00:00","dateModified":"2019-08-12T12:41:51+00:00","description":"Zink heeft een natuurlijke plaats in onze kringloop en helpt substantieel bij de verduurzaming van ons leefklimaat. Zink is 100% recyclebaar.","breadcrumb":{"@id":"https:\/\/www.nedzink.com\/cs\/zivotni-prostredi\/#breadcrumb"},"inLanguage":"cs","potentialAction":[{"@type":"ReadAction","target":["https:\/\/www.nedzink.com\/cs\/zivotni-prostredi\/"]}]},{"@type":"ImageObject","inLanguage":"cs","@id":"https:\/\/www.nedzink.com\/cs\/zivotni-prostredi\/#primaryimage","url":"https:\/\/www.nedzink.com\/wp-content\/uploads\/import\/cms\/userfiles\/images\/iso.jpg","contentUrl":"https:\/\/www.nedzink.com\/wp-content\/uploads\/import\/cms\/userfiles\/images\/iso.jpg"},{"@type":"BreadcrumbList","@id":"https:\/\/www.nedzink.com\/cs\/zivotni-prostredi\/#breadcrumb","itemListElement":[{"@type":"ListItem","position":1,"name":"Home","item":"https:\/\/www.nedzink.com\/cs\/"},{"@type":"ListItem","position":2,"name":"\u017eivotn\u00ed prost\u0159ed\u00ed"}]},{"@type":"WebSite","@id":"https:\/\/www.nedzink.com\/cs\/#website","url":"https:\/\/www.nedzink.com\/cs\/","name":"NedZink","description":"Zink fabrikant","publisher":{"@id":"https:\/\/www.nedzink.com\/cs\/#organization"},"potentialAction":[{"@type":"SearchAction","target":{"@type":"EntryPoint","urlTemplate":"https:\/\/www.nedzink.com\/cs\/?s={search_term_string}"},"query-input":{"@type":"PropertyValueSpecification","valueRequired":true,"valueName":"search_term_string"}}],"inLanguage":"cs"},{"@type":"Organization","@id":"https:\/\/www.nedzink.com\/cs\/#organization","name":"NedZink","url":"https:\/\/www.nedzink.com\/cs\/","logo":{"@type":"ImageObject","inLanguage":"cs","@id":"https:\/\/www.nedzink.com\/cs\/#\/schema\/logo\/image\/","url":"https:\/\/www.nedzink.com\/wp-content\/uploads\/2019\/08\/logo-nedzink_fc_zk.jpg","contentUrl":"https:\/\/www.nedzink.com\/wp-content\/uploads\/2019\/08\/logo-nedzink_fc_zk.jpg","width":2160,"height":688,"caption":"NedZink"},"image":{"@id":"https:\/\/www.nedzink.com\/cs\/#\/schema\/logo\/image\/"}}]}},"_links":{"self":[{"href":"https:\/\/www.nedzink.com\/cs\/wp-json\/wp\/v2\/pages\/12302","targetHints":{"allow":["GET"]}}],"collection":[{"href":"https:\/\/www.nedzink.com\/cs\/wp-json\/wp\/v2\/pages"}],"about":[{"href":"https:\/\/www.nedzink.com\/cs\/wp-json\/wp\/v2\/types\/page"}],"author":[{"embeddable":true,"href":"https:\/\/www.nedzink.com\/cs\/wp-json\/wp\/v2\/users\/9"}],"replies":[{"embeddable":true,"href":"https:\/\/www.nedzink.com\/cs\/wp-json\/wp\/v2\/comments?post=12302"}],"version-history":[{"count":0,"href":"https:\/\/www.nedzink.com\/cs\/wp-json\/wp\/v2\/pages\/12302\/revisions"}],"wp:attachment":[{"href":"https:\/\/www.nedzink.com\/cs\/wp-json\/wp\/v2\/media?parent=12302"}],"curies":[{"name":"wp","href":"https:\/\/api.w.org\/{rel}","templated":true}]}}