{"id":12261,"date":"2019-04-09T14:30:01","date_gmt":"2019-04-09T12:30:01","guid":{"rendered":"http:\/\/136.144.181.85\/~nedzink\/vyrobky\/strecha\/"},"modified":"2020-03-10T13:55:28","modified_gmt":"2020-03-10T12:55:28","slug":"strecha","status":"publish","type":"page","link":"https:\/\/www.nedzink.com\/cs\/vyrobky\/strecha\/","title":{"rendered":"NedZink St\u0159echa"},"content":{"rendered":"<h2>Profilovan\u00fd krytinov\u00fd p\u00e1s, syst\u00e9m stojat\u00e9 dr\u00e1\u017eky, rovn\u00fd<\/h2>\n<p><img decoding=\"async\" style=\"float: left;\" src=\"https:\/\/www.nedzink.com\/wp-content\/uploads\/import\/cms\/userfiles\/images\/products-de\/111%20Vorprofilierte%20Schare%20gerade.jpg\" \/><\/p>\n<table style=\"border-collapse: collapse; height: auto;\" border=\"1\">\n<tbody>\n<tr style=\"text-align: left; background-color: #015ea4; color: #ffffff; font-weight: bold;\">\n<td><\/td>\n<td><strong>Rozm\u011br\u00a0<\/strong>v mm<\/td>\n<td><strong>Tlou\u0161\u0165ka\u00a0<\/strong>v mm<\/td>\n<\/tr>\n<tr>\n<td style=\"text-align: center; background-color: #c4c5c5; width: 50px; color: #ffffff; vertical-align: middle;\" rowspan=\"8\">NATUREL<\/td>\n<td>670<\/td>\n<td>0,80<\/td>\n<\/tr>\n<tr>\n<td>670<\/td>\n<td>0,70<\/td>\n<\/tr>\n<tr>\n<td>600<\/td>\n<td>0,80<\/td>\n<\/tr>\n<tr>\n<td>600<\/td>\n<td>0,70<\/td>\n<\/tr>\n<tr>\n<td>500<\/td>\n<td>0,80<\/td>\n<\/tr>\n<tr>\n<td>500<\/td>\n<td>0,70<\/td>\n<\/tr>\n<tr>\n<td>400<\/td>\n<td>0,80<\/td>\n<\/tr>\n<tr>\n<td>400<\/td>\n<td>0,70<\/td>\n<\/tr>\n<tr>\n<td style=\"text-align: center; background-color: #92948e; width: 50px; color: #ffffff; vertical-align: middle;\" rowspan=\"6\">NOVA<\/td>\n<td>670<\/td>\n<td>0,80<\/td>\n<\/tr>\n<tr>\n<td>670<\/td>\n<td>0,70<\/td>\n<\/tr>\n<tr>\n<td>600<\/td>\n<td>0,80<\/td>\n<\/tr>\n<tr>\n<td>600<\/td>\n<td>0,70<\/td>\n<\/tr>\n<tr>\n<td>500<\/td>\n<td>0,70<\/td>\n<\/tr>\n<tr>\n<td>400<\/td>\n<td>0,70<\/td>\n<\/tr>\n<tr>\n<td style=\"text-align: center; background-color: #343537; width: 50px; color: #ffffff; vertical-align: middle;\" rowspan=\"6\">NOIR<\/td>\n<td>670<\/td>\n<td>0,80<\/td>\n<\/tr>\n<tr>\n<td>670<\/td>\n<td>0,70<\/td>\n<\/tr>\n<tr>\n<td>600<\/td>\n<td>0,80<\/td>\n<\/tr>\n<tr>\n<td>600<\/td>\n<td>0,70<\/td>\n<\/tr>\n<tr>\n<td>500<\/td>\n<td>0,70<\/td>\n<\/tr>\n<tr>\n<td>400<\/td>\n<td>0,70<\/td>\n<\/tr>\n<tr>\n<td style=\"text-align: center; background-color: #c78161; width: 50px; color: #ffffff; vertical-align: middle;\" rowspan=\"8\">M\u011a\u010e<\/td>\n<td>670<\/td>\n<td>0,70<\/td>\n<\/tr>\n<tr>\n<td>670<\/td>\n<td>0,60<\/td>\n<\/tr>\n<tr>\n<td>600<\/td>\n<td>0,70<\/td>\n<\/tr>\n<tr>\n<td>600<\/td>\n<td>0,60<\/td>\n<\/tr>\n<tr>\n<td>500<\/td>\n<td>0,70<\/td>\n<\/tr>\n<tr>\n<td>500<\/td>\n<td>0,60<\/td>\n<\/tr>\n<tr>\n<td>400<\/td>\n<td>0,70<\/td>\n<\/tr>\n<tr>\n<td>400<\/td>\n<td>0,60<\/td>\n<\/tr>\n<\/tbody>\n<\/table>\n<p>&nbsp;<\/p>\n<p>&nbsp;<\/p>\n<h2>Profilovan\u00fd krytinov\u00fd p\u00e1s, syst\u00e9m stojat\u00e9 dr\u00e1\u017eky, ohnut\u00fd<\/h2>\n<p><img decoding=\"async\" style=\"float: left;\" src=\"https:\/\/www.nedzink.com\/wp-content\/uploads\/import\/cms\/userfiles\/images\/products-de\/112%20Vorprofilierte%20Schare%20gebogen.jpg\" \/><\/p>\n<table style=\"border-collapse: collapse; height: auto;\" border=\"1\">\n<tbody>\n<tr style=\"text-align: left; background-color: #015ea4; color: #ffffff; font-weight: bold;\">\n<td><\/td>\n<td><strong>Rozm\u011br\u00a0<\/strong>v mm<\/td>\n<td><strong>Tlou\u0161\u0165ka\u00a0<\/strong>v mm<\/td>\n<\/tr>\n<tr>\n<td style=\"text-align: center; background-color: #c4c5c5; width: 50px; color: #ffffff; vertical-align: middle;\" rowspan=\"4\">NATUREL<\/td>\n<td>670<\/td>\n<td>0,70<\/td>\n<\/tr>\n<tr>\n<td>600<\/td>\n<td>0,70<\/td>\n<\/tr>\n<tr>\n<td>500<\/td>\n<td>0,70<\/td>\n<\/tr>\n<tr>\n<td>400<\/td>\n<td>0,70<\/td>\n<\/tr>\n<tr>\n<td style=\"text-align: center; background-color: #92948e; width: 50px; color: #ffffff; vertical-align: middle;\" rowspan=\"4\">NOVA<\/td>\n<td>670<\/td>\n<td>0,70<\/td>\n<\/tr>\n<tr>\n<td>600<\/td>\n<td>0,70<\/td>\n<\/tr>\n<tr>\n<td>500<\/td>\n<td>0,70<\/td>\n<\/tr>\n<tr>\n<td>400<\/td>\n<td>0,70<\/td>\n<\/tr>\n<tr>\n<td style=\"text-align: center; background-color: #343537; width: 50px; color: #ffffff; vertical-align: middle;\" rowspan=\"4\">NOIR<\/td>\n<td>670<\/td>\n<td>0,70<\/td>\n<\/tr>\n<tr>\n<td>600<\/td>\n<td>0,70<\/td>\n<\/tr>\n<tr>\n<td>500<\/td>\n<td>0,70<\/td>\n<\/tr>\n<tr>\n<td>400<\/td>\n<td>0,70<\/td>\n<\/tr>\n<tr>\n<td style=\"text-align: center; background-color: #c78161; width: 50px; color: #ffffff; vertical-align: middle;\" rowspan=\"4\">M\u011a\u010e<\/td>\n<td>670<\/td>\n<td>0,70<\/td>\n<\/tr>\n<tr>\n<td>600<\/td>\n<td>0,70<\/td>\n<\/tr>\n<tr>\n<td>500<\/td>\n<td>0,70<\/td>\n<\/tr>\n<tr>\n<td>400<\/td>\n<td>0,70<\/td>\n<\/tr>\n<\/tbody>\n<\/table>\n<p>&nbsp;<\/p>\n<p>&nbsp;<\/p>\n<h2>Profilovan\u00fd krytinov\u00fd p\u00e1s, syst\u00e9m stojat\u00e9 dr\u00e1\u017eky, s n\u00e1st\u0159ihem a zp\u011btn\u00fdm ohybem<\/h2>\n<p><img decoding=\"async\" style=\"float: left;\" src=\"https:\/\/www.nedzink.com\/wp-content\/uploads\/import\/cms\/userfiles\/images\/products-de\/113%20Schare%20Ausklinkung%20R\u00fcckkantung.jpg\" \/><\/p>\n<table style=\"border-collapse: collapse; height: auto;\" border=\"1\">\n<tbody>\n<tr style=\"text-align: left; background-color: #015ea4; color: #ffffff; font-weight: bold;\">\n<td><\/td>\n<td><strong>Rozm\u011br\u00a0<\/strong>v mm<\/td>\n<td><strong>Tlou\u0161\u0165ka\u00a0<\/strong>v mm<\/td>\n<\/tr>\n<tr>\n<td style=\"text-align: center; background-color: #c4c5c5; width: 50px; color: #ffffff; vertical-align: middle;\">NATUREL<\/td>\n<td>podle objedn\u00e1vky z\u00e1kazn\u00edka<\/td>\n<td>0,6 &#8211; 0,8<\/td>\n<\/tr>\n<tr>\n<td style=\"text-align: center; background-color: #92948e; width: 50px; color: #ffffff; vertical-align: middle;\">NOVA<\/td>\n<td>podle objedn\u00e1vky z\u00e1kazn\u00edka<\/td>\n<td>0,6 &#8211; 0,8<\/td>\n<\/tr>\n<tr>\n<td style=\"text-align: center; background-color: #343537; width: 50px; color: #ffffff; vertical-align: middle;\">NOIR<\/td>\n<td>podle objedn\u00e1vky z\u00e1kazn\u00edka<\/td>\n<td>0,7 &#8211; 0,8<\/td>\n<\/tr>\n<tr>\n<td style=\"text-align: center; background-color: #c78161; width: 50px; color: #ffffff; vertical-align: middle;\">M\u011a\u010e<\/td>\n<td>podle objedn\u00e1vky z\u00e1kazn\u00edka<\/td>\n<td>0,6 &#8211; 0,8<\/td>\n<\/tr>\n<\/tbody>\n<\/table>\n<p>&nbsp;<\/p>\n<p>Neuveden\u00e9 tvary a rozm\u011bry naprofilovan\u00e9ho krytinov\u00e9ho p\u00e1su se syst\u00e9mem stojat\u00e9 dr\u00e1\u017eky V\u00e1m r\u00e1di nab\u00eddneme na vy\u017e\u00e1d\u00e1n\u00ed.<\/p>\n<p><img decoding=\"async\" style=\"width: 400px; height: 300px;\" src=\"https:\/\/www.nedzink.com\/wp-content\/uploads\/import\/cms\/userfiles\/images\/Dachfl\u00e4che.jpg\" alt=\"\" \/><\/p>\n","protected":false},"excerpt":{"rendered":"<p>Profilovan\u00fd krytinov\u00fd p\u00e1s, syst\u00e9m stojat\u00e9 dr\u00e1\u017eky, rovn\u00fd Rozm\u011br\u00a0v mm Tlou\u0161\u0165ka\u00a0v mm NATUREL 670 0,80 670 0,70 600 0,80 600 0,70 500 0,80 500 0,70 400 0,80 400 0,70 NOVA 670 0,80 670 0,70 600 0,80 600 0,70 500 0,70 400 0,70 NOIR 670 0,80 670 0,70 600 0,80 600 0,70 500 0,70 400 0,70 M\u011a\u010e [&hellip;]<\/p>\n","protected":false},"author":9,"featured_media":0,"parent":12201,"menu_order":310,"comment_status":"closed","ping_status":"closed","template":"template-import.php","meta":{"_acf_changed":false,"footnotes":""},"class_list":["post-12261","page","type-page","status-publish","hentry"],"acf":[],"yoast_head":"<!-- This site is optimized with the Yoast SEO plugin v26.8 - https:\/\/yoast.com\/product\/yoast-seo-wordpress\/ -->\n<title>St\u0159echa \u2013 NedZink<\/title>\n<meta name=\"robots\" content=\"index, follow, max-snippet:-1, max-image-preview:large, max-video-preview:-1\" \/>\n<link rel=\"canonical\" href=\"https:\/\/www.nedzink.com\/cs\/vyrobky\/strecha\/\" \/>\n<meta property=\"og:locale\" content=\"cs_CZ\" \/>\n<meta property=\"og:type\" content=\"article\" \/>\n<meta property=\"og:title\" content=\"St\u0159echa \u2013 NedZink\" \/>\n<meta property=\"og:description\" content=\"Profilovan\u00fd krytinov\u00fd p\u00e1s, syst\u00e9m stojat\u00e9 dr\u00e1\u017eky, rovn\u00fd Rozm\u011br\u00a0v mm Tlou\u0161\u0165ka\u00a0v mm NATUREL 670 0,80 670 0,70 600 0,80 600 0,70 500 0,80 500 0,70 400 0,80 400 0,70 NOVA 670 0,80 670 0,70 600 0,80 600 0,70 500 0,70 400 0,70 NOIR 670 0,80 670 0,70 600 0,80 600 0,70 500 0,70 400 0,70 M\u011a\u010e [&hellip;]\" \/>\n<meta property=\"og:url\" content=\"https:\/\/www.nedzink.com\/cs\/vyrobky\/strecha\/\" \/>\n<meta property=\"og:site_name\" content=\"NedZink\" \/>\n<meta property=\"article:modified_time\" content=\"2020-03-10T12:55:28+00:00\" \/>\n<meta property=\"og:image\" content=\"https:\/\/www.nedzink.com\/wp-content\/uploads\/import\/cms\/userfiles\/images\/products-de\/111%20Vorprofilierte%20Schare%20gerade.jpg\" \/>\n<meta name=\"twitter:card\" content=\"summary_large_image\" \/>\n<meta name=\"twitter:label1\" content=\"Odhadovan\u00e1 doba \u010dten\u00ed\" \/>\n\t<meta name=\"twitter:data1\" content=\"1 minuta\" \/>\n<script type=\"application\/ld+json\" class=\"yoast-schema-graph\">{\"@context\":\"https:\/\/schema.org\",\"@graph\":[{\"@type\":\"WebPage\",\"@id\":\"https:\/\/www.nedzink.com\/cs\/vyrobky\/strecha\/\",\"url\":\"https:\/\/www.nedzink.com\/cs\/vyrobky\/strecha\/\",\"name\":\"St\u0159echa \u2013 NedZink\",\"isPartOf\":{\"@id\":\"https:\/\/www.nedzink.com\/cs\/#website\"},\"primaryImageOfPage\":{\"@id\":\"https:\/\/www.nedzink.com\/cs\/vyrobky\/strecha\/#primaryimage\"},\"image\":{\"@id\":\"https:\/\/www.nedzink.com\/cs\/vyrobky\/strecha\/#primaryimage\"},\"thumbnailUrl\":\"https:\/\/www.nedzink.com\/wp-content\/uploads\/import\/cms\/userfiles\/images\/products-de\/111%20Vorprofilierte%20Schare%20gerade.jpg\",\"datePublished\":\"2019-04-09T12:30:01+00:00\",\"dateModified\":\"2020-03-10T12:55:28+00:00\",\"breadcrumb\":{\"@id\":\"https:\/\/www.nedzink.com\/cs\/vyrobky\/strecha\/#breadcrumb\"},\"inLanguage\":\"cs\",\"potentialAction\":[{\"@type\":\"ReadAction\",\"target\":[\"https:\/\/www.nedzink.com\/cs\/vyrobky\/strecha\/\"]}]},{\"@type\":\"ImageObject\",\"inLanguage\":\"cs\",\"@id\":\"https:\/\/www.nedzink.com\/cs\/vyrobky\/strecha\/#primaryimage\",\"url\":\"https:\/\/www.nedzink.com\/wp-content\/uploads\/import\/cms\/userfiles\/images\/products-de\/111%20Vorprofilierte%20Schare%20gerade.jpg\",\"contentUrl\":\"https:\/\/www.nedzink.com\/wp-content\/uploads\/import\/cms\/userfiles\/images\/products-de\/111%20Vorprofilierte%20Schare%20gerade.jpg\"},{\"@type\":\"BreadcrumbList\",\"@id\":\"https:\/\/www.nedzink.com\/cs\/vyrobky\/strecha\/#breadcrumb\",\"itemListElement\":[{\"@type\":\"ListItem\",\"position\":1,\"name\":\"Home\",\"item\":\"https:\/\/www.nedzink.com\/cs\/\"},{\"@type\":\"ListItem\",\"position\":2,\"name\":\"V\u00fdrobky\",\"item\":\"https:\/\/www.nedzink.com\/cs\/vyrobky\/\"},{\"@type\":\"ListItem\",\"position\":3,\"name\":\"NedZink St\u0159echa\"}]},{\"@type\":\"WebSite\",\"@id\":\"https:\/\/www.nedzink.com\/cs\/#website\",\"url\":\"https:\/\/www.nedzink.com\/cs\/\",\"name\":\"NedZink\",\"description\":\"Zink fabrikant\",\"publisher\":{\"@id\":\"https:\/\/www.nedzink.com\/cs\/#organization\"},\"potentialAction\":[{\"@type\":\"SearchAction\",\"target\":{\"@type\":\"EntryPoint\",\"urlTemplate\":\"https:\/\/www.nedzink.com\/cs\/?s={search_term_string}\"},\"query-input\":{\"@type\":\"PropertyValueSpecification\",\"valueRequired\":true,\"valueName\":\"search_term_string\"}}],\"inLanguage\":\"cs\"},{\"@type\":\"Organization\",\"@id\":\"https:\/\/www.nedzink.com\/cs\/#organization\",\"name\":\"NedZink\",\"url\":\"https:\/\/www.nedzink.com\/cs\/\",\"logo\":{\"@type\":\"ImageObject\",\"inLanguage\":\"cs\",\"@id\":\"https:\/\/www.nedzink.com\/cs\/#\/schema\/logo\/image\/\",\"url\":\"https:\/\/www.nedzink.com\/wp-content\/uploads\/2019\/08\/logo-nedzink_fc_zk.jpg\",\"contentUrl\":\"https:\/\/www.nedzink.com\/wp-content\/uploads\/2019\/08\/logo-nedzink_fc_zk.jpg\",\"width\":2160,\"height\":688,\"caption\":\"NedZink\"},\"image\":{\"@id\":\"https:\/\/www.nedzink.com\/cs\/#\/schema\/logo\/image\/\"}}]}<\/script>\n<!-- \/ Yoast SEO plugin. -->","yoast_head_json":{"title":"St\u0159echa \u2013 NedZink","robots":{"index":"index","follow":"follow","max-snippet":"max-snippet:-1","max-image-preview":"max-image-preview:large","max-video-preview":"max-video-preview:-1"},"canonical":"https:\/\/www.nedzink.com\/cs\/vyrobky\/strecha\/","og_locale":"cs_CZ","og_type":"article","og_title":"St\u0159echa \u2013 NedZink","og_description":"Profilovan\u00fd krytinov\u00fd p\u00e1s, syst\u00e9m stojat\u00e9 dr\u00e1\u017eky, rovn\u00fd Rozm\u011br\u00a0v mm Tlou\u0161\u0165ka\u00a0v mm NATUREL 670 0,80 670 0,70 600 0,80 600 0,70 500 0,80 500 0,70 400 0,80 400 0,70 NOVA 670 0,80 670 0,70 600 0,80 600 0,70 500 0,70 400 0,70 NOIR 670 0,80 670 0,70 600 0,80 600 0,70 500 0,70 400 0,70 M\u011a\u010e [&hellip;]","og_url":"https:\/\/www.nedzink.com\/cs\/vyrobky\/strecha\/","og_site_name":"NedZink","article_modified_time":"2020-03-10T12:55:28+00:00","og_image":[{"url":"https:\/\/www.nedzink.com\/wp-content\/uploads\/import\/cms\/userfiles\/images\/products-de\/111%20Vorprofilierte%20Schare%20gerade.jpg","type":"","width":"","height":""}],"twitter_card":"summary_large_image","twitter_misc":{"Odhadovan\u00e1 doba \u010dten\u00ed":"1 minuta"},"schema":{"@context":"https:\/\/schema.org","@graph":[{"@type":"WebPage","@id":"https:\/\/www.nedzink.com\/cs\/vyrobky\/strecha\/","url":"https:\/\/www.nedzink.com\/cs\/vyrobky\/strecha\/","name":"St\u0159echa \u2013 NedZink","isPartOf":{"@id":"https:\/\/www.nedzink.com\/cs\/#website"},"primaryImageOfPage":{"@id":"https:\/\/www.nedzink.com\/cs\/vyrobky\/strecha\/#primaryimage"},"image":{"@id":"https:\/\/www.nedzink.com\/cs\/vyrobky\/strecha\/#primaryimage"},"thumbnailUrl":"https:\/\/www.nedzink.com\/wp-content\/uploads\/import\/cms\/userfiles\/images\/products-de\/111%20Vorprofilierte%20Schare%20gerade.jpg","datePublished":"2019-04-09T12:30:01+00:00","dateModified":"2020-03-10T12:55:28+00:00","breadcrumb":{"@id":"https:\/\/www.nedzink.com\/cs\/vyrobky\/strecha\/#breadcrumb"},"inLanguage":"cs","potentialAction":[{"@type":"ReadAction","target":["https:\/\/www.nedzink.com\/cs\/vyrobky\/strecha\/"]}]},{"@type":"ImageObject","inLanguage":"cs","@id":"https:\/\/www.nedzink.com\/cs\/vyrobky\/strecha\/#primaryimage","url":"https:\/\/www.nedzink.com\/wp-content\/uploads\/import\/cms\/userfiles\/images\/products-de\/111%20Vorprofilierte%20Schare%20gerade.jpg","contentUrl":"https:\/\/www.nedzink.com\/wp-content\/uploads\/import\/cms\/userfiles\/images\/products-de\/111%20Vorprofilierte%20Schare%20gerade.jpg"},{"@type":"BreadcrumbList","@id":"https:\/\/www.nedzink.com\/cs\/vyrobky\/strecha\/#breadcrumb","itemListElement":[{"@type":"ListItem","position":1,"name":"Home","item":"https:\/\/www.nedzink.com\/cs\/"},{"@type":"ListItem","position":2,"name":"V\u00fdrobky","item":"https:\/\/www.nedzink.com\/cs\/vyrobky\/"},{"@type":"ListItem","position":3,"name":"NedZink St\u0159echa"}]},{"@type":"WebSite","@id":"https:\/\/www.nedzink.com\/cs\/#website","url":"https:\/\/www.nedzink.com\/cs\/","name":"NedZink","description":"Zink fabrikant","publisher":{"@id":"https:\/\/www.nedzink.com\/cs\/#organization"},"potentialAction":[{"@type":"SearchAction","target":{"@type":"EntryPoint","urlTemplate":"https:\/\/www.nedzink.com\/cs\/?s={search_term_string}"},"query-input":{"@type":"PropertyValueSpecification","valueRequired":true,"valueName":"search_term_string"}}],"inLanguage":"cs"},{"@type":"Organization","@id":"https:\/\/www.nedzink.com\/cs\/#organization","name":"NedZink","url":"https:\/\/www.nedzink.com\/cs\/","logo":{"@type":"ImageObject","inLanguage":"cs","@id":"https:\/\/www.nedzink.com\/cs\/#\/schema\/logo\/image\/","url":"https:\/\/www.nedzink.com\/wp-content\/uploads\/2019\/08\/logo-nedzink_fc_zk.jpg","contentUrl":"https:\/\/www.nedzink.com\/wp-content\/uploads\/2019\/08\/logo-nedzink_fc_zk.jpg","width":2160,"height":688,"caption":"NedZink"},"image":{"@id":"https:\/\/www.nedzink.com\/cs\/#\/schema\/logo\/image\/"}}]}},"_links":{"self":[{"href":"https:\/\/www.nedzink.com\/cs\/wp-json\/wp\/v2\/pages\/12261","targetHints":{"allow":["GET"]}}],"collection":[{"href":"https:\/\/www.nedzink.com\/cs\/wp-json\/wp\/v2\/pages"}],"about":[{"href":"https:\/\/www.nedzink.com\/cs\/wp-json\/wp\/v2\/types\/page"}],"author":[{"embeddable":true,"href":"https:\/\/www.nedzink.com\/cs\/wp-json\/wp\/v2\/users\/9"}],"replies":[{"embeddable":true,"href":"https:\/\/www.nedzink.com\/cs\/wp-json\/wp\/v2\/comments?post=12261"}],"version-history":[{"count":0,"href":"https:\/\/www.nedzink.com\/cs\/wp-json\/wp\/v2\/pages\/12261\/revisions"}],"up":[{"embeddable":true,"href":"https:\/\/www.nedzink.com\/cs\/wp-json\/wp\/v2\/pages\/12201"}],"wp:attachment":[{"href":"https:\/\/www.nedzink.com\/cs\/wp-json\/wp\/v2\/media?parent=12261"}],"curies":[{"name":"wp","href":"https:\/\/api.w.org\/{rel}","templated":true}]}}