{"id":12231,"date":"2019-04-09T14:29:58","date_gmt":"2019-04-09T12:29:58","guid":{"rendered":"http:\/\/136.144.181.85\/~nedzink\/vyrobky\/pasy\/"},"modified":"2020-03-10T13:55:13","modified_gmt":"2020-03-10T12:55:13","slug":"pasy","status":"publish","type":"page","link":"https:\/\/www.nedzink.com\/cs\/vyrobky\/pasy\/","title":{"rendered":"NedZink P\u00e1sy"},"content":{"rendered":"<p><img decoding=\"async\" style=\"width: 300px; height: 194px; float: right;\" src=\"https:\/\/www.nedzink.com\/wp-content\/uploads\/import\/cms\/userfiles\/images\/Stroken.jpg\" alt=\"\" \/><\/p>\n<table border=\"1\" cellspacing=\"0\" cellpadding=\"1\">\n<tbody>\n<tr style=\"text-align: right; background-color: #015ea4; color: #ffffff; font-weight: bold;\">\n<td><\/td>\n<td><\/td>\n<\/tr>\n<tr>\n<td>NATUREL<\/td>\n<td>0,70 mm<\/td>\n<\/tr>\n<tr>\n<td>Standardn\u00ed d\u00e9lky v mm<\/td>\n<td>2000, 2250, 3000<\/td>\n<\/tr>\n<tr>\n<td>Standardn\u00ed \u0161\u00ed\u0159ky\u00a0v mm<\/td>\n<td>200, 250, 33<span style=\"display: none;\">\u00a0<\/span><span style=\"display: none;\">\u00a0<\/span><span style=\"display: none;\">\u00a0<\/span>0, 400, 500<\/td>\n<\/tr>\n<\/tbody>\n<\/table>\n<p>*Jin\u00e9 rozm\u011bry na vy\u017e\u00e1d\u00e1n\u00ed<\/p>\n<p>&nbsp;<\/p>\n","protected":false},"excerpt":{"rendered":"<p>NATUREL 0,70 mm Standardn\u00ed d\u00e9lky v mm 2000, 2250, 3000 Standardn\u00ed \u0161\u00ed\u0159ky\u00a0v mm 200, 250, 33\u00a0\u00a0\u00a00, 400, 500 *Jin\u00e9 rozm\u011bry na vy\u017e\u00e1d\u00e1n\u00ed &nbsp;<\/p>\n","protected":false},"author":9,"featured_media":0,"parent":12201,"menu_order":280,"comment_status":"closed","ping_status":"closed","template":"template-import.php","meta":{"_acf_changed":false,"footnotes":""},"class_list":["post-12231","page","type-page","status-publish","hentry"],"acf":[],"yoast_head":"<!-- This site is optimized with the Yoast SEO plugin v26.8 - https:\/\/yoast.com\/product\/yoast-seo-wordpress\/ -->\n<title>P\u00e1sy \u2013 NedZink<\/title>\n<meta name=\"robots\" content=\"index, follow, max-snippet:-1, max-image-preview:large, max-video-preview:-1\" \/>\n<link rel=\"canonical\" href=\"https:\/\/www.nedzink.com\/cs\/vyrobky\/pasy\/\" \/>\n<meta property=\"og:locale\" content=\"cs_CZ\" \/>\n<meta property=\"og:type\" content=\"article\" \/>\n<meta property=\"og:title\" content=\"P\u00e1sy \u2013 NedZink\" \/>\n<meta property=\"og:description\" content=\"NATUREL 0,70 mm Standardn\u00ed d\u00e9lky v mm 2000, 2250, 3000 Standardn\u00ed \u0161\u00ed\u0159ky\u00a0v mm 200, 250, 33\u00a0\u00a0\u00a00, 400, 500 *Jin\u00e9 rozm\u011bry na vy\u017e\u00e1d\u00e1n\u00ed &nbsp;\" \/>\n<meta property=\"og:url\" content=\"https:\/\/www.nedzink.com\/cs\/vyrobky\/pasy\/\" \/>\n<meta property=\"og:site_name\" content=\"NedZink\" \/>\n<meta property=\"article:modified_time\" content=\"2020-03-10T12:55:13+00:00\" \/>\n<meta property=\"og:image\" content=\"https:\/\/www.nedzink.com\/wp-content\/uploads\/import\/cms\/userfiles\/images\/Stroken.jpg\" \/>\n<meta name=\"twitter:card\" content=\"summary_large_image\" \/>\n<script type=\"application\/ld+json\" class=\"yoast-schema-graph\">{\"@context\":\"https:\/\/schema.org\",\"@graph\":[{\"@type\":\"WebPage\",\"@id\":\"https:\/\/www.nedzink.com\/cs\/vyrobky\/pasy\/\",\"url\":\"https:\/\/www.nedzink.com\/cs\/vyrobky\/pasy\/\",\"name\":\"P\u00e1sy \u2013 NedZink\",\"isPartOf\":{\"@id\":\"https:\/\/www.nedzink.com\/cs\/#website\"},\"primaryImageOfPage\":{\"@id\":\"https:\/\/www.nedzink.com\/cs\/vyrobky\/pasy\/#primaryimage\"},\"image\":{\"@id\":\"https:\/\/www.nedzink.com\/cs\/vyrobky\/pasy\/#primaryimage\"},\"thumbnailUrl\":\"https:\/\/www.nedzink.com\/wp-content\/uploads\/import\/cms\/userfiles\/images\/Stroken.jpg\",\"datePublished\":\"2019-04-09T12:29:58+00:00\",\"dateModified\":\"2020-03-10T12:55:13+00:00\",\"breadcrumb\":{\"@id\":\"https:\/\/www.nedzink.com\/cs\/vyrobky\/pasy\/#breadcrumb\"},\"inLanguage\":\"cs\",\"potentialAction\":[{\"@type\":\"ReadAction\",\"target\":[\"https:\/\/www.nedzink.com\/cs\/vyrobky\/pasy\/\"]}]},{\"@type\":\"ImageObject\",\"inLanguage\":\"cs\",\"@id\":\"https:\/\/www.nedzink.com\/cs\/vyrobky\/pasy\/#primaryimage\",\"url\":\"https:\/\/www.nedzink.com\/wp-content\/uploads\/import\/cms\/userfiles\/images\/Stroken.jpg\",\"contentUrl\":\"https:\/\/www.nedzink.com\/wp-content\/uploads\/import\/cms\/userfiles\/images\/Stroken.jpg\"},{\"@type\":\"BreadcrumbList\",\"@id\":\"https:\/\/www.nedzink.com\/cs\/vyrobky\/pasy\/#breadcrumb\",\"itemListElement\":[{\"@type\":\"ListItem\",\"position\":1,\"name\":\"Home\",\"item\":\"https:\/\/www.nedzink.com\/cs\/\"},{\"@type\":\"ListItem\",\"position\":2,\"name\":\"V\u00fdrobky\",\"item\":\"https:\/\/www.nedzink.com\/cs\/vyrobky\/\"},{\"@type\":\"ListItem\",\"position\":3,\"name\":\"NedZink P\u00e1sy\"}]},{\"@type\":\"WebSite\",\"@id\":\"https:\/\/www.nedzink.com\/cs\/#website\",\"url\":\"https:\/\/www.nedzink.com\/cs\/\",\"name\":\"NedZink\",\"description\":\"Zink fabrikant\",\"publisher\":{\"@id\":\"https:\/\/www.nedzink.com\/cs\/#organization\"},\"potentialAction\":[{\"@type\":\"SearchAction\",\"target\":{\"@type\":\"EntryPoint\",\"urlTemplate\":\"https:\/\/www.nedzink.com\/cs\/?s={search_term_string}\"},\"query-input\":{\"@type\":\"PropertyValueSpecification\",\"valueRequired\":true,\"valueName\":\"search_term_string\"}}],\"inLanguage\":\"cs\"},{\"@type\":\"Organization\",\"@id\":\"https:\/\/www.nedzink.com\/cs\/#organization\",\"name\":\"NedZink\",\"url\":\"https:\/\/www.nedzink.com\/cs\/\",\"logo\":{\"@type\":\"ImageObject\",\"inLanguage\":\"cs\",\"@id\":\"https:\/\/www.nedzink.com\/cs\/#\/schema\/logo\/image\/\",\"url\":\"https:\/\/www.nedzink.com\/wp-content\/uploads\/2019\/08\/logo-nedzink_fc_zk.jpg\",\"contentUrl\":\"https:\/\/www.nedzink.com\/wp-content\/uploads\/2019\/08\/logo-nedzink_fc_zk.jpg\",\"width\":2160,\"height\":688,\"caption\":\"NedZink\"},\"image\":{\"@id\":\"https:\/\/www.nedzink.com\/cs\/#\/schema\/logo\/image\/\"}}]}<\/script>\n<!-- \/ Yoast SEO plugin. -->","yoast_head_json":{"title":"P\u00e1sy \u2013 NedZink","robots":{"index":"index","follow":"follow","max-snippet":"max-snippet:-1","max-image-preview":"max-image-preview:large","max-video-preview":"max-video-preview:-1"},"canonical":"https:\/\/www.nedzink.com\/cs\/vyrobky\/pasy\/","og_locale":"cs_CZ","og_type":"article","og_title":"P\u00e1sy \u2013 NedZink","og_description":"NATUREL 0,70 mm Standardn\u00ed d\u00e9lky v mm 2000, 2250, 3000 Standardn\u00ed \u0161\u00ed\u0159ky\u00a0v mm 200, 250, 33\u00a0\u00a0\u00a00, 400, 500 *Jin\u00e9 rozm\u011bry na vy\u017e\u00e1d\u00e1n\u00ed &nbsp;","og_url":"https:\/\/www.nedzink.com\/cs\/vyrobky\/pasy\/","og_site_name":"NedZink","article_modified_time":"2020-03-10T12:55:13+00:00","og_image":[{"url":"https:\/\/www.nedzink.com\/wp-content\/uploads\/import\/cms\/userfiles\/images\/Stroken.jpg","type":"","width":"","height":""}],"twitter_card":"summary_large_image","schema":{"@context":"https:\/\/schema.org","@graph":[{"@type":"WebPage","@id":"https:\/\/www.nedzink.com\/cs\/vyrobky\/pasy\/","url":"https:\/\/www.nedzink.com\/cs\/vyrobky\/pasy\/","name":"P\u00e1sy \u2013 NedZink","isPartOf":{"@id":"https:\/\/www.nedzink.com\/cs\/#website"},"primaryImageOfPage":{"@id":"https:\/\/www.nedzink.com\/cs\/vyrobky\/pasy\/#primaryimage"},"image":{"@id":"https:\/\/www.nedzink.com\/cs\/vyrobky\/pasy\/#primaryimage"},"thumbnailUrl":"https:\/\/www.nedzink.com\/wp-content\/uploads\/import\/cms\/userfiles\/images\/Stroken.jpg","datePublished":"2019-04-09T12:29:58+00:00","dateModified":"2020-03-10T12:55:13+00:00","breadcrumb":{"@id":"https:\/\/www.nedzink.com\/cs\/vyrobky\/pasy\/#breadcrumb"},"inLanguage":"cs","potentialAction":[{"@type":"ReadAction","target":["https:\/\/www.nedzink.com\/cs\/vyrobky\/pasy\/"]}]},{"@type":"ImageObject","inLanguage":"cs","@id":"https:\/\/www.nedzink.com\/cs\/vyrobky\/pasy\/#primaryimage","url":"https:\/\/www.nedzink.com\/wp-content\/uploads\/import\/cms\/userfiles\/images\/Stroken.jpg","contentUrl":"https:\/\/www.nedzink.com\/wp-content\/uploads\/import\/cms\/userfiles\/images\/Stroken.jpg"},{"@type":"BreadcrumbList","@id":"https:\/\/www.nedzink.com\/cs\/vyrobky\/pasy\/#breadcrumb","itemListElement":[{"@type":"ListItem","position":1,"name":"Home","item":"https:\/\/www.nedzink.com\/cs\/"},{"@type":"ListItem","position":2,"name":"V\u00fdrobky","item":"https:\/\/www.nedzink.com\/cs\/vyrobky\/"},{"@type":"ListItem","position":3,"name":"NedZink P\u00e1sy"}]},{"@type":"WebSite","@id":"https:\/\/www.nedzink.com\/cs\/#website","url":"https:\/\/www.nedzink.com\/cs\/","name":"NedZink","description":"Zink fabrikant","publisher":{"@id":"https:\/\/www.nedzink.com\/cs\/#organization"},"potentialAction":[{"@type":"SearchAction","target":{"@type":"EntryPoint","urlTemplate":"https:\/\/www.nedzink.com\/cs\/?s={search_term_string}"},"query-input":{"@type":"PropertyValueSpecification","valueRequired":true,"valueName":"search_term_string"}}],"inLanguage":"cs"},{"@type":"Organization","@id":"https:\/\/www.nedzink.com\/cs\/#organization","name":"NedZink","url":"https:\/\/www.nedzink.com\/cs\/","logo":{"@type":"ImageObject","inLanguage":"cs","@id":"https:\/\/www.nedzink.com\/cs\/#\/schema\/logo\/image\/","url":"https:\/\/www.nedzink.com\/wp-content\/uploads\/2019\/08\/logo-nedzink_fc_zk.jpg","contentUrl":"https:\/\/www.nedzink.com\/wp-content\/uploads\/2019\/08\/logo-nedzink_fc_zk.jpg","width":2160,"height":688,"caption":"NedZink"},"image":{"@id":"https:\/\/www.nedzink.com\/cs\/#\/schema\/logo\/image\/"}}]}},"_links":{"self":[{"href":"https:\/\/www.nedzink.com\/cs\/wp-json\/wp\/v2\/pages\/12231","targetHints":{"allow":["GET"]}}],"collection":[{"href":"https:\/\/www.nedzink.com\/cs\/wp-json\/wp\/v2\/pages"}],"about":[{"href":"https:\/\/www.nedzink.com\/cs\/wp-json\/wp\/v2\/types\/page"}],"author":[{"embeddable":true,"href":"https:\/\/www.nedzink.com\/cs\/wp-json\/wp\/v2\/users\/9"}],"replies":[{"embeddable":true,"href":"https:\/\/www.nedzink.com\/cs\/wp-json\/wp\/v2\/comments?post=12231"}],"version-history":[{"count":0,"href":"https:\/\/www.nedzink.com\/cs\/wp-json\/wp\/v2\/pages\/12231\/revisions"}],"up":[{"embeddable":true,"href":"https:\/\/www.nedzink.com\/cs\/wp-json\/wp\/v2\/pages\/12201"}],"wp:attachment":[{"href":"https:\/\/www.nedzink.com\/cs\/wp-json\/wp\/v2\/media?parent=12231"}],"curies":[{"name":"wp","href":"https:\/\/api.w.org\/{rel}","templated":true}]}}