{"id":12221,"date":"2019-04-09T14:29:57","date_gmt":"2019-04-09T12:29:57","guid":{"rendered":"http:\/\/136.144.181.85\/~nedzink\/vyrobky\/tabule\/"},"modified":"2020-03-10T13:55:05","modified_gmt":"2020-03-10T12:55:05","slug":"tabule","status":"publish","type":"page","link":"https:\/\/www.nedzink.com\/cs\/vyrobky\/tabule\/","title":{"rendered":"NedZink Tabule"},"content":{"rendered":"<h2>NATUREL leskle v\u00e1lcovan\u00fd<\/h2>\n<table style=\"border-collapse: collapse;\" border=\"1\">\n<tbody>\n<tr style=\"text-align: left; background-color: #015ea4; color: #ffffff; font-weight: bold;\">\n<td><\/td>\n<td>\n<p style=\"text-align: right;\"><strong style=\"text-align: left;\">Tlou\u0161\u0165ka<\/strong><strong>\u00a0v mm<\/strong><\/p>\n<\/td>\n<td>\n<p style=\"text-align: right;\"><strong style=\"text-align: left;\">\u0160\u00ed\u0159ka<\/strong><strong>\u00a0v mm<\/strong><\/p>\n<\/td>\n<td>\n<p style=\"text-align: right;\"><strong>D\u00e9lka v mm<\/strong><\/p>\n<\/td>\n<td>\n<p style=\"text-align: right;\"><strong>Balen\u00ed v kg<\/strong><\/p>\n<\/td>\n<\/tr>\n<tr>\n<td style=\"background-color: #c4c5c4; color: #ffffff; vertical-align: middle; width: 50px; text-align: center;\" rowspan=\"8\"><span style=\"font-size: 9px;\">NATUREL<\/span><\/td>\n<td>1,00<\/td>\n<td>1000<\/td>\n<td>3000<\/td>\n<td>1000<\/td>\n<\/tr>\n<tr>\n<td>0,80<\/td>\n<td>1000<\/td>\n<td>3000<\/td>\n<td>1000<\/td>\n<\/tr>\n<tr>\n<td>0,70<\/td>\n<td>1000<\/td>\n<td>3000<\/td>\n<td>1000<\/td>\n<\/tr>\n<tr>\n<td>0,65<\/td>\n<td>1000<\/td>\n<td>3000<\/td>\n<td>1000<\/td>\n<\/tr>\n<tr>\n<td>1,00<\/td>\n<td>1000<\/td>\n<td>2000<\/td>\n<td>1000<\/td>\n<\/tr>\n<tr>\n<td>0,80<\/td>\n<td>1000<\/td>\n<td>2000<\/td>\n<td>1000<\/td>\n<\/tr>\n<tr>\n<td>0,70<\/td>\n<td>1000<\/td>\n<td>2000<\/td>\n<td>1000<\/td>\n<\/tr>\n<tr>\n<td>0,65<\/td>\n<td>1000<\/td>\n<td>2000<\/td>\n<td>1000<\/td>\n<\/tr>\n<\/tbody>\n<\/table>\n<h2><\/h2>\n<h2>NOVA\u00a0<strong>p\u0159edpatinovan\u00fd\u00a0<\/strong>TiZn<\/h2>\n<table style=\"border-collapse: collapse;\" border=\"1\">\n<tbody>\n<tr style=\"text-align: left; background-color: #015ea4; color: #ffffff; font-weight: bold;\">\n<td><\/td>\n<td>\n<p style=\"text-align: right;\"><strong style=\"text-align: left;\">Tlou\u0161\u0165ka\u00a0<\/strong><strong>\u00a0v mm<\/strong><\/p>\n<\/td>\n<td>\n<p style=\"text-align: right;\"><strong style=\"text-align: left;\">\u0160\u00ed\u0159ka\u00a0<\/strong><strong>\u00a0v mm<\/strong><\/p>\n<\/td>\n<td>\n<p style=\"text-align: right;\"><strong>D\u00e9lka v mm<\/strong><\/p>\n<\/td>\n<td><strong>Balen\u00ed v kg<\/strong><\/td>\n<\/tr>\n<tr>\n<td style=\"background-color: #92948e; color: #ffffff; vertical-align: middle; width: 50px; text-align: center;\" rowspan=\"6\"><span style=\"font-size: 9px;\">NOVA<\/span><\/td>\n<td>1,00<\/td>\n<td>1000<\/td>\n<td>3000<\/td>\n<td>1000<\/td>\n<\/tr>\n<tr>\n<td>0,80<\/td>\n<td>1000<\/td>\n<td>3000<\/td>\n<td>1000<\/td>\n<\/tr>\n<tr>\n<td>0,70<\/td>\n<td>1000<\/td>\n<td>3000<\/td>\n<td>1000<\/td>\n<\/tr>\n<tr>\n<td>1,00<\/td>\n<td>1000<\/td>\n<td>2000<\/td>\n<td>1000<\/td>\n<\/tr>\n<tr>\n<td>0,80<\/td>\n<td>1000<\/td>\n<td>2000<\/td>\n<td>1000<\/td>\n<\/tr>\n<tr>\n<td>0,70<\/td>\n<td>1000<\/td>\n<td>2000<\/td>\n<td>1000<\/td>\n<\/tr>\n<\/tbody>\n<\/table>\n<h2><\/h2>\n<h2>NOIR\u00a0<strong>p\u0159edpatinovan\u00fd TiZn, antracitov\u011b \u010dern\u00fd<\/strong><\/h2>\n<table style=\"border-collapse: collapse;\" border=\"1\">\n<tbody>\n<tr style=\"text-align: right; background-color: #015ea4; color: #ffffff; font-weight: bold;\">\n<td><\/td>\n<td><strong>Tlou\u0161\u0165ka\u00a0<\/strong><strong>\u00a0v mm<\/strong><\/td>\n<td><strong>\u0160\u00ed\u0159ka\u00a0<\/strong><strong>\u00a0v mm<\/strong><\/td>\n<td><strong>D\u00e9lka v mm<\/strong><\/td>\n<td><strong>Balen\u00ed v kg<\/strong><\/td>\n<\/tr>\n<tr>\n<td style=\"background-color: #343537; color: #ffffff; vertical-align: middle; width: 50px; text-align: center;\" rowspan=\"6\"><span style=\"font-size: 9px;\">NOIR<\/span><\/td>\n<td>1,00<\/td>\n<td>1000<\/td>\n<td>3000<\/td>\n<td>1000<\/td>\n<\/tr>\n<tr>\n<td>0,80<\/td>\n<td>1000<\/td>\n<td>3000<\/td>\n<td>1000<\/td>\n<\/tr>\n<tr>\n<td>0,70<\/td>\n<td>1000<\/td>\n<td>3000<\/td>\n<td>1000<\/td>\n<\/tr>\n<tr>\n<td>1,00<\/td>\n<td>1000<\/td>\n<td>2000<\/td>\n<td>1000<\/td>\n<\/tr>\n<tr>\n<td>0,80<\/td>\n<td>1000<\/td>\n<td>2000<\/td>\n<td>1000<\/td>\n<\/tr>\n<tr>\n<td>0,70<\/td>\n<td>1000<\/td>\n<td>2000<\/td>\n<td>1000<\/td>\n<\/tr>\n<\/tbody>\n<\/table>\n<h2><\/h2>\n<h2>STRUCTURE\u00a0p\u0159edpatinovan\u00fd TiZn, strukturovan\u00fd<\/h2>\n<table style=\"border-collapse: collapse;\" border=\"1\">\n<tbody>\n<tr style=\"text-align: right; background-color: #015ea4; color: #ffffff; font-weight: bold;\">\n<td><\/td>\n<td><strong>Struktura<\/strong><\/td>\n<td><strong>Tlou\u0161\u0165ka\u00a0<\/strong><strong>v mm<\/strong><\/td>\n<td><strong>\u0160\u00ed\u0159ka\u00a0<\/strong><strong>v mm<\/strong><\/td>\n<td><strong>D\u00e9lka v mm<\/strong><\/td>\n<td><strong>Balen\u00ed v kg<\/strong><\/td>\n<\/tr>\n<tr>\n<td style=\"background-color: #bfb9b5; color: #ffffff; vertical-align: middle; width: 50px; text-align: center;\" rowspan=\"4\"><span style=\"font-size: 8px;\">STRUCTURE<\/span><\/td>\n<td>Amsterdam<\/td>\n<td>0,80<\/td>\n<td>1000<\/td>\n<td>3000<\/td>\n<td>1000<\/td>\n<\/tr>\n<tr>\n<td>Brasilia<\/td>\n<td>0,80<\/td>\n<td>1000<\/td>\n<td>3000<\/td>\n<td>1000<\/td>\n<\/tr>\n<tr>\n<td>New York<\/td>\n<td>0,80<\/td>\n<td>1000<\/td>\n<td>3000<\/td>\n<td>1000<\/td>\n<\/tr>\n<tr>\n<td>Paris<\/td>\n<td>0,80<\/td>\n<td>1000<\/td>\n<td>3000<\/td>\n<td>1000<\/td>\n<\/tr>\n<\/tbody>\n<\/table>\n<h2><\/h2>\n<h2>M\u011a\u010e<\/h2>\n<table style=\"border-collapse: collapse;\" border=\"1\">\n<tbody>\n<tr style=\"text-align: right; background-color: #015ea4; color: #ffffff; font-weight: bold;\">\n<td><\/td>\n<td><strong>Tlou\u0161\u0165ka<\/strong><strong>\u00a0v mm<\/strong><\/td>\n<td><strong>\u0160\u00ed\u0159ka<\/strong><strong>\u00a0v mm<\/strong><\/td>\n<td><strong>D\u00e9lka v mm<\/strong><\/td>\n<td><strong>Balen\u00ed v kg<\/strong><\/td>\n<\/tr>\n<tr>\n<td style=\"background-color: #ac6f55; color: #ffffff; vertical-align: middle; width: 50px; text-align: center;\" rowspan=\"4\">M\u011a\u010e<\/td>\n<td>0,70<\/td>\n<td>1000<\/td>\n<td>3000<\/td>\n<td>1000<\/td>\n<\/tr>\n<tr>\n<td>0,60<\/td>\n<td>1000<\/td>\n<td>3000<\/td>\n<td>1000<\/td>\n<\/tr>\n<tr>\n<td>0,70<\/td>\n<td>1000<\/td>\n<td>2000<\/td>\n<td>1000<\/td>\n<\/tr>\n<tr>\n<td>0,60<\/td>\n<td>1000<\/td>\n<td>2000<\/td>\n<td>1000<\/td>\n<\/tr>\n<\/tbody>\n<\/table>\n<p>&nbsp;<\/p>\n<p>&nbsp;<\/p>\n<p>Neuveden\u00e9 rozm\u011bry nebo zvl\u00e1\u0161tn\u00ed balen\u00ed V\u00e1m r\u00e1di nab\u00eddneme na vy\u017e\u00e1d\u00e1n\u00ed.<\/p>\n<h2><img decoding=\"async\" style=\"width: 300px; height: 109px; margin-left: 15px; margin-right: 15px;\" src=\"https:\/\/www.nedzink.com\/wp-content\/uploads\/import\/cms\/userfiles\/images\/products\/blad%201.jpg\" alt=\"\" \/><\/h2>\n<p>&nbsp;<\/p>\n","protected":false},"excerpt":{"rendered":"<p>NATUREL leskle v\u00e1lcovan\u00fd Tlou\u0161\u0165ka\u00a0v mm \u0160\u00ed\u0159ka\u00a0v mm D\u00e9lka v mm Balen\u00ed v kg NATUREL 1,00 1000 3000 1000 0,80 1000 3000 1000 0,70 1000 3000 1000 0,65 1000 3000 1000 1,00 1000 2000 1000 0,80 1000 2000 1000 0,70 1000 2000 1000 0,65 1000 2000 1000 NOVA\u00a0p\u0159edpatinovan\u00fd\u00a0TiZn Tlou\u0161\u0165ka\u00a0\u00a0v mm \u0160\u00ed\u0159ka\u00a0\u00a0v mm D\u00e9lka v mm Balen\u00ed [&hellip;]<\/p>\n","protected":false},"author":9,"featured_media":0,"parent":12201,"menu_order":270,"comment_status":"closed","ping_status":"closed","template":"template-import.php","meta":{"_acf_changed":false,"footnotes":""},"class_list":["post-12221","page","type-page","status-publish","hentry"],"acf":[],"yoast_head":"<!-- This site is optimized with the Yoast SEO plugin v26.8 - https:\/\/yoast.com\/product\/yoast-seo-wordpress\/ -->\n<title>Tabule \u2013 NedZink<\/title>\n<meta name=\"description\" content=\"\u2022 Handelsafmetingen: 1000\u00d72000 mm - 1000\u00d72250 mm - 1000\u00d73000 mm \u2022 Materiaaldikte: 0,65 \u2013 0,70 \u2013 0,80 \u2013 1,00 mm \u2022 Overige maten en diktes zijn op aanvraag.\" \/>\n<meta name=\"robots\" content=\"index, follow, max-snippet:-1, max-image-preview:large, max-video-preview:-1\" \/>\n<link rel=\"canonical\" href=\"https:\/\/www.nedzink.com\/cs\/vyrobky\/tabule\/\" \/>\n<meta property=\"og:locale\" content=\"cs_CZ\" \/>\n<meta property=\"og:type\" content=\"article\" \/>\n<meta property=\"og:title\" content=\"Tabule \u2013 NedZink\" \/>\n<meta property=\"og:description\" content=\"\u2022 Handelsafmetingen: 1000\u00d72000 mm - 1000\u00d72250 mm - 1000\u00d73000 mm \u2022 Materiaaldikte: 0,65 \u2013 0,70 \u2013 0,80 \u2013 1,00 mm \u2022 Overige maten en diktes zijn op aanvraag.\" \/>\n<meta property=\"og:url\" content=\"https:\/\/www.nedzink.com\/cs\/vyrobky\/tabule\/\" \/>\n<meta property=\"og:site_name\" content=\"NedZink\" \/>\n<meta property=\"article:modified_time\" content=\"2020-03-10T12:55:05+00:00\" \/>\n<meta property=\"og:image\" content=\"https:\/\/www.nedzink.com\/wp-content\/uploads\/import\/cms\/userfiles\/images\/products\/blad%201.jpg\" \/>\n<meta name=\"twitter:card\" content=\"summary_large_image\" \/>\n<meta name=\"twitter:label1\" content=\"Odhadovan\u00e1 doba \u010dten\u00ed\" \/>\n\t<meta name=\"twitter:data1\" content=\"1 minuta\" \/>\n<script type=\"application\/ld+json\" class=\"yoast-schema-graph\">{\"@context\":\"https:\/\/schema.org\",\"@graph\":[{\"@type\":\"WebPage\",\"@id\":\"https:\/\/www.nedzink.com\/cs\/vyrobky\/tabule\/\",\"url\":\"https:\/\/www.nedzink.com\/cs\/vyrobky\/tabule\/\",\"name\":\"Tabule \u2013 NedZink\",\"isPartOf\":{\"@id\":\"https:\/\/www.nedzink.com\/cs\/#website\"},\"primaryImageOfPage\":{\"@id\":\"https:\/\/www.nedzink.com\/cs\/vyrobky\/tabule\/#primaryimage\"},\"image\":{\"@id\":\"https:\/\/www.nedzink.com\/cs\/vyrobky\/tabule\/#primaryimage\"},\"thumbnailUrl\":\"https:\/\/www.nedzink.com\/wp-content\/uploads\/import\/cms\/userfiles\/images\/products\/blad%201.jpg\",\"datePublished\":\"2019-04-09T12:29:57+00:00\",\"dateModified\":\"2020-03-10T12:55:05+00:00\",\"description\":\"\u2022 Handelsafmetingen: 1000\u00d72000 mm - 1000\u00d72250 mm - 1000\u00d73000 mm \u2022 Materiaaldikte: 0,65 \u2013 0,70 \u2013 0,80 \u2013 1,00 mm \u2022 Overige maten en diktes zijn op aanvraag.\",\"breadcrumb\":{\"@id\":\"https:\/\/www.nedzink.com\/cs\/vyrobky\/tabule\/#breadcrumb\"},\"inLanguage\":\"cs\",\"potentialAction\":[{\"@type\":\"ReadAction\",\"target\":[\"https:\/\/www.nedzink.com\/cs\/vyrobky\/tabule\/\"]}]},{\"@type\":\"ImageObject\",\"inLanguage\":\"cs\",\"@id\":\"https:\/\/www.nedzink.com\/cs\/vyrobky\/tabule\/#primaryimage\",\"url\":\"https:\/\/www.nedzink.com\/wp-content\/uploads\/import\/cms\/userfiles\/images\/products\/blad%201.jpg\",\"contentUrl\":\"https:\/\/www.nedzink.com\/wp-content\/uploads\/import\/cms\/userfiles\/images\/products\/blad%201.jpg\"},{\"@type\":\"BreadcrumbList\",\"@id\":\"https:\/\/www.nedzink.com\/cs\/vyrobky\/tabule\/#breadcrumb\",\"itemListElement\":[{\"@type\":\"ListItem\",\"position\":1,\"name\":\"Home\",\"item\":\"https:\/\/www.nedzink.com\/cs\/\"},{\"@type\":\"ListItem\",\"position\":2,\"name\":\"V\u00fdrobky\",\"item\":\"https:\/\/www.nedzink.com\/cs\/vyrobky\/\"},{\"@type\":\"ListItem\",\"position\":3,\"name\":\"NedZink Tabule\"}]},{\"@type\":\"WebSite\",\"@id\":\"https:\/\/www.nedzink.com\/cs\/#website\",\"url\":\"https:\/\/www.nedzink.com\/cs\/\",\"name\":\"NedZink\",\"description\":\"Zink fabrikant\",\"publisher\":{\"@id\":\"https:\/\/www.nedzink.com\/cs\/#organization\"},\"potentialAction\":[{\"@type\":\"SearchAction\",\"target\":{\"@type\":\"EntryPoint\",\"urlTemplate\":\"https:\/\/www.nedzink.com\/cs\/?s={search_term_string}\"},\"query-input\":{\"@type\":\"PropertyValueSpecification\",\"valueRequired\":true,\"valueName\":\"search_term_string\"}}],\"inLanguage\":\"cs\"},{\"@type\":\"Organization\",\"@id\":\"https:\/\/www.nedzink.com\/cs\/#organization\",\"name\":\"NedZink\",\"url\":\"https:\/\/www.nedzink.com\/cs\/\",\"logo\":{\"@type\":\"ImageObject\",\"inLanguage\":\"cs\",\"@id\":\"https:\/\/www.nedzink.com\/cs\/#\/schema\/logo\/image\/\",\"url\":\"https:\/\/www.nedzink.com\/wp-content\/uploads\/2019\/08\/logo-nedzink_fc_zk.jpg\",\"contentUrl\":\"https:\/\/www.nedzink.com\/wp-content\/uploads\/2019\/08\/logo-nedzink_fc_zk.jpg\",\"width\":2160,\"height\":688,\"caption\":\"NedZink\"},\"image\":{\"@id\":\"https:\/\/www.nedzink.com\/cs\/#\/schema\/logo\/image\/\"}}]}<\/script>\n<!-- \/ Yoast SEO plugin. -->","yoast_head_json":{"title":"Tabule \u2013 NedZink","description":"\u2022 Handelsafmetingen: 1000\u00d72000 mm - 1000\u00d72250 mm - 1000\u00d73000 mm \u2022 Materiaaldikte: 0,65 \u2013 0,70 \u2013 0,80 \u2013 1,00 mm \u2022 Overige maten en diktes zijn op aanvraag.","robots":{"index":"index","follow":"follow","max-snippet":"max-snippet:-1","max-image-preview":"max-image-preview:large","max-video-preview":"max-video-preview:-1"},"canonical":"https:\/\/www.nedzink.com\/cs\/vyrobky\/tabule\/","og_locale":"cs_CZ","og_type":"article","og_title":"Tabule \u2013 NedZink","og_description":"\u2022 Handelsafmetingen: 1000\u00d72000 mm - 1000\u00d72250 mm - 1000\u00d73000 mm \u2022 Materiaaldikte: 0,65 \u2013 0,70 \u2013 0,80 \u2013 1,00 mm \u2022 Overige maten en diktes zijn op aanvraag.","og_url":"https:\/\/www.nedzink.com\/cs\/vyrobky\/tabule\/","og_site_name":"NedZink","article_modified_time":"2020-03-10T12:55:05+00:00","og_image":[{"url":"https:\/\/www.nedzink.com\/wp-content\/uploads\/import\/cms\/userfiles\/images\/products\/blad%201.jpg","type":"","width":"","height":""}],"twitter_card":"summary_large_image","twitter_misc":{"Odhadovan\u00e1 doba \u010dten\u00ed":"1 minuta"},"schema":{"@context":"https:\/\/schema.org","@graph":[{"@type":"WebPage","@id":"https:\/\/www.nedzink.com\/cs\/vyrobky\/tabule\/","url":"https:\/\/www.nedzink.com\/cs\/vyrobky\/tabule\/","name":"Tabule \u2013 NedZink","isPartOf":{"@id":"https:\/\/www.nedzink.com\/cs\/#website"},"primaryImageOfPage":{"@id":"https:\/\/www.nedzink.com\/cs\/vyrobky\/tabule\/#primaryimage"},"image":{"@id":"https:\/\/www.nedzink.com\/cs\/vyrobky\/tabule\/#primaryimage"},"thumbnailUrl":"https:\/\/www.nedzink.com\/wp-content\/uploads\/import\/cms\/userfiles\/images\/products\/blad%201.jpg","datePublished":"2019-04-09T12:29:57+00:00","dateModified":"2020-03-10T12:55:05+00:00","description":"\u2022 Handelsafmetingen: 1000\u00d72000 mm - 1000\u00d72250 mm - 1000\u00d73000 mm \u2022 Materiaaldikte: 0,65 \u2013 0,70 \u2013 0,80 \u2013 1,00 mm \u2022 Overige maten en diktes zijn op aanvraag.","breadcrumb":{"@id":"https:\/\/www.nedzink.com\/cs\/vyrobky\/tabule\/#breadcrumb"},"inLanguage":"cs","potentialAction":[{"@type":"ReadAction","target":["https:\/\/www.nedzink.com\/cs\/vyrobky\/tabule\/"]}]},{"@type":"ImageObject","inLanguage":"cs","@id":"https:\/\/www.nedzink.com\/cs\/vyrobky\/tabule\/#primaryimage","url":"https:\/\/www.nedzink.com\/wp-content\/uploads\/import\/cms\/userfiles\/images\/products\/blad%201.jpg","contentUrl":"https:\/\/www.nedzink.com\/wp-content\/uploads\/import\/cms\/userfiles\/images\/products\/blad%201.jpg"},{"@type":"BreadcrumbList","@id":"https:\/\/www.nedzink.com\/cs\/vyrobky\/tabule\/#breadcrumb","itemListElement":[{"@type":"ListItem","position":1,"name":"Home","item":"https:\/\/www.nedzink.com\/cs\/"},{"@type":"ListItem","position":2,"name":"V\u00fdrobky","item":"https:\/\/www.nedzink.com\/cs\/vyrobky\/"},{"@type":"ListItem","position":3,"name":"NedZink Tabule"}]},{"@type":"WebSite","@id":"https:\/\/www.nedzink.com\/cs\/#website","url":"https:\/\/www.nedzink.com\/cs\/","name":"NedZink","description":"Zink fabrikant","publisher":{"@id":"https:\/\/www.nedzink.com\/cs\/#organization"},"potentialAction":[{"@type":"SearchAction","target":{"@type":"EntryPoint","urlTemplate":"https:\/\/www.nedzink.com\/cs\/?s={search_term_string}"},"query-input":{"@type":"PropertyValueSpecification","valueRequired":true,"valueName":"search_term_string"}}],"inLanguage":"cs"},{"@type":"Organization","@id":"https:\/\/www.nedzink.com\/cs\/#organization","name":"NedZink","url":"https:\/\/www.nedzink.com\/cs\/","logo":{"@type":"ImageObject","inLanguage":"cs","@id":"https:\/\/www.nedzink.com\/cs\/#\/schema\/logo\/image\/","url":"https:\/\/www.nedzink.com\/wp-content\/uploads\/2019\/08\/logo-nedzink_fc_zk.jpg","contentUrl":"https:\/\/www.nedzink.com\/wp-content\/uploads\/2019\/08\/logo-nedzink_fc_zk.jpg","width":2160,"height":688,"caption":"NedZink"},"image":{"@id":"https:\/\/www.nedzink.com\/cs\/#\/schema\/logo\/image\/"}}]}},"_links":{"self":[{"href":"https:\/\/www.nedzink.com\/cs\/wp-json\/wp\/v2\/pages\/12221","targetHints":{"allow":["GET"]}}],"collection":[{"href":"https:\/\/www.nedzink.com\/cs\/wp-json\/wp\/v2\/pages"}],"about":[{"href":"https:\/\/www.nedzink.com\/cs\/wp-json\/wp\/v2\/types\/page"}],"author":[{"embeddable":true,"href":"https:\/\/www.nedzink.com\/cs\/wp-json\/wp\/v2\/users\/9"}],"replies":[{"embeddable":true,"href":"https:\/\/www.nedzink.com\/cs\/wp-json\/wp\/v2\/comments?post=12221"}],"version-history":[{"count":0,"href":"https:\/\/www.nedzink.com\/cs\/wp-json\/wp\/v2\/pages\/12221\/revisions"}],"up":[{"embeddable":true,"href":"https:\/\/www.nedzink.com\/cs\/wp-json\/wp\/v2\/pages\/12201"}],"wp:attachment":[{"href":"https:\/\/www.nedzink.com\/cs\/wp-json\/wp\/v2\/media?parent=12221"}],"curies":[{"name":"wp","href":"https:\/\/api.w.org\/{rel}","templated":true}]}}