{"id":12181,"date":"2019-04-09T14:28:06","date_gmt":"2019-04-09T12:28:06","guid":{"rendered":"http:\/\/136.144.181.85\/~nedzink\/druhy-povrchu\/med\/"},"modified":"2019-04-09T14:28:06","modified_gmt":"2019-04-09T12:28:06","slug":"med","status":"publish","type":"page","link":"https:\/\/www.nedzink.com\/cs\/med\/","title":{"rendered":"M\u011b\u010f"},"content":{"rendered":"<h2>\n\t<strong>Stavebn&iacute; kov s dlouhou tradic&iacute; a vynikaj&iacute;c&iacute;mi vlastnostmi<\/strong><\/h2>\n<p>\n\tPou\u017eit&iacute; m\u011bdi v architektu\u0159e je ji\u017e n\u011bkolik stolet&iacute; velmi obl&iacute;ben&eacute;. Hlavn&iacute;m d\u016fvodem je jej&iacute; dobr&aacute; zpracovatelnost a esteticky p\u016fsob&iacute;c&iacute; povrch. Jej&iacute; vzhled ovliv\u0148uje patina (ochrann&aacute; vrstva), kter&aacute; se p\u016fsoben&iacute;m pov\u011btrnostn&iacute;ch vliv\u016f neust&aacute;le m\u011bn&iacute;. Postupn\u011b p\u0159ech&aacute;z&iacute; p\u016fvodn&iacute; na\u010dervenal&yacute; leskl&yacute; vzhled m\u011bdi do odst&iacute;n\u016f hn\u011bd&eacute; a n&aacute;sledn\u011b z&iacute;skaj&iacute; &scaron;ikm&eacute; plochy, p\u0159i p\u016fsoben&iacute; ur\u010dit&yacute;ch vliv\u016f prost\u0159ed&iacute;, charakteristick&eacute; zelen&eacute; zabarven&iacute;. Kvalita, dlouh&aacute; \u017eivotnost a estetick&yacute; vzhled, to jsou argumenty, kter&yacute;mi se m\u011b\u010f ji\u017e po n\u011bkolik stolet&iacute; prosazuje.<\/p>\n<p>\n\t<img decoding=\"async\" src=\"https:\/\/www.nedzink.com\/wp-content\/uploads\/import\/cms\/userfiles\/images\/oberflachen-6.jpg\" style=\"border-width: 0px; border-style: solid; margin: 1px 3px; width: 690px; height: 157px;\" \/><\/p>\n<h2>\n\tPopis v&yacute;robku<\/h2>\n<p>\n\t&nbsp;<\/p>\n<p>\n\tM\u011b\u010f dod&aacute;van&aacute; NedZinkem odpov&iacute;d&aacute; po\u017eadavk\u016fm DIN EN 1172 &ndash; m\u011b\u010f a slitiny z m\u011bdi; plechy a role pro stavebnictv&iacute;. Pou\u017e&iacute;v&aacute; se v&yacute;hradn\u011b Cu-DHP &ndash; fosforem dezoxidovan&aacute; m\u011b\u010f se stupn\u011bm \u010distoty min. 99,995 % m\u011bdi. Tento druh m\u011bdi lze v&yacute;born\u011b tvarovat, m&aacute; vysok&eacute; pom\u011brn&eacute; prodlou\u017een&iacute; p\u0159i nam&aacute;h&aacute;n&iacute; a je tak&eacute; vhodn&yacute; pro spojovac&iacute; techniky s vysok&yacute;mi teplotami, nap\u0159. p&aacute;jen&iacute; a sva\u0159ov&aacute;n&iacute;. Leskle v&aacute;lcovan&yacute; povrch plechu je &uacute;mysln\u011b z v&yacute;roby lehce mastn&yacute;, aby se ochr&aacute;nil &bdquo;leskle v&aacute;lcovan&yacute;&ldquo;, \u010dervenozlat&yacute; povrch m\u011bdi. P\u016fsoben&iacute;m pov\u011btrnostn&iacute;ch vliv\u016f po mont&aacute;\u017ei tato vrstva zanikne a materi&aacute;l vytvo\u0159&iacute; patinu. Tento proces prob&iacute;h&aacute; v z&aacute;vislosti na um&iacute;st\u011bn&iacute; vzhledem ke sv\u011btov&yacute;m stran&aacute;m a sklonu realizovan&eacute; konstrukce rozd&iacute;lnou rychlost&iacute; a rozd&iacute;lnou rovnom\u011brnost&iacute;. Stabiln&iacute;ho a rovnom\u011brn&eacute;ho vzhledu se proto dos&aacute;hne v pr\u016fb\u011bhu n\u011bkolika t&yacute;dn\u016f a\u017e jednoho roku.<\/p>\n<h2>\n\tKvalita v&yacute;robku<\/h2>\n<p>\n\tCertifikace a syst&eacute;m \u0159&iacute;zen&iacute; jakosti NedZink podle DIN EN ISO 9001:2008 zaru\u010duje trvale vysokou &uacute;rove\u0148 kvality.<\/p>\n<p>\n\tV&scaron;echny v&yacute;robky jsou opat\u0159eny pr\u016fb\u011b\u017en&yacute;m zna\u010den&iacute;m dlle normy na zadn&iacute; stran\u011b.<\/p>\n<h2>\n\tMo\u017enosti pou\u017eit&iacute; a proveden&iacute;<\/h2>\n<p>\n\tModern&iacute; zp\u016fsoby pou\u017eit&iacute;, a s t&iacute;m spojen&eacute; n&aacute;roky na kvalitu zpracov&aacute;n&iacute; m\u011bd\u011bn&eacute;ho plechu pro zast\u0159e&scaron;en&iacute;, odvodn\u011bn&iacute; a obklady fas&aacute;d, vy\u017eaduj&iacute; odpov&iacute;daj&iacute;c&iacute; vlastnosti materi&aacute;lu.<\/p>\n<p>\n\tM\u011b\u010f m&aacute; nejvy&scaron;&scaron;&iacute; pom\u011brn&eacute; prodlou\u017een&iacute; p\u0159i nam&aacute;h&aacute;n&iacute; ze v&scaron;ech stavebn&iacute;ch materi&aacute;l\u016f, a proto je obzvl&aacute;&scaron;\u0165 vhodn&aacute; pro komplikovan&eacute; spoje, ve kter&yacute;ch je materi&aacute;l siln\u011b deformov&aacute;n. Pro tyto p\u0159&iacute;pady se pou\u017e&iacute;v&aacute; m\u011bkk&aacute; m\u011b\u010f (R220), zat&iacute;mco pro ploch&eacute; st\u0159echy, obklady fas&aacute;d a odvod\u0148ovac&iacute; syst&eacute;my se obvykle pou\u017e&iacute;v&aacute; Cu-DHP R240. NedZink nab&iacute;z&iacute; m\u011b\u010f ve svitc&iacute;ch, tabul&iacute;ch a p&aacute;sech v obvykl&yacute;ch rozm\u011brech. Krom\u011b toho je mo\u017en&eacute; dodat i tyto polotovary:<\/p>\n<ul>\n<li style=\"margin-left: 18pt;\">\n\t\t&nbsp; &nbsp; &nbsp; &nbsp; &nbsp;odvodn\u011bn&iacute; st\u0159ech v\u010detn\u011b p\u0159&iacute;slu&scaron;enstv&iacute;<\/li>\n<li style=\"margin-left: 18pt;\">\n\t\t&nbsp; &nbsp; &nbsp; &nbsp;&nbsp; stavebn&iacute; profily<\/li>\n<li style=\"margin-left: 18pt;\">\n\t\t&nbsp; &nbsp; &nbsp; &nbsp; &nbsp;oh&yacute;ban&eacute; plechy<\/li>\n<li style=\"margin-left: 18pt;\">\n\t\t&nbsp; &nbsp; &nbsp; &nbsp; &nbsp;fas&aacute;dn&iacute; obklady<\/li>\n<\/ul>\n<p>\n\tVce informac&iacute; o sortimentu a pou\u017eit&iacute; v&yacute;robk\u016f NedZink naleznete na na&scaron;ich webov&yacute;ch str&aacute;nk&aacute;ch a www.nedzink.de a www.nedzink.com.<\/p>\n<table border=\"1\" style=\"BORDER-COLLAPSE: collapse\">\n<tbody>\n<tr>\n<td colspan=\"2\" style=\"FONT-WEIGHT: bold; COLOR: rgb(255,255,255); BACKGROUND-COLOR: rgb(0,138,206); TEXT-ALIGN: left\">\n<p>\n\t\t\t\t\t<strong>Technick&eacute; parametry<\/strong><\/p>\n<\/td>\n<\/tr>\n<tr>\n<td>\n<p>\n\t\t\t\t\tTepeln&aacute; rozta\u017enost<\/p>\n<\/td>\n<td>\n<p>\n\t\t\t\t\t1,7 mm\/m (pri t =100 K)<\/p>\n<\/td>\n<\/tr>\n<tr>\n<td>\n<p>\n\t\t\t\t\tObjemov&aacute; hmotnost<\/p>\n<\/td>\n<td>\n<p>\n\t\t\t\t\t8,93 kg\/dm3<\/p>\n<\/td>\n<\/tr>\n<tr>\n<td>\n<p>\n\t\t\t\t\tBod t&aacute;n&iacute;<\/p>\n<\/td>\n<td>\n<p>\n\t\t\t\t\t1083 &deg;C<\/p>\n<\/td>\n<\/tr>\n<tr>\n<td>\n\t\t\t\t&nbsp;<\/td>\n<td>\n\t\t\t\t&nbsp;<\/td>\n<\/tr>\n<tr>\n<td colspan=\"2\" style=\"FONT-WEIGHT: bold; COLOR: rgb(255,255,255); BACKGROUND-COLOR: rgb(0,138,206); TEXT-ALIGN: left\">\n<p>\n\t\t\t\t\t<strong>Pevnost v tahu (Rm)<\/strong><\/p>\n<\/td>\n<\/tr>\n<tr>\n<td>\n<p>\n\t\t\t\t\tR 220 (m\u011bkk&aacute;)<\/p>\n<\/td>\n<td>\n<p>\n\t\t\t\t\t220-260 N\/mm2<\/p>\n<\/td>\n<\/tr>\n<tr>\n<td>\n<p>\n\t\t\t\t\tR 240 (polotvrd&aacute;)<\/p>\n<\/td>\n<td>\n<p>\n\t\t\t\t\t240-300 N\/mm2<\/p>\n<\/td>\n<\/tr>\n<tr>\n<td>\n\t\t\t\t&nbsp;<\/td>\n<td>\n\t\t\t\t&nbsp;<\/td>\n<\/tr>\n<tr>\n<td colspan=\"2\" style=\"FONT-WEIGHT: bold; COLOR: rgb(255,255,255); BACKGROUND-COLOR: rgb(0,138,206); TEXT-ALIGN: left\">\n<p>\n\t\t\t\t\t<strong>Ta\u017enost (A5)<\/strong><\/p>\n<\/td>\n<\/tr>\n<tr>\n<td>\n<p>\n\t\t\t\t\tR 220 (m\u011bkk&aacute;)<\/p>\n<\/td>\n<td>\n<p>\n\t\t\t\t\t42%<\/p>\n<\/td>\n<\/tr>\n<tr>\n<td>\n<p>\n\t\t\t\t\tR 240 (polotvrd&aacute;)<\/p>\n<\/td>\n<td>\n<p>\n\t\t\t\t\t15%<\/p>\n<\/td>\n<\/tr>\n<\/tbody>\n<\/table>\n<p>\n\t&nbsp;<\/p>\n","protected":false},"excerpt":{"rendered":"<p>Stavebn&iacute; kov s dlouhou tradic&iacute; a vynikaj&iacute;c&iacute;mi vlastnostmi Pou\u017eit&iacute; m\u011bdi v architektu\u0159e je ji\u017e n\u011bkolik stolet&iacute; velmi obl&iacute;ben&eacute;. Hlavn&iacute;m d\u016fvodem je jej&iacute; dobr&aacute; zpracovatelnost a esteticky p\u016fsob&iacute;c&iacute; povrch. Jej&iacute; vzhled ovliv\u0148uje patina (ochrann&aacute; vrstva), kter&aacute; se p\u016fsoben&iacute;m pov\u011btrnostn&iacute;ch vliv\u016f neust&aacute;le m\u011bn&iacute;. Postupn\u011b p\u0159ech&aacute;z&iacute; p\u016fvodn&iacute; na\u010dervenal&yacute; leskl&yacute; vzhled m\u011bdi do odst&iacute;n\u016f hn\u011bd&eacute; a n&aacute;sledn\u011b z&iacute;skaj&iacute; &scaron;ikm&eacute; [&hellip;]<\/p>\n","protected":false},"author":9,"featured_media":0,"parent":0,"menu_order":240,"comment_status":"closed","ping_status":"closed","template":"template-import.php","meta":{"_acf_changed":false,"footnotes":""},"class_list":["post-12181","page","type-page","status-publish","hentry"],"acf":[],"yoast_head":"<!-- This site is optimized with the Yoast SEO plugin v26.8 - https:\/\/yoast.com\/product\/yoast-seo-wordpress\/ -->\n<title>M\u011b\u010f \u2013 NedZink<\/title>\n<meta name=\"robots\" content=\"index, follow, max-snippet:-1, max-image-preview:large, max-video-preview:-1\" \/>\n<link rel=\"canonical\" href=\"https:\/\/www.nedzink.com\/cs\/med\/\" \/>\n<meta property=\"og:locale\" content=\"cs_CZ\" \/>\n<meta property=\"og:type\" content=\"article\" \/>\n<meta property=\"og:title\" content=\"M\u011b\u010f \u2013 NedZink\" \/>\n<meta property=\"og:description\" content=\"Stavebn&iacute; kov s dlouhou tradic&iacute; a vynikaj&iacute;c&iacute;mi vlastnostmi Pou\u017eit&iacute; m\u011bdi v architektu\u0159e je ji\u017e n\u011bkolik stolet&iacute; velmi obl&iacute;ben&eacute;. Hlavn&iacute;m d\u016fvodem je jej&iacute; dobr&aacute; zpracovatelnost a esteticky p\u016fsob&iacute;c&iacute; povrch. Jej&iacute; vzhled ovliv\u0148uje patina (ochrann&aacute; vrstva), kter&aacute; se p\u016fsoben&iacute;m pov\u011btrnostn&iacute;ch vliv\u016f neust&aacute;le m\u011bn&iacute;. Postupn\u011b p\u0159ech&aacute;z&iacute; p\u016fvodn&iacute; na\u010dervenal&yacute; leskl&yacute; vzhled m\u011bdi do odst&iacute;n\u016f hn\u011bd&eacute; a n&aacute;sledn\u011b z&iacute;skaj&iacute; &scaron;ikm&eacute; [&hellip;]\" \/>\n<meta property=\"og:url\" content=\"https:\/\/www.nedzink.com\/cs\/med\/\" \/>\n<meta property=\"og:site_name\" content=\"NedZink\" \/>\n<meta property=\"og:image\" content=\"https:\/\/www.nedzink.com\/wp-content\/uploads\/import\/cms\/userfiles\/images\/oberflachen-6.jpg\" \/>\n<meta name=\"twitter:card\" content=\"summary_large_image\" \/>\n<meta name=\"twitter:label1\" content=\"Odhadovan\u00e1 doba \u010dten\u00ed\" \/>\n\t<meta name=\"twitter:data1\" content=\"4 minuty\" \/>\n<script type=\"application\/ld+json\" class=\"yoast-schema-graph\">{\"@context\":\"https:\/\/schema.org\",\"@graph\":[{\"@type\":\"WebPage\",\"@id\":\"https:\/\/www.nedzink.com\/cs\/med\/\",\"url\":\"https:\/\/www.nedzink.com\/cs\/med\/\",\"name\":\"M\u011b\u010f \u2013 NedZink\",\"isPartOf\":{\"@id\":\"https:\/\/www.nedzink.com\/cs\/#website\"},\"primaryImageOfPage\":{\"@id\":\"https:\/\/www.nedzink.com\/cs\/med\/#primaryimage\"},\"image\":{\"@id\":\"https:\/\/www.nedzink.com\/cs\/med\/#primaryimage\"},\"thumbnailUrl\":\"https:\/\/www.nedzink.com\/wp-content\/uploads\/import\/cms\/userfiles\/images\/oberflachen-6.jpg\",\"datePublished\":\"2019-04-09T12:28:06+00:00\",\"breadcrumb\":{\"@id\":\"https:\/\/www.nedzink.com\/cs\/med\/#breadcrumb\"},\"inLanguage\":\"cs\",\"potentialAction\":[{\"@type\":\"ReadAction\",\"target\":[\"https:\/\/www.nedzink.com\/cs\/med\/\"]}]},{\"@type\":\"ImageObject\",\"inLanguage\":\"cs\",\"@id\":\"https:\/\/www.nedzink.com\/cs\/med\/#primaryimage\",\"url\":\"https:\/\/www.nedzink.com\/wp-content\/uploads\/import\/cms\/userfiles\/images\/oberflachen-6.jpg\",\"contentUrl\":\"https:\/\/www.nedzink.com\/wp-content\/uploads\/import\/cms\/userfiles\/images\/oberflachen-6.jpg\"},{\"@type\":\"BreadcrumbList\",\"@id\":\"https:\/\/www.nedzink.com\/cs\/med\/#breadcrumb\",\"itemListElement\":[{\"@type\":\"ListItem\",\"position\":1,\"name\":\"Home\",\"item\":\"https:\/\/www.nedzink.com\/cs\/\"},{\"@type\":\"ListItem\",\"position\":2,\"name\":\"M\u011b\u010f\"}]},{\"@type\":\"WebSite\",\"@id\":\"https:\/\/www.nedzink.com\/cs\/#website\",\"url\":\"https:\/\/www.nedzink.com\/cs\/\",\"name\":\"NedZink\",\"description\":\"Zink fabrikant\",\"publisher\":{\"@id\":\"https:\/\/www.nedzink.com\/cs\/#organization\"},\"potentialAction\":[{\"@type\":\"SearchAction\",\"target\":{\"@type\":\"EntryPoint\",\"urlTemplate\":\"https:\/\/www.nedzink.com\/cs\/?s={search_term_string}\"},\"query-input\":{\"@type\":\"PropertyValueSpecification\",\"valueRequired\":true,\"valueName\":\"search_term_string\"}}],\"inLanguage\":\"cs\"},{\"@type\":\"Organization\",\"@id\":\"https:\/\/www.nedzink.com\/cs\/#organization\",\"name\":\"NedZink\",\"url\":\"https:\/\/www.nedzink.com\/cs\/\",\"logo\":{\"@type\":\"ImageObject\",\"inLanguage\":\"cs\",\"@id\":\"https:\/\/www.nedzink.com\/cs\/#\/schema\/logo\/image\/\",\"url\":\"https:\/\/www.nedzink.com\/wp-content\/uploads\/2019\/08\/logo-nedzink_fc_zk.jpg\",\"contentUrl\":\"https:\/\/www.nedzink.com\/wp-content\/uploads\/2019\/08\/logo-nedzink_fc_zk.jpg\",\"width\":2160,\"height\":688,\"caption\":\"NedZink\"},\"image\":{\"@id\":\"https:\/\/www.nedzink.com\/cs\/#\/schema\/logo\/image\/\"}}]}<\/script>\n<!-- \/ Yoast SEO plugin. -->","yoast_head_json":{"title":"M\u011b\u010f \u2013 NedZink","robots":{"index":"index","follow":"follow","max-snippet":"max-snippet:-1","max-image-preview":"max-image-preview:large","max-video-preview":"max-video-preview:-1"},"canonical":"https:\/\/www.nedzink.com\/cs\/med\/","og_locale":"cs_CZ","og_type":"article","og_title":"M\u011b\u010f \u2013 NedZink","og_description":"Stavebn&iacute; kov s dlouhou tradic&iacute; a vynikaj&iacute;c&iacute;mi vlastnostmi Pou\u017eit&iacute; m\u011bdi v architektu\u0159e je ji\u017e n\u011bkolik stolet&iacute; velmi obl&iacute;ben&eacute;. Hlavn&iacute;m d\u016fvodem je jej&iacute; dobr&aacute; zpracovatelnost a esteticky p\u016fsob&iacute;c&iacute; povrch. Jej&iacute; vzhled ovliv\u0148uje patina (ochrann&aacute; vrstva), kter&aacute; se p\u016fsoben&iacute;m pov\u011btrnostn&iacute;ch vliv\u016f neust&aacute;le m\u011bn&iacute;. Postupn\u011b p\u0159ech&aacute;z&iacute; p\u016fvodn&iacute; na\u010dervenal&yacute; leskl&yacute; vzhled m\u011bdi do odst&iacute;n\u016f hn\u011bd&eacute; a n&aacute;sledn\u011b z&iacute;skaj&iacute; &scaron;ikm&eacute; [&hellip;]","og_url":"https:\/\/www.nedzink.com\/cs\/med\/","og_site_name":"NedZink","og_image":[{"url":"https:\/\/www.nedzink.com\/wp-content\/uploads\/import\/cms\/userfiles\/images\/oberflachen-6.jpg","type":"","width":"","height":""}],"twitter_card":"summary_large_image","twitter_misc":{"Odhadovan\u00e1 doba \u010dten\u00ed":"4 minuty"},"schema":{"@context":"https:\/\/schema.org","@graph":[{"@type":"WebPage","@id":"https:\/\/www.nedzink.com\/cs\/med\/","url":"https:\/\/www.nedzink.com\/cs\/med\/","name":"M\u011b\u010f \u2013 NedZink","isPartOf":{"@id":"https:\/\/www.nedzink.com\/cs\/#website"},"primaryImageOfPage":{"@id":"https:\/\/www.nedzink.com\/cs\/med\/#primaryimage"},"image":{"@id":"https:\/\/www.nedzink.com\/cs\/med\/#primaryimage"},"thumbnailUrl":"https:\/\/www.nedzink.com\/wp-content\/uploads\/import\/cms\/userfiles\/images\/oberflachen-6.jpg","datePublished":"2019-04-09T12:28:06+00:00","breadcrumb":{"@id":"https:\/\/www.nedzink.com\/cs\/med\/#breadcrumb"},"inLanguage":"cs","potentialAction":[{"@type":"ReadAction","target":["https:\/\/www.nedzink.com\/cs\/med\/"]}]},{"@type":"ImageObject","inLanguage":"cs","@id":"https:\/\/www.nedzink.com\/cs\/med\/#primaryimage","url":"https:\/\/www.nedzink.com\/wp-content\/uploads\/import\/cms\/userfiles\/images\/oberflachen-6.jpg","contentUrl":"https:\/\/www.nedzink.com\/wp-content\/uploads\/import\/cms\/userfiles\/images\/oberflachen-6.jpg"},{"@type":"BreadcrumbList","@id":"https:\/\/www.nedzink.com\/cs\/med\/#breadcrumb","itemListElement":[{"@type":"ListItem","position":1,"name":"Home","item":"https:\/\/www.nedzink.com\/cs\/"},{"@type":"ListItem","position":2,"name":"M\u011b\u010f"}]},{"@type":"WebSite","@id":"https:\/\/www.nedzink.com\/cs\/#website","url":"https:\/\/www.nedzink.com\/cs\/","name":"NedZink","description":"Zink fabrikant","publisher":{"@id":"https:\/\/www.nedzink.com\/cs\/#organization"},"potentialAction":[{"@type":"SearchAction","target":{"@type":"EntryPoint","urlTemplate":"https:\/\/www.nedzink.com\/cs\/?s={search_term_string}"},"query-input":{"@type":"PropertyValueSpecification","valueRequired":true,"valueName":"search_term_string"}}],"inLanguage":"cs"},{"@type":"Organization","@id":"https:\/\/www.nedzink.com\/cs\/#organization","name":"NedZink","url":"https:\/\/www.nedzink.com\/cs\/","logo":{"@type":"ImageObject","inLanguage":"cs","@id":"https:\/\/www.nedzink.com\/cs\/#\/schema\/logo\/image\/","url":"https:\/\/www.nedzink.com\/wp-content\/uploads\/2019\/08\/logo-nedzink_fc_zk.jpg","contentUrl":"https:\/\/www.nedzink.com\/wp-content\/uploads\/2019\/08\/logo-nedzink_fc_zk.jpg","width":2160,"height":688,"caption":"NedZink"},"image":{"@id":"https:\/\/www.nedzink.com\/cs\/#\/schema\/logo\/image\/"}}]}},"_links":{"self":[{"href":"https:\/\/www.nedzink.com\/cs\/wp-json\/wp\/v2\/pages\/12181","targetHints":{"allow":["GET"]}}],"collection":[{"href":"https:\/\/www.nedzink.com\/cs\/wp-json\/wp\/v2\/pages"}],"about":[{"href":"https:\/\/www.nedzink.com\/cs\/wp-json\/wp\/v2\/types\/page"}],"author":[{"embeddable":true,"href":"https:\/\/www.nedzink.com\/cs\/wp-json\/wp\/v2\/users\/9"}],"replies":[{"embeddable":true,"href":"https:\/\/www.nedzink.com\/cs\/wp-json\/wp\/v2\/comments?post=12181"}],"version-history":[{"count":0,"href":"https:\/\/www.nedzink.com\/cs\/wp-json\/wp\/v2\/pages\/12181\/revisions"}],"wp:attachment":[{"href":"https:\/\/www.nedzink.com\/cs\/wp-json\/wp\/v2\/media?parent=12181"}],"curies":[{"name":"wp","href":"https:\/\/api.w.org\/{rel}","templated":true}]}}