{"id":12121,"date":"2019-04-09T14:27:58","date_gmt":"2019-04-09T12:27:58","guid":{"rendered":"http:\/\/136.144.181.85\/~nedzink\/druhy-povrchu\/nedzink-nuance-blue\/"},"modified":"2019-04-09T14:27:58","modified_gmt":"2019-04-09T12:27:58","slug":"nedzink-nuance-blue","status":"publish","type":"page","link":"https:\/\/www.nedzink.com\/cs\/nedzink-nuance-blue\/","title":{"rendered":"NedZink NUANCE blue"},"content":{"rendered":"<h2><img decoding=\"async\" alt=\"\" src=\"https:\/\/www.nedzink.com\/wp-content\/uploads\/import\/cms\/userfiles\/images\/products\/nuance-blue-hv.jpg\" style=\"width: 120px; height: 116px; margin-right: 10px; margin-left: 10px; float: right;\" \/><\/h2>\n<p>Materi&aacute;l <strong>NedZink NUANCE <\/strong>je p\u0159edzv\u011btral&yacute; titanzinek s&nbsp;pou\u017eit&iacute;m pigment\u016f. Konkr&eacute;tn\u011b to vedlo k&nbsp;v&yacute;b\u011bru pigment\u016f pro p\u0159edzv\u011btral&yacute; zinek v&nbsp;odst&iacute;nech modr&eacute;, \u010derven&eacute; a zelen&eacute; barvy.<\/p>\n<p><strong><u>NedZink NUANCE Blue<\/u> <\/strong>je p\u0159edzv\u011btral&yacute; titanzinek v&nbsp;odst&iacute;nu modr&eacute; barvy.<\/p>\n<p>P\u0159irozen&eacute; p\u0159ednosti titanzinku, jako je vysok&aacute; odolnost, bez&uacute;dr\u017ebov&aacute; \u017eivotnost a dobr&eacute; ohybov&eacute; vlastnosti, jsou pln\u011b zachov&aacute;ny.<\/p>\n<p>NedZink NUANCE je vhodn&yacute; pro pou\u017eit&iacute; v&scaron;ude tam, kde jsou po\u017eadavky na vysokou estetickou kvalitu budov: v&nbsp;exteri&eacute;ru jsou to st\u0159echy a fas&aacute;dy, v&nbsp;interi&eacute;ru zase r\u016fzn&eacute; designov&eacute; aplikace.<\/p>\n<h3 align=\"left\">P\u0159edzv\u011btral&yacute; titanzinek v barevn&yacute;ch odst&iacute;nech<\/h3>\n<h2 align=\"left\">NedZink NUANCE<\/h2>\n<p><img decoding=\"async\" alt=\"\" src=\"https:\/\/www.nedzink.com\/wp-content\/uploads\/import\/cms\/userfiles\/images\/divers\/2016\/project-blue.jpg\" style=\"width: 283px; height: 121px;\" \/>&nbsp;&nbsp;<img decoding=\"async\" alt=\"\" src=\"https:\/\/www.nedzink.com\/wp-content\/uploads\/import\/cms\/userfiles\/images\/divers\/2016\/project-red.jpg\" style=\"width: 226px; height: 121px;\" \/> &nbsp;<img decoding=\"async\" alt=\"\" src=\"https:\/\/www.nedzink.com\/wp-content\/uploads\/import\/cms\/userfiles\/images\/divers\/2016\/project-green.jpg\" style=\"width: 157px; height: 121px;\" \/>&nbsp;&nbsp;<\/p>\n<h3><span style=\"font-size: 14px;\">Charakteristika produktu<\/span><\/h3>\n<p style=\"text-align: justify;\">Materi&aacute;l NedZink NUANCE je p\u0159edzv\u011btral&yacute; titanzinek s&nbsp;pou\u017eit&iacute;m pigment\u016f. Konkr&eacute;tn\u011b to vedlo k&nbsp;v&yacute;b\u011bru pigment\u016f pro p\u0159edzv\u011btral&yacute; zinek v&nbsp;odst&iacute;nech modr&eacute;, \u010derven&eacute; a zelen&eacute; barvy. Jemn&eacute; pigmenty tak&eacute; poskytuj&iacute; dodate\u010dnou ochranu pro samotn&yacute; p\u0159edzv\u011btral&yacute; titanzinek.&nbsp;<\/p>\n<p>P\u0159irozen&eacute; p\u0159ednosti titanzinku, jako je vysok&aacute; odolnost, bez&uacute;dr\u017ebov&aacute; \u017eivotnost a dobr&eacute; ohybov&eacute; vlastnosti, jsou pln\u011b zachov&aacute;ny.<\/p>\n<p style=\"text-align: justify;\">NedZink NUANCE je vhodn&yacute; pro pou\u017eit&iacute; v&scaron;ude tam, kde jsou po\u017eadavky na vysokou estetickou kvalitu budov: v&nbsp;exteri&eacute;ru jsou to st\u0159echy a fas&aacute;dy, v&nbsp;interi&eacute;ru zase r\u016fzn&eacute; designov&eacute; aplikace.<\/p>\n<p style=\"text-align: justify;\">Produktov&aacute; \u0159ada NedZink NUANCE je dostupn&aacute; ve t\u0159ech proveden&iacute;ch:<\/p>\n<p style=\"text-align: justify;\"><img decoding=\"async\" alt=\"\" src=\"https:\/\/www.nedzink.com\/wp-content\/uploads\/import\/cms\/userfiles\/images\/products\/nuance-blue-hv.jpg\" style=\"width: 126px; height: 121px;\" \/>&nbsp;&nbsp;&nbsp;&nbsp;&nbsp;&nbsp;&nbsp;&nbsp;&nbsp;&nbsp;&nbsp;&nbsp;&nbsp; &nbsp;&nbsp;&nbsp;&nbsp;&nbsp; <img decoding=\"async\" alt=\"\" src=\"https:\/\/www.nedzink.com\/wp-content\/uploads\/import\/cms\/userfiles\/images\/products\/nuance-red-hv.jpg\" style=\"width: 128px; height: 121px;\" \/>&nbsp;&nbsp;&nbsp;&nbsp;&nbsp;&nbsp;&nbsp;&nbsp;&nbsp;&nbsp;&nbsp;&nbsp;&nbsp;&nbsp;&nbsp; &nbsp;&nbsp;&nbsp; <img decoding=\"async\" alt=\"\" src=\"https:\/\/www.nedzink.com\/wp-content\/uploads\/import\/cms\/userfiles\/images\/products\/nuance-green-hv.jpg\" style=\"width: 121px; height: 121px;\" \/><\/p>\n<p style=\"text-align: justify;\"><strong>NUANCE &#39;Blue&#39;&nbsp;&nbsp;&nbsp;&nbsp;&nbsp;&nbsp;&nbsp;&nbsp;&nbsp;&nbsp;&nbsp;&nbsp;&nbsp;&nbsp;&nbsp;&nbsp;&nbsp;&nbsp;&nbsp;&nbsp;&nbsp;&nbsp;&nbsp;&nbsp;&nbsp;&nbsp;&nbsp;&nbsp;&nbsp;&nbsp; NUANCE &#39;Red&#39;&nbsp;&nbsp;&nbsp;&nbsp;&nbsp;&nbsp;&nbsp;&nbsp;&nbsp;&nbsp;&nbsp;&nbsp;&nbsp;&nbsp;&nbsp;&nbsp;&nbsp;&nbsp;&nbsp;&nbsp;&nbsp;&nbsp;&nbsp;&nbsp;&nbsp;&nbsp;&nbsp;&nbsp;&nbsp;&nbsp;&nbsp; NUANCE &#39;Green&#39;<\/strong><\/p>\n<p style=\"text-align: justify;\">Materi&aacute;l NedZink NUANCE je titanzinek podle normy EN 988, kter&yacute; proch&aacute;z&iacute; ve v&yacute;rob\u011b procesem z&iacute;sk&aacute;n&iacute; patiny. Jde o slitinu na b&aacute;zi elektrolyticky \u010di&scaron;t\u011bn&eacute;ho zinku (s \u010distotou min. 99,995 % Zn, Z1 podle normy EN 1179) s mal&yacute;m pod&iacute;lem slitin m\u011bdi, titanu a hlin&iacute;ku. Chemick&eacute; slo\u017een&iacute;, mechanick&eacute; a fyzik&aacute;ln&iacute; vlastnosti, stejn\u011b jako rozm\u011brov&eacute; tolerance jsou uvedeny v produktov&yacute;ch certifik&aacute;tech KOMO a Lloyd&rsquo;s Register, LRIQS (Approval QIS122).<\/p>\n<p style=\"text-align: justify;\">Stanoven&eacute; vlastnosti materi&aacute;lu jsou kontrolov&aacute;ny nez&aacute;visl&yacute;m a neutr&aacute;ln&iacute;m v&yacute;zkumn&yacute;m institutem. Tento produktov&yacute; certifik&aacute;t a certifik&aacute;t ISO 9001:2008 pro kvalitu syst&eacute;mu managementu jakosti ve spole\u010dnosti NedZink zaru\u010duj&iacute; konstantn&iacute; a jednotnou vysokou kvalitu, kter&aacute; p\u0159esahuje po\u017eadavky normy EN 988.<\/p>\n<h3 style=\"text-align: justify;\"><span style=\"font-size: 14px;\">Produktov&eacute; \u0159ady<\/span><\/h3>\n<table border=\"1\" cellpadding=\"0\" cellspacing=\"0\">\n<tbody>\n<tr>\n<td colspan=\"2\" style=\"width: 614px;\">\n<p><strong>NedZink NUANCE Blue &ndash; NedZink NUANCE Red &ndash; NedZink NUANCE Green ve form\u011b svitk\u016f<\/strong><\/p>\n<\/td>\n<\/tr>\n<tr>\n<td style=\"width: 307px;\">\n<p><strong>&scaron;&iacute;\u0159ka<\/strong><\/p>\n<\/td>\n<td style=\"width: 307px;\">\n<p><strong>600 &ndash; 1000 mm<\/strong><\/p>\n<\/td>\n<\/tr>\n<tr>\n<td style=\"width: 307px;\">\n<p><strong>tlou&scaron;\u0165ka<\/strong><\/p>\n<\/td>\n<td style=\"width: 307px;\">\n<p><strong>0,70 mm<\/strong><\/p>\n<\/td>\n<\/tr>\n<tr>\n<td style=\"width: 307px;\">\n<p><strong>hmotnost<\/strong><\/p>\n<\/td>\n<td style=\"width: 307px;\">\n<p><strong>Max. 1400 kg (p\u0159i &scaron;&iacute;\u0159ce 1000 mm)<\/strong><\/p>\n<\/td>\n<\/tr>\n<\/tbody>\n<\/table>\n<p><em>Materi&aacute;l NedZink NUANCE je dod&aacute;v&aacute;n pouze na z&aacute;klad\u011b zpracovan&eacute;ho projektu.<\/em><\/p>\n<h3><span style=\"font-size: 14px;\">P\u0159eprava a skladov&aacute;n&iacute;<\/span><\/h3>\n<p style=\"text-align: justify;\">Materi&aacute;ly spole\u010dnosti NedZink jsou baleny a p\u0159epravov&aacute;ny v such&eacute;m stavu. Doporu\u010duje se skladovat titanzinek v such&eacute;m prost\u0159ed&iacute; s konstantn&iacute; teplotou. T&iacute;m se sni\u017euje pravd\u011bpodobnost vzniku kondenzace.<\/p>\n<h3 style=\"text-align: justify;\"><span style=\"font-size: 14px;\">Mont&aacute;\u017e a specifick&aacute; doporu\u010den&iacute;<\/span><\/h3>\n<p>Materi&aacute;l NedZink NUANCE je z&nbsp;vn\u011bj&scaron;ku opat\u0159en pohledovou stranou. Sm\u011br mont&aacute;\u017ee, kter&yacute; je vyzna\u010den &scaron;ipkami na zadn&iacute; stran\u011b, se mus&iacute; v\u017edy respektovat. NedZink NUANCE je produkt se sv&yacute;mi&nbsp;p\u0159irozen&yacute;mi vlastnostmi, co\u017e znamen&aacute;, \u017ee se na jeho povrchu mohou objevit drobn&eacute; barevn&eacute; odli&scaron;nosti. Samoz\u0159ejm\u011b, \u017ee jednotn&yacute; v&yacute;robn&iacute; proces vede k&nbsp;extr&eacute;mn\u011b p\u0159esn&yacute;m odst&iacute;n\u016fm, ale v\u017edycky je tady mo\u017enost ur\u010dit&yacute;ch barevn&yacute;ch variac&iacute; (souvisej&iacute;c&iacute; s&nbsp;danou v&yacute;robn&iacute; &scaron;ar\u017e&iacute;). Proto, aby se p\u0159ede&scaron;lo v&yacute;skytu odli&scaron;nost&iacute;, se doporu\u010duje pou\u017e&iacute;t p\u0159i ka\u017ed&eacute;m projektu materi&aacute;l ze stejn&eacute; v&yacute;robn&iacute; &scaron;ar\u017ee.<\/p>\n<p>Na vy\u017e&aacute;d&aacute;n&iacute; je NedZink NUANCE dostupn&yacute; s&nbsp;ochrannou f&oacute;li&iacute; na povrchu materi&aacute;lu, kter&aacute; jej chr&aacute;n&iacute; b\u011bhem p\u0159epravy a mont&aacute;\u017ee. F&oacute;lie by m\u011bla b&yacute;t odstran\u011bna okam\u017eit\u011b a jedn&iacute;m pohybem po skon\u010den&iacute; mont&aacute;\u017ee na stavb\u011b. P\u0159i teplot\u011b vzduchu ni\u017e&scaron;&iacute; ne\u017e 7 &deg;C nen&iacute; dovoleno titanzinek mechanicky oh&yacute;bat a ani odstra\u0148ovat ochrannou f&oacute;lii.<\/p>\n<p style=\"text-align: justify;\">Aby bylo mo\u017en&eacute; titanzinek NedZink NUANCE spr&aacute;vn\u011b p&aacute;jet, je nutn&eacute; p&aacute;jen&yacute; povrch v&nbsp;m&iacute;st\u011b spoj\u016f nejprve zbavit pigmentu a kryc&iacute; vrstvy, a to a\u017e na z&aacute;kladn&iacute; povrch z&nbsp;materi&aacute;lu NedZink NATUREL.<\/p>\n<h3 style=\"text-align: justify;\"><span style=\"font-size: 14px;\">Z&aacute;ruka<\/span><\/h3>\n<p style=\"text-align: justify;\">Pro materi&aacute;l NedZink NUANCE je platn&aacute; standardn&iacute; z&aacute;ruka. Odolnost barevn&yacute;ch odst&iacute;n\u016f je z&aacute;visl&aacute; na prost\u0159ed&iacute;, ve kter&eacute;m jsou pou\u017eity. Spole\u010dnost NedZink proto nezaru\u010duje \u017eivotnost barvy.&nbsp;<\/p>\n<h3 style=\"text-align: justify;\"><span style=\"font-size: 14px;\">Vlastnosti materi&aacute;lu<\/span><\/h3>\n<p>Na zadn&iacute; stran\u011b v&scaron;ech v&yacute;robk\u016f je ochrann&aacute; zn&aacute;mka, kter&aacute; podle po\u017eadavk\u016f normy EN 988 obsahuje tyto &uacute;daje:<\/p>\n<p>&#8211;&nbsp;&nbsp;&nbsp;&nbsp;&nbsp;&nbsp;&nbsp;&nbsp;&nbsp;&nbsp; NedZink NTZ<\/p>\n<p>&#8211;&nbsp;&nbsp;&nbsp;&nbsp;&nbsp;&nbsp;&nbsp;&nbsp;&nbsp;&nbsp; N&aacute;zev titanzinek ve \u010dty\u0159ech jazyc&iacute;ch: holand&scaron;tin\u011b, n\u011bm\u010din\u011b, francouz&scaron;tin\u011b a angli\u010dtin\u011b<\/p>\n<p>&#8211;&nbsp;&nbsp;&nbsp;&nbsp;&nbsp;&nbsp;&nbsp;&nbsp;&nbsp;&nbsp; Standard v&yacute;robku podle normy EN 988<\/p>\n<p>&#8211;&nbsp;&nbsp;&nbsp;&nbsp;&nbsp;&nbsp;&nbsp;&nbsp;&nbsp;&nbsp; Jmenovitou tlou&scaron;\u0165ku<\/p>\n<p>&#8211;&nbsp;&nbsp;&nbsp;&nbsp;&nbsp;&nbsp;&nbsp;&nbsp;&nbsp;&nbsp; S&eacute;riov&eacute; \u010d&iacute;slo<\/p>\n<p>&#8211;&nbsp;&nbsp;&nbsp;&nbsp;&nbsp;&nbsp;&nbsp;&nbsp;&nbsp;&nbsp; Rok v&yacute;roby<\/p>\n<p>&#8211;&nbsp;&nbsp;&nbsp;&nbsp;&nbsp;&nbsp;&nbsp;&nbsp;&nbsp;&nbsp; Loga kontroln&iacute;ch org&aacute;n\u016f KOMO a Lloyd&rsquo;s Register<\/p>\n<p style=\"text-align: justify;\">Dal&scaron;&iacute; informace o sortimentu produkt\u016f a zpracov&aacute;n&iacute; materi&aacute;l\u016f spole\u010dnosti NedZink najdete na webov&yacute;ch str&aacute;nk&aacute;ch www.nedzink.com.<\/p>\n","protected":false},"excerpt":{"rendered":"<p>Materi&aacute;l NedZink NUANCE je p\u0159edzv\u011btral&yacute; titanzinek s&nbsp;pou\u017eit&iacute;m pigment\u016f. Konkr&eacute;tn\u011b to vedlo k&nbsp;v&yacute;b\u011bru pigment\u016f pro p\u0159edzv\u011btral&yacute; zinek v&nbsp;odst&iacute;nech modr&eacute;, \u010derven&eacute; a zelen&eacute; barvy. NedZink NUANCE Blue je p\u0159edzv\u011btral&yacute; titanzinek v&nbsp;odst&iacute;nu modr&eacute; barvy. P\u0159irozen&eacute; p\u0159ednosti titanzinku, jako je vysok&aacute; odolnost, bez&uacute;dr\u017ebov&aacute; \u017eivotnost a dobr&eacute; ohybov&eacute; vlastnosti, jsou pln\u011b zachov&aacute;ny. NedZink NUANCE je vhodn&yacute; pro pou\u017eit&iacute; v&scaron;ude tam, [&hellip;]<\/p>\n","protected":false},"author":9,"featured_media":0,"parent":0,"menu_order":40,"comment_status":"closed","ping_status":"closed","template":"template-import.php","meta":{"_acf_changed":false,"footnotes":""},"class_list":["post-12121","page","type-page","status-publish","hentry"],"acf":[],"yoast_head":"<!-- This site is optimized with the Yoast SEO plugin v26.8 - https:\/\/yoast.com\/product\/yoast-seo-wordpress\/ -->\n<title>NedZink NUANCE blue \u2013 NedZink<\/title>\n<meta name=\"robots\" content=\"index, follow, max-snippet:-1, max-image-preview:large, max-video-preview:-1\" \/>\n<link rel=\"canonical\" href=\"https:\/\/www.nedzink.com\/cs\/nedzink-nuance-blue\/\" \/>\n<meta property=\"og:locale\" content=\"cs_CZ\" \/>\n<meta property=\"og:type\" content=\"article\" \/>\n<meta property=\"og:title\" content=\"NedZink NUANCE blue \u2013 NedZink\" \/>\n<meta property=\"og:description\" content=\"Materi&aacute;l NedZink NUANCE je p\u0159edzv\u011btral&yacute; titanzinek s&nbsp;pou\u017eit&iacute;m pigment\u016f. Konkr&eacute;tn\u011b to vedlo k&nbsp;v&yacute;b\u011bru pigment\u016f pro p\u0159edzv\u011btral&yacute; zinek v&nbsp;odst&iacute;nech modr&eacute;, \u010derven&eacute; a zelen&eacute; barvy. NedZink NUANCE Blue je p\u0159edzv\u011btral&yacute; titanzinek v&nbsp;odst&iacute;nu modr&eacute; barvy. P\u0159irozen&eacute; p\u0159ednosti titanzinku, jako je vysok&aacute; odolnost, bez&uacute;dr\u017ebov&aacute; \u017eivotnost a dobr&eacute; ohybov&eacute; vlastnosti, jsou pln\u011b zachov&aacute;ny. NedZink NUANCE je vhodn&yacute; pro pou\u017eit&iacute; v&scaron;ude tam, [&hellip;]\" \/>\n<meta property=\"og:url\" content=\"https:\/\/www.nedzink.com\/cs\/nedzink-nuance-blue\/\" \/>\n<meta property=\"og:site_name\" content=\"NedZink\" \/>\n<meta property=\"og:image\" content=\"https:\/\/www.nedzink.com\/wp-content\/uploads\/import\/cms\/userfiles\/images\/products\/nuance-blue-hv.jpg\" \/>\n<meta name=\"twitter:card\" content=\"summary_large_image\" \/>\n<meta name=\"twitter:label1\" content=\"Odhadovan\u00e1 doba \u010dten\u00ed\" \/>\n\t<meta name=\"twitter:data1\" content=\"6 minut\" \/>\n<script type=\"application\/ld+json\" class=\"yoast-schema-graph\">{\"@context\":\"https:\/\/schema.org\",\"@graph\":[{\"@type\":\"WebPage\",\"@id\":\"https:\/\/www.nedzink.com\/cs\/nedzink-nuance-blue\/\",\"url\":\"https:\/\/www.nedzink.com\/cs\/nedzink-nuance-blue\/\",\"name\":\"NedZink NUANCE blue \u2013 NedZink\",\"isPartOf\":{\"@id\":\"https:\/\/www.nedzink.com\/cs\/#website\"},\"primaryImageOfPage\":{\"@id\":\"https:\/\/www.nedzink.com\/cs\/nedzink-nuance-blue\/#primaryimage\"},\"image\":{\"@id\":\"https:\/\/www.nedzink.com\/cs\/nedzink-nuance-blue\/#primaryimage\"},\"thumbnailUrl\":\"https:\/\/www.nedzink.com\/wp-content\/uploads\/import\/cms\/userfiles\/images\/products\/nuance-blue-hv.jpg\",\"datePublished\":\"2019-04-09T12:27:58+00:00\",\"breadcrumb\":{\"@id\":\"https:\/\/www.nedzink.com\/cs\/nedzink-nuance-blue\/#breadcrumb\"},\"inLanguage\":\"cs\",\"potentialAction\":[{\"@type\":\"ReadAction\",\"target\":[\"https:\/\/www.nedzink.com\/cs\/nedzink-nuance-blue\/\"]}]},{\"@type\":\"ImageObject\",\"inLanguage\":\"cs\",\"@id\":\"https:\/\/www.nedzink.com\/cs\/nedzink-nuance-blue\/#primaryimage\",\"url\":\"https:\/\/www.nedzink.com\/wp-content\/uploads\/import\/cms\/userfiles\/images\/products\/nuance-blue-hv.jpg\",\"contentUrl\":\"https:\/\/www.nedzink.com\/wp-content\/uploads\/import\/cms\/userfiles\/images\/products\/nuance-blue-hv.jpg\"},{\"@type\":\"BreadcrumbList\",\"@id\":\"https:\/\/www.nedzink.com\/cs\/nedzink-nuance-blue\/#breadcrumb\",\"itemListElement\":[{\"@type\":\"ListItem\",\"position\":1,\"name\":\"Home\",\"item\":\"https:\/\/www.nedzink.com\/cs\/\"},{\"@type\":\"ListItem\",\"position\":2,\"name\":\"NedZink NUANCE blue\"}]},{\"@type\":\"WebSite\",\"@id\":\"https:\/\/www.nedzink.com\/cs\/#website\",\"url\":\"https:\/\/www.nedzink.com\/cs\/\",\"name\":\"NedZink\",\"description\":\"Zink fabrikant\",\"publisher\":{\"@id\":\"https:\/\/www.nedzink.com\/cs\/#organization\"},\"potentialAction\":[{\"@type\":\"SearchAction\",\"target\":{\"@type\":\"EntryPoint\",\"urlTemplate\":\"https:\/\/www.nedzink.com\/cs\/?s={search_term_string}\"},\"query-input\":{\"@type\":\"PropertyValueSpecification\",\"valueRequired\":true,\"valueName\":\"search_term_string\"}}],\"inLanguage\":\"cs\"},{\"@type\":\"Organization\",\"@id\":\"https:\/\/www.nedzink.com\/cs\/#organization\",\"name\":\"NedZink\",\"url\":\"https:\/\/www.nedzink.com\/cs\/\",\"logo\":{\"@type\":\"ImageObject\",\"inLanguage\":\"cs\",\"@id\":\"https:\/\/www.nedzink.com\/cs\/#\/schema\/logo\/image\/\",\"url\":\"https:\/\/www.nedzink.com\/wp-content\/uploads\/2019\/08\/logo-nedzink_fc_zk.jpg\",\"contentUrl\":\"https:\/\/www.nedzink.com\/wp-content\/uploads\/2019\/08\/logo-nedzink_fc_zk.jpg\",\"width\":2160,\"height\":688,\"caption\":\"NedZink\"},\"image\":{\"@id\":\"https:\/\/www.nedzink.com\/cs\/#\/schema\/logo\/image\/\"}}]}<\/script>\n<!-- \/ Yoast SEO plugin. -->","yoast_head_json":{"title":"NedZink NUANCE blue \u2013 NedZink","robots":{"index":"index","follow":"follow","max-snippet":"max-snippet:-1","max-image-preview":"max-image-preview:large","max-video-preview":"max-video-preview:-1"},"canonical":"https:\/\/www.nedzink.com\/cs\/nedzink-nuance-blue\/","og_locale":"cs_CZ","og_type":"article","og_title":"NedZink NUANCE blue \u2013 NedZink","og_description":"Materi&aacute;l NedZink NUANCE je p\u0159edzv\u011btral&yacute; titanzinek s&nbsp;pou\u017eit&iacute;m pigment\u016f. Konkr&eacute;tn\u011b to vedlo k&nbsp;v&yacute;b\u011bru pigment\u016f pro p\u0159edzv\u011btral&yacute; zinek v&nbsp;odst&iacute;nech modr&eacute;, \u010derven&eacute; a zelen&eacute; barvy. NedZink NUANCE Blue je p\u0159edzv\u011btral&yacute; titanzinek v&nbsp;odst&iacute;nu modr&eacute; barvy. P\u0159irozen&eacute; p\u0159ednosti titanzinku, jako je vysok&aacute; odolnost, bez&uacute;dr\u017ebov&aacute; \u017eivotnost a dobr&eacute; ohybov&eacute; vlastnosti, jsou pln\u011b zachov&aacute;ny. NedZink NUANCE je vhodn&yacute; pro pou\u017eit&iacute; v&scaron;ude tam, [&hellip;]","og_url":"https:\/\/www.nedzink.com\/cs\/nedzink-nuance-blue\/","og_site_name":"NedZink","og_image":[{"url":"https:\/\/www.nedzink.com\/wp-content\/uploads\/import\/cms\/userfiles\/images\/products\/nuance-blue-hv.jpg","type":"","width":"","height":""}],"twitter_card":"summary_large_image","twitter_misc":{"Odhadovan\u00e1 doba \u010dten\u00ed":"6 minut"},"schema":{"@context":"https:\/\/schema.org","@graph":[{"@type":"WebPage","@id":"https:\/\/www.nedzink.com\/cs\/nedzink-nuance-blue\/","url":"https:\/\/www.nedzink.com\/cs\/nedzink-nuance-blue\/","name":"NedZink NUANCE blue \u2013 NedZink","isPartOf":{"@id":"https:\/\/www.nedzink.com\/cs\/#website"},"primaryImageOfPage":{"@id":"https:\/\/www.nedzink.com\/cs\/nedzink-nuance-blue\/#primaryimage"},"image":{"@id":"https:\/\/www.nedzink.com\/cs\/nedzink-nuance-blue\/#primaryimage"},"thumbnailUrl":"https:\/\/www.nedzink.com\/wp-content\/uploads\/import\/cms\/userfiles\/images\/products\/nuance-blue-hv.jpg","datePublished":"2019-04-09T12:27:58+00:00","breadcrumb":{"@id":"https:\/\/www.nedzink.com\/cs\/nedzink-nuance-blue\/#breadcrumb"},"inLanguage":"cs","potentialAction":[{"@type":"ReadAction","target":["https:\/\/www.nedzink.com\/cs\/nedzink-nuance-blue\/"]}]},{"@type":"ImageObject","inLanguage":"cs","@id":"https:\/\/www.nedzink.com\/cs\/nedzink-nuance-blue\/#primaryimage","url":"https:\/\/www.nedzink.com\/wp-content\/uploads\/import\/cms\/userfiles\/images\/products\/nuance-blue-hv.jpg","contentUrl":"https:\/\/www.nedzink.com\/wp-content\/uploads\/import\/cms\/userfiles\/images\/products\/nuance-blue-hv.jpg"},{"@type":"BreadcrumbList","@id":"https:\/\/www.nedzink.com\/cs\/nedzink-nuance-blue\/#breadcrumb","itemListElement":[{"@type":"ListItem","position":1,"name":"Home","item":"https:\/\/www.nedzink.com\/cs\/"},{"@type":"ListItem","position":2,"name":"NedZink NUANCE blue"}]},{"@type":"WebSite","@id":"https:\/\/www.nedzink.com\/cs\/#website","url":"https:\/\/www.nedzink.com\/cs\/","name":"NedZink","description":"Zink fabrikant","publisher":{"@id":"https:\/\/www.nedzink.com\/cs\/#organization"},"potentialAction":[{"@type":"SearchAction","target":{"@type":"EntryPoint","urlTemplate":"https:\/\/www.nedzink.com\/cs\/?s={search_term_string}"},"query-input":{"@type":"PropertyValueSpecification","valueRequired":true,"valueName":"search_term_string"}}],"inLanguage":"cs"},{"@type":"Organization","@id":"https:\/\/www.nedzink.com\/cs\/#organization","name":"NedZink","url":"https:\/\/www.nedzink.com\/cs\/","logo":{"@type":"ImageObject","inLanguage":"cs","@id":"https:\/\/www.nedzink.com\/cs\/#\/schema\/logo\/image\/","url":"https:\/\/www.nedzink.com\/wp-content\/uploads\/2019\/08\/logo-nedzink_fc_zk.jpg","contentUrl":"https:\/\/www.nedzink.com\/wp-content\/uploads\/2019\/08\/logo-nedzink_fc_zk.jpg","width":2160,"height":688,"caption":"NedZink"},"image":{"@id":"https:\/\/www.nedzink.com\/cs\/#\/schema\/logo\/image\/"}}]}},"_links":{"self":[{"href":"https:\/\/www.nedzink.com\/cs\/wp-json\/wp\/v2\/pages\/12121","targetHints":{"allow":["GET"]}}],"collection":[{"href":"https:\/\/www.nedzink.com\/cs\/wp-json\/wp\/v2\/pages"}],"about":[{"href":"https:\/\/www.nedzink.com\/cs\/wp-json\/wp\/v2\/types\/page"}],"author":[{"embeddable":true,"href":"https:\/\/www.nedzink.com\/cs\/wp-json\/wp\/v2\/users\/9"}],"replies":[{"embeddable":true,"href":"https:\/\/www.nedzink.com\/cs\/wp-json\/wp\/v2\/comments?post=12121"}],"version-history":[{"count":0,"href":"https:\/\/www.nedzink.com\/cs\/wp-json\/wp\/v2\/pages\/12121\/revisions"}],"wp:attachment":[{"href":"https:\/\/www.nedzink.com\/cs\/wp-json\/wp\/v2\/media?parent=12121"}],"curies":[{"name":"wp","href":"https:\/\/api.w.org\/{rel}","templated":true}]}}