{"id":12101,"date":"2019-04-09T14:27:55","date_gmt":"2019-04-09T12:27:55","guid":{"rendered":"http:\/\/136.144.181.85\/~nedzink\/druhy-povrchu\/nedzink-nova\/"},"modified":"2019-04-09T14:27:55","modified_gmt":"2019-04-09T12:27:55","slug":"nedzink-nova","status":"publish","type":"page","link":"https:\/\/www.nedzink.com\/cs\/nedzink-nova\/","title":{"rendered":"NedZink NOVA"},"content":{"rendered":"<h2>\n\tP\u0159edpatinovan&yacute; titanzinek v tabul&iacute;ch, svitc&iacute;ch a p&aacute;sech<\/h2>\n<p>\n\t&nbsp;<\/p>\n<p>\n\tJestli\u017ee je od po\u010d&aacute;tku po\u017eadov&aacute;n vzhled kompletn\u011b a rovnom\u011brn\u011b patinovan&eacute;ho zinkov&eacute;ho povrchu, doporu\u010duje se pou\u017eit&iacute; z v&yacute;roby p\u0159edpatinovan&eacute;ho materi&aacute;lu NedZink NOVA. Titanov\u011b &scaron;ed&yacute; povrch vznik&aacute; chemick&yacute;m o&scaron;et\u0159en&iacute;m zinkov&eacute;ho plechu v nejmodern\u011bj&scaron;&iacute;m patinovac&iacute;m stroji, kter&yacute; navazuje na proces v&aacute;lcov&aacute;n&iacute; leskl&eacute;ho materi&aacute;lu NedZink NATUREL. Dal&scaron;&iacute; p\u0159edpatinovanou variantou je NedZink NOIR, co\u017e je titanzinek antracitov\u011b \u010dern&eacute;ho vzhledu. Esteticky n&aacute;ro\u010dn&eacute; stavebn&iacute; projekty d&iacute;ky t\u011bmto v&yacute;robk\u016fm z&iacute;skaj&iacute; ji\u017e v dob\u011b zhotoven&iacute; po\u017eadovan&yacute; atraktivn&iacute; vzhled.<\/p>\n<p>\n\t&nbsp;<\/p>\n<p>\n\t<img decoding=\"async\" src=\"https:\/\/www.nedzink.com\/wp-content\/uploads\/import\/cms\/userfiles\/images\/oberflachen-2.jpg\" style=\"border-width: 0px; border-style: solid; margin: 1px 3px; width: 690px; height: 156px;\" \/><\/p>\n<h2>\n\t<strong>Okam\u017eit\u011b hezk&yacute; vzhled!<\/strong><\/h2>\n<p>\n\t&nbsp;<\/p>\n<p>\n\tNedZink NOVA je modern&iacute; pohledovou alternativou k leskle v&aacute;lcovan&eacute;mu NedZink NATUREL, kter&aacute; v&scaron;ak nebr&aacute;n&iacute; zachov&aacute;n&iacute; v&scaron;ech p\u0159ednost&iacute; souvisej&iacute;c&iacute;ch s kvalitou materi&aacute;lu a jeho pou\u017eitelnost&iacute;. Tak jak architektura podl&eacute;h&aacute; st&aacute;le nov&yacute;m trend\u016fm a zm\u011bn&aacute;m, vyv&iacute;j&iacute; NedZink nov&eacute; v&yacute;robky, aby splnil tyto v&yacute;zvy. V p\u0159&iacute;pad\u011b v&yacute;voje NedZink NOVA jde o reakci na velmi roz&scaron;&iacute;\u0159en&yacute; po\u017eadavek projektant\u016f a stavebn&iacute;k\u016f p\u0159edej&iacute;t zdlouhav&eacute;mu procesu p\u0159&iacute;rodn&iacute;ho patinov&aacute;n&iacute; NedZink NATUREL, a tak&eacute; snahu dop\u0159&aacute;t u\u017eivatel\u016fm mo\u017enost vychutnat si fin&aacute;ln&iacute; vzhled zinkov&eacute; patiny od sam&eacute;ho za\u010d&aacute;tku.<\/p>\n<p>\n\t&nbsp;<\/p>\n<h2>\n\tPopis v&yacute;robku<\/h2>\n<p>\n\t&nbsp;<\/p>\n<p>\n\tNedZink NOVA je ji\u017e z v&yacute;roby p\u0159edpatinovan&yacute; NedZink NATUREL. Jedn&aacute; se o titanzinek podle DIN EN 988, co\u017e je slitina na b&aacute;zi elektrolyticky vyr&aacute;b\u011bn&eacute;ho zinku se stupn\u011bm \u010distoty min. 99,995 % zinku (Z1 podle DIN EN 1179) a p\u0159esn\u011b ur\u010den&yacute;ch p\u0159&iacute;sad m\u011bdi, titanu a hlin&iacute;ku. P\u0159i p\u0159edpatinov&aacute;n&iacute; se simuluje proces vzniku zinkov&eacute; patiny povrchu n&aacute;kladn&yacute;m chemick&yacute;m procesem v barv\u011b a vlastnostech, kter&eacute; vznikaj&iacute; p\u0159&iacute;rodn&iacute;m procesem p\u0159i vystaven&iacute; materi&aacute;lu pov\u011btrnostn&iacute;m vliv\u016fm. Patinace se neprov&aacute;d&iacute; \u017e&aacute;dn&yacute;m nan&aacute;&scaron;en&iacute;m vrstvy povrchov&eacute; &uacute;pravy nebo lakov&aacute;n&iacute;m. Typick&eacute; vlastnosti zinkov&eacute;ho povrchu z\u016fstanou pln\u011b zachov&aacute;ny. Dodate\u010dn\u011b se pouze nanese tenk&aacute; do\u010dasn&aacute; ochrann&aacute; vrstva, kter&aacute; chr&aacute;n&iacute; povrch a\u017e do ukon\u010den&iacute; mont&aacute;\u017ee p\u0159ed lehk&yacute;m zne\u010di&scaron;t\u011bn&iacute;m, jako jsou nap\u0159. otisky prst\u016f. P\u0159i vystaven&iacute; pov\u011btrnostn&iacute;m vliv\u016fm tato ochrann&aacute; vrstva zmiz&iacute;. Na p\u0159&aacute;n&iacute; z&aacute;kazn&iacute;ka lze za p\u0159&iacute;platek tak&eacute; dodat ochrannou f&oacute;lii z PE chr&aacute;n&iacute;c&iacute; l&iacute;c plechu p\u0159ed mont&aacute;\u017e&iacute; a b\u011bhem n&iacute;.<\/p>\n<h2>\n\t&nbsp;<\/h2>\n<p>\n\t<strong>Kvalita v&yacute;robku a zna\u010den&iacute;<\/strong><\/p>\n<p>\n\tCertifikace a syst&eacute;m \u0159&iacute;zen&iacute; jakosti NedZink podle DIN EN ISO 9001:2008 zaru\u010duje trvale vysokou &uacute;rove\u0148 kvality, kter&aacute; v rozhoduj&iacute;c&iacute;ch parametrech dookonce zna\u010dn\u011b p\u0159esahuje r&aacute;mec po\u017eadavk\u016f DIN EN 988.<\/p>\n<p>\n\tChemick&eacute; slo\u017een&iacute;, mechanicko-technologick&eacute; vlastnosti a max. p\u0159&iacute;pustn&eacute; tolerance rozm\u011br\u016f NedZink NOVA jsou stanoveny v certifik&aacute;tu v&yacute;robku NedZink (LRIQS Approval QIS 122).<\/p>\n<p>\n\tDodr\u017eov&aacute;n&iacute; vlastnost&iacute; v&yacute;robku prov\u011b\u0159uje v pravideln&yacute;ch intervalech nez&aacute;visl&aacute; zku&scaron;ebna Lloyd&rsquo;s Register.<\/p>\n<p>\n\tV&scaron;echny v&yacute;robky jsou na zadn&iacute; stran\u011b opat\u0159eny pr\u016fb\u011b\u017en&yacute;m zna\u010den&iacute;m podle ustanoven&iacute; DIN EN 988. Toto ozna\u010den&iacute; m&aacute; sm\u011brovou &scaron;ipku. V&yacute;robky NOVA by se m\u011bly v\u017edy montovat ve stejn&eacute;m sm\u011bru.<\/p>\n<p>\n\t&nbsp;<\/p>\n<p>\n\t&nbsp;<\/p>\n<h2>\n\tMo\u017enosti pou\u017eit&iacute; a proveden&iacute;<\/h2>\n<p>\n\t&nbsp;<\/p>\n<p>\n\tNedZink NOVA se pou\u017e&iacute;v&aacute; pro v&scaron;echna esteticky n&aacute;ro\u010dn&aacute; stavebn&iacute; \u0159e&scaron;en&iacute; v interi&eacute;ru a exteri&eacute;ru.<\/p>\n<p>\n\tPat\u0159&iacute; k nim mimo jin&eacute; fas&aacute;dy budov, st\u0159e&scaron;n&iacute; krytiny, kompletn&iacute; vn\u011bj&scaron;&iacute; odvodn\u011bn&iacute; st\u0159ech v\u010detn\u011b p\u0159&iacute;slu&scaron;enstv&iacute;, oplechov&aacute;n&iacute; atik a ornament\u016f. D&iacute;ky vynikaj&iacute;c&iacute;m vlastnostem m&aacute; NedZink NOVA t&eacute;m\u011b\u0159 neomezen&eacute; pou\u017eit&iacute;. V&scaron;echny pr&aacute;ce v\u010detn\u011b p&aacute;jen&iacute; mohou klemp&iacute;\u0159i prov&aacute;d\u011bt obvykl&yacute;mi n&aacute;stroji.<\/p>\n<p>\n\tAby byla z&aacute;kazn&iacute;k\u016fm zaru\u010dena vysok&aacute; kvalita v&yacute;robk\u016f NedZink po cel&aacute; desetilet&iacute; od ukon\u010den&iacute; mont&aacute;\u017ee, tak se materi&aacute;l p\u0159epravuje a skladuje v such&yacute;ch a v\u011btran&yacute;ch prostor&aacute;ch. Ochrann&eacute; f&oacute;lie je nutno odstranit okam\u017eit\u011b po mont&aacute;\u017ei.<\/p>\n","protected":false},"excerpt":{"rendered":"<p>P\u0159edpatinovan&yacute; titanzinek v tabul&iacute;ch, svitc&iacute;ch a p&aacute;sech &nbsp; Jestli\u017ee je od po\u010d&aacute;tku po\u017eadov&aacute;n vzhled kompletn\u011b a rovnom\u011brn\u011b patinovan&eacute;ho zinkov&eacute;ho povrchu, doporu\u010duje se pou\u017eit&iacute; z v&yacute;roby p\u0159edpatinovan&eacute;ho materi&aacute;lu NedZink NOVA. Titanov\u011b &scaron;ed&yacute; povrch vznik&aacute; chemick&yacute;m o&scaron;et\u0159en&iacute;m zinkov&eacute;ho plechu v nejmodern\u011bj&scaron;&iacute;m patinovac&iacute;m stroji, kter&yacute; navazuje na proces v&aacute;lcov&aacute;n&iacute; leskl&eacute;ho materi&aacute;lu NedZink NATUREL. Dal&scaron;&iacute; p\u0159edpatinovanou variantou je NedZink [&hellip;]<\/p>\n","protected":false},"author":9,"featured_media":0,"parent":0,"menu_order":20,"comment_status":"closed","ping_status":"closed","template":"template-import.php","meta":{"_acf_changed":false,"footnotes":""},"class_list":["post-12101","page","type-page","status-publish","hentry"],"acf":[],"yoast_head":"<!-- This site is optimized with the Yoast SEO plugin v26.8 - https:\/\/yoast.com\/product\/yoast-seo-wordpress\/ -->\n<title>NedZink NOVA &#8211; NedZink<\/title>\n<meta name=\"robots\" content=\"index, follow, max-snippet:-1, max-image-preview:large, max-video-preview:-1\" \/>\n<link rel=\"canonical\" href=\"https:\/\/www.nedzink.com\/cs\/nedzink-nova\/\" \/>\n<meta property=\"og:locale\" content=\"cs_CZ\" \/>\n<meta property=\"og:type\" content=\"article\" \/>\n<meta property=\"og:title\" content=\"NedZink NOVA &#8211; NedZink\" \/>\n<meta property=\"og:description\" content=\"P\u0159edpatinovan&yacute; titanzinek v tabul&iacute;ch, svitc&iacute;ch a p&aacute;sech &nbsp; Jestli\u017ee je od po\u010d&aacute;tku po\u017eadov&aacute;n vzhled kompletn\u011b a rovnom\u011brn\u011b patinovan&eacute;ho zinkov&eacute;ho povrchu, doporu\u010duje se pou\u017eit&iacute; z v&yacute;roby p\u0159edpatinovan&eacute;ho materi&aacute;lu NedZink NOVA. Titanov\u011b &scaron;ed&yacute; povrch vznik&aacute; chemick&yacute;m o&scaron;et\u0159en&iacute;m zinkov&eacute;ho plechu v nejmodern\u011bj&scaron;&iacute;m patinovac&iacute;m stroji, kter&yacute; navazuje na proces v&aacute;lcov&aacute;n&iacute; leskl&eacute;ho materi&aacute;lu NedZink NATUREL. Dal&scaron;&iacute; p\u0159edpatinovanou variantou je NedZink [&hellip;]\" \/>\n<meta property=\"og:url\" content=\"https:\/\/www.nedzink.com\/cs\/nedzink-nova\/\" \/>\n<meta property=\"og:site_name\" content=\"NedZink\" \/>\n<meta property=\"og:image\" content=\"https:\/\/www.nedzink.com\/wp-content\/uploads\/import\/cms\/userfiles\/images\/oberflachen-2.jpg\" \/>\n<meta name=\"twitter:card\" content=\"summary_large_image\" \/>\n<meta name=\"twitter:label1\" content=\"Odhadovan\u00e1 doba \u010dten\u00ed\" \/>\n\t<meta name=\"twitter:data1\" content=\"5 minut\" \/>\n<script type=\"application\/ld+json\" class=\"yoast-schema-graph\">{\"@context\":\"https:\/\/schema.org\",\"@graph\":[{\"@type\":\"WebPage\",\"@id\":\"https:\/\/www.nedzink.com\/cs\/nedzink-nova\/\",\"url\":\"https:\/\/www.nedzink.com\/cs\/nedzink-nova\/\",\"name\":\"NedZink NOVA &#8211; NedZink\",\"isPartOf\":{\"@id\":\"https:\/\/www.nedzink.com\/cs\/#website\"},\"primaryImageOfPage\":{\"@id\":\"https:\/\/www.nedzink.com\/cs\/nedzink-nova\/#primaryimage\"},\"image\":{\"@id\":\"https:\/\/www.nedzink.com\/cs\/nedzink-nova\/#primaryimage\"},\"thumbnailUrl\":\"https:\/\/www.nedzink.com\/wp-content\/uploads\/import\/cms\/userfiles\/images\/oberflachen-2.jpg\",\"datePublished\":\"2019-04-09T12:27:55+00:00\",\"breadcrumb\":{\"@id\":\"https:\/\/www.nedzink.com\/cs\/nedzink-nova\/#breadcrumb\"},\"inLanguage\":\"cs\",\"potentialAction\":[{\"@type\":\"ReadAction\",\"target\":[\"https:\/\/www.nedzink.com\/cs\/nedzink-nova\/\"]}]},{\"@type\":\"ImageObject\",\"inLanguage\":\"cs\",\"@id\":\"https:\/\/www.nedzink.com\/cs\/nedzink-nova\/#primaryimage\",\"url\":\"https:\/\/www.nedzink.com\/wp-content\/uploads\/import\/cms\/userfiles\/images\/oberflachen-2.jpg\",\"contentUrl\":\"https:\/\/www.nedzink.com\/wp-content\/uploads\/import\/cms\/userfiles\/images\/oberflachen-2.jpg\"},{\"@type\":\"BreadcrumbList\",\"@id\":\"https:\/\/www.nedzink.com\/cs\/nedzink-nova\/#breadcrumb\",\"itemListElement\":[{\"@type\":\"ListItem\",\"position\":1,\"name\":\"Home\",\"item\":\"https:\/\/www.nedzink.com\/cs\/\"},{\"@type\":\"ListItem\",\"position\":2,\"name\":\"NedZink NOVA\"}]},{\"@type\":\"WebSite\",\"@id\":\"https:\/\/www.nedzink.com\/cs\/#website\",\"url\":\"https:\/\/www.nedzink.com\/cs\/\",\"name\":\"NedZink\",\"description\":\"Zink fabrikant\",\"publisher\":{\"@id\":\"https:\/\/www.nedzink.com\/cs\/#organization\"},\"potentialAction\":[{\"@type\":\"SearchAction\",\"target\":{\"@type\":\"EntryPoint\",\"urlTemplate\":\"https:\/\/www.nedzink.com\/cs\/?s={search_term_string}\"},\"query-input\":{\"@type\":\"PropertyValueSpecification\",\"valueRequired\":true,\"valueName\":\"search_term_string\"}}],\"inLanguage\":\"cs\"},{\"@type\":\"Organization\",\"@id\":\"https:\/\/www.nedzink.com\/cs\/#organization\",\"name\":\"NedZink\",\"url\":\"https:\/\/www.nedzink.com\/cs\/\",\"logo\":{\"@type\":\"ImageObject\",\"inLanguage\":\"cs\",\"@id\":\"https:\/\/www.nedzink.com\/cs\/#\/schema\/logo\/image\/\",\"url\":\"https:\/\/www.nedzink.com\/wp-content\/uploads\/2019\/08\/logo-nedzink_fc_zk.jpg\",\"contentUrl\":\"https:\/\/www.nedzink.com\/wp-content\/uploads\/2019\/08\/logo-nedzink_fc_zk.jpg\",\"width\":2160,\"height\":688,\"caption\":\"NedZink\"},\"image\":{\"@id\":\"https:\/\/www.nedzink.com\/cs\/#\/schema\/logo\/image\/\"}}]}<\/script>\n<!-- \/ Yoast SEO plugin. -->","yoast_head_json":{"title":"NedZink NOVA &#8211; NedZink","robots":{"index":"index","follow":"follow","max-snippet":"max-snippet:-1","max-image-preview":"max-image-preview:large","max-video-preview":"max-video-preview:-1"},"canonical":"https:\/\/www.nedzink.com\/cs\/nedzink-nova\/","og_locale":"cs_CZ","og_type":"article","og_title":"NedZink NOVA &#8211; NedZink","og_description":"P\u0159edpatinovan&yacute; titanzinek v tabul&iacute;ch, svitc&iacute;ch a p&aacute;sech &nbsp; Jestli\u017ee je od po\u010d&aacute;tku po\u017eadov&aacute;n vzhled kompletn\u011b a rovnom\u011brn\u011b patinovan&eacute;ho zinkov&eacute;ho povrchu, doporu\u010duje se pou\u017eit&iacute; z v&yacute;roby p\u0159edpatinovan&eacute;ho materi&aacute;lu NedZink NOVA. Titanov\u011b &scaron;ed&yacute; povrch vznik&aacute; chemick&yacute;m o&scaron;et\u0159en&iacute;m zinkov&eacute;ho plechu v nejmodern\u011bj&scaron;&iacute;m patinovac&iacute;m stroji, kter&yacute; navazuje na proces v&aacute;lcov&aacute;n&iacute; leskl&eacute;ho materi&aacute;lu NedZink NATUREL. Dal&scaron;&iacute; p\u0159edpatinovanou variantou je NedZink [&hellip;]","og_url":"https:\/\/www.nedzink.com\/cs\/nedzink-nova\/","og_site_name":"NedZink","og_image":[{"url":"https:\/\/www.nedzink.com\/wp-content\/uploads\/import\/cms\/userfiles\/images\/oberflachen-2.jpg","type":"","width":"","height":""}],"twitter_card":"summary_large_image","twitter_misc":{"Odhadovan\u00e1 doba \u010dten\u00ed":"5 minut"},"schema":{"@context":"https:\/\/schema.org","@graph":[{"@type":"WebPage","@id":"https:\/\/www.nedzink.com\/cs\/nedzink-nova\/","url":"https:\/\/www.nedzink.com\/cs\/nedzink-nova\/","name":"NedZink NOVA &#8211; NedZink","isPartOf":{"@id":"https:\/\/www.nedzink.com\/cs\/#website"},"primaryImageOfPage":{"@id":"https:\/\/www.nedzink.com\/cs\/nedzink-nova\/#primaryimage"},"image":{"@id":"https:\/\/www.nedzink.com\/cs\/nedzink-nova\/#primaryimage"},"thumbnailUrl":"https:\/\/www.nedzink.com\/wp-content\/uploads\/import\/cms\/userfiles\/images\/oberflachen-2.jpg","datePublished":"2019-04-09T12:27:55+00:00","breadcrumb":{"@id":"https:\/\/www.nedzink.com\/cs\/nedzink-nova\/#breadcrumb"},"inLanguage":"cs","potentialAction":[{"@type":"ReadAction","target":["https:\/\/www.nedzink.com\/cs\/nedzink-nova\/"]}]},{"@type":"ImageObject","inLanguage":"cs","@id":"https:\/\/www.nedzink.com\/cs\/nedzink-nova\/#primaryimage","url":"https:\/\/www.nedzink.com\/wp-content\/uploads\/import\/cms\/userfiles\/images\/oberflachen-2.jpg","contentUrl":"https:\/\/www.nedzink.com\/wp-content\/uploads\/import\/cms\/userfiles\/images\/oberflachen-2.jpg"},{"@type":"BreadcrumbList","@id":"https:\/\/www.nedzink.com\/cs\/nedzink-nova\/#breadcrumb","itemListElement":[{"@type":"ListItem","position":1,"name":"Home","item":"https:\/\/www.nedzink.com\/cs\/"},{"@type":"ListItem","position":2,"name":"NedZink NOVA"}]},{"@type":"WebSite","@id":"https:\/\/www.nedzink.com\/cs\/#website","url":"https:\/\/www.nedzink.com\/cs\/","name":"NedZink","description":"Zink fabrikant","publisher":{"@id":"https:\/\/www.nedzink.com\/cs\/#organization"},"potentialAction":[{"@type":"SearchAction","target":{"@type":"EntryPoint","urlTemplate":"https:\/\/www.nedzink.com\/cs\/?s={search_term_string}"},"query-input":{"@type":"PropertyValueSpecification","valueRequired":true,"valueName":"search_term_string"}}],"inLanguage":"cs"},{"@type":"Organization","@id":"https:\/\/www.nedzink.com\/cs\/#organization","name":"NedZink","url":"https:\/\/www.nedzink.com\/cs\/","logo":{"@type":"ImageObject","inLanguage":"cs","@id":"https:\/\/www.nedzink.com\/cs\/#\/schema\/logo\/image\/","url":"https:\/\/www.nedzink.com\/wp-content\/uploads\/2019\/08\/logo-nedzink_fc_zk.jpg","contentUrl":"https:\/\/www.nedzink.com\/wp-content\/uploads\/2019\/08\/logo-nedzink_fc_zk.jpg","width":2160,"height":688,"caption":"NedZink"},"image":{"@id":"https:\/\/www.nedzink.com\/cs\/#\/schema\/logo\/image\/"}}]}},"_links":{"self":[{"href":"https:\/\/www.nedzink.com\/cs\/wp-json\/wp\/v2\/pages\/12101","targetHints":{"allow":["GET"]}}],"collection":[{"href":"https:\/\/www.nedzink.com\/cs\/wp-json\/wp\/v2\/pages"}],"about":[{"href":"https:\/\/www.nedzink.com\/cs\/wp-json\/wp\/v2\/types\/page"}],"author":[{"embeddable":true,"href":"https:\/\/www.nedzink.com\/cs\/wp-json\/wp\/v2\/users\/9"}],"replies":[{"embeddable":true,"href":"https:\/\/www.nedzink.com\/cs\/wp-json\/wp\/v2\/comments?post=12101"}],"version-history":[{"count":0,"href":"https:\/\/www.nedzink.com\/cs\/wp-json\/wp\/v2\/pages\/12101\/revisions"}],"wp:attachment":[{"href":"https:\/\/www.nedzink.com\/cs\/wp-json\/wp\/v2\/media?parent=12101"}],"curies":[{"name":"wp","href":"https:\/\/api.w.org\/{rel}","templated":true}]}}