{"id":12091,"date":"2019-04-09T14:27:54","date_gmt":"2019-04-09T12:27:54","guid":{"rendered":"http:\/\/136.144.181.85\/~nedzink\/druhy-povrchu\/nedzink-naturel\/"},"modified":"2019-04-09T14:27:54","modified_gmt":"2019-04-09T12:27:54","slug":"nedzink-naturel","status":"publish","type":"page","link":"https:\/\/www.nedzink.com\/cs\/nedzink-naturel\/","title":{"rendered":"NedZink NATUREL"},"content":{"rendered":"<h2>\n\tLeskle v&aacute;lcovan&yacute; titanzinek v tabul&iacute;ch, svitc&iacute;ch a p&aacute;sech<\/h2>\n<p>\n\tNa leskle v&aacute;lcovan&eacute;m povrchu vystaven&eacute;m pov\u011btrnostn&iacute;m vliv\u016fm se \u010dasem vytvo\u0159&iacute; pevn\u011b p\u0159ilnav&aacute; ochrann&aacute; vrstva, patina. Proto se NedZink NATUREL pou\u017e&iacute;v&aacute; p\u0159ev&aacute;\u017en\u011b tam, kde je po\u017eadov&aacute;n p\u0159&iacute;rodn&iacute; a z&aacute;\u0159iv&yacute; vzhled asou\u010dasn\u011b vysok&aacute; efektivita a dlouh&aacute; \u017eivotnost.<\/p>\n<p>\n\t<img decoding=\"async\" src=\"https:\/\/www.nedzink.com\/wp-content\/uploads\/import\/cms\/userfiles\/images\/oberflachen-1.jpg\" style=\"border-width: 0px; border-style: solid; margin: 1px 3px; width: 690px; height: 156px;\" \/><\/p>\n<p><\/p>\n<h2>\n\tNedZink. Klasika!<\/h2>\n<p>\n\t&nbsp;<\/p>\n<p>\n\tMateri&aacute;l NedZink NATUREL je z&aacute;kladem v&scaron;ech v&yacute;robk\u016f NedZink. Leskle v&aacute;lcovan&yacute; zinek se za\u010dal ve stavebnictv&iacute; pou\u017e&iacute;vat v 19. stolet&iacute;. Z nov&eacute;ho materi&aacute;lu t\u011b\u017eily jak klasick&aacute; architektura, tak v t&eacute; dob\u011b nov&eacute; revolu\u010dn&iacute; stavebn&iacute; formy. Jako p\u0159&iacute;klad lze uv&eacute;st d&iacute;la stavebn&iacute;ch mistr\u016f Karla Friedericha Schinkela v Prusku, Lescota a Mansarta (ploch&eacute;, horn&iacute; \u010d&aacute;sti mansardov&yacute;ch st\u0159ech) v Pa\u0159&iacute;\u017ei ve Francii. NedZink NATUREL pat\u0159&iacute; ke stavebn&iacute;m materi&aacute;l\u016fm, kter&yacute;m samovoln&eacute; vytv&aacute;\u0159en&iacute; patiny umo\u017e\u0148uje &bdquo;st&aacute;rnout&ldquo;. Co\u017e se tak&eacute; d\u011bje &ndash; p\u0159i spr&aacute;vn&eacute;m pou\u017eit&iacute; materi&aacute;lu po dobu v&iacute;ce ne\u017e 100 let.<\/p>\n<h2>\n\tPopis v&yacute;robku<\/h2>\n<p>\n\tNedZink NATUREL je leskle v&aacute;lcovan&yacute; titanzinek podle DIN EN 988, jde o slitinu na b&aacute;zi elektrolyticky vyr&aacute;b\u011bn&eacute;ho zinku se stupn\u011bm \u010distoty min. 99,995 % zinku (Z1 podle DIN EN 1179) a p\u0159esn\u011b ur\u010den&yacute;ch p\u0159&iacute;sad m\u011bdi, titanu a hlin&iacute;ku. Leskle v&aacute;lcovan&yacute; povrch v&yacute;robk\u016f vykazuje po v&yacute;rob\u011b mal&eacute; zama&scaron;t\u011bn&iacute;. Tento stav je vytvo\u0159en z&aacute;m\u011brn\u011b kv\u016fli tomu, aby z&aacute;kazn&iacute;ci mohli pou\u017e&iacute;t NedZink NATUREL s &bdquo;nov&yacute;m&ldquo; st\u0159&iacute;brn\u011b leskl&yacute;m zinkov&yacute;m povrchem. Po mont&aacute;\u017ei se tato vrstva p\u016fsoben&iacute;m pov\u011btrnostn&iacute;ch vliv\u016f zm\u011bn&iacute; a materi&aacute;l vytvo\u0159&iacute; patinu. Proces patinace prob&iacute;h&aacute; r\u016fzn\u011b rychle a nerovnom\u011brn\u011b v z&aacute;vislosti na sm\u011bru a sklonu st\u0159echy. Stabiln&iacute;ho a rovnom\u011brn&eacute;ho vzhledu dos&aacute;hne povrch a\u017e v pr\u016fb\u011bhu n\u011bkolika let.<\/p>\n<h2>\n\tKvalita v&yacute;robku a&nbsp;<strong>zna\u010den&iacute;<\/strong><\/h2>\n<p>\n\t&nbsp;<\/p>\n<p>\n\tCertifikace a syst&eacute;m \u0159&iacute;zen&iacute; jakosti NedZink podle DIN EN ISO 9001:2008 zaru\u010duje trvale vysokou &uacute;rove\u0148 kvality, kter&aacute; v rozhoduj&iacute;c&iacute;ch parametrech dokonce zna\u010dn\u011b p\u0159esahuje r&aacute;mec po\u017eadavk\u016f DIN EN 988.<\/p>\n<p>\n\tChemick&eacute; slo\u017een&iacute;, mechanicko-technologick&eacute; vlastnosti a max. p\u0159&iacute;pustn&eacute; tolerance rozm\u011br\u016f NedZink NATUREL jsou stanoveny v certifik&aacute;tu v&yacute;robku NedZink (LRIQS Approval QIS 122). Dodr\u017eov&aacute;n&iacute; vlastnost&iacute; v&yacute;robku prov\u011b\u0159uje v pravideln&yacute;ch intervalech nez&aacute;visl&aacute; zku&scaron;ebna Lloyd&rsquo;s Register.<\/p>\n<p>\n\tV&scaron;echny v&yacute;robky jsou opat\u0159eny na zadn&iacute; stran\u011b pr\u016fb\u011b\u017en&yacute;m zna\u010den&iacute;m podle ustanoven&iacute; DIN EN 988.<\/p>\n<h2>\n\tMo\u017enosti pou\u017eit&iacute; a proveden&iacute;<\/h2>\n<p>\n\t&nbsp;<\/p>\n<p>\n\tNedZink NATUREL je materi&aacute;l preferovan&yacute; pro v&scaron;echna pou\u017eit&iacute;, kter&aacute; vy\u017eaduj&iacute; p\u0159irozen&yacute; a z&aacute;\u0159iv&yacute; vzhled povrchu nebo kde nen&iacute; d\u016fle\u017eit&yacute; \u010das pro vytvo\u0159en&iacute; patiny. Pat\u0159&iacute; k nim mimo jin&eacute; st\u0159e&scaron;n&iacute; krytiny, kompletn&iacute; vn\u011bj&scaron;&iacute; odvodn\u011bn&iacute; st\u0159ech v\u010detn\u011b p\u0159&iacute;slu&scaron;enstv&iacute;, oplechov&aacute;n&iacute; atik a ornament\u016f. D&iacute;ky vynikaj&iacute;c&iacute;m vlastnostem m&aacute; NedZink NATUREL t&eacute;m\u011b\u0159 neomezen&eacute; pou\u017eit&iacute;. V&scaron;echny pr&aacute;ce v\u010detn\u011b p&aacute;jen&iacute; mohou klemp&iacute;\u0159i prov&aacute;d\u011bt obvykl&yacute;mi n&aacute;stroji.<\/p>\n<p>\n\tAby byla z&aacute;kazn&iacute;k\u016fm zaru\u010dena vysok&aacute; kvalita v&yacute;robk\u016f NedZink po cel&aacute; desetilet&iacute; od ukon\u010den&iacute; mont&aacute;\u017ee, tak se materi&aacute;l p\u0159epravuje a skladuje v such&yacute;ch a v\u011btran&yacute;ch prostor&aacute;ch.<\/p>\n","protected":false},"excerpt":{"rendered":"<p>Leskle v&aacute;lcovan&yacute; titanzinek v tabul&iacute;ch, svitc&iacute;ch a p&aacute;sech Na leskle v&aacute;lcovan&eacute;m povrchu vystaven&eacute;m pov\u011btrnostn&iacute;m vliv\u016fm se \u010dasem vytvo\u0159&iacute; pevn\u011b p\u0159ilnav&aacute; ochrann&aacute; vrstva, patina. Proto se NedZink NATUREL pou\u017e&iacute;v&aacute; p\u0159ev&aacute;\u017en\u011b tam, kde je po\u017eadov&aacute;n p\u0159&iacute;rodn&iacute; a z&aacute;\u0159iv&yacute; vzhled asou\u010dasn\u011b vysok&aacute; efektivita a dlouh&aacute; \u017eivotnost. NedZink. Klasika! &nbsp; Materi&aacute;l NedZink NATUREL je z&aacute;kladem v&scaron;ech v&yacute;robk\u016f NedZink. Leskle [&hellip;]<\/p>\n","protected":false},"author":9,"featured_media":0,"parent":0,"menu_order":10,"comment_status":"closed","ping_status":"closed","template":"template-import.php","meta":{"_acf_changed":false,"footnotes":""},"class_list":["post-12091","page","type-page","status-publish","hentry"],"acf":[],"yoast_head":"<!-- This site is optimized with the Yoast SEO plugin v26.8 - https:\/\/yoast.com\/product\/yoast-seo-wordpress\/ -->\n<title>NedZink NATUREL &#8211; NedZink<\/title>\n<meta name=\"robots\" content=\"index, follow, max-snippet:-1, max-image-preview:large, max-video-preview:-1\" \/>\n<link rel=\"canonical\" href=\"https:\/\/www.nedzink.com\/cs\/nedzink-naturel\/\" \/>\n<meta property=\"og:locale\" content=\"cs_CZ\" \/>\n<meta property=\"og:type\" content=\"article\" \/>\n<meta property=\"og:title\" content=\"NedZink NATUREL &#8211; NedZink\" \/>\n<meta property=\"og:description\" content=\"Leskle v&aacute;lcovan&yacute; titanzinek v tabul&iacute;ch, svitc&iacute;ch a p&aacute;sech Na leskle v&aacute;lcovan&eacute;m povrchu vystaven&eacute;m pov\u011btrnostn&iacute;m vliv\u016fm se \u010dasem vytvo\u0159&iacute; pevn\u011b p\u0159ilnav&aacute; ochrann&aacute; vrstva, patina. Proto se NedZink NATUREL pou\u017e&iacute;v&aacute; p\u0159ev&aacute;\u017en\u011b tam, kde je po\u017eadov&aacute;n p\u0159&iacute;rodn&iacute; a z&aacute;\u0159iv&yacute; vzhled asou\u010dasn\u011b vysok&aacute; efektivita a dlouh&aacute; \u017eivotnost. NedZink. Klasika! &nbsp; Materi&aacute;l NedZink NATUREL je z&aacute;kladem v&scaron;ech v&yacute;robk\u016f NedZink. Leskle [&hellip;]\" \/>\n<meta property=\"og:url\" content=\"https:\/\/www.nedzink.com\/cs\/nedzink-naturel\/\" \/>\n<meta property=\"og:site_name\" content=\"NedZink\" \/>\n<meta property=\"og:image\" content=\"https:\/\/www.nedzink.com\/wp-content\/uploads\/import\/cms\/userfiles\/images\/oberflachen-1.jpg\" \/>\n<meta name=\"twitter:card\" content=\"summary_large_image\" \/>\n<meta name=\"twitter:label1\" content=\"Odhadovan\u00e1 doba \u010dten\u00ed\" \/>\n\t<meta name=\"twitter:data1\" content=\"4 minuty\" \/>\n<script type=\"application\/ld+json\" class=\"yoast-schema-graph\">{\"@context\":\"https:\/\/schema.org\",\"@graph\":[{\"@type\":\"WebPage\",\"@id\":\"https:\/\/www.nedzink.com\/cs\/nedzink-naturel\/\",\"url\":\"https:\/\/www.nedzink.com\/cs\/nedzink-naturel\/\",\"name\":\"NedZink NATUREL &#8211; NedZink\",\"isPartOf\":{\"@id\":\"https:\/\/www.nedzink.com\/cs\/#website\"},\"primaryImageOfPage\":{\"@id\":\"https:\/\/www.nedzink.com\/cs\/nedzink-naturel\/#primaryimage\"},\"image\":{\"@id\":\"https:\/\/www.nedzink.com\/cs\/nedzink-naturel\/#primaryimage\"},\"thumbnailUrl\":\"https:\/\/www.nedzink.com\/wp-content\/uploads\/import\/cms\/userfiles\/images\/oberflachen-1.jpg\",\"datePublished\":\"2019-04-09T12:27:54+00:00\",\"breadcrumb\":{\"@id\":\"https:\/\/www.nedzink.com\/cs\/nedzink-naturel\/#breadcrumb\"},\"inLanguage\":\"cs\",\"potentialAction\":[{\"@type\":\"ReadAction\",\"target\":[\"https:\/\/www.nedzink.com\/cs\/nedzink-naturel\/\"]}]},{\"@type\":\"ImageObject\",\"inLanguage\":\"cs\",\"@id\":\"https:\/\/www.nedzink.com\/cs\/nedzink-naturel\/#primaryimage\",\"url\":\"https:\/\/www.nedzink.com\/wp-content\/uploads\/import\/cms\/userfiles\/images\/oberflachen-1.jpg\",\"contentUrl\":\"https:\/\/www.nedzink.com\/wp-content\/uploads\/import\/cms\/userfiles\/images\/oberflachen-1.jpg\"},{\"@type\":\"BreadcrumbList\",\"@id\":\"https:\/\/www.nedzink.com\/cs\/nedzink-naturel\/#breadcrumb\",\"itemListElement\":[{\"@type\":\"ListItem\",\"position\":1,\"name\":\"Home\",\"item\":\"https:\/\/www.nedzink.com\/cs\/\"},{\"@type\":\"ListItem\",\"position\":2,\"name\":\"NedZink NATUREL\"}]},{\"@type\":\"WebSite\",\"@id\":\"https:\/\/www.nedzink.com\/cs\/#website\",\"url\":\"https:\/\/www.nedzink.com\/cs\/\",\"name\":\"NedZink\",\"description\":\"Zink fabrikant\",\"publisher\":{\"@id\":\"https:\/\/www.nedzink.com\/cs\/#organization\"},\"potentialAction\":[{\"@type\":\"SearchAction\",\"target\":{\"@type\":\"EntryPoint\",\"urlTemplate\":\"https:\/\/www.nedzink.com\/cs\/?s={search_term_string}\"},\"query-input\":{\"@type\":\"PropertyValueSpecification\",\"valueRequired\":true,\"valueName\":\"search_term_string\"}}],\"inLanguage\":\"cs\"},{\"@type\":\"Organization\",\"@id\":\"https:\/\/www.nedzink.com\/cs\/#organization\",\"name\":\"NedZink\",\"url\":\"https:\/\/www.nedzink.com\/cs\/\",\"logo\":{\"@type\":\"ImageObject\",\"inLanguage\":\"cs\",\"@id\":\"https:\/\/www.nedzink.com\/cs\/#\/schema\/logo\/image\/\",\"url\":\"https:\/\/www.nedzink.com\/wp-content\/uploads\/2019\/08\/logo-nedzink_fc_zk.jpg\",\"contentUrl\":\"https:\/\/www.nedzink.com\/wp-content\/uploads\/2019\/08\/logo-nedzink_fc_zk.jpg\",\"width\":2160,\"height\":688,\"caption\":\"NedZink\"},\"image\":{\"@id\":\"https:\/\/www.nedzink.com\/cs\/#\/schema\/logo\/image\/\"}}]}<\/script>\n<!-- \/ Yoast SEO plugin. -->","yoast_head_json":{"title":"NedZink NATUREL &#8211; NedZink","robots":{"index":"index","follow":"follow","max-snippet":"max-snippet:-1","max-image-preview":"max-image-preview:large","max-video-preview":"max-video-preview:-1"},"canonical":"https:\/\/www.nedzink.com\/cs\/nedzink-naturel\/","og_locale":"cs_CZ","og_type":"article","og_title":"NedZink NATUREL &#8211; NedZink","og_description":"Leskle v&aacute;lcovan&yacute; titanzinek v tabul&iacute;ch, svitc&iacute;ch a p&aacute;sech Na leskle v&aacute;lcovan&eacute;m povrchu vystaven&eacute;m pov\u011btrnostn&iacute;m vliv\u016fm se \u010dasem vytvo\u0159&iacute; pevn\u011b p\u0159ilnav&aacute; ochrann&aacute; vrstva, patina. Proto se NedZink NATUREL pou\u017e&iacute;v&aacute; p\u0159ev&aacute;\u017en\u011b tam, kde je po\u017eadov&aacute;n p\u0159&iacute;rodn&iacute; a z&aacute;\u0159iv&yacute; vzhled asou\u010dasn\u011b vysok&aacute; efektivita a dlouh&aacute; \u017eivotnost. NedZink. Klasika! &nbsp; Materi&aacute;l NedZink NATUREL je z&aacute;kladem v&scaron;ech v&yacute;robk\u016f NedZink. Leskle [&hellip;]","og_url":"https:\/\/www.nedzink.com\/cs\/nedzink-naturel\/","og_site_name":"NedZink","og_image":[{"url":"https:\/\/www.nedzink.com\/wp-content\/uploads\/import\/cms\/userfiles\/images\/oberflachen-1.jpg","type":"","width":"","height":""}],"twitter_card":"summary_large_image","twitter_misc":{"Odhadovan\u00e1 doba \u010dten\u00ed":"4 minuty"},"schema":{"@context":"https:\/\/schema.org","@graph":[{"@type":"WebPage","@id":"https:\/\/www.nedzink.com\/cs\/nedzink-naturel\/","url":"https:\/\/www.nedzink.com\/cs\/nedzink-naturel\/","name":"NedZink NATUREL &#8211; NedZink","isPartOf":{"@id":"https:\/\/www.nedzink.com\/cs\/#website"},"primaryImageOfPage":{"@id":"https:\/\/www.nedzink.com\/cs\/nedzink-naturel\/#primaryimage"},"image":{"@id":"https:\/\/www.nedzink.com\/cs\/nedzink-naturel\/#primaryimage"},"thumbnailUrl":"https:\/\/www.nedzink.com\/wp-content\/uploads\/import\/cms\/userfiles\/images\/oberflachen-1.jpg","datePublished":"2019-04-09T12:27:54+00:00","breadcrumb":{"@id":"https:\/\/www.nedzink.com\/cs\/nedzink-naturel\/#breadcrumb"},"inLanguage":"cs","potentialAction":[{"@type":"ReadAction","target":["https:\/\/www.nedzink.com\/cs\/nedzink-naturel\/"]}]},{"@type":"ImageObject","inLanguage":"cs","@id":"https:\/\/www.nedzink.com\/cs\/nedzink-naturel\/#primaryimage","url":"https:\/\/www.nedzink.com\/wp-content\/uploads\/import\/cms\/userfiles\/images\/oberflachen-1.jpg","contentUrl":"https:\/\/www.nedzink.com\/wp-content\/uploads\/import\/cms\/userfiles\/images\/oberflachen-1.jpg"},{"@type":"BreadcrumbList","@id":"https:\/\/www.nedzink.com\/cs\/nedzink-naturel\/#breadcrumb","itemListElement":[{"@type":"ListItem","position":1,"name":"Home","item":"https:\/\/www.nedzink.com\/cs\/"},{"@type":"ListItem","position":2,"name":"NedZink NATUREL"}]},{"@type":"WebSite","@id":"https:\/\/www.nedzink.com\/cs\/#website","url":"https:\/\/www.nedzink.com\/cs\/","name":"NedZink","description":"Zink fabrikant","publisher":{"@id":"https:\/\/www.nedzink.com\/cs\/#organization"},"potentialAction":[{"@type":"SearchAction","target":{"@type":"EntryPoint","urlTemplate":"https:\/\/www.nedzink.com\/cs\/?s={search_term_string}"},"query-input":{"@type":"PropertyValueSpecification","valueRequired":true,"valueName":"search_term_string"}}],"inLanguage":"cs"},{"@type":"Organization","@id":"https:\/\/www.nedzink.com\/cs\/#organization","name":"NedZink","url":"https:\/\/www.nedzink.com\/cs\/","logo":{"@type":"ImageObject","inLanguage":"cs","@id":"https:\/\/www.nedzink.com\/cs\/#\/schema\/logo\/image\/","url":"https:\/\/www.nedzink.com\/wp-content\/uploads\/2019\/08\/logo-nedzink_fc_zk.jpg","contentUrl":"https:\/\/www.nedzink.com\/wp-content\/uploads\/2019\/08\/logo-nedzink_fc_zk.jpg","width":2160,"height":688,"caption":"NedZink"},"image":{"@id":"https:\/\/www.nedzink.com\/cs\/#\/schema\/logo\/image\/"}}]}},"_links":{"self":[{"href":"https:\/\/www.nedzink.com\/cs\/wp-json\/wp\/v2\/pages\/12091","targetHints":{"allow":["GET"]}}],"collection":[{"href":"https:\/\/www.nedzink.com\/cs\/wp-json\/wp\/v2\/pages"}],"about":[{"href":"https:\/\/www.nedzink.com\/cs\/wp-json\/wp\/v2\/types\/page"}],"author":[{"embeddable":true,"href":"https:\/\/www.nedzink.com\/cs\/wp-json\/wp\/v2\/users\/9"}],"replies":[{"embeddable":true,"href":"https:\/\/www.nedzink.com\/cs\/wp-json\/wp\/v2\/comments?post=12091"}],"version-history":[{"count":0,"href":"https:\/\/www.nedzink.com\/cs\/wp-json\/wp\/v2\/pages\/12091\/revisions"}],"wp:attachment":[{"href":"https:\/\/www.nedzink.com\/cs\/wp-json\/wp\/v2\/media?parent=12091"}],"curies":[{"name":"wp","href":"https:\/\/api.w.org\/{rel}","templated":true}]}}